



{"id":49058,"date":"2025-09-02T11:46:38","date_gmt":"2025-09-02T15:46:38","guid":{"rendered":"https:\/\/ivari.ca\/?page_id=49058"},"modified":"2025-10-07T15:52:18","modified_gmt":"2025-10-07T19:52:18","slug":"prosperite-maple","status":"publish","type":"page","link":"https:\/\/ivari.ca\/fr\/produits\/prestations-a-valeur-ajoutee\/prosperite-maple\/","title":{"rendered":"Maple pour les titulaires des polices prosp\u00e9rit\u00e9 Vie diff\u00e9r\u00e9e Plus ou prosp\u00e9rit\u00e9 Vie imm\u00e9diate"},"content":{"rendered":"<div class=\"wpb-content-wrapper\"><p>[vc_row css=\u00a0\u00bb.vc_custom_1657724192917{background-position: center !important;background-repeat: no-repeat !important;background-size: cover !important;}\u00a0\u00bb el_id=\u00a0\u00bbpost-banner\u00a0\u00bb][vc_column][vc_row_inner content_placement=\u00a0\u00bbbottom\u00a0\u00bb css=\u00a0\u00bb.vc_custom_1721313041731{background-image: url(https:\/\/ivari2021mobi.wpengine.com\/files\/Asian-mother-with-her-baby.jpg?id=46990) !important;background-position: center !important;background-repeat: no-repeat !important;background-size: cover !important;}\u00a0\u00bb el_class=\u00a0\u00bbpost-banner\u00a0\u00bb][vc_column_inner el_class=\u00a0\u00bbimage-row-text-column\u00a0\u00bb width=\u00a0\u00bb2\/5&Prime;][vc_column_text css=\u00a0\u00bb\u00a0\u00bb]<\/p>\n<h1>\t\t\t<span id=\"typedjs9\" class=\"animated-typed-js-shortcode \"><\/span>\n\t\t\t<script>\n\t\t\tvar typedjs9 = new Typed('#typedjs9', {\n\t\t\t\tstrings: [\"Maple pour les titulaires des polices prosp\\u00e9rit\\u00e9 Vie diff\\u00e9r\\u00e9e Plus ou prosp\\u00e9rit\\u00e9 Vie imm\\u00e9diate\"],\n\t\t\t\ttypeSpeed: 80,\n\t\t\t\tbackSpeed: 50,\n\t\t\t\tbackDelay: 500,\n\t\t\t\tstartDelay: 1000,\n\t\t\t\tloop: false,\n\t\t\t\tloopCount: 0,\n\t\t\t\tfadeOut: false,\n\t\t\t\tfadeOutDelay: 500,\n\t\t\t\tsmartBackspace: true,\n\t\t\t\tshuffle: false,\n\t\t\t\tshowCursor: true,\n\t\t\t\tcursorChar: \"|\"\n\t\t\t});\n\t\t\t<\/script>\n\n\t\t<\/h1>\n<p>[\/vc_column_text][\/vc_column_inner][vc_column_inner width=\u00a0\u00bb3\/5&Prime;][\/vc_column_inner][\/vc_row_inner][\/vc_column][\/vc_row][vc_row el_id=\u00a0\u00bbpage-subheader\u00a0\u00bb][vc_column][vc_column_text css=\u00a0\u00bb\u00a0\u00bb]Une approche personnalis\u00e9e et holistique au bien-\u00eatre[\/vc_column_text][\/vc_column][\/vc_row][vc_row gap=\u00a0\u00bb30&Prime; content_placement=\u00a0\u00bbmiddle\u00a0\u00bb el_class=\u00a0\u00bbivari-row\u00a0\u00bb][vc_column width=\u00a0\u00bb1\/4&Prime;][vc_single_image image=\u00a0\u00bb39034&Prime;][\/vc_column][vc_column width=\u00a0\u00bb3\/4&Prime;][vc_column_text css=\u00a0\u00bb\u00a0\u00bb]Les titulaires d\u2019une police prosp\u00e9rit\u00e9 Vie diff\u00e9r\u00e9e Plus ou prosp\u00e9rit\u00e9 Vie imm\u00e9diate ainsi que leurs personnes \u00e0 charge admissibles* ont gratuitement acc\u00e8s \u00e0 des prestataires de soins primaires et \u00e0 des th\u00e9rapeutes en sant\u00e9 mentale par l\u2019entremise de Maple, la principale plateforme virtuelle de soins de sant\u00e9 au Canada.[\/vc_column_text][\/vc_column][\/vc_row][vc_row][vc_column][vc_row_inner el_class=\u00a0\u00bbarticle-section\u00a0\u00bb el_id=\u00a0\u00bbbenefits\u00a0\u00bb][vc_column_inner width=\u00a0\u00bb1\/4&Prime;][vc_column_text css=\u00a0\u00bb\u00a0\u00bb]<\/p>\n<h2>En quoi consiste le service de soins de sant\u00e9 virtuels de Maple?<\/h2>\n<p>[\/vc_column_text][\/vc_column_inner][vc_column_inner width=\u00a0\u00bb3\/4&Prime;][vc_column_text css=\u00a0\u00bb\u00a0\u00bb]<\/p>\n<ul>\n<li>Acc\u00e8s \u00e0 un m\u00e9decin en quelques minutes;<\/li>\n<li>Service offert 24 heures sur 24, 7 jours sur 7, donnant droit \u00e0 quatre consultations par an;<\/li>\n<li>Communication par texto, visioconf\u00e9rence ou appel audio;<\/li>\n<li>Guichet unique pour les conseils, les ordonnances, les analyses en laboratoire et bien plus;<\/li>\n<li>Gestion et stockage des donn\u00e9es de sant\u00e9;<\/li>\n<li>Consultation aupr\u00e8s d\u2019un th\u00e9rapeute en sant\u00e9 mentale sur demande dans les 12 heures ou prise de rendez-vous avec le prestataire de votre choix.<\/li>\n<\/ul>\n<p>[\/vc_column_text][\/vc_column_inner][\/vc_row_inner][vc_row_inner el_class=\u00a0\u00bbarticle-section\u00a0\u00bb el_id=\u00a0\u00bbresources\u00a0\u00bb][vc_column_inner width=\u00a0\u00bb1\/4&Prime;][vc_column_text css=\u00a0\u00bb\u00a0\u00bb]<\/p>\n<h2>Ressources de Maple :<\/h2>\n<p>[\/vc_column_text][\/vc_column_inner][vc_column_inner width=\u00a0\u00bb3\/4&Prime;][vc_column_text css=\u00a0\u00bb\u00a0\u00bb]<\/p>\n<ul>\n<li><a href=\"\/files\/WFG2221FR.pdf\" target=\"_blank\" rel=\"noopener\">Services Maple pour les polices prosp\u00e9rit\u00e9<\/a><\/li>\n<li><a href=\"\/fr\/produits\/prestations-a-valeur-ajoutee\/prosperite-maple\/foire-aux-questions\/\" target=\"_blank\" rel=\"noopener\">Foire aux questions \u2013 Maple au titre des polices prosp\u00e9rit\u00e9 Vie diff\u00e9r\u00e9e Plus et prosp\u00e9rit\u00e9 Vie imm\u00e9diate<\/a><\/li>\n<\/ul>\n<p>[\/vc_column_text][\/vc_column_inner][\/vc_row_inner][vc_row_inner el_class=\u00a0\u00bbarticle-section\u00a0\u00bb][vc_column_inner][vc_column_text css=\u00a0\u00bb\u00a0\u00bb]<\/p>\n<h2>Conseils de Maple en sant\u00e9 et bien-\u00eatre<\/h2>\n<div class=\"facetwp-template\" data-name=\"prosperity_maple_articles\"><div id=\"maple-posts-container\">\n                        <div class=\"post-container\" id=\"post-50344\" class=\"post-50344 maple type-maple status-publish has-post-thumbnail hentry maple_categories-maple-fr maple_categories-prosperity-maple-fr maple_categories-simply-maple-fr\">\n\n                <a class=\"\" href=\"https:\/\/ivari.ca\/fr\/maple\/dix-conseils-pour-une-nouvelle-annee-en-sante\/\">\n                    <div class=\"listing-post-img\" style=\"background: url(https:\/\/ivari.ca\/files\/shutterstock_2272470801-copy-150x150.jpg )\"><\/div>\n                <\/a>\n\n                <div class=\"post-container__content\">\n                    <a href=\"https:\/\/ivari.ca\/fr\/maple\/dix-conseils-pour-une-nouvelle-annee-en-sante\/\">\n                        <h3>Dix conseils pour une nouvelle ann\u00e9e en sant\u00e9<\/h3>\n                    <\/a>\n\n                    <p class=\"post-container__excerpt\">\n                        <p> Au d\u00e9but de chaque ann\u00e9e, nous prenons des r\u00e9solutions pour prioriser notre sant\u00e9. Nombreux sont ceux qui choisissent de manger sainement et de faire&#8230;<\/p>\n                    <\/p>\n\n                    <a class=\"blue-button\" href=\"                            https:\/\/ivari.ca\/fr\/maple\/dix-conseils-pour-une-nouvelle-annee-en-sante\/                        \">\n\n                        En savoir plus\n                    <\/a>\n                <\/div>\n            <\/div>\n                                <div class=\"post-container\" id=\"post-49741\" class=\"post-49741 maple type-maple status-publish hentry maple_categories-maple-fr maple_categories-prosperity-maple-fr maple_categories-simply-maple-fr\">\n\n                <a class=\"\" href=\"https:\/\/ivari.ca\/fr\/maple\/la-grippe-nattend-pas-et-les-services-de-maple-aussi\/\">\n                    <div class=\"listing-post-img\" style=\"background: url( )\"><\/div>\n                <\/a>\n\n                <div class=\"post-container__content\">\n                    <a href=\"https:\/\/ivari.ca\/fr\/maple\/la-grippe-nattend-pas-et-les-services-de-maple-aussi\/\">\n                        <h3>La grippe n\u2019attend pas, et les services de Maple aussi!<\/h3>\n                    <\/a>\n\n                    <p class=\"post-container__excerpt\">\n                        <p> En g\u00e9n\u00e9ral, la saison grippale d\u00e9bute en novembre, avec un pic d\u2019activit\u00e9 entre d\u00e9cembre et f\u00e9vrier, et s\u2019estompe au d\u00e9but du printemps. L\u2019acc\u00e8s imm\u00e9diat&#8230;<\/p>\n                    <\/p>\n\n                    <a class=\"blue-button\" href=\"                            https:\/\/ivari.ca\/fr\/maple\/la-grippe-nattend-pas-et-les-services-de-maple-aussi\/                        \">\n\n                        En savoir plus\n                    <\/a>\n                <\/div>\n            <\/div>\n                                <div class=\"post-container\" id=\"post-49832\" class=\"post-49832 maple type-maple status-publish hentry maple_categories-prosperity-maple-fr maple_categories-simply-maple-fr\">\n\n                <a class=\"\" href=\"https:\/\/ivari.ca\/fr\/maple\/les-services-de-soutien-virtuel-en-sante-mentale-a-quoi-sattendre\/\">\n                    <div class=\"listing-post-img\" style=\"background: url( )\"><\/div>\n                <\/a>\n\n                <div class=\"post-container__content\">\n                    <a href=\"https:\/\/ivari.ca\/fr\/maple\/les-services-de-soutien-virtuel-en-sante-mentale-a-quoi-sattendre\/\">\n                        <h3>Les services de soutien virtuel en sant\u00e9 mentale : \u00c0 quoi s\u2019attendre<\/h3>\n                    <\/a>\n\n                    <p class=\"post-container__excerpt\">\n                        <p> Les soins virtuels en sant\u00e9 mentale de Maple offrent un acc\u00e8s rapide et confidentiel \u00e0 des th\u00e9rapeutes, psychologues, psychiatres et m\u00e9decins en sant\u00e9 mentale&#8230;<\/p>\n                    <\/p>\n\n                    <a class=\"blue-button\" href=\"                            https:\/\/ivari.ca\/fr\/maple\/les-services-de-soutien-virtuel-en-sante-mentale-a-quoi-sattendre\/                        \">\n\n                        En savoir plus\n                    <\/a>\n                <\/div>\n            <\/div>\n                                <div class=\"post-container\" id=\"post-49834\" class=\"post-49834 maple type-maple status-publish hentry maple_categories-prosperity-maple-fr maple_categories-simply-maple-fr\">\n\n                <a class=\"\" href=\"https:\/\/ivari.ca\/fr\/maple\/comment-la-fin-de-lheure-dete-affecte-votre-corps-et-votre-esprit\/\">\n                    <div class=\"listing-post-img\" style=\"background: url( )\"><\/div>\n                <\/a>\n\n                <div class=\"post-container__content\">\n                    <a href=\"https:\/\/ivari.ca\/fr\/maple\/comment-la-fin-de-lheure-dete-affecte-votre-corps-et-votre-esprit\/\">\n                        <h3>Comment la fin de l\u2019heure d&rsquo;\u00e9t\u00e9 affecte votre corps et votre esprit<\/h3>\n                    <\/a>\n\n                    <p class=\"post-container__excerpt\">\n                        <p> L\u2019heure d&rsquo;\u00e9t\u00e9 commence le deuxi\u00e8me dimanche de mars et se termine le premier dimanche de novembre, lorsque nous revenons \u00e0 l\u2019heure normale. M\u00eame si&#8230;<\/p>\n                    <\/p>\n\n                    <a class=\"blue-button\" href=\"                            https:\/\/ivari.ca\/fr\/maple\/comment-la-fin-de-lheure-dete-affecte-votre-corps-et-votre-esprit\/                        \">\n\n                        En savoir plus\n                    <\/a>\n                <\/div>\n            <\/div>\n            <\/div>\n<\/div>\n<div class=\"facetwp-facet facetwp-facet-pagination facetwp-type-pager\" data-name=\"pagination\" data-type=\"pager\"><\/div>[\/vc_column_text][\/vc_column_inner][\/vc_row_inner][vc_row_inner el_class=\u00a0\u00bbarticle-section footnote-section noBorderBottom\u00a0\u00bb el_id=\u00a0\u00bbnotes\u00a0\u00bb][vc_column_inner][vc_column_text css=\u00a0\u00bb\u00a0\u00bb]Le service de soins de sant\u00e9 virtuels de Maple est une prestation non contractuelle offerte sous r\u00e9serve de la disponibilit\u00e9 du programme. Les produits et services offerts peuvent faire l\u2019objet de modifications. Maple Corporation est le seul fournisseur des soins de sant\u00e9 virtuels offerts au titre des polices prosp\u00e9rit\u00e9 Vie diff\u00e9r\u00e9e Plus ou prosp\u00e9rit\u00e9 Vie imm\u00e9diate et des polices d\u2019assurance maladies graves d\u2019ivari. ivari et ses soci\u00e9t\u00e9s affili\u00e9es ne sont aucunement responsables de la qualit\u00e9 ou de la disponibilit\u00e9 des produits ou des services offerts par Maple Corporation ou ses soci\u00e9t\u00e9s affili\u00e9es. Maple Corporation n\u2019est ni un agent ni un courtier d\u2019ivari.<\/p>\n<p>Les th\u00e9rapeutes en sant\u00e9 mentale, qui englobent les travailleurs sociaux, ne sont pas des m\u00e9decins. Ils ne sont donc pas en mesure de poser un diagnostic m\u00e9dical ou de prescrire des m\u00e9dicaments.<\/p>\n<p>* Par \u00ab\u00a0personnes \u00e0 charge admissibles\u00a0\u00bb, on entend toute personne dans le m\u00e9nage du titulaire pour laquelle ce dernier est l\u00e9galement autoris\u00e9e \u00e0 prendre des d\u00e9cisions en mati\u00e8re de soins de sant\u00e9 (par exemple, le partenaire, un enfant de moins de 18 ans ou une personne \u00e2g\u00e9e \u00e0 charge). Par \u00ab partenaire \u00bb, on entend une personne avec laquelle le titulaire est a) l\u00e9galement mari\u00e9, b) en union civile, c) en union de fait, d) vit en partenariat domestique ou dans le cadre d\u2019une relation d\u2019interd\u00e9pendance entre adultes et soit ils vivent ensemble depuis au moins un (1) an, soit ils sont les parents d\u2019un enfant. Lisez la <a href=\"https:\/\/www.getmaple.ca\/fr\/policy\/\">politique de confidentialit\u00e9 de Maple<\/a> pour en savoir plus.[\/vc_column_text][\/vc_column_inner][\/vc_row_inner][\/vc_column][\/vc_row]<\/p>\n<\/div>","protected":false},"excerpt":{"rendered":"<p> Une approche personnalis\u00e9e et holistique au bien-\u00eatreLes titulaires d\u2019une police prosp\u00e9rit\u00e9 Vie diff\u00e9r\u00e9e Plus ou prosp\u00e9rit\u00e9 Vie&#8230;<\/p>\n","protected":false},"author":2,"featured_media":0,"parent":41233,"menu_order":0,"comment_status":"closed","ping_status":"closed","template":"","meta":{"_acf_changed":false,"_searchwp_excluded":"","footnotes":""},"query_groups":[],"class_list":["post-49058","page","type-page","status-publish","hentry"],"acf":[],"yoast_head":"<!-- This site is optimized with the Yoast SEO plugin v27.3 - https:\/\/yoast.com\/product\/yoast-seo-wordpress\/ -->\n<title>Maple pour les titulaires des polices prosp\u00e9rit\u00e9 Vie diff\u00e9r\u00e9e Plus ou prosp\u00e9rit\u00e9 Vie imm\u00e9diate - ivari<\/title>\n<meta name=\"robots\" content=\"index, follow, max-snippet:-1, max-image-preview:large, max-video-preview:-1\" \/>\n<link rel=\"canonical\" href=\"https:\/\/ivari.ca\/fr\/produits\/prestations-a-valeur-ajoutee\/prosperite-maple\/\" \/>\n<meta property=\"og:locale\" content=\"fr_FR\" \/>\n<meta property=\"og:type\" content=\"article\" \/>\n<meta property=\"og:title\" content=\"Maple pour les titulaires des polices prosp\u00e9rit\u00e9 Vie diff\u00e9r\u00e9e Plus ou prosp\u00e9rit\u00e9 Vie imm\u00e9diate - ivari\" \/>\n<meta property=\"og:description\" content=\"Une approche personnalis\u00e9e et holistique au bien-\u00eatreLes titulaires d\u2019une police prosp\u00e9rit\u00e9 Vie diff\u00e9r\u00e9e Plus ou prosp\u00e9rit\u00e9 Vie...\" \/>\n<meta property=\"og:url\" content=\"https:\/\/ivari.ca\/fr\/produits\/prestations-a-valeur-ajoutee\/prosperite-maple\/\" \/>\n<meta property=\"og:site_name\" content=\"ivari\" \/>\n<meta property=\"article:modified_time\" content=\"2025-10-07T19:52:18+00:00\" \/>\n<meta name=\"twitter:card\" content=\"summary_large_image\" \/>\n<meta name=\"twitter:label1\" content=\"Dur\u00e9e de lecture estim\u00e9e\" \/>\n\t<meta name=\"twitter:data1\" content=\"3 minutes\" \/>\n<script type=\"application\/ld+json\" class=\"yoast-schema-graph\">{\"@context\":\"https:\\\/\\\/schema.org\",\"@graph\":[{\"@type\":\"WebPage\",\"@id\":\"https:\\\/\\\/ivari.ca\\\/fr\\\/produits\\\/prestations-a-valeur-ajoutee\\\/prosperite-maple\\\/\",\"url\":\"https:\\\/\\\/ivari.ca\\\/fr\\\/produits\\\/prestations-a-valeur-ajoutee\\\/prosperite-maple\\\/\",\"name\":\"Maple pour les titulaires des polices prosp\u00e9rit\u00e9 Vie diff\u00e9r\u00e9e Plus ou prosp\u00e9rit\u00e9 Vie imm\u00e9diate - ivari\",\"isPartOf\":{\"@id\":\"https:\\\/\\\/ivari.ca\\\/#website\"},\"datePublished\":\"2025-09-02T15:46:38+00:00\",\"dateModified\":\"2025-10-07T19:52:18+00:00\",\"breadcrumb\":{\"@id\":\"https:\\\/\\\/ivari.ca\\\/fr\\\/produits\\\/prestations-a-valeur-ajoutee\\\/prosperite-maple\\\/#breadcrumb\"},\"inLanguage\":\"fr-FR\",\"potentialAction\":[{\"@type\":\"ReadAction\",\"target\":[\"https:\\\/\\\/ivari.ca\\\/fr\\\/produits\\\/prestations-a-valeur-ajoutee\\\/prosperite-maple\\\/\"]}]},{\"@type\":\"BreadcrumbList\",\"@id\":\"https:\\\/\\\/ivari.ca\\\/fr\\\/produits\\\/prestations-a-valeur-ajoutee\\\/prosperite-maple\\\/#breadcrumb\",\"itemListElement\":[{\"@type\":\"ListItem\",\"position\":1,\"name\":\"Home\",\"item\":\"https:\\\/\\\/ivari.ca\\\/fr\\\/\"},{\"@type\":\"ListItem\",\"position\":2,\"name\":\"Produits\",\"item\":\"https:\\\/\\\/ivari.ca\\\/fr\\\/produits\\\/\"},{\"@type\":\"ListItem\",\"position\":3,\"name\":\"Prestations \u00e0 valeur ajout\u00e9e\",\"item\":\"https:\\\/\\\/ivari.ca\\\/fr\\\/produits\\\/prestations-a-valeur-ajoutee\\\/\"},{\"@type\":\"ListItem\",\"position\":4,\"name\":\"Maple pour les titulaires des polices prosp\u00e9rit\u00e9 Vie diff\u00e9r\u00e9e Plus ou prosp\u00e9rit\u00e9 Vie imm\u00e9diate\"}]},{\"@type\":\"WebSite\",\"@id\":\"https:\\\/\\\/ivari.ca\\\/#website\",\"url\":\"https:\\\/\\\/ivari.ca\\\/\",\"name\":\"ivari\",\"description\":\"\",\"potentialAction\":[{\"@type\":\"SearchAction\",\"target\":{\"@type\":\"EntryPoint\",\"urlTemplate\":\"https:\\\/\\\/ivari.ca\\\/?s={search_term_string}\"},\"query-input\":{\"@type\":\"PropertyValueSpecification\",\"valueRequired\":true,\"valueName\":\"search_term_string\"}}],\"inLanguage\":\"fr-FR\"}]}<\/script>\n<!-- \/ Yoast SEO plugin. -->","yoast_head_json":{"title":"Maple pour les titulaires des polices prosp\u00e9rit\u00e9 Vie diff\u00e9r\u00e9e Plus ou prosp\u00e9rit\u00e9 Vie imm\u00e9diate - ivari","robots":{"index":"index","follow":"follow","max-snippet":"max-snippet:-1","max-image-preview":"max-image-preview:large","max-video-preview":"max-video-preview:-1"},"canonical":"https:\/\/ivari.ca\/fr\/produits\/prestations-a-valeur-ajoutee\/prosperite-maple\/","og_locale":"fr_FR","og_type":"article","og_title":"Maple pour les titulaires des polices prosp\u00e9rit\u00e9 Vie diff\u00e9r\u00e9e Plus ou prosp\u00e9rit\u00e9 Vie imm\u00e9diate - ivari","og_description":"Une approche personnalis\u00e9e et holistique au bien-\u00eatreLes titulaires d\u2019une police prosp\u00e9rit\u00e9 Vie diff\u00e9r\u00e9e Plus ou prosp\u00e9rit\u00e9 Vie...","og_url":"https:\/\/ivari.ca\/fr\/produits\/prestations-a-valeur-ajoutee\/prosperite-maple\/","og_site_name":"ivari","article_modified_time":"2025-10-07T19:52:18+00:00","twitter_card":"summary_large_image","twitter_misc":{"Dur\u00e9e de lecture estim\u00e9e":"3 minutes"},"schema":{"@context":"https:\/\/schema.org","@graph":[{"@type":"WebPage","@id":"https:\/\/ivari.ca\/fr\/produits\/prestations-a-valeur-ajoutee\/prosperite-maple\/","url":"https:\/\/ivari.ca\/fr\/produits\/prestations-a-valeur-ajoutee\/prosperite-maple\/","name":"Maple pour les titulaires des polices prosp\u00e9rit\u00e9 Vie diff\u00e9r\u00e9e Plus ou prosp\u00e9rit\u00e9 Vie imm\u00e9diate - ivari","isPartOf":{"@id":"https:\/\/ivari.ca\/#website"},"datePublished":"2025-09-02T15:46:38+00:00","dateModified":"2025-10-07T19:52:18+00:00","breadcrumb":{"@id":"https:\/\/ivari.ca\/fr\/produits\/prestations-a-valeur-ajoutee\/prosperite-maple\/#breadcrumb"},"inLanguage":"fr-FR","potentialAction":[{"@type":"ReadAction","target":["https:\/\/ivari.ca\/fr\/produits\/prestations-a-valeur-ajoutee\/prosperite-maple\/"]}]},{"@type":"BreadcrumbList","@id":"https:\/\/ivari.ca\/fr\/produits\/prestations-a-valeur-ajoutee\/prosperite-maple\/#breadcrumb","itemListElement":[{"@type":"ListItem","position":1,"name":"Home","item":"https:\/\/ivari.ca\/fr\/"},{"@type":"ListItem","position":2,"name":"Produits","item":"https:\/\/ivari.ca\/fr\/produits\/"},{"@type":"ListItem","position":3,"name":"Prestations \u00e0 valeur ajout\u00e9e","item":"https:\/\/ivari.ca\/fr\/produits\/prestations-a-valeur-ajoutee\/"},{"@type":"ListItem","position":4,"name":"Maple pour les titulaires des polices prosp\u00e9rit\u00e9 Vie diff\u00e9r\u00e9e Plus ou prosp\u00e9rit\u00e9 Vie imm\u00e9diate"}]},{"@type":"WebSite","@id":"https:\/\/ivari.ca\/#website","url":"https:\/\/ivari.ca\/","name":"ivari","description":"","potentialAction":[{"@type":"SearchAction","target":{"@type":"EntryPoint","urlTemplate":"https:\/\/ivari.ca\/?s={search_term_string}"},"query-input":{"@type":"PropertyValueSpecification","valueRequired":true,"valueName":"search_term_string"}}],"inLanguage":"fr-FR"}]}},"_links":{"self":[{"href":"https:\/\/ivari.ca\/fr\/wp-json\/wp\/v2\/pages\/49058","targetHints":{"allow":["GET"]}}],"collection":[{"href":"https:\/\/ivari.ca\/fr\/wp-json\/wp\/v2\/pages"}],"about":[{"href":"https:\/\/ivari.ca\/fr\/wp-json\/wp\/v2\/types\/page"}],"author":[{"embeddable":true,"href":"https:\/\/ivari.ca\/fr\/wp-json\/wp\/v2\/users\/2"}],"replies":[{"embeddable":true,"href":"https:\/\/ivari.ca\/fr\/wp-json\/wp\/v2\/comments?post=49058"}],"version-history":[{"count":0,"href":"https:\/\/ivari.ca\/fr\/wp-json\/wp\/v2\/pages\/49058\/revisions"}],"up":[{"embeddable":true,"href":"https:\/\/ivari.ca\/fr\/wp-json\/wp\/v2\/pages\/41233"}],"wp:attachment":[{"href":"https:\/\/ivari.ca\/fr\/wp-json\/wp\/v2\/media?parent=49058"}],"wp:term":[{"taxonomy":"query_groups","embeddable":true,"href":"https:\/\/ivari.ca\/fr\/wp-json\/wp\/v2\/query_groups?post=49058"}],"curies":[{"name":"wp","href":"https:\/\/api.w.org\/{rel}","templated":true}]}}