



{"id":48999,"date":"2025-08-21T09:26:34","date_gmt":"2025-08-21T13:26:34","guid":{"rendered":"https:\/\/ivari.ca\/?page_id=48999"},"modified":"2025-08-21T13:40:15","modified_gmt":"2025-08-21T17:40:15","slug":"monivari","status":"publish","type":"page","link":"https:\/\/ivari.ca\/fr\/monivari\/","title":{"rendered":"mon-ivari"},"content":{"rendered":"<div class=\"wpb-content-wrapper\"><p>[vc_row css=\u00a0\u00bb.vc_custom_1633110907975{background-position: center !important;background-repeat: no-repeat !important;background-size: cover !important;}\u00a0\u00bb el_id=\u00a0\u00bbpost-banner\u00a0\u00bb][vc_column][vc_row_inner content_placement=\u00a0\u00bbbottom\u00a0\u00bb css=\u00a0\u00bb.vc_custom_1755783461568{background-image: url(https:\/\/ivari2021mobi.wpengine.com\/files\/1788689396.jpg?id=48239) !important;background-position: center !important;background-repeat: no-repeat !important;background-size: cover !important;}\u00a0\u00bb el_class=\u00a0\u00bbpost-banner\u00a0\u00bb][vc_column_inner el_class=\u00a0\u00bbimage-row-text-column\u00a0\u00bb width=\u00a0\u00bb2\/5&Prime;][vc_column_text css=\u00a0\u00bb\u00a0\u00bb]<\/p>\n<h1>\t\t\t<span id=\"typedjs2\" class=\"animated-typed-js-shortcode \"><\/span>\n\t\t\t<script>\n\t\t\tvar typedjs2 = new Typed('#typedjs2', {\n\t\t\t\tstrings: [\"Mon ivari\"],\n\t\t\t\ttypeSpeed: 80,\n\t\t\t\tbackSpeed: 50,\n\t\t\t\tbackDelay: 500,\n\t\t\t\tstartDelay: 1000,\n\t\t\t\tloop: false,\n\t\t\t\tloopCount: 0,\n\t\t\t\tfadeOut: false,\n\t\t\t\tfadeOutDelay: 500,\n\t\t\t\tsmartBackspace: true,\n\t\t\t\tshuffle: false,\n\t\t\t\tshowCursor: true,\n\t\t\t\tcursorChar: \"|\"\n\t\t\t});\n\t\t\t<\/script>\n\n\t\t<\/h1>\n<p>[\/vc_column_text][\/vc_column_inner][vc_column_inner width=\u00a0\u00bb3\/5&Prime;][\/vc_column_inner][\/vc_row_inner][\/vc_column][\/vc_row][vc_row el_id=\u00a0\u00bbpage-subheader\u00a0\u00bb][vc_column][vc_column_text css=\u00a0\u00bb\u00a0\u00bb]Bienvenue sur Mon ivari, le portail de choix pour consulter et g\u00e9rer l\u2019ensemble des renseignements sur votre police.[\/vc_column_text][\/vc_column][\/vc_row][vc_row el_class=\u00a0\u00bbblue-brush-bg\u00a0\u00bb][vc_column][vc_row_inner el_class=\u00a0\u00bbblue-brush-bg-inner-row\u00a0\u00bb][vc_column_inner][vc_column_text css=\u00a0\u00bb\u00a0\u00bb]<\/p>\n<h2 class=\"text-center white\" style=\"text-align: left;\">Mon ivari \u2013 Acc\u00e8s en ligne \u00e0 votre police ivari<\/h2>\n<div class=\"text-center white\">\n<p>&nbsp;<\/p>\n<\/div>\n<p>[\/vc_column_text][\/vc_column_inner][\/vc_row_inner][vc_row_inner el_class=\u00a0\u00bbblue-brush-bg-inner-row\u00a0\u00bb][vc_column_inner width=\u00a0\u00bb2\/3&Prime;][vc_column_text css=\u00a0\u00bb\u00a0\u00bb]Le portail <em>Mon ivari<\/em> est un outil convivial vous permettant de consulter les d\u00e9tails de vos polices et d\u2019y apporter des changements.<\/p>\n<p>Qu\u2019il s\u2019agisse de proc\u00e9der \u00e0 un changement d\u2019adresse, de consulter vos relev\u00e9s de police ou de vous inscrire \u00e0 la facturation \u00e9lectronique, <em>Mon ivari<\/em> comporte des liens directs vers les formulaires les plus utilis\u00e9s et vers notre outil s\u00e9curis\u00e9 \u00ab\u00a0Envoyer des documents\u00a0\u00bb.[\/vc_column_text][\/vc_column_inner][vc_column_inner width=\u00a0\u00bb1\/3&Prime;][vc_btn title=\u00a0\u00bbConnexion\u00a0\u00bb color=\u00a0\u00bbwhite\u00a0\u00bb align=\u00a0\u00bbcenter\u00a0\u00bb css=\u00a0\u00bb\u00a0\u00bb link=\u00a0\u00bburl:https%3A%2F%2Fmyivari.ca%2Ffr|target:_blank\u00a0\u00bb][vc_column_text css=\u00a0\u00bb\u00a0\u00bb]<\/p>\n<div class=\"text-center white\">\n<p>Vous n\u2019\u00eates pas encore inscrit? Inscrivez-vous d\u00e8s maintenant!<\/p>\n<\/div>\n<p>[\/vc_column_text][vc_btn title=\u00a0\u00bbInscription\u00a0\u00bb color=\u00a0\u00bbwhite\u00a0\u00bb align=\u00a0\u00bbcenter\u00a0\u00bb css=\u00a0\u00bb\u00a0\u00bb link=\u00a0\u00bburl:https%3A%2F%2Fmyivari.ca%2Faccount%2Fregister%2Fen|target:_blank\u00a0\u00bb][\/vc_column_inner][\/vc_row_inner][\/vc_column][\/vc_row][vc_row][vc_column][vc_row_inner][vc_column_inner][vc_column_text css=\u00a0\u00bb\u00a0\u00bb]<\/p>\n<h2 style=\"text-align: center;\">En savoir plus sur<\/h2>\n<p><img loading=\"lazy\" decoding=\"async\" class=\"size-full wp-image-48242 aligncenter\" src=\"https:\/\/ivari.ca\/files\/Myivari-fr.png\" alt=\"\" width=\"180\" height=\"63\" \/>[\/vc_column_text][vc_column_text css=\u00a0\u00bb\u00a0\u00bb]<\/p>\n<p style=\"text-align: center;\">Qu\u2019il s\u2019agisse de vous inscrire ou d\u2019explorer les fonctionnalit\u00e9s uniques de Mon ivari, nos tutoriels en ligne vous accompagneront \u00e0 chaque \u00e9tape du processus.<\/p>\n<p>[\/vc_column_text][\/vc_column_inner][\/vc_row_inner][vc_column_text][\/vc_column_text][\/vc_column][\/vc_row][vc_row][vc_column offset=\u00a0\u00bbvc_hidden-sm vc_hidden-xs\u00a0\u00bb][vc_column_text css=\u00a0\u00bb\u00a0\u00bb]<\/p>\n<h2 style=\"text-align: center;\">Tirez le maximum de Mon ivari : processus d\u2019inscription pratique et progressif.<\/h2>\n<p>[\/vc_column_text][vc_row_inner equal_height=\u00a0\u00bbyes\u00a0\u00bb][vc_column_inner][vc_raw_html css=\u00a0\u00bb\u00a0\u00bb]JTNDaWZyYW1lJTBBJTIwJTIwaWQlM0QlMjJteWl2YXJpJTIyJTBBJTIwJTIwdGl0bGUlM0QlMjJNeSUyMGl2YXJpJTIyJTBBJTIwJTIwd2lkdGglM0QlMjI0MDAlMjIlMEElMjAlMjBoZWlnaHQlM0QlMjI4MDAlMjIlMEElMjAlMjBzcmMlM0QlMjJodHRwcyUzQSUyRiUyRmZpbGVzLml2YXJpLmNhJTJGbXlpdmFyaSUyRnN0ZXAtYnktc3RlcCUyRmZyJTJGU3RlcC1ieS1zdGVwLW5ldy1mci5odG1sJTIyJTNFJTBBJTNDJTJGaWZyYW1lJTNF[\/vc_raw_html][\/vc_column_inner][\/vc_row_inner][\/vc_column][\/vc_row][vc_row][vc_column offset=\u00a0\u00bbvc_hidden-lg vc_hidden-md\u00a0\u00bb][vc_column_text css=\u00a0\u00bb\u00a0\u00bb]<\/p>\n<p style=\"text-align: center;\">Faites glisser l&rsquo;\u00e9cran sur l&rsquo;application mobile pour visionner la diapositive suivante.<\/p>\n<p>[\/vc_column_text][vc_raw_html css=\u00a0\u00bb\u00a0\u00bb]JTNDaWZyYW1lJTBBJTIwJTIwaWQlM0QlMjJteWl2YXJpJTIyJTBBJTIwJTIwdGl0bGUlM0QlMjJNeSUyMGl2YXJpJTIyJTBBJTIwJTIwd2lkdGglM0QlMjI1NzYlMjIlMEElMjAlMjBoZWlnaHQlM0QlMjI4MDAlMjIlMEElMjAlMjBzcmMlM0QlMjJodHRwcyUzQSUyRiUyRmZpbGVzLml2YXJpLmNhJTJGbXlpdmFyaSUyRnN0ZXAtYnktc3RlcCUyRm1vYmlsZSUyRmZyJTJGU3RlcC1ieS1zdGVwLW1vYmlsZS1mci5odG1sJTIyJTNFJTBBJTNDJTJGaWZyYW1lJTNF[\/vc_raw_html][\/vc_column][\/vc_row][vc_row][vc_column][vc_row_inner equal_height=\u00a0\u00bbyes\u00a0\u00bb][vc_column_inner offset=\u00a0\u00bbvc_hidden-sm vc_hidden-xs\u00a0\u00bb][vc_column_text css=\u00a0\u00bb\u00a0\u00bb]<\/p>\n<h2 style=\"text-align: center;\">Naviguer dans Mon ivari<\/h2>\n<p style=\"text-align: center;\">Bienvenue \u00e0 <em>Mon ivari<\/em>! Explorez les diverses sections en profitant pleinement de votre exp\u00e9rience sur le portail. Cliquez sur chacune des ic\u00f4nes num\u00e9rot\u00e9es ci-dessous pour en savoir plus :<\/p>\n<p>[\/vc_column_text][vc_raw_html css=\u00a0\u00bb\u00a0\u00bb]JTNDaWZyYW1lJTBBJTIwJTIwaWQlM0QlMjJteWl2YXJpJTIyJTBBJTIwJTIwdGl0bGUlM0QlMjJNeSUyMGl2YXJpJTIyJTBBJTIwJTIwd2lkdGglM0QlMjI4MDAlMjIlMEElMjAlMjBoZWlnaHQlM0QlMjIxMzgwJTIyJTBBJTIwJTIwc3JjJTNEJTIyaHR0cHMlM0ElMkYlMkZmaWxlcy5pdmFyaS5jYSUyRm15aXZhcmklMkZ0dXRvcmlhbCUyRmZyJTJGTXlpdmFyaU5ldy1mci5odG1sJTIyJTNFJTBBJTNDJTJGaWZyYW1lJTNF[\/vc_raw_html][\/vc_column_inner][\/vc_row_inner][vc_row_inner equal_height=\u00a0\u00bbyes\u00a0\u00bb][vc_column_inner offset=\u00a0\u00bbvc_hidden-lg vc_hidden-md\u00a0\u00bb][vc_column_text css=\u00a0\u00bb\u00a0\u00bb]<\/p>\n<h2 style=\"text-align: center;\">Naviguer dans Mon ivari<\/h2>\n<p style=\"text-align: center;\">Bienvenue \u00e0 <em>Mon ivari<\/em>! Explorez les diverses sections en profitant pleinement de votre exp\u00e9rience sur le portail. Cliquez sur chacune des ic\u00f4nes num\u00e9rot\u00e9es ci-dessous pour en savoir plus :<\/p>\n<p>[\/vc_column_text][vc_single_image image=\u00a0\u00bb48995&Prime; css=\u00a0\u00bb\u00a0\u00bb][\/vc_column_inner][\/vc_row_inner][\/vc_column][\/vc_row]<\/p>\n<\/div>","protected":false},"excerpt":{"rendered":"<p> Bienvenue sur Mon ivari, le portail de choix pour consulter et g\u00e9rer l\u2019ensemble des renseignements sur votre police. Mon ivari \u2013&#8230;<\/p>\n","protected":false},"author":9,"featured_media":0,"parent":0,"menu_order":0,"comment_status":"closed","ping_status":"closed","template":"","meta":{"_acf_changed":false,"_searchwp_excluded":"","footnotes":""},"query_groups":[],"class_list":["post-48999","page","type-page","status-publish","hentry"],"acf":[],"yoast_head":"<!-- This site is optimized with the Yoast SEO plugin v27.3 - https:\/\/yoast.com\/product\/yoast-seo-wordpress\/ -->\n<title>mon-ivari - ivari<\/title>\n<meta name=\"robots\" content=\"index, follow, max-snippet:-1, max-image-preview:large, max-video-preview:-1\" \/>\n<link rel=\"canonical\" href=\"https:\/\/ivari.ca\/fr\/monivari\/\" \/>\n<meta property=\"og:locale\" content=\"fr_FR\" \/>\n<meta property=\"og:type\" content=\"article\" \/>\n<meta property=\"og:title\" content=\"mon-ivari - ivari\" \/>\n<meta property=\"og:description\" content=\"Bienvenue sur Mon ivari, le portail de choix pour consulter et g\u00e9rer l\u2019ensemble des renseignements sur votre police. Mon ivari \u2013...\" \/>\n<meta property=\"og:url\" content=\"https:\/\/ivari.ca\/fr\/monivari\/\" \/>\n<meta property=\"og:site_name\" content=\"ivari\" \/>\n<meta property=\"article:modified_time\" content=\"2025-08-21T17:40:15+00:00\" \/>\n<meta name=\"twitter:card\" content=\"summary_large_image\" \/>\n<meta name=\"twitter:label1\" content=\"Dur\u00e9e de lecture estim\u00e9e\" \/>\n\t<meta name=\"twitter:data1\" content=\"2 minutes\" \/>\n<script type=\"application\/ld+json\" class=\"yoast-schema-graph\">{\"@context\":\"https:\\\/\\\/schema.org\",\"@graph\":[{\"@type\":\"WebPage\",\"@id\":\"https:\\\/\\\/ivari.ca\\\/fr\\\/monivari\\\/\",\"url\":\"https:\\\/\\\/ivari.ca\\\/fr\\\/monivari\\\/\",\"name\":\"mon-ivari - ivari\",\"isPartOf\":{\"@id\":\"https:\\\/\\\/ivari.ca\\\/#website\"},\"primaryImageOfPage\":{\"@id\":\"https:\\\/\\\/ivari.ca\\\/fr\\\/monivari\\\/#primaryimage\"},\"image\":{\"@id\":\"https:\\\/\\\/ivari.ca\\\/fr\\\/monivari\\\/#primaryimage\"},\"thumbnailUrl\":\"https:\\\/\\\/ivari.ca\\\/files\\\/Myivari-fr.png\",\"datePublished\":\"2025-08-21T13:26:34+00:00\",\"dateModified\":\"2025-08-21T17:40:15+00:00\",\"breadcrumb\":{\"@id\":\"https:\\\/\\\/ivari.ca\\\/fr\\\/monivari\\\/#breadcrumb\"},\"inLanguage\":\"fr-FR\",\"potentialAction\":[{\"@type\":\"ReadAction\",\"target\":[\"https:\\\/\\\/ivari.ca\\\/fr\\\/monivari\\\/\"]}]},{\"@type\":\"ImageObject\",\"inLanguage\":\"fr-FR\",\"@id\":\"https:\\\/\\\/ivari.ca\\\/fr\\\/monivari\\\/#primaryimage\",\"url\":\"https:\\\/\\\/ivari.ca\\\/files\\\/Myivari-fr.png\",\"contentUrl\":\"https:\\\/\\\/ivari.ca\\\/files\\\/Myivari-fr.png\"},{\"@type\":\"BreadcrumbList\",\"@id\":\"https:\\\/\\\/ivari.ca\\\/fr\\\/monivari\\\/#breadcrumb\",\"itemListElement\":[{\"@type\":\"ListItem\",\"position\":1,\"name\":\"Home\",\"item\":\"https:\\\/\\\/ivari.ca\\\/fr\\\/\"},{\"@type\":\"ListItem\",\"position\":2,\"name\":\"mon-ivari\"}]},{\"@type\":\"WebSite\",\"@id\":\"https:\\\/\\\/ivari.ca\\\/#website\",\"url\":\"https:\\\/\\\/ivari.ca\\\/\",\"name\":\"ivari\",\"description\":\"\",\"potentialAction\":[{\"@type\":\"SearchAction\",\"target\":{\"@type\":\"EntryPoint\",\"urlTemplate\":\"https:\\\/\\\/ivari.ca\\\/?s={search_term_string}\"},\"query-input\":{\"@type\":\"PropertyValueSpecification\",\"valueRequired\":true,\"valueName\":\"search_term_string\"}}],\"inLanguage\":\"fr-FR\"}]}<\/script>\n<!-- \/ Yoast SEO plugin. -->","yoast_head_json":{"title":"mon-ivari - ivari","robots":{"index":"index","follow":"follow","max-snippet":"max-snippet:-1","max-image-preview":"max-image-preview:large","max-video-preview":"max-video-preview:-1"},"canonical":"https:\/\/ivari.ca\/fr\/monivari\/","og_locale":"fr_FR","og_type":"article","og_title":"mon-ivari - ivari","og_description":"Bienvenue sur Mon ivari, le portail de choix pour consulter et g\u00e9rer l\u2019ensemble des renseignements sur votre police. Mon ivari \u2013...","og_url":"https:\/\/ivari.ca\/fr\/monivari\/","og_site_name":"ivari","article_modified_time":"2025-08-21T17:40:15+00:00","twitter_card":"summary_large_image","twitter_misc":{"Dur\u00e9e de lecture estim\u00e9e":"2 minutes"},"schema":{"@context":"https:\/\/schema.org","@graph":[{"@type":"WebPage","@id":"https:\/\/ivari.ca\/fr\/monivari\/","url":"https:\/\/ivari.ca\/fr\/monivari\/","name":"mon-ivari - ivari","isPartOf":{"@id":"https:\/\/ivari.ca\/#website"},"primaryImageOfPage":{"@id":"https:\/\/ivari.ca\/fr\/monivari\/#primaryimage"},"image":{"@id":"https:\/\/ivari.ca\/fr\/monivari\/#primaryimage"},"thumbnailUrl":"https:\/\/ivari.ca\/files\/Myivari-fr.png","datePublished":"2025-08-21T13:26:34+00:00","dateModified":"2025-08-21T17:40:15+00:00","breadcrumb":{"@id":"https:\/\/ivari.ca\/fr\/monivari\/#breadcrumb"},"inLanguage":"fr-FR","potentialAction":[{"@type":"ReadAction","target":["https:\/\/ivari.ca\/fr\/monivari\/"]}]},{"@type":"ImageObject","inLanguage":"fr-FR","@id":"https:\/\/ivari.ca\/fr\/monivari\/#primaryimage","url":"https:\/\/ivari.ca\/files\/Myivari-fr.png","contentUrl":"https:\/\/ivari.ca\/files\/Myivari-fr.png"},{"@type":"BreadcrumbList","@id":"https:\/\/ivari.ca\/fr\/monivari\/#breadcrumb","itemListElement":[{"@type":"ListItem","position":1,"name":"Home","item":"https:\/\/ivari.ca\/fr\/"},{"@type":"ListItem","position":2,"name":"mon-ivari"}]},{"@type":"WebSite","@id":"https:\/\/ivari.ca\/#website","url":"https:\/\/ivari.ca\/","name":"ivari","description":"","potentialAction":[{"@type":"SearchAction","target":{"@type":"EntryPoint","urlTemplate":"https:\/\/ivari.ca\/?s={search_term_string}"},"query-input":{"@type":"PropertyValueSpecification","valueRequired":true,"valueName":"search_term_string"}}],"inLanguage":"fr-FR"}]}},"_links":{"self":[{"href":"https:\/\/ivari.ca\/fr\/wp-json\/wp\/v2\/pages\/48999","targetHints":{"allow":["GET"]}}],"collection":[{"href":"https:\/\/ivari.ca\/fr\/wp-json\/wp\/v2\/pages"}],"about":[{"href":"https:\/\/ivari.ca\/fr\/wp-json\/wp\/v2\/types\/page"}],"author":[{"embeddable":true,"href":"https:\/\/ivari.ca\/fr\/wp-json\/wp\/v2\/users\/9"}],"replies":[{"embeddable":true,"href":"https:\/\/ivari.ca\/fr\/wp-json\/wp\/v2\/comments?post=48999"}],"version-history":[{"count":0,"href":"https:\/\/ivari.ca\/fr\/wp-json\/wp\/v2\/pages\/48999\/revisions"}],"wp:attachment":[{"href":"https:\/\/ivari.ca\/fr\/wp-json\/wp\/v2\/media?parent=48999"}],"wp:term":[{"taxonomy":"query_groups","embeddable":true,"href":"https:\/\/ivari.ca\/fr\/wp-json\/wp\/v2\/query_groups?post=48999"}],"curies":[{"name":"wp","href":"https:\/\/api.w.org\/{rel}","templated":true}]}}