



{"id":48581,"date":"2025-06-17T14:50:35","date_gmt":"2025-06-17T18:50:35","guid":{"rendered":"https:\/\/ivari.ca\/?page_id=48581"},"modified":"2025-06-24T12:28:39","modified_gmt":"2025-06-24T16:28:39","slug":"assurance-vie-garantie-et-vie-simplifiee","status":"publish","type":"page","link":"https:\/\/ivari.ca\/fr\/produits\/assurance\/assurance-vie-garantie-et-vie-simplifiee\/","title":{"rendered":"Assurance Vie garantie et Vie simplifi\u00e9e"},"content":{"rendered":"<div class=\"wpb-content-wrapper\"><p>[vc_row css=\u00a0\u00bb.vc_custom_1633110907975{background-position: center !important;background-repeat: no-repeat !important;background-size: cover !important;}\u00a0\u00bb el_id=\u00a0\u00bbpost-banner\u00a0\u00bb][vc_column][vc_row_inner content_placement=\u00a0\u00bbbottom\u00a0\u00bb css=\u00a0\u00bb.vc_custom_1750355676958{background-image: url(https:\/\/ivari.ca\/files\/shutterstock_1968509713-copy.jpg?id=48611) !important;background-position: center !important;background-repeat: no-repeat !important;background-size: cover !important;}\u00a0\u00bb el_class=\u00a0\u00bbpost-banner\u00a0\u00bb][vc_column_inner el_class=\u00a0\u00bbimage-row-text-column\u00a0\u00bb width=\u00a0\u00bb2\/5&Prime;][vc_column_text css=\u00a0\u00bb\u00a0\u00bb]<\/p>\n<h1>\t\t\t<span id=\"typedjs43\" class=\"animated-typed-js-shortcode \"><\/span>\n\t\t\t<script>\n\t\t\tvar typedjs43 = new Typed('#typedjs43', {\n\t\t\t\tstrings: [\"Assurance Vie garantie et Vie simplifi\\u00e9e\"],\n\t\t\t\ttypeSpeed: 80,\n\t\t\t\tbackSpeed: 50,\n\t\t\t\tbackDelay: 500,\n\t\t\t\tstartDelay: 1000,\n\t\t\t\tloop: false,\n\t\t\t\tloopCount: 0,\n\t\t\t\tfadeOut: false,\n\t\t\t\tfadeOutDelay: 500,\n\t\t\t\tsmartBackspace: true,\n\t\t\t\tshuffle: false,\n\t\t\t\tshowCursor: true,\n\t\t\t\tcursorChar: \"|\"\n\t\t\t});\n\t\t\t<\/script>\n\n\t\t<\/h1>\n<p>[\/vc_column_text][\/vc_column_inner][vc_column_inner width=\u00a0\u00bb3\/5&Prime;][\/vc_column_inner][\/vc_row_inner][\/vc_column][\/vc_row][vc_row el_id=\u00a0\u00bbpage-subheader\u00a0\u00bb][vc_column][vc_column_text css=\u00a0\u00bb\u00a0\u00bb]Une couverture viag\u00e8re en toute simplicit\u00e9.[\/vc_column_text][\/vc_column][\/vc_row][vc_row][vc_column][vc_column_text css=\u00a0\u00bb\u00a0\u00bb]Si vous \u00eates \u00e0 la recherche d\u2019une police d\u2019assurance vie dont le processus de souscription est \u00e0 la fois simple et rapide, ivari vous propose des options align\u00e9es sur vos besoins.<\/p>\n<p>Les polices d\u2019assurance Vie garantie et Vie simplifi\u00e9e d\u2019ivari offrent une couverture viag\u00e8re assortie des caract\u00e9ristiques suivantes\u00a0:<\/p>\n<ul>\n<li>Aucun examen m\u00e9dical<\/li>\n<li>Primes fixes et garanties<\/li>\n<li>Proposition facile \u00e0 remplir<\/li>\n<li>Acc\u00e8s \u00e0 des prestations \u00e0 valeur ajout\u00e9e sans frais suppl\u00e9mentaires<sup> *<\/sup><\/li>\n<\/ul>\n<p>[\/vc_column_text][\/vc_column][\/vc_row][vc_row][vc_column][vc_column_text css=\u00a0\u00bb\u00a0\u00bb]<\/p>\n<h2>Laquelle des deux options r\u00e9pond le mieux \u00e0 vos besoins?<\/h2>\n<p>[\/vc_column_text][\/vc_column][\/vc_row][vc_row css=\u00a0\u00bb.vc_custom_1750345471637{margin-top: 60px !important;}\u00a0\u00bb el_class=\u00a0\u00bbarticle-section\u00a0\u00bb][vc_column width=\u00a0\u00bb1\/4&Prime;][vc_column_text css=\u00a0\u00bb\u00a0\u00bb]<\/p>\n<h3>Vie garantie<\/h3>\n<p>[\/vc_column_text][\/vc_column][vc_column width=\u00a0\u00bb3\/4&Prime;][vc_column_text css=\u00a0\u00bb\u00a0\u00bb]<\/p>\n<ul>\n<li>Admissibilit\u00e9 garantie**<\/li>\n<li>Clients \u00e2g\u00e9s de 18 \u00e0 74 ans<sup>1<\/sup><\/li>\n<li>Montant d\u2019assurance variant entre 10\u00a0000\u00a0$ et 25\u00a0000\u00a0$<sup>2<\/sup><\/li>\n<\/ul>\n<p>[\/vc_column_text][\/vc_column][\/vc_row][vc_row css=\u00a0\u00bb.vc_custom_1750345480879{margin-top: 60px !important;}\u00a0\u00bb el_class=\u00a0\u00bbarticle-section\u00a0\u00bb][vc_column width=\u00a0\u00bb1\/4&Prime;][vc_column_text css=\u00a0\u00bb\u00a0\u00bb]<\/p>\n<h3>Vie simplifi\u00e9e<\/h3>\n<p>[\/vc_column_text][\/vc_column][vc_column width=\u00a0\u00bb3\/4&Prime;][vc_column_text css=\u00a0\u00bb\u00a0\u00bb]<\/p>\n<ul>\n<li>Admissibilit\u00e9 fond\u00e9e sur les r\u00e9ponses donn\u00e9es aux questions sur l\u2019\u00e9tat de sant\u00e9 et le mode de vie<sup>**<\/sup><\/li>\n<li>Clients \u00e2g\u00e9s de 18 \u00e0 74 ans<sup>1<\/sup><\/li>\n<li>Montant d\u2019assurance variant entre 10 000 $ et 500 000 $<sup>2<\/sup><\/li>\n<\/ul>\n<p>[\/vc_column_text][\/vc_column][\/vc_row][vc_row el_class=\u00a0\u00bbarticle-section\u00a0\u00bb][vc_column][vc_column_text css=\u00a0\u00bb\u00a0\u00bb]Si, en raison de vos ant\u00e9c\u00e9dents m\u00e9dicaux, vous n\u2019\u00eates pas admissible \u00e0 l\u2019une des couvertures au titre de l\u2019assurance Vie simplifi\u00e9e, vous pouvez toujours souscrire une assurance Vie garantie. Aucun examen m\u00e9dical n\u2019est exig\u00e9.<\/p>\n<p>Pour plus de renseignements, y compris les limitations aff\u00e9rentes aux produits, veuillez communiquer avec votre conseiller en assurance vie ind\u00e9pendant.[\/vc_column_text][vc_column_text css=\u00a0\u00bb\u00a0\u00bb]<small><sup>*<\/sup> Sous r\u00e9serve de la disponibilit\u00e9.<\/small><\/p>\n<p><small>** Aux fins du statut de r\u00e9sident, le propri\u00e9taire de police doit : 1) avoir v\u00e9cu au Canada pendant au moins six mois, et 2) \u00eatre citoyen canadien, immigrant re\u00e7u ou r\u00e9sident permanent, ou avoir un permis de travail post-dipl\u00f4me, un permis d\u2019\u00e9tudiant ou un permis de travail (autre qu\u2019un permis de travailleur saisonnier).<\/small><\/p>\n<p><small><sup>1<\/sup> L\u2019\u00e2ge \u00e0 l\u2019\u00e9tablissement est d\u00e9termin\u00e9 en fonction de l\u2019anniversaire de naissance le plus proche de la date d\u2019\u00e9tablissement.<\/small><\/p>\n<p><small><sup>2<\/sup> Le montant maximum d\u2019assurance vie autoris\u00e9 pour une personne assur\u00e9e, y compris les polices d\u2019assurance garantie et\/ou simplifi\u00e9e en vigueur \u00e9tablies par ivari, correspond au moindre des deux montants suivants : 500 000 $ ou le montant maximum fix\u00e9 pour le r\u00e9gime.<\/small>[\/vc_column_text][\/vc_column][\/vc_row]<\/p>\n<\/div>","protected":false},"excerpt":{"rendered":"<p> Une couverture viag\u00e8re en toute simplicit\u00e9.Si vous \u00eates \u00e0 la recherche d\u2019une police d\u2019assurance vie dont le processus de souscription est \u00e0 la&#8230;<\/p>\n","protected":false},"author":9,"featured_media":0,"parent":41259,"menu_order":0,"comment_status":"closed","ping_status":"closed","template":"","meta":{"_acf_changed":false,"_searchwp_excluded":"1","footnotes":""},"query_groups":[],"class_list":["post-48581","page","type-page","status-publish","hentry"],"acf":[],"yoast_head":"<!-- This site is optimized with the Yoast SEO plugin v27.3 - https:\/\/yoast.com\/product\/yoast-seo-wordpress\/ -->\n<title>Assurance Vie garantie et Vie simplifi\u00e9e - ivari<\/title>\n<meta name=\"robots\" content=\"noindex, nofollow\" \/>\n<meta property=\"og:locale\" content=\"fr_FR\" \/>\n<meta property=\"og:type\" content=\"article\" \/>\n<meta property=\"og:title\" content=\"Assurance Vie garantie et Vie simplifi\u00e9e - ivari\" \/>\n<meta property=\"og:description\" content=\"Une couverture viag\u00e8re en toute simplicit\u00e9.Si vous \u00eates \u00e0 la recherche d\u2019une police d\u2019assurance vie dont le processus de souscription est \u00e0 la...\" \/>\n<meta property=\"og:url\" content=\"https:\/\/ivari.ca\/fr\/produits\/assurance\/assurance-vie-garantie-et-vie-simplifiee\/\" \/>\n<meta property=\"og:site_name\" content=\"ivari\" \/>\n<meta property=\"article:modified_time\" content=\"2025-06-24T16:28:39+00:00\" \/>\n<meta name=\"twitter:card\" content=\"summary_large_image\" \/>\n<meta name=\"twitter:label1\" content=\"Dur\u00e9e de lecture estim\u00e9e\" \/>\n\t<meta name=\"twitter:data1\" content=\"2 minutes\" \/>\n<script type=\"application\/ld+json\" class=\"yoast-schema-graph\">{\"@context\":\"https:\\\/\\\/schema.org\",\"@graph\":[{\"@type\":\"WebPage\",\"@id\":\"https:\\\/\\\/ivari.ca\\\/fr\\\/produits\\\/assurance\\\/assurance-vie-garantie-et-vie-simplifiee\\\/\",\"url\":\"https:\\\/\\\/ivari.ca\\\/fr\\\/produits\\\/assurance\\\/assurance-vie-garantie-et-vie-simplifiee\\\/\",\"name\":\"Assurance Vie garantie et Vie simplifi\u00e9e - ivari\",\"isPartOf\":{\"@id\":\"https:\\\/\\\/ivari.ca\\\/#website\"},\"datePublished\":\"2025-06-17T18:50:35+00:00\",\"dateModified\":\"2025-06-24T16:28:39+00:00\",\"breadcrumb\":{\"@id\":\"https:\\\/\\\/ivari.ca\\\/fr\\\/produits\\\/assurance\\\/assurance-vie-garantie-et-vie-simplifiee\\\/#breadcrumb\"},\"inLanguage\":\"fr-FR\",\"potentialAction\":[{\"@type\":\"ReadAction\",\"target\":[\"https:\\\/\\\/ivari.ca\\\/fr\\\/produits\\\/assurance\\\/assurance-vie-garantie-et-vie-simplifiee\\\/\"]}]},{\"@type\":\"BreadcrumbList\",\"@id\":\"https:\\\/\\\/ivari.ca\\\/fr\\\/produits\\\/assurance\\\/assurance-vie-garantie-et-vie-simplifiee\\\/#breadcrumb\",\"itemListElement\":[{\"@type\":\"ListItem\",\"position\":1,\"name\":\"Home\",\"item\":\"https:\\\/\\\/ivari.ca\\\/fr\\\/\"},{\"@type\":\"ListItem\",\"position\":2,\"name\":\"Produits\",\"item\":\"https:\\\/\\\/ivari.ca\\\/fr\\\/produits\\\/\"},{\"@type\":\"ListItem\",\"position\":3,\"name\":\"Assurance\",\"item\":\"https:\\\/\\\/ivari.ca\\\/fr\\\/produits\\\/assurance\\\/\"},{\"@type\":\"ListItem\",\"position\":4,\"name\":\"Assurance Vie garantie et Vie simplifi\u00e9e\"}]},{\"@type\":\"WebSite\",\"@id\":\"https:\\\/\\\/ivari.ca\\\/#website\",\"url\":\"https:\\\/\\\/ivari.ca\\\/\",\"name\":\"ivari\",\"description\":\"\",\"potentialAction\":[{\"@type\":\"SearchAction\",\"target\":{\"@type\":\"EntryPoint\",\"urlTemplate\":\"https:\\\/\\\/ivari.ca\\\/?s={search_term_string}\"},\"query-input\":{\"@type\":\"PropertyValueSpecification\",\"valueRequired\":true,\"valueName\":\"search_term_string\"}}],\"inLanguage\":\"fr-FR\"}]}<\/script>\n<!-- \/ Yoast SEO plugin. -->","yoast_head_json":{"title":"Assurance Vie garantie et Vie simplifi\u00e9e - ivari","robots":{"index":"noindex","follow":"nofollow"},"og_locale":"fr_FR","og_type":"article","og_title":"Assurance Vie garantie et Vie simplifi\u00e9e - ivari","og_description":"Une couverture viag\u00e8re en toute simplicit\u00e9.Si vous \u00eates \u00e0 la recherche d\u2019une police d\u2019assurance vie dont le processus de souscription est \u00e0 la...","og_url":"https:\/\/ivari.ca\/fr\/produits\/assurance\/assurance-vie-garantie-et-vie-simplifiee\/","og_site_name":"ivari","article_modified_time":"2025-06-24T16:28:39+00:00","twitter_card":"summary_large_image","twitter_misc":{"Dur\u00e9e de lecture estim\u00e9e":"2 minutes"},"schema":{"@context":"https:\/\/schema.org","@graph":[{"@type":"WebPage","@id":"https:\/\/ivari.ca\/fr\/produits\/assurance\/assurance-vie-garantie-et-vie-simplifiee\/","url":"https:\/\/ivari.ca\/fr\/produits\/assurance\/assurance-vie-garantie-et-vie-simplifiee\/","name":"Assurance Vie garantie et Vie simplifi\u00e9e - ivari","isPartOf":{"@id":"https:\/\/ivari.ca\/#website"},"datePublished":"2025-06-17T18:50:35+00:00","dateModified":"2025-06-24T16:28:39+00:00","breadcrumb":{"@id":"https:\/\/ivari.ca\/fr\/produits\/assurance\/assurance-vie-garantie-et-vie-simplifiee\/#breadcrumb"},"inLanguage":"fr-FR","potentialAction":[{"@type":"ReadAction","target":["https:\/\/ivari.ca\/fr\/produits\/assurance\/assurance-vie-garantie-et-vie-simplifiee\/"]}]},{"@type":"BreadcrumbList","@id":"https:\/\/ivari.ca\/fr\/produits\/assurance\/assurance-vie-garantie-et-vie-simplifiee\/#breadcrumb","itemListElement":[{"@type":"ListItem","position":1,"name":"Home","item":"https:\/\/ivari.ca\/fr\/"},{"@type":"ListItem","position":2,"name":"Produits","item":"https:\/\/ivari.ca\/fr\/produits\/"},{"@type":"ListItem","position":3,"name":"Assurance","item":"https:\/\/ivari.ca\/fr\/produits\/assurance\/"},{"@type":"ListItem","position":4,"name":"Assurance Vie garantie et Vie simplifi\u00e9e"}]},{"@type":"WebSite","@id":"https:\/\/ivari.ca\/#website","url":"https:\/\/ivari.ca\/","name":"ivari","description":"","potentialAction":[{"@type":"SearchAction","target":{"@type":"EntryPoint","urlTemplate":"https:\/\/ivari.ca\/?s={search_term_string}"},"query-input":{"@type":"PropertyValueSpecification","valueRequired":true,"valueName":"search_term_string"}}],"inLanguage":"fr-FR"}]}},"_links":{"self":[{"href":"https:\/\/ivari.ca\/fr\/wp-json\/wp\/v2\/pages\/48581","targetHints":{"allow":["GET"]}}],"collection":[{"href":"https:\/\/ivari.ca\/fr\/wp-json\/wp\/v2\/pages"}],"about":[{"href":"https:\/\/ivari.ca\/fr\/wp-json\/wp\/v2\/types\/page"}],"author":[{"embeddable":true,"href":"https:\/\/ivari.ca\/fr\/wp-json\/wp\/v2\/users\/9"}],"replies":[{"embeddable":true,"href":"https:\/\/ivari.ca\/fr\/wp-json\/wp\/v2\/comments?post=48581"}],"version-history":[{"count":0,"href":"https:\/\/ivari.ca\/fr\/wp-json\/wp\/v2\/pages\/48581\/revisions"}],"up":[{"embeddable":true,"href":"https:\/\/ivari.ca\/fr\/wp-json\/wp\/v2\/pages\/41259"}],"wp:attachment":[{"href":"https:\/\/ivari.ca\/fr\/wp-json\/wp\/v2\/media?parent=48581"}],"wp:term":[{"taxonomy":"query_groups","embeddable":true,"href":"https:\/\/ivari.ca\/fr\/wp-json\/wp\/v2\/query_groups?post=48581"}],"curies":[{"name":"wp","href":"https:\/\/api.w.org\/{rel}","templated":true}]}}