



{"id":47532,"date":"2024-10-25T12:51:31","date_gmt":"2024-10-25T16:51:31","guid":{"rendered":"https:\/\/ivari.ca\/?page_id=47532"},"modified":"2024-11-04T17:21:33","modified_gmt":"2024-11-04T22:21:33","slug":"avis-titulaires-oiv","status":"publish","type":"page","link":"https:\/\/ivari.ca\/fr\/ressources\/liens-rapides-finance\/apercus-et-rendements-des-fonds\/avis-titulaires-oiv\/","title":{"rendered":"Avis titulaires OIV"},"content":{"rendered":"<div class=\"wpb-content-wrapper\"><p>[vc_row el_class=\u00a0\u00bbwhats-happening-banner\u00a0\u00bb el_id=\u00a0\u00bbgrey-page-banner\u00a0\u00bb][vc_column][vc_row_inner content_placement=\u00a0\u00bbmiddle\u00a0\u00bb css=\u00a0\u00bb.vc_custom_1635351403459{background-image: url(https:\/\/ivari.ca\/files\/2021\/10\/grey-watercolour-bg-scaled.jpg?id=34985) !important;background-position: center !important;background-repeat: no-repeat !important;background-size: cover !important;}\u00a0\u00bb][vc_column_inner][vc_raw_html css=\u00a0\u00bb\u00a0\u00bb]JTNDZGl2JTIwY2xhc3MlM0QlMjJmbGV4LWNvbnRhaW5lciUyMiUzRSUwQSUyMCUyMCUzQ2RpdiUyMGNsYXNzJTNEJTIyZmxleC1pdGVtJTIyJTNFJTNDaW1nJTIwc3JjJTNEJTIyJTJGd3AtY29udGVudCUyRnVwbG9hZHMlMkYyMDIxJTJGMTAlMkZ3aGF0cy1oYXBwZW5pbmctZmxhdC5zdmclMjIlMjBhbHQlM0QlMjIlMjIlMjB0aXRsZSUzRCUyMiU1QnNjX3Bvc3RfdGl0bGUlNUQlMjIlMjBjbGFzcyUzRCUyMnBhZ2UtYmFubmVyLWljb24lMjIlM0UlM0MlMkZkaXYlM0UlMEElMjAlMjAlM0NkaXYlMjBjbGFzcyUzRCUyMmZsZXgtaXRlbSUyMiUzRSUzQ2gxJTNFQXZpcyUyMHJlbGF0aWYlMjAlQzMlQTAlMjBjZXJ0YWlucyUyMHByb2R1aXRzJTIwZCVFMiU4MCU5OWFzc3VyYW5jZSUyMHZpZSUyMHVuaXZlcnNlbGxlJTIwZCVFMiU4MCU5OWl2YXJpJTNDJTJGaDElM0UlM0NwJTIwY2xhc3MlM0QlMjJzdWJoZWFkaW5nJTIyJTNFJTNDJTJGcCUzRSUzQyUyRmRpdiUzRSUwQSUzQyUyRmRpdiUzRQ==[\/vc_raw_html][\/vc_column_inner][\/vc_row_inner][\/vc_column][\/vc_row][vc_row el_class=\u00a0\u00bbivari-row\u00a0\u00bb][vc_column][vc_column_text css=\u00a0\u00bb\u00a0\u00bb]<\/p>\n<p class=\"publish-date\">Publi\u00e9 sur: 5 novembre, 2024<\/p>\n<p>Pour les r\u00e9gimes d\u2019assurance vie universelle\u00a0Challenger, Discovery 2000, L\u2019Exploit et(ou) L\u2019Exploit Plus\u00a0: Int\u00e9gration des fonds n\u00e9goci\u00e9s en bourse (FNB) \u00e0 titre de placements potentiels dans le cadre de certaines Options d\u2019investissement variable (OIV).<\/p>\n<p>\u00c0 compter du 1<sup>er<\/sup> d\u00e9cembre 2024 ou aux environs de cette date, le gestionnaire de portefeuille pourrait affecter des fonds n\u00e9goci\u00e9s en bourse (FNB) aux Options d\u2019investissement variable (OIV) suivantes\u00a0:<strong> Fonds Can-Europe, Fonds obligataire Can-Global et Fonds de dividendes.<\/strong>[\/vc_column_text][vc_column_text css=\u00a0\u00bb\u00a0\u00bb el_class=\u00a0\u00bbnotification\u00a0\u00bb]<\/p>\n<h3><i class=\"fa-solid fa-triangle-exclamation\"><\/i> Que ce changement repr\u00e9sente-t-il pour vous?<\/h3>\n<ul>\n<li>Il s\u2019agit d\u2019un nouvel instrument de placement.<\/li>\n<li>Le pourcentage total des frais de gestion payables par les titulaires de police demeure inchang\u00e9.<\/li>\n<li>Aucune modification n\u2019est apport\u00e9e aux dispositions contractuelles.<\/li>\n<\/ul>\n<p>[\/vc_column_text][vc_column_text css=\u00a0\u00bb\u00a0\u00bb]<\/p>\n<ul>\n<li><strong>Fonds Can-Europe\u00a0:<\/strong> Les FNB pourraient constituer jusqu\u2019\u00e0 100\u00a0% des placements dans le Fonds Can-Europe. Ils visent \u00e0 maintenir une exposition aux march\u00e9s boursiers europ\u00e9ens.<\/li>\n<li><strong>Fonds obligataire Can-Global\u00a0:<\/strong> Les FNB pourraient repr\u00e9senter jusqu\u2019\u00e0 100\u00a0% des placements dans le Fonds obligataire Can-Global. Ils visent \u00e0 maintenir une exposition aux march\u00e9s des obligations gouvernementales mondiales.<\/li>\n<li><strong>Fonds de dividendes\u00a0:<\/strong> Les FNB pourraient constituer jusqu\u2019\u00e0 60\u00a0% des placements dans le Fonds de dividendes. Ils favoriseront une exposition aux actions privil\u00e9gi\u00e9es.<\/li>\n<\/ul>\n<p>Veuillez vous reporter \u00e0 vos documents contractuels pour conna\u00eetre la disponibilit\u00e9 des OIV, ainsi qu\u2019aux Aper\u00e7us des fonds au titre des produits d\u2019assurance vie (actuellement accessibles sur ivari.ca). Il convient de conserver cet avis avec vos contrats.[\/vc_column_text][\/vc_column][\/vc_row]<\/p>\n<\/div>","protected":false},"excerpt":{"rendered":"<p>JTNDZGl2JTIwY2xhc3MlM0QlMjJmbGV4LWNvbnRhaW5lciUyMiUzRSUwQSUyMCUyMCUzQ2RpdiUyMGNsYXNzJTNEJTIyZmxleC1pdGVtJTIyJTNFJTNDaW1nJTIwc3JjJTNEJTIyJTJGd3AtY29udGVudCUyRnVwbG9hZHMlMkYyMDIxJTJGMTAlMkZ3aGF0cy1oYXBwZW5pbmctZmxhdC5zdmclMjIlMjBhbHQlM0QlMjIlMjIlMjB0aXRsZSUzRCUyMiU1QnNjX3Bvc3RfdGl0bGUlNUQlMjIlMjBjbGFzcyUzRCUyMnBhZ2UtYmFubmVyLWljb24lMjIlM0UlM0MlMkZkaXYlM0UlMEElMjAlMjAlM0NkaXYlMjBjbGFzcyUzRCUyMmZsZXgtaXRlbSUyMiUzRSUzQ2gxJTNFQXZpcyUyMHJlbGF0aWYlMjAlQzMlQTAlMjBjZXJ0YWlucyUyMHByb2R1aXRzJTIwZCVFMiU4MCU5OWFzc3VyYW5jZSUyMHZpZSUyMHVuaXZlcnNlbGxlJTIwZCVFMiU4MCU5OWl2YXJpJTNDJTJGaDElM0UlM0NwJTIwY2xhc3MlM0QlMjJzdWJoZWFkaW5nJTIyJTNFJTNDJTJGcCUzRSUzQyUyRmRpdiUzRSUwQSUzQyUyRmRpdiUzRQ== Publi\u00e9 sur: 5 novembre, 2024 Pour les r\u00e9gimes d\u2019assurance vie universelle\u00a0Challenger, Discovery 2000, L\u2019Exploit et(ou) L\u2019Exploit Plus\u00a0: Int\u00e9gration des fonds n\u00e9goci\u00e9s en bourse (FNB) \u00e0 titre de placements potentiels dans le cadre de certaines&#8230;<\/p>\n","protected":false},"author":2,"featured_media":0,"parent":38542,"menu_order":0,"comment_status":"closed","ping_status":"closed","template":"","meta":{"_acf_changed":false,"_searchwp_excluded":"","footnotes":""},"query_groups":[],"class_list":["post-47532","page","type-page","status-publish","hentry"],"acf":[],"yoast_head":"<!-- This site is optimized with the Yoast SEO plugin v27.3 - https:\/\/yoast.com\/product\/yoast-seo-wordpress\/ -->\n<title>Avis titulaires OIV - ivari<\/title>\n<meta name=\"robots\" content=\"index, follow, max-snippet:-1, max-image-preview:large, max-video-preview:-1\" \/>\n<link rel=\"canonical\" href=\"https:\/\/ivari.ca\/fr\/ressources\/liens-rapides-finance\/apercus-et-rendements-des-fonds\/avis-titulaires-oiv\/\" \/>\n<meta property=\"og:locale\" content=\"fr_FR\" \/>\n<meta property=\"og:type\" content=\"article\" \/>\n<meta property=\"og:title\" content=\"Avis titulaires OIV - ivari\" \/>\n<meta property=\"og:description\" content=\"JTNDZGl2JTIwY2xhc3MlM0QlMjJmbGV4LWNvbnRhaW5lciUyMiUzRSUwQSUyMCUyMCUzQ2RpdiUyMGNsYXNzJTNEJTIyZmxleC1pdGVtJTIyJTNFJTNDaW1nJTIwc3JjJTNEJTIyJTJGd3AtY29udGVudCUyRnVwbG9hZHMlMkYyMDIxJTJGMTAlMkZ3aGF0cy1oYXBwZW5pbmctZmxhdC5zdmclMjIlMjBhbHQlM0QlMjIlMjIlMjB0aXRsZSUzRCUyMiU1QnNjX3Bvc3RfdGl0bGUlNUQlMjIlMjBjbGFzcyUzRCUyMnBhZ2UtYmFubmVyLWljb24lMjIlM0UlM0MlMkZkaXYlM0UlMEElMjAlMjAlM0NkaXYlMjBjbGFzcyUzRCUyMmZsZXgtaXRlbSUyMiUzRSUzQ2gxJTNFQXZpcyUyMHJlbGF0aWYlMjAlQzMlQTAlMjBjZXJ0YWlucyUyMHByb2R1aXRzJTIwZCVFMiU4MCU5OWFzc3VyYW5jZSUyMHZpZSUyMHVuaXZlcnNlbGxlJTIwZCVFMiU4MCU5OWl2YXJpJTNDJTJGaDElM0UlM0NwJTIwY2xhc3MlM0QlMjJzdWJoZWFkaW5nJTIyJTNFJTNDJTJGcCUzRSUzQyUyRmRpdiUzRSUwQSUzQyUyRmRpdiUzRQ== Publi\u00e9 sur: 5 novembre, 2024 Pour les r\u00e9gimes d\u2019assurance vie universelle\u00a0Challenger, Discovery 2000, L\u2019Exploit et(ou) L\u2019Exploit Plus\u00a0: Int\u00e9gration des fonds n\u00e9goci\u00e9s en bourse (FNB) \u00e0 titre de placements potentiels dans le cadre de certaines...\" \/>\n<meta property=\"og:url\" content=\"https:\/\/ivari.ca\/fr\/ressources\/liens-rapides-finance\/apercus-et-rendements-des-fonds\/avis-titulaires-oiv\/\" \/>\n<meta property=\"og:site_name\" content=\"ivari\" \/>\n<meta property=\"article:modified_time\" content=\"2024-11-04T22:21:33+00:00\" \/>\n<meta name=\"twitter:card\" content=\"summary_large_image\" \/>\n<meta name=\"twitter:label1\" content=\"Dur\u00e9e de lecture estim\u00e9e\" \/>\n\t<meta name=\"twitter:data1\" content=\"2 minutes\" \/>\n<script type=\"application\/ld+json\" class=\"yoast-schema-graph\">{\"@context\":\"https:\\\/\\\/schema.org\",\"@graph\":[{\"@type\":\"WebPage\",\"@id\":\"https:\\\/\\\/ivari.ca\\\/fr\\\/ressources\\\/liens-rapides-finance\\\/apercus-et-rendements-des-fonds\\\/avis-titulaires-oiv\\\/\",\"url\":\"https:\\\/\\\/ivari.ca\\\/fr\\\/ressources\\\/liens-rapides-finance\\\/apercus-et-rendements-des-fonds\\\/avis-titulaires-oiv\\\/\",\"name\":\"Avis titulaires OIV - ivari\",\"isPartOf\":{\"@id\":\"https:\\\/\\\/ivari.ca\\\/#website\"},\"datePublished\":\"2024-10-25T16:51:31+00:00\",\"dateModified\":\"2024-11-04T22:21:33+00:00\",\"breadcrumb\":{\"@id\":\"https:\\\/\\\/ivari.ca\\\/fr\\\/ressources\\\/liens-rapides-finance\\\/apercus-et-rendements-des-fonds\\\/avis-titulaires-oiv\\\/#breadcrumb\"},\"inLanguage\":\"fr-FR\",\"potentialAction\":[{\"@type\":\"ReadAction\",\"target\":[\"https:\\\/\\\/ivari.ca\\\/fr\\\/ressources\\\/liens-rapides-finance\\\/apercus-et-rendements-des-fonds\\\/avis-titulaires-oiv\\\/\"]}]},{\"@type\":\"BreadcrumbList\",\"@id\":\"https:\\\/\\\/ivari.ca\\\/fr\\\/ressources\\\/liens-rapides-finance\\\/apercus-et-rendements-des-fonds\\\/avis-titulaires-oiv\\\/#breadcrumb\",\"itemListElement\":[{\"@type\":\"ListItem\",\"position\":1,\"name\":\"Home\",\"item\":\"https:\\\/\\\/ivari.ca\\\/fr\\\/\"},{\"@type\":\"ListItem\",\"position\":2,\"name\":\"Ressources\",\"item\":\"https:\\\/\\\/ivari.ca\\\/fr\\\/ressources\\\/\"},{\"@type\":\"ListItem\",\"position\":3,\"name\":\"Liens rapides &#8211; finance\",\"item\":\"https:\\\/\\\/ivari.ca\\\/fr\\\/ressources\\\/liens-rapides-finance\\\/\"},{\"@type\":\"ListItem\",\"position\":4,\"name\":\"Aper\u00e7us et rendements des fonds\",\"item\":\"https:\\\/\\\/ivari.ca\\\/fr\\\/ressources\\\/liens-rapides-finance\\\/apercus-et-rendements-des-fonds\\\/\"},{\"@type\":\"ListItem\",\"position\":5,\"name\":\"Avis titulaires OIV\"}]},{\"@type\":\"WebSite\",\"@id\":\"https:\\\/\\\/ivari.ca\\\/#website\",\"url\":\"https:\\\/\\\/ivari.ca\\\/\",\"name\":\"ivari\",\"description\":\"\",\"potentialAction\":[{\"@type\":\"SearchAction\",\"target\":{\"@type\":\"EntryPoint\",\"urlTemplate\":\"https:\\\/\\\/ivari.ca\\\/?s={search_term_string}\"},\"query-input\":{\"@type\":\"PropertyValueSpecification\",\"valueRequired\":true,\"valueName\":\"search_term_string\"}}],\"inLanguage\":\"fr-FR\"}]}<\/script>\n<!-- \/ Yoast SEO plugin. -->","yoast_head_json":{"title":"Avis titulaires OIV - ivari","robots":{"index":"index","follow":"follow","max-snippet":"max-snippet:-1","max-image-preview":"max-image-preview:large","max-video-preview":"max-video-preview:-1"},"canonical":"https:\/\/ivari.ca\/fr\/ressources\/liens-rapides-finance\/apercus-et-rendements-des-fonds\/avis-titulaires-oiv\/","og_locale":"fr_FR","og_type":"article","og_title":"Avis titulaires OIV - ivari","og_description":"JTNDZGl2JTIwY2xhc3MlM0QlMjJmbGV4LWNvbnRhaW5lciUyMiUzRSUwQSUyMCUyMCUzQ2RpdiUyMGNsYXNzJTNEJTIyZmxleC1pdGVtJTIyJTNFJTNDaW1nJTIwc3JjJTNEJTIyJTJGd3AtY29udGVudCUyRnVwbG9hZHMlMkYyMDIxJTJGMTAlMkZ3aGF0cy1oYXBwZW5pbmctZmxhdC5zdmclMjIlMjBhbHQlM0QlMjIlMjIlMjB0aXRsZSUzRCUyMiU1QnNjX3Bvc3RfdGl0bGUlNUQlMjIlMjBjbGFzcyUzRCUyMnBhZ2UtYmFubmVyLWljb24lMjIlM0UlM0MlMkZkaXYlM0UlMEElMjAlMjAlM0NkaXYlMjBjbGFzcyUzRCUyMmZsZXgtaXRlbSUyMiUzRSUzQ2gxJTNFQXZpcyUyMHJlbGF0aWYlMjAlQzMlQTAlMjBjZXJ0YWlucyUyMHByb2R1aXRzJTIwZCVFMiU4MCU5OWFzc3VyYW5jZSUyMHZpZSUyMHVuaXZlcnNlbGxlJTIwZCVFMiU4MCU5OWl2YXJpJTNDJTJGaDElM0UlM0NwJTIwY2xhc3MlM0QlMjJzdWJoZWFkaW5nJTIyJTNFJTNDJTJGcCUzRSUzQyUyRmRpdiUzRSUwQSUzQyUyRmRpdiUzRQ== Publi\u00e9 sur: 5 novembre, 2024 Pour les r\u00e9gimes d\u2019assurance vie universelle\u00a0Challenger, Discovery 2000, L\u2019Exploit et(ou) L\u2019Exploit Plus\u00a0: Int\u00e9gration des fonds n\u00e9goci\u00e9s en bourse (FNB) \u00e0 titre de placements potentiels dans le cadre de certaines...","og_url":"https:\/\/ivari.ca\/fr\/ressources\/liens-rapides-finance\/apercus-et-rendements-des-fonds\/avis-titulaires-oiv\/","og_site_name":"ivari","article_modified_time":"2024-11-04T22:21:33+00:00","twitter_card":"summary_large_image","twitter_misc":{"Dur\u00e9e de lecture estim\u00e9e":"2 minutes"},"schema":{"@context":"https:\/\/schema.org","@graph":[{"@type":"WebPage","@id":"https:\/\/ivari.ca\/fr\/ressources\/liens-rapides-finance\/apercus-et-rendements-des-fonds\/avis-titulaires-oiv\/","url":"https:\/\/ivari.ca\/fr\/ressources\/liens-rapides-finance\/apercus-et-rendements-des-fonds\/avis-titulaires-oiv\/","name":"Avis titulaires OIV - ivari","isPartOf":{"@id":"https:\/\/ivari.ca\/#website"},"datePublished":"2024-10-25T16:51:31+00:00","dateModified":"2024-11-04T22:21:33+00:00","breadcrumb":{"@id":"https:\/\/ivari.ca\/fr\/ressources\/liens-rapides-finance\/apercus-et-rendements-des-fonds\/avis-titulaires-oiv\/#breadcrumb"},"inLanguage":"fr-FR","potentialAction":[{"@type":"ReadAction","target":["https:\/\/ivari.ca\/fr\/ressources\/liens-rapides-finance\/apercus-et-rendements-des-fonds\/avis-titulaires-oiv\/"]}]},{"@type":"BreadcrumbList","@id":"https:\/\/ivari.ca\/fr\/ressources\/liens-rapides-finance\/apercus-et-rendements-des-fonds\/avis-titulaires-oiv\/#breadcrumb","itemListElement":[{"@type":"ListItem","position":1,"name":"Home","item":"https:\/\/ivari.ca\/fr\/"},{"@type":"ListItem","position":2,"name":"Ressources","item":"https:\/\/ivari.ca\/fr\/ressources\/"},{"@type":"ListItem","position":3,"name":"Liens rapides &#8211; finance","item":"https:\/\/ivari.ca\/fr\/ressources\/liens-rapides-finance\/"},{"@type":"ListItem","position":4,"name":"Aper\u00e7us et rendements des fonds","item":"https:\/\/ivari.ca\/fr\/ressources\/liens-rapides-finance\/apercus-et-rendements-des-fonds\/"},{"@type":"ListItem","position":5,"name":"Avis titulaires OIV"}]},{"@type":"WebSite","@id":"https:\/\/ivari.ca\/#website","url":"https:\/\/ivari.ca\/","name":"ivari","description":"","potentialAction":[{"@type":"SearchAction","target":{"@type":"EntryPoint","urlTemplate":"https:\/\/ivari.ca\/?s={search_term_string}"},"query-input":{"@type":"PropertyValueSpecification","valueRequired":true,"valueName":"search_term_string"}}],"inLanguage":"fr-FR"}]}},"_links":{"self":[{"href":"https:\/\/ivari.ca\/fr\/wp-json\/wp\/v2\/pages\/47532","targetHints":{"allow":["GET"]}}],"collection":[{"href":"https:\/\/ivari.ca\/fr\/wp-json\/wp\/v2\/pages"}],"about":[{"href":"https:\/\/ivari.ca\/fr\/wp-json\/wp\/v2\/types\/page"}],"author":[{"embeddable":true,"href":"https:\/\/ivari.ca\/fr\/wp-json\/wp\/v2\/users\/2"}],"replies":[{"embeddable":true,"href":"https:\/\/ivari.ca\/fr\/wp-json\/wp\/v2\/comments?post=47532"}],"version-history":[{"count":0,"href":"https:\/\/ivari.ca\/fr\/wp-json\/wp\/v2\/pages\/47532\/revisions"}],"up":[{"embeddable":true,"href":"https:\/\/ivari.ca\/fr\/wp-json\/wp\/v2\/pages\/38542"}],"wp:attachment":[{"href":"https:\/\/ivari.ca\/fr\/wp-json\/wp\/v2\/media?parent=47532"}],"wp:term":[{"taxonomy":"query_groups","embeddable":true,"href":"https:\/\/ivari.ca\/fr\/wp-json\/wp\/v2\/query_groups?post=47532"}],"curies":[{"name":"wp","href":"https:\/\/api.w.org\/{rel}","templated":true}]}}