



{"id":47461,"date":"2024-10-16T09:30:33","date_gmt":"2024-10-16T13:30:33","guid":{"rendered":"https:\/\/ivari.ca\/?page_id=47461"},"modified":"2024-10-22T09:34:05","modified_gmt":"2024-10-22T13:34:05","slug":"vie-universelle-prosperite","status":"publish","type":"page","link":"https:\/\/ivari.ca\/fr\/produits\/assurance\/vie-universelle-prosperite\/","title":{"rendered":"Assurance vie universelle prosp\u00e9rit\u00e9"},"content":{"rendered":"<div class=\"wpb-content-wrapper\"><p>[vc_row css=\u00a0\u00bb.vc_custom_1633110907975{background-position: center !important;background-repeat: no-repeat !important;background-size: cover !important;}\u00a0\u00bb el_id=\u00a0\u00bbpost-banner\u00a0\u00bb][vc_column][vc_row_inner content_placement=\u00a0\u00bbbottom\u00a0\u00bb css=\u00a0\u00bb.vc_custom_1729087053265{background-image: url(https:\/\/ivari.ca\/files\/internet-family-and-parents-doing-research-on-dow-2023-11-27-05-31-52-utc-scaled.jpg?id=47443) !important;background-position: center !important;background-repeat: no-repeat !important;background-size: cover !important;}\u00a0\u00bb el_class=\u00a0\u00bbpost-banner\u00a0\u00bb][vc_column_inner el_class=\u00a0\u00bbimage-row-text-column\u00a0\u00bb width=\u00a0\u00bb2\/5&Prime;][vc_column_text css=\u00a0\u00bb\u00a0\u00bb]<\/p>\n<h1>\t\t\t<span id=\"typedjs58\" class=\"animated-typed-js-shortcode \"><\/span>\n\t\t\t<script>\n\t\t\tvar typedjs58 = new Typed('#typedjs58', {\n\t\t\t\tstrings: [\"Assurance vie universelle prosp\\u00e9rit\\u00e9\"],\n\t\t\t\ttypeSpeed: 80,\n\t\t\t\tbackSpeed: 50,\n\t\t\t\tbackDelay: 500,\n\t\t\t\tstartDelay: 1000,\n\t\t\t\tloop: false,\n\t\t\t\tloopCount: 0,\n\t\t\t\tfadeOut: false,\n\t\t\t\tfadeOutDelay: 500,\n\t\t\t\tsmartBackspace: true,\n\t\t\t\tshuffle: false,\n\t\t\t\tshowCursor: true,\n\t\t\t\tcursorChar: \"|\"\n\t\t\t});\n\t\t\t<\/script>\n\n\t\t<\/h1>\n<p>[\/vc_column_text][\/vc_column_inner][vc_column_inner width=\u00a0\u00bb3\/5&Prime;][\/vc_column_inner][\/vc_row_inner][\/vc_column][\/vc_row][vc_row el_id=\u00a0\u00bbpage-subheader\u00a0\u00bb][vc_column][vc_column_text css=\u00a0\u00bb\u00a0\u00bb]Tranquillit\u00e9 d\u2019esprit d\u00e8s aujourd\u2019hui et protection pour demain[\/vc_column_text][\/vc_column][\/vc_row][vc_row][vc_column][vc_row_inner el_class=\u00a0\u00bbborderBottom\u00a0\u00bb][vc_column_inner][vc_column_text css=\u00a0\u00bb\u00a0\u00bb]<\/p>\n<h2>Une fondation solide pour un bon d\u00e9part<\/h2>\n<p>En optant pour une police d\u2019assurance vie universelle prosp\u00e9rit\u00e9, votre client pourra mieux atteindre la s\u00e9curit\u00e9 financi\u00e8re gr\u00e2ce aux quatre \u00e9l\u00e9ments essentiels d\u2019un bon plan financier\u00a0:<\/p>\n<ul>\n<li>Protection du revenu<\/li>\n<li>Report d\u2019imp\u00f4t<\/li>\n<li>Garanties int\u00e9gr\u00e9es<\/li>\n<li>Services \u00e0 valeur ajout\u00e9e<\/li>\n<\/ul>\n<p>D\u2019une grande souplesse, cette protection d\u2019assurance permanente offre une panoplie de garanties et d\u2019avenants facultatifs permettant au client de personnaliser sa couverture en fonction de sa situation financi\u00e8re et ses besoins sp\u00e9cifiques.<\/p>\n<h2>Un avenir financier s\u00fbr<\/h2>\n<p>En \u00e9tablissant d\u00e8s maintenant des bases solides, votre client pourra commencer \u00e0 structurer son avenir financier en fonction de ses divers besoins, notamment\u00a0:<\/p>\n<ul>\n<li>Couverture de l\u2019hypoth\u00e8que<\/li>\n<li>Constitution d\u2019un patrimoine pour les enfants<\/li>\n<li>Accroissement du revenu de retraite<\/li>\n<li>Transfert du patrimoine de mani\u00e8re fiscalement avantageuse<\/li>\n<\/ul>\n<p>[\/vc_column_text][\/vc_column_inner][\/vc_row_inner][\/vc_column][\/vc_row][vc_row full_width=\u00a0\u00bbstretch_row\u00a0\u00bb gap=\u00a0\u00bb20&Prime; content_placement=\u00a0\u00bbtop\u00a0\u00bb el_class=\u00a0\u00bbivari-row\u00a0\u00bb css=\u00a0\u00bb.vc_custom_1650633714289{padding-top: 2rem !important;padding-bottom: 2rem !important;}\u00a0\u00bb][vc_column width=\u00a0\u00bb2\/3&Prime;][vc_column_text css=\u00a0\u00bb\u00a0\u00bb]<\/p>\n<h2 class=\"fuchsia\">Ressources suppl\u00e9mentaires \u2013 Assurance VU prosp\u00e9rit\u00e9 :<\/h2>\n<ul>\n<li><a href=\"https:\/\/ivari.ca\/fr\/quoi-de-neuf\/vie-universelle-prosperite-un-produit-en-pleine-evolution\/\" target=\"_blank\" rel=\"noopener\">Vie universelle prosp\u00e9rit\u00e9\u00a0: Un produit en pleine \u00e9volution<\/a><\/li>\n<li><a href=\"https:\/\/ivari.ca\/files\/WFG-LP1822FR.pdf\" target=\"_blank\" rel=\"noopener\">Vie universelle prosp\u00e9rit\u00e9\u00a0: Vue d\u2019ensemble<\/a><\/li>\n<li><a href=\"https:\/\/ivari.ca\/files\/LP2204FR.pdf\" target=\"_blank\" rel=\"noopener\">Vie universelle prosp\u00e9rit\u00e9\u00a0: Brochure \u00e0 l\u2019intention du client<\/a><\/li>\n<li><a href=\"https:\/\/ivari.ca\/index.php?pda_v3_pf=\/_pda\/PRBASE_F.pdf\">Contrat d&rsquo;assurance VU prosp\u00e9rit\u00e9 (sp\u00e9cimen)<\/a><\/li>\n<li><a href=\"https:\/\/ivari.ca\/fr\/ivari-360\/\">ivari 360<\/a><\/li>\n<li><a href=\"https:\/\/ivari.ca\/fr\/produits\/prestations-a-valeur-ajoutee\/everest\/\">Services de conciergerie fun\u00e9raires Everest<\/a><\/li>\n<li><a href=\"https:\/\/ivari.ca\/fr\/produits\/prestations-a-valeur-ajoutee\/maple\/\">Service de soins de sant\u00e9 virtuels de Maple<\/a><\/li>\n<\/ul>\n<p>[\/vc_column_text][vc_column_text css=\u00a0\u00bb\u00a0\u00bb]<strong>Pour en savoir plus, veuillez \u00e9crire \u00e0 l\u2019\u00e9quipe WFG chez ivari \u00e0 l\u2019adresse\u00a0<a href=\"mailto:ventes@ivari.ca\">ventes@ivari.ca<\/a>.<\/strong>[\/vc_column_text][\/vc_column][vc_column width=\u00a0\u00bb1\/3&Prime;][\/vc_column][\/vc_row]<\/p>\n<\/div>","protected":false},"excerpt":{"rendered":"<p> Tranquillit\u00e9 d\u2019esprit d\u00e8s aujourd\u2019hui et protection pour demain Une fondation solide pour un bon d\u00e9part En optant pour une police d\u2019assurance vie&#8230;<\/p>\n","protected":false},"author":2,"featured_media":0,"parent":41259,"menu_order":0,"comment_status":"closed","ping_status":"closed","template":"","meta":{"_acf_changed":false,"_searchwp_excluded":"","footnotes":""},"query_groups":[],"class_list":["post-47461","page","type-page","status-publish","hentry"],"acf":[],"yoast_head":"<!-- This site is optimized with the Yoast SEO plugin v27.3 - https:\/\/yoast.com\/product\/yoast-seo-wordpress\/ -->\n<title>Assurance vie universelle prosp\u00e9rit\u00e9 - ivari<\/title>\n<meta name=\"robots\" content=\"index, follow, max-snippet:-1, max-image-preview:large, max-video-preview:-1\" \/>\n<link rel=\"canonical\" href=\"https:\/\/ivari.ca\/fr\/produits\/assurance\/vie-universelle-prosperite\/\" \/>\n<meta property=\"og:locale\" content=\"fr_FR\" \/>\n<meta property=\"og:type\" content=\"article\" \/>\n<meta property=\"og:title\" content=\"Assurance vie universelle prosp\u00e9rit\u00e9 - ivari\" \/>\n<meta property=\"og:description\" content=\"Tranquillit\u00e9 d\u2019esprit d\u00e8s aujourd\u2019hui et protection pour demain Une fondation solide pour un bon d\u00e9part En optant pour une police d\u2019assurance vie...\" \/>\n<meta property=\"og:url\" content=\"https:\/\/ivari.ca\/fr\/produits\/assurance\/vie-universelle-prosperite\/\" \/>\n<meta property=\"og:site_name\" content=\"ivari\" \/>\n<meta property=\"article:modified_time\" content=\"2024-10-22T13:34:05+00:00\" \/>\n<meta name=\"twitter:card\" content=\"summary_large_image\" \/>\n<meta name=\"twitter:label1\" content=\"Dur\u00e9e de lecture estim\u00e9e\" \/>\n\t<meta name=\"twitter:data1\" content=\"2 minutes\" \/>\n<script type=\"application\/ld+json\" class=\"yoast-schema-graph\">{\"@context\":\"https:\\\/\\\/schema.org\",\"@graph\":[{\"@type\":\"WebPage\",\"@id\":\"https:\\\/\\\/ivari.ca\\\/fr\\\/produits\\\/assurance\\\/vie-universelle-prosperite\\\/\",\"url\":\"https:\\\/\\\/ivari.ca\\\/fr\\\/produits\\\/assurance\\\/vie-universelle-prosperite\\\/\",\"name\":\"Assurance vie universelle prosp\u00e9rit\u00e9 - ivari\",\"isPartOf\":{\"@id\":\"https:\\\/\\\/ivari.ca\\\/#website\"},\"datePublished\":\"2024-10-16T13:30:33+00:00\",\"dateModified\":\"2024-10-22T13:34:05+00:00\",\"breadcrumb\":{\"@id\":\"https:\\\/\\\/ivari.ca\\\/fr\\\/produits\\\/assurance\\\/vie-universelle-prosperite\\\/#breadcrumb\"},\"inLanguage\":\"fr-FR\",\"potentialAction\":[{\"@type\":\"ReadAction\",\"target\":[\"https:\\\/\\\/ivari.ca\\\/fr\\\/produits\\\/assurance\\\/vie-universelle-prosperite\\\/\"]}]},{\"@type\":\"BreadcrumbList\",\"@id\":\"https:\\\/\\\/ivari.ca\\\/fr\\\/produits\\\/assurance\\\/vie-universelle-prosperite\\\/#breadcrumb\",\"itemListElement\":[{\"@type\":\"ListItem\",\"position\":1,\"name\":\"Home\",\"item\":\"https:\\\/\\\/ivari.ca\\\/fr\\\/\"},{\"@type\":\"ListItem\",\"position\":2,\"name\":\"Produits\",\"item\":\"https:\\\/\\\/ivari.ca\\\/fr\\\/produits\\\/\"},{\"@type\":\"ListItem\",\"position\":3,\"name\":\"Assurance\",\"item\":\"https:\\\/\\\/ivari.ca\\\/fr\\\/produits\\\/assurance\\\/\"},{\"@type\":\"ListItem\",\"position\":4,\"name\":\"Assurance vie universelle prosp\u00e9rit\u00e9\"}]},{\"@type\":\"WebSite\",\"@id\":\"https:\\\/\\\/ivari.ca\\\/#website\",\"url\":\"https:\\\/\\\/ivari.ca\\\/\",\"name\":\"ivari\",\"description\":\"\",\"potentialAction\":[{\"@type\":\"SearchAction\",\"target\":{\"@type\":\"EntryPoint\",\"urlTemplate\":\"https:\\\/\\\/ivari.ca\\\/?s={search_term_string}\"},\"query-input\":{\"@type\":\"PropertyValueSpecification\",\"valueRequired\":true,\"valueName\":\"search_term_string\"}}],\"inLanguage\":\"fr-FR\"}]}<\/script>\n<!-- \/ Yoast SEO plugin. -->","yoast_head_json":{"title":"Assurance vie universelle prosp\u00e9rit\u00e9 - ivari","robots":{"index":"index","follow":"follow","max-snippet":"max-snippet:-1","max-image-preview":"max-image-preview:large","max-video-preview":"max-video-preview:-1"},"canonical":"https:\/\/ivari.ca\/fr\/produits\/assurance\/vie-universelle-prosperite\/","og_locale":"fr_FR","og_type":"article","og_title":"Assurance vie universelle prosp\u00e9rit\u00e9 - ivari","og_description":"Tranquillit\u00e9 d\u2019esprit d\u00e8s aujourd\u2019hui et protection pour demain Une fondation solide pour un bon d\u00e9part En optant pour une police d\u2019assurance vie...","og_url":"https:\/\/ivari.ca\/fr\/produits\/assurance\/vie-universelle-prosperite\/","og_site_name":"ivari","article_modified_time":"2024-10-22T13:34:05+00:00","twitter_card":"summary_large_image","twitter_misc":{"Dur\u00e9e de lecture estim\u00e9e":"2 minutes"},"schema":{"@context":"https:\/\/schema.org","@graph":[{"@type":"WebPage","@id":"https:\/\/ivari.ca\/fr\/produits\/assurance\/vie-universelle-prosperite\/","url":"https:\/\/ivari.ca\/fr\/produits\/assurance\/vie-universelle-prosperite\/","name":"Assurance vie universelle prosp\u00e9rit\u00e9 - ivari","isPartOf":{"@id":"https:\/\/ivari.ca\/#website"},"datePublished":"2024-10-16T13:30:33+00:00","dateModified":"2024-10-22T13:34:05+00:00","breadcrumb":{"@id":"https:\/\/ivari.ca\/fr\/produits\/assurance\/vie-universelle-prosperite\/#breadcrumb"},"inLanguage":"fr-FR","potentialAction":[{"@type":"ReadAction","target":["https:\/\/ivari.ca\/fr\/produits\/assurance\/vie-universelle-prosperite\/"]}]},{"@type":"BreadcrumbList","@id":"https:\/\/ivari.ca\/fr\/produits\/assurance\/vie-universelle-prosperite\/#breadcrumb","itemListElement":[{"@type":"ListItem","position":1,"name":"Home","item":"https:\/\/ivari.ca\/fr\/"},{"@type":"ListItem","position":2,"name":"Produits","item":"https:\/\/ivari.ca\/fr\/produits\/"},{"@type":"ListItem","position":3,"name":"Assurance","item":"https:\/\/ivari.ca\/fr\/produits\/assurance\/"},{"@type":"ListItem","position":4,"name":"Assurance vie universelle prosp\u00e9rit\u00e9"}]},{"@type":"WebSite","@id":"https:\/\/ivari.ca\/#website","url":"https:\/\/ivari.ca\/","name":"ivari","description":"","potentialAction":[{"@type":"SearchAction","target":{"@type":"EntryPoint","urlTemplate":"https:\/\/ivari.ca\/?s={search_term_string}"},"query-input":{"@type":"PropertyValueSpecification","valueRequired":true,"valueName":"search_term_string"}}],"inLanguage":"fr-FR"}]}},"_links":{"self":[{"href":"https:\/\/ivari.ca\/fr\/wp-json\/wp\/v2\/pages\/47461","targetHints":{"allow":["GET"]}}],"collection":[{"href":"https:\/\/ivari.ca\/fr\/wp-json\/wp\/v2\/pages"}],"about":[{"href":"https:\/\/ivari.ca\/fr\/wp-json\/wp\/v2\/types\/page"}],"author":[{"embeddable":true,"href":"https:\/\/ivari.ca\/fr\/wp-json\/wp\/v2\/users\/2"}],"replies":[{"embeddable":true,"href":"https:\/\/ivari.ca\/fr\/wp-json\/wp\/v2\/comments?post=47461"}],"version-history":[{"count":0,"href":"https:\/\/ivari.ca\/fr\/wp-json\/wp\/v2\/pages\/47461\/revisions"}],"up":[{"embeddable":true,"href":"https:\/\/ivari.ca\/fr\/wp-json\/wp\/v2\/pages\/41259"}],"wp:attachment":[{"href":"https:\/\/ivari.ca\/fr\/wp-json\/wp\/v2\/media?parent=47461"}],"wp:term":[{"taxonomy":"query_groups","embeddable":true,"href":"https:\/\/ivari.ca\/fr\/wp-json\/wp\/v2\/query_groups?post=47461"}],"curies":[{"name":"wp","href":"https:\/\/api.w.org\/{rel}","templated":true}]}}