



{"id":46388,"date":"2024-03-15T13:12:27","date_gmt":"2024-03-15T17:12:27","guid":{"rendered":"https:\/\/ivari.ca\/?page_id=46388"},"modified":"2024-04-10T13:39:35","modified_gmt":"2024-04-10T17:39:35","slug":"signalement-de-conduite-inappropriee","status":"publish","type":"page","link":"https:\/\/ivari.ca\/fr\/signalement-de-conduite-inappropriee\/","title":{"rendered":"Signalement de conduite inappropri\u00e9e"},"content":{"rendered":"<div class=\"wpb-content-wrapper\"><p>[vc_row css=\u00a0\u00bb.vc_custom_1710524760164{background-position: center !important;background-repeat: no-repeat !important;background-size: cover !important;}\u00a0\u00bb el_id=\u00a0\u00bbpost-banner\u00a0\u00bb][vc_column][vc_row_inner content_placement=\u00a0\u00bbbottom\u00a0\u00bb css=\u00a0\u00bb.vc_custom_1710522661316{background-image: url(https:\/\/ivari.ca\/files\/lighthouse-page-image.jpg?id=46386) !important;background-position: center !important;background-repeat: no-repeat !important;background-size: cover !important;}\u00a0\u00bb el_class=\u00a0\u00bbpost-banner\u00a0\u00bb][vc_column_inner el_class=\u00a0\u00bbimage-row-text-column\u00a0\u00bb width=\u00a0\u00bb2\/5&Prime;][vc_column_text]<\/p>\n<h1>\t\t\t<span id=\"typedjs71\" class=\"animated-typed-js-shortcode \"><\/span>\n\t\t\t<script>\n\t\t\tvar typedjs71 = new Typed('#typedjs71', {\n\t\t\t\tstrings: [\"Signalement de conduite inappropri\\u00e9e\"],\n\t\t\t\ttypeSpeed: 80,\n\t\t\t\tbackSpeed: 50,\n\t\t\t\tbackDelay: 500,\n\t\t\t\tstartDelay: 1000,\n\t\t\t\tloop: false,\n\t\t\t\tloopCount: 0,\n\t\t\t\tfadeOut: false,\n\t\t\t\tfadeOutDelay: 500,\n\t\t\t\tsmartBackspace: true,\n\t\t\t\tshuffle: false,\n\t\t\t\tshowCursor: true,\n\t\t\t\tcursorChar: \"|\"\n\t\t\t});\n\t\t\t<\/script>\n\n\t\t<\/h1>\n<p>[\/vc_column_text][\/vc_column_inner][vc_column_inner width=\u00a0\u00bb3\/5&Prime;][\/vc_column_inner][\/vc_row_inner][\/vc_column][\/vc_row][vc_row el_id=\u00a0\u00bbpage-subheader\u00a0\u00bb][vc_column][vc_column_text]Chez ivari, nous sommes conscients que des tiers ou des clients peuvent constater des conduites jug\u00e9es inappropri\u00e9es.[\/vc_column_text][\/vc_column][\/vc_row][vc_row el_class=\u00a0\u00bbivari-row\u00a0\u00bb][vc_column width=\u00a0\u00bb4\/5&Prime;][vc_column_text]Nous encourageons ces parties \u00e0 signaler toute conduite ill\u00e9gale, frauduleuse, contraire \u00e0 l\u2019\u00e9thique, abusive, dangereuse ou toute activit\u00e9 susceptible de nuire \u00e0 la r\u00e9putation d\u2019ivari apr\u00e8s en avoir pris connaissance.<\/p>\n<p>Pour faire un signalement, voici les coordonn\u00e9es des personnes-contacts\u00a0:<\/p>\n<ul>\n<li>Lighthouse, par t\u00e9l\u00e9phone, au 1-833-208-5383 ou par le biais du site <a href=\"https:\/\/www.lighthouse-services.com\/ivarica\" target=\"_blank\" rel=\"noopener\">https:\/\/www.lighthouse-services.com\/ivarica<\/a>; ou<\/li>\n<li>Pr\u00e9sident et Chef de direction \u00e0 l\u2019adresse\u00a0: ivari, 200-5000, rue Yonge, Toronto (Ontario) M2N 7E9<\/li>\n<\/ul>\n<p>[\/vc_column_text][\/vc_column][vc_column width=\u00a0\u00bb1\/5&Prime;][vc_single_image image=\u00a0\u00bb46384&Prime;][\/vc_column][\/vc_row]<\/p>\n<\/div>","protected":false},"excerpt":{"rendered":"<p> Chez ivari, nous sommes conscients que des tiers ou des clients peuvent constater des conduites jug\u00e9es inappropri\u00e9es.Nous encourageons ces parties \u00e0 signaler toute conduite&#8230;<\/p>\n","protected":false},"author":13,"featured_media":0,"parent":0,"menu_order":0,"comment_status":"closed","ping_status":"closed","template":"","meta":{"_acf_changed":false,"_searchwp_excluded":"","footnotes":""},"query_groups":[],"class_list":["post-46388","page","type-page","status-publish","hentry"],"acf":[],"yoast_head":"<!-- This site is optimized with the Yoast SEO plugin v27.2 - https:\/\/yoast.com\/product\/yoast-seo-wordpress\/ -->\n<title>Signalement de conduite inappropri\u00e9e - ivari<\/title>\n<meta name=\"robots\" content=\"index, follow, max-snippet:-1, max-image-preview:large, max-video-preview:-1\" \/>\n<link rel=\"canonical\" href=\"https:\/\/ivari.ca\/fr\/signalement-de-conduite-inappropriee\/\" \/>\n<meta property=\"og:locale\" content=\"fr_FR\" \/>\n<meta property=\"og:type\" content=\"article\" \/>\n<meta property=\"og:title\" content=\"Signalement de conduite inappropri\u00e9e - ivari\" \/>\n<meta property=\"og:description\" content=\"Chez ivari, nous sommes conscients que des tiers ou des clients peuvent constater des conduites jug\u00e9es inappropri\u00e9es.Nous encourageons ces parties \u00e0 signaler toute conduite...\" \/>\n<meta property=\"og:url\" content=\"https:\/\/ivari.ca\/fr\/signalement-de-conduite-inappropriee\/\" \/>\n<meta property=\"og:site_name\" content=\"ivari\" \/>\n<meta property=\"article:modified_time\" content=\"2024-04-10T17:39:35+00:00\" \/>\n<meta name=\"twitter:card\" content=\"summary_large_image\" \/>\n<meta name=\"twitter:label1\" content=\"Dur\u00e9e de lecture estim\u00e9e\" \/>\n\t<meta name=\"twitter:data1\" content=\"1 minute\" \/>\n<script type=\"application\/ld+json\" class=\"yoast-schema-graph\">{\"@context\":\"https:\/\/schema.org\",\"@graph\":[{\"@type\":\"WebPage\",\"@id\":\"https:\/\/ivari.ca\/fr\/signalement-de-conduite-inappropriee\/\",\"url\":\"https:\/\/ivari.ca\/fr\/signalement-de-conduite-inappropriee\/\",\"name\":\"Signalement de conduite inappropri\u00e9e - ivari\",\"isPartOf\":{\"@id\":\"https:\/\/ivari.ca\/#website\"},\"datePublished\":\"2024-03-15T17:12:27+00:00\",\"dateModified\":\"2024-04-10T17:39:35+00:00\",\"breadcrumb\":{\"@id\":\"https:\/\/ivari.ca\/fr\/signalement-de-conduite-inappropriee\/#breadcrumb\"},\"inLanguage\":\"fr-FR\",\"potentialAction\":[{\"@type\":\"ReadAction\",\"target\":[\"https:\/\/ivari.ca\/fr\/signalement-de-conduite-inappropriee\/\"]}]},{\"@type\":\"BreadcrumbList\",\"@id\":\"https:\/\/ivari.ca\/fr\/signalement-de-conduite-inappropriee\/#breadcrumb\",\"itemListElement\":[{\"@type\":\"ListItem\",\"position\":1,\"name\":\"Home\",\"item\":\"https:\/\/ivari.ca\/fr\/\"},{\"@type\":\"ListItem\",\"position\":2,\"name\":\"Signalement de conduite inappropri\u00e9e\"}]},{\"@type\":\"WebSite\",\"@id\":\"https:\/\/ivari.ca\/#website\",\"url\":\"https:\/\/ivari.ca\/\",\"name\":\"ivari\",\"description\":\"\",\"potentialAction\":[{\"@type\":\"SearchAction\",\"target\":{\"@type\":\"EntryPoint\",\"urlTemplate\":\"https:\/\/ivari.ca\/?s={search_term_string}\"},\"query-input\":{\"@type\":\"PropertyValueSpecification\",\"valueRequired\":true,\"valueName\":\"search_term_string\"}}],\"inLanguage\":\"fr-FR\"}]}<\/script>\n<!-- \/ Yoast SEO plugin. -->","yoast_head_json":{"title":"Signalement de conduite inappropri\u00e9e - ivari","robots":{"index":"index","follow":"follow","max-snippet":"max-snippet:-1","max-image-preview":"max-image-preview:large","max-video-preview":"max-video-preview:-1"},"canonical":"https:\/\/ivari.ca\/fr\/signalement-de-conduite-inappropriee\/","og_locale":"fr_FR","og_type":"article","og_title":"Signalement de conduite inappropri\u00e9e - ivari","og_description":"Chez ivari, nous sommes conscients que des tiers ou des clients peuvent constater des conduites jug\u00e9es inappropri\u00e9es.Nous encourageons ces parties \u00e0 signaler toute conduite...","og_url":"https:\/\/ivari.ca\/fr\/signalement-de-conduite-inappropriee\/","og_site_name":"ivari","article_modified_time":"2024-04-10T17:39:35+00:00","twitter_card":"summary_large_image","twitter_misc":{"Dur\u00e9e de lecture estim\u00e9e":"1 minute"},"schema":{"@context":"https:\/\/schema.org","@graph":[{"@type":"WebPage","@id":"https:\/\/ivari.ca\/fr\/signalement-de-conduite-inappropriee\/","url":"https:\/\/ivari.ca\/fr\/signalement-de-conduite-inappropriee\/","name":"Signalement de conduite inappropri\u00e9e - ivari","isPartOf":{"@id":"https:\/\/ivari.ca\/#website"},"datePublished":"2024-03-15T17:12:27+00:00","dateModified":"2024-04-10T17:39:35+00:00","breadcrumb":{"@id":"https:\/\/ivari.ca\/fr\/signalement-de-conduite-inappropriee\/#breadcrumb"},"inLanguage":"fr-FR","potentialAction":[{"@type":"ReadAction","target":["https:\/\/ivari.ca\/fr\/signalement-de-conduite-inappropriee\/"]}]},{"@type":"BreadcrumbList","@id":"https:\/\/ivari.ca\/fr\/signalement-de-conduite-inappropriee\/#breadcrumb","itemListElement":[{"@type":"ListItem","position":1,"name":"Home","item":"https:\/\/ivari.ca\/fr\/"},{"@type":"ListItem","position":2,"name":"Signalement de conduite inappropri\u00e9e"}]},{"@type":"WebSite","@id":"https:\/\/ivari.ca\/#website","url":"https:\/\/ivari.ca\/","name":"ivari","description":"","potentialAction":[{"@type":"SearchAction","target":{"@type":"EntryPoint","urlTemplate":"https:\/\/ivari.ca\/?s={search_term_string}"},"query-input":{"@type":"PropertyValueSpecification","valueRequired":true,"valueName":"search_term_string"}}],"inLanguage":"fr-FR"}]}},"_links":{"self":[{"href":"https:\/\/ivari.ca\/fr\/wp-json\/wp\/v2\/pages\/46388","targetHints":{"allow":["GET"]}}],"collection":[{"href":"https:\/\/ivari.ca\/fr\/wp-json\/wp\/v2\/pages"}],"about":[{"href":"https:\/\/ivari.ca\/fr\/wp-json\/wp\/v2\/types\/page"}],"author":[{"embeddable":true,"href":"https:\/\/ivari.ca\/fr\/wp-json\/wp\/v2\/users\/13"}],"replies":[{"embeddable":true,"href":"https:\/\/ivari.ca\/fr\/wp-json\/wp\/v2\/comments?post=46388"}],"version-history":[{"count":0,"href":"https:\/\/ivari.ca\/fr\/wp-json\/wp\/v2\/pages\/46388\/revisions"}],"wp:attachment":[{"href":"https:\/\/ivari.ca\/fr\/wp-json\/wp\/v2\/media?parent=46388"}],"wp:term":[{"taxonomy":"query_groups","embeddable":true,"href":"https:\/\/ivari.ca\/fr\/wp-json\/wp\/v2\/query_groups?post=46388"}],"curies":[{"name":"wp","href":"https:\/\/api.w.org\/{rel}","templated":true}]}}