



{"id":45411,"date":"2023-10-16T13:20:39","date_gmt":"2023-10-16T17:20:39","guid":{"rendered":"https:\/\/ivari.ca\/?page_id=45411"},"modified":"2023-10-18T14:03:09","modified_gmt":"2023-10-18T18:03:09","slug":"mobile-information-sur-la-compagnie","status":"publish","type":"page","link":"https:\/\/ivari.ca\/fr\/a-propos-divari\/notre-compagnie\/mobile-information-sur-la-compagnie\/","title":{"rendered":"mobile-information-sur-la-compagnie"},"content":{"rendered":"<div class=\"wpb-content-wrapper\"><p>[vc_row el_id=\u00a0\u00bbpage-subheader\u00a0\u00bb][vc_column][vc_column_text]Forte d\u2019un r\u00e9seau national de milliers de conseillers ind\u00e9pendants, ivari propose aux Canadiens une gamme compl\u00e8te de produits d\u2019assurance bien adapt\u00e9s \u00e0 leurs besoins.[\/vc_column_text][\/vc_column][\/vc_row][vc_row el_class=\u00a0\u00bbblue-brush-bg\u00a0\u00bb][vc_column][vc_row_inner el_class=\u00a0\u00bbblue-brush-bg-inner-row\u00a0\u00bb][vc_column_inner][vc_column_text]<\/p>\n<h2 class=\"text-center white\">Rapport annuel &amp; TSAV<\/h2>\n<p>[\/vc_column_text][\/vc_column_inner][\/vc_row_inner][vc_row_inner][vc_column_inner width=\u00a0\u00bb1\/4&Prime;][\/vc_column_inner][vc_column_inner el_class=\u00a0\u00bbtext-center\u00a0\u00bb width=\u00a0\u00bb1\/2&Prime;][vc_btn title=\u00a0\u00bbT\u00e9l\u00e9charger rapport annuel\u00a0\u00bb color=\u00a0\u00bbwhite\u00a0\u00bb link=\u00a0\u00bburl:%2Ffiles%2FCS124FR.pdf|target:_blank\u00a0\u00bb css=\u00a0\u00bb.vc_custom_1665074436812{margin-right: 15px !important;}\u00a0\u00bb][vc_btn title=\u00a0\u00bbT\u00e9l\u00e9charger avis sur le TSAV\u00a0\u00bb color=\u00a0\u00bbwhite\u00a0\u00bb link=\u00a0\u00bburl:%2Ffiles%2FLICATFR.pdf|target:_blank\u00a0\u00bb][\/vc_column_inner][vc_column_inner width=\u00a0\u00bb1\/4&Prime;][\/vc_column_inner][\/vc_row_inner][\/vc_column][\/vc_row][vc_row][vc_column][vc_row_inner el_class=\u00a0\u00bbarticle-section .margin-top-30&Prime;][vc_column_inner width=\u00a0\u00bb1\/4&Prime;][vc_column_text]<\/p>\n<h2>Renseignements sur la compagnie<\/h2>\n<p>[\/vc_column_text][\/vc_column_inner][vc_column_inner width=\u00a0\u00bb3\/4&Prime;][vc_column_text]Le savoir-faire, les produits et les services qui sont au c\u0153ur de notre r\u00e9ussite ne cessent de faire leurs preuves depuis plus de 90 ans. De par son engagement total en faveur de l\u2019ouverture et de la transparence dans tout ce qu\u2019elle entreprend, ivari cherche \u00e0 promouvoir une toute nouvelle fa\u00e7on de parler assurance. Elle en fait la promesse.[\/vc_column_text][\/vc_column_inner][\/vc_row_inner][vc_row_inner el_class=\u00a0\u00bbarticle-section\u00a0\u00bb][vc_column_inner width=\u00a0\u00bb1\/4&Prime;][vc_column_text]<\/p>\n<h2>Aper\u00e7u historique<\/h2>\n<p>[\/vc_column_text][\/vc_column_inner][vc_column_inner width=\u00a0\u00bb3\/4&Prime;][vc_column_text]Depuis plus de 90 ans, ivari propose aux Canadiens non seulement des solutions d\u2019assurance fiables et abordables, mais \u00e9galement toute l\u2019information qu\u2019il leur faut pour prendre les bonnes d\u00e9cisions quand il s\u2019agit de prot\u00e9ger leurs familles.<\/p>\n<p>Nous sommes ravis de faire partie du groupe de soci\u00e9t\u00e9s Sagicor depuis 2023. Sagicor Financial Company Ltd. est un prestataire de premier plan de services financiers dans les Cara\u00efbes, avec plus de 180 ans d\u2019histoire et une pr\u00e9sence marqu\u00e9e en tant que fournisseur de produits d\u2019assurance vie aux \u00c9tats-Unis et, d\u00e9sormais, au Canada.<\/p>\n<p>Sagicor offre une large gamme de produits et de services, y compris l\u2019assurance vie et maladie, les rentes, l\u2019investissement et l\u2019administration des fonds de retraite, l\u2019assurance dommages, ainsi qu\u2019une s\u00e9rie de produits et de services financiers auxiliaires non li\u00e9s \u00e0 l\u2019assurance, notamment les services bancaires et la gestion des placements.<\/p>\n<p>Pour en savoir plus sur Sagicor, son histoire, sa gamme de produits et sa solidit\u00e9 financi\u00e8re, rendez-vous sur le site <a href=\"http:\/\/www.sagicor.com\" target=\"_blank\" rel=\"noopener\">www.sagicor.com<\/a>[\/vc_column_text][\/vc_column_inner][\/vc_row_inner][vc_row_inner el_class=\u00a0\u00bbarticle-section noBorderBottom noMarginBottom noPaddingBottom\u00a0\u00bb][vc_column_inner width=\u00a0\u00bb1\/4&Prime;][vc_column_text]<\/p>\n<h2>Dons de charit\u00e9<\/h2>\n<p>[\/vc_column_text][\/vc_column_inner][vc_column_inner width=\u00a0\u00bb3\/4&Prime;][vc_column_text]<\/p>\n<p class=\"lead\">Chez ivari, nous nous impliquons dans la communaut\u00e9 pour y apporter des changements constructifs. Cette implication prend plusieurs formes.<\/p>\n<h3>Centraide \u2013 United Way Canada<\/h3>\n<p>Notre partenariat de longue date avec\u00a0<a href=\"https:\/\/www.centraide.ca\/\" target=\"_blank\" rel=\"noopener noreferrer\">Centraide United Way Canada<\/a>\u00a0nous permet d\u2019appuyer les organismes qui tentent de faire bouger les choses dans les communaut\u00e9s o\u00f9 nous vivons et gagnons notre vie.\u00a0<em>ivari<\/em>\u00a0verse un montant \u00e9quivalant aux fonds amass\u00e9s par les employ\u00e9s pendant la campagne annuelle de financement. C\u2019est une fa\u00e7on de doubler notre impact. Nous collectons aussi des fonds suppl\u00e9mentaires pour les sections r\u00e9gionales de Centraide par le biais d\u2019\u00e9v\u00e9nements organis\u00e9s tout au long de l\u2019ann\u00e9e.[\/vc_column_text][\/vc_column_inner][\/vc_row_inner][vc_row_inner el_class=\u00a0\u00bbarticle-section\u00a0\u00bb][vc_column_inner width=\u00a0\u00bb1\/4&Prime;][\/vc_column_inner][vc_column_inner width=\u00a0\u00bb1\/2&Prime;][vc_column_text]<\/p>\n<h3>Programme\u00a0Cap vers la sant\u00e9\u00a0d\u2019ivari<\/h3>\n<p>En tant qu\u2019assureur vie, nous comprenons tr\u00e8s bien \u00e0 quel point chacun appr\u00e9cie la possibilit\u00e9 de vivre longtemps et en sant\u00e9. Les experts nous annoncent de bonnes nouvelles : il suffit d\u2019adopter de saines habitudes de vie comme bien manger et faire suffisamment d\u2019exercice \u2012 des habitudes acquises \u00e0 un jeune \u00e2ge!<\/p>\n<p>Voil\u00e0 pourquoi\u00a0ivari\u00a0s\u2019est engag\u00e9e \u00e0 appuyer des programmes qui peuvent fournir aux enfants et aux adolescents les connaissances indispensables afin de les pr\u00e9parer \u00e0 mener une vie saine.<\/p>\n<p>Le programme <em>Cap vers la sant\u00e9<\/em> d\u2019ivari compte soutenir des organismes ayant pour mission d\u2019outiller les jeunes de mani\u00e8re \u00e0 ce qu\u2019ils acqui\u00e8rent de saines habitudes de vie, notamment dans des domaines associ\u00e9s \u00e0 la vie active, \u00e0 l\u2019alimentation saine et \u00e0 la sant\u00e9.[\/vc_column_text][\/vc_column_inner][vc_column_inner width=\u00a0\u00bb1\/4&Prime;][vc_single_image image=\u00a0\u00bb42566&Prime;][vc_btn title=\u00a0\u00bbConsulter le processus de demande et les crit\u00e8res de financement d\u2019ivari.\u00a0\u00bb color=\u00a0\u00bbblue\u00a0\u00bb link=\u00a0\u00bburl:%2Ffr%2Fa-propos-divari%2Fnotre-compagnie%2Finformation-sur-la-compagnie%2Fprogramme-cap-vers-la-sante%2F\u00a0\u00bb][\/vc_column_inner][\/vc_row_inner][vc_row_inner el_class=\u00a0\u00bbarticle-section noBorderBottom\u00a0\u00bb][vc_column_inner width=\u00a0\u00bb1\/4&Prime;][vc_column_text]<\/p>\n<h2>Philanthropie et b\u00e9n\u00e9volat des employ\u00e9s<\/h2>\n<p>[\/vc_column_text][\/vc_column_inner][vc_column_inner width=\u00a0\u00bb3\/4&Prime;][vc_column_text]<\/p>\n<p class=\"lead\">ivari encourage ses employ\u00e9s \u00e0 donner temps et argent pour des causes qui leur tiennent \u00e0 c\u0153ur.<\/p>\n<p>Elle verse une part \u00e9gale aux dons des employ\u00e9s \u00e0 des organismes de bienfaisance enregistr\u00e9s et permet aux employ\u00e9s de prendre un cong\u00e9 pay\u00e9 pour faire du b\u00e9n\u00e9volat.[\/vc_column_text][\/vc_column_inner][\/vc_row_inner][\/vc_column][\/vc_row][vc_row el_class=\u00a0\u00bbblue-brush-bg\u00a0\u00bb][vc_column][vc_row_inner el_class=\u00a0\u00bbblue-brush-bg-inner-row\u00a0\u00bb][vc_column_inner][vc_column_text]<\/p>\n<h2 class=\"text-center white\">D\u00e9claration annuelle<\/h2>\n<p class=\"text-center white lead\">\u00ab La d\u00e9claration annuelle illustre les actions que nous menons au quotidien pour \u00eatre une entreprise responsable et citoyenne. Nous vous remercions d\u2019avoir pris le temps pour mieux nous conna\u00eetre. \u00bb \u2013 Todd Lawrence<\/p>\n<p>[\/vc_column_text][vc_btn title=\u00a0\u00bbT\u00e9l\u00e9charger d\u00e9claration annuelle\u00a0\u00bb color=\u00a0\u00bbwhite\u00a0\u00bb align=\u00a0\u00bbcenter\u00a0\u00bb link=\u00a0\u00bburl:%2Ffiles%2FCO980FR.pdf|target:_blank\u00a0\u00bb][\/vc_column_inner][\/vc_row_inner][\/vc_column][\/vc_row][vc_row][vc_column][vc_column_text][\/vc_column_text][\/vc_column][\/vc_row]<\/p>\n<\/div>","protected":false},"excerpt":{"rendered":"<p>Forte d\u2019un r\u00e9seau national de milliers de conseillers ind\u00e9pendants, ivari propose aux Canadiens une gamme compl\u00e8te de produits d\u2019assurance bien adapt\u00e9s \u00e0 leurs besoins. Rapport annuel &amp; TSAV [vc_column_inner&#8230;<\/p>\n","protected":false},"author":9,"featured_media":0,"parent":38918,"menu_order":0,"comment_status":"closed","ping_status":"closed","template":"template-blank.php","meta":{"_acf_changed":false,"_searchwp_excluded":"1","footnotes":""},"query_groups":[],"class_list":["post-45411","page","type-page","status-publish","hentry"],"acf":[],"yoast_head":"<!-- This site is optimized with the Yoast SEO plugin v27.3 - https:\/\/yoast.com\/product\/yoast-seo-wordpress\/ -->\n<title>mobile-information-sur-la-compagnie - ivari<\/title>\n<meta name=\"robots\" content=\"index, follow, max-snippet:-1, max-image-preview:large, max-video-preview:-1\" \/>\n<link rel=\"canonical\" href=\"https:\/\/ivari.ca\/fr\/a-propos-divari\/notre-compagnie\/mobile-information-sur-la-compagnie\/\" \/>\n<meta property=\"og:locale\" content=\"fr_FR\" \/>\n<meta property=\"og:type\" content=\"article\" \/>\n<meta property=\"og:title\" content=\"mobile-information-sur-la-compagnie - ivari\" \/>\n<meta property=\"og:description\" content=\"Forte d\u2019un r\u00e9seau national de milliers de conseillers ind\u00e9pendants, ivari propose aux Canadiens une gamme compl\u00e8te de produits d\u2019assurance bien adapt\u00e9s \u00e0 leurs besoins. Rapport annuel &amp; TSAV [vc_column_inner...\" \/>\n<meta property=\"og:url\" content=\"https:\/\/ivari.ca\/fr\/a-propos-divari\/notre-compagnie\/mobile-information-sur-la-compagnie\/\" \/>\n<meta property=\"og:site_name\" content=\"ivari\" \/>\n<meta property=\"article:modified_time\" content=\"2023-10-18T18:03:09+00:00\" \/>\n<meta name=\"twitter:card\" content=\"summary_large_image\" \/>\n<meta name=\"twitter:label1\" content=\"Dur\u00e9e de lecture estim\u00e9e\" \/>\n\t<meta name=\"twitter:data1\" content=\"3 minutes\" \/>\n<script type=\"application\/ld+json\" class=\"yoast-schema-graph\">{\"@context\":\"https:\\\/\\\/schema.org\",\"@graph\":[{\"@type\":\"WebPage\",\"@id\":\"https:\\\/\\\/ivari.ca\\\/fr\\\/a-propos-divari\\\/notre-compagnie\\\/mobile-information-sur-la-compagnie\\\/\",\"url\":\"https:\\\/\\\/ivari.ca\\\/fr\\\/a-propos-divari\\\/notre-compagnie\\\/mobile-information-sur-la-compagnie\\\/\",\"name\":\"mobile-information-sur-la-compagnie - ivari\",\"isPartOf\":{\"@id\":\"https:\\\/\\\/ivari.ca\\\/#website\"},\"datePublished\":\"2023-10-16T17:20:39+00:00\",\"dateModified\":\"2023-10-18T18:03:09+00:00\",\"breadcrumb\":{\"@id\":\"https:\\\/\\\/ivari.ca\\\/fr\\\/a-propos-divari\\\/notre-compagnie\\\/mobile-information-sur-la-compagnie\\\/#breadcrumb\"},\"inLanguage\":\"fr-FR\",\"potentialAction\":[{\"@type\":\"ReadAction\",\"target\":[\"https:\\\/\\\/ivari.ca\\\/fr\\\/a-propos-divari\\\/notre-compagnie\\\/mobile-information-sur-la-compagnie\\\/\"]}]},{\"@type\":\"BreadcrumbList\",\"@id\":\"https:\\\/\\\/ivari.ca\\\/fr\\\/a-propos-divari\\\/notre-compagnie\\\/mobile-information-sur-la-compagnie\\\/#breadcrumb\",\"itemListElement\":[{\"@type\":\"ListItem\",\"position\":1,\"name\":\"Home\",\"item\":\"https:\\\/\\\/ivari.ca\\\/fr\\\/\"},{\"@type\":\"ListItem\",\"position\":2,\"name\":\"\u00c0 propos d&#8217;ivari\",\"item\":\"https:\\\/\\\/ivari.ca\\\/fr\\\/a-propos-divari\\\/\"},{\"@type\":\"ListItem\",\"position\":3,\"name\":\"Notre compagnie\",\"item\":\"https:\\\/\\\/ivari.ca\\\/fr\\\/a-propos-divari\\\/notre-compagnie\\\/\"},{\"@type\":\"ListItem\",\"position\":4,\"name\":\"mobile-information-sur-la-compagnie\"}]},{\"@type\":\"WebSite\",\"@id\":\"https:\\\/\\\/ivari.ca\\\/#website\",\"url\":\"https:\\\/\\\/ivari.ca\\\/\",\"name\":\"ivari\",\"description\":\"\",\"potentialAction\":[{\"@type\":\"SearchAction\",\"target\":{\"@type\":\"EntryPoint\",\"urlTemplate\":\"https:\\\/\\\/ivari.ca\\\/?s={search_term_string}\"},\"query-input\":{\"@type\":\"PropertyValueSpecification\",\"valueRequired\":true,\"valueName\":\"search_term_string\"}}],\"inLanguage\":\"fr-FR\"}]}<\/script>\n<!-- \/ Yoast SEO plugin. -->","yoast_head_json":{"title":"mobile-information-sur-la-compagnie - ivari","robots":{"index":"index","follow":"follow","max-snippet":"max-snippet:-1","max-image-preview":"max-image-preview:large","max-video-preview":"max-video-preview:-1"},"canonical":"https:\/\/ivari.ca\/fr\/a-propos-divari\/notre-compagnie\/mobile-information-sur-la-compagnie\/","og_locale":"fr_FR","og_type":"article","og_title":"mobile-information-sur-la-compagnie - ivari","og_description":"Forte d\u2019un r\u00e9seau national de milliers de conseillers ind\u00e9pendants, ivari propose aux Canadiens une gamme compl\u00e8te de produits d\u2019assurance bien adapt\u00e9s \u00e0 leurs besoins. Rapport annuel &amp; TSAV [vc_column_inner...","og_url":"https:\/\/ivari.ca\/fr\/a-propos-divari\/notre-compagnie\/mobile-information-sur-la-compagnie\/","og_site_name":"ivari","article_modified_time":"2023-10-18T18:03:09+00:00","twitter_card":"summary_large_image","twitter_misc":{"Dur\u00e9e de lecture estim\u00e9e":"3 minutes"},"schema":{"@context":"https:\/\/schema.org","@graph":[{"@type":"WebPage","@id":"https:\/\/ivari.ca\/fr\/a-propos-divari\/notre-compagnie\/mobile-information-sur-la-compagnie\/","url":"https:\/\/ivari.ca\/fr\/a-propos-divari\/notre-compagnie\/mobile-information-sur-la-compagnie\/","name":"mobile-information-sur-la-compagnie - ivari","isPartOf":{"@id":"https:\/\/ivari.ca\/#website"},"datePublished":"2023-10-16T17:20:39+00:00","dateModified":"2023-10-18T18:03:09+00:00","breadcrumb":{"@id":"https:\/\/ivari.ca\/fr\/a-propos-divari\/notre-compagnie\/mobile-information-sur-la-compagnie\/#breadcrumb"},"inLanguage":"fr-FR","potentialAction":[{"@type":"ReadAction","target":["https:\/\/ivari.ca\/fr\/a-propos-divari\/notre-compagnie\/mobile-information-sur-la-compagnie\/"]}]},{"@type":"BreadcrumbList","@id":"https:\/\/ivari.ca\/fr\/a-propos-divari\/notre-compagnie\/mobile-information-sur-la-compagnie\/#breadcrumb","itemListElement":[{"@type":"ListItem","position":1,"name":"Home","item":"https:\/\/ivari.ca\/fr\/"},{"@type":"ListItem","position":2,"name":"\u00c0 propos d&#8217;ivari","item":"https:\/\/ivari.ca\/fr\/a-propos-divari\/"},{"@type":"ListItem","position":3,"name":"Notre compagnie","item":"https:\/\/ivari.ca\/fr\/a-propos-divari\/notre-compagnie\/"},{"@type":"ListItem","position":4,"name":"mobile-information-sur-la-compagnie"}]},{"@type":"WebSite","@id":"https:\/\/ivari.ca\/#website","url":"https:\/\/ivari.ca\/","name":"ivari","description":"","potentialAction":[{"@type":"SearchAction","target":{"@type":"EntryPoint","urlTemplate":"https:\/\/ivari.ca\/?s={search_term_string}"},"query-input":{"@type":"PropertyValueSpecification","valueRequired":true,"valueName":"search_term_string"}}],"inLanguage":"fr-FR"}]}},"_links":{"self":[{"href":"https:\/\/ivari.ca\/fr\/wp-json\/wp\/v2\/pages\/45411","targetHints":{"allow":["GET"]}}],"collection":[{"href":"https:\/\/ivari.ca\/fr\/wp-json\/wp\/v2\/pages"}],"about":[{"href":"https:\/\/ivari.ca\/fr\/wp-json\/wp\/v2\/types\/page"}],"author":[{"embeddable":true,"href":"https:\/\/ivari.ca\/fr\/wp-json\/wp\/v2\/users\/9"}],"replies":[{"embeddable":true,"href":"https:\/\/ivari.ca\/fr\/wp-json\/wp\/v2\/comments?post=45411"}],"version-history":[{"count":0,"href":"https:\/\/ivari.ca\/fr\/wp-json\/wp\/v2\/pages\/45411\/revisions"}],"up":[{"embeddable":true,"href":"https:\/\/ivari.ca\/fr\/wp-json\/wp\/v2\/pages\/38918"}],"wp:attachment":[{"href":"https:\/\/ivari.ca\/fr\/wp-json\/wp\/v2\/media?parent=45411"}],"wp:term":[{"taxonomy":"query_groups","embeddable":true,"href":"https:\/\/ivari.ca\/fr\/wp-json\/wp\/v2\/query_groups?post=45411"}],"curies":[{"name":"wp","href":"https:\/\/api.w.org\/{rel}","templated":true}]}}