



{"id":45406,"date":"2023-06-29T11:39:57","date_gmt":"2023-06-29T15:39:57","guid":{"rendered":"https:\/\/ivari.ca\/?page_id=45406"},"modified":"2023-12-06T13:52:23","modified_gmt":"2023-12-06T18:52:23","slug":"mobile-ivari-presents-fr","status":"publish","type":"page","link":"https:\/\/ivari.ca\/fr\/mobile-ivari-presents-fr\/","title":{"rendered":"Prochains webinaires"},"content":{"rendered":"<div class=\"wpb-content-wrapper\"><p>[vc_row][vc_column][vc_column_text css=\u00a0\u00bb.vc_custom_1701888594893{margin-top: 0px !important;border-top-width: 0px !important;padding-top: 0px !important;}\u00a0\u00bb]Notre priorit\u00e9 consiste \u00e0 vous offrir un contenu pertinent et opportun. Voil\u00e0 pourquoi nous invitons \u00e0 consulter cette page de mani\u00e8re r\u00e9guli\u00e8re pour prendre connaissance des mises \u00e0 jour visant les sujets et les dates.[\/vc_column_text][vc_raw_html]JTVCd2NzLXNjaGVkdWxlJTIwaWQlM0QyJTVE[\/vc_raw_html][\/vc_column][\/vc_row]<\/p>\n<\/div>","protected":false},"excerpt":{"rendered":"<p>Notre priorit\u00e9 consiste \u00e0 vous offrir un contenu pertinent et opportun. Voil\u00e0 pourquoi nous invitons \u00e0 consulter cette page de mani\u00e8re r\u00e9guli\u00e8re pour prendre connaissance des mises \u00e0 jour visant les sujets et les dates.JTVCd2NzLXNjaGVkdWxlJTIwaWQlM0QyJTVE<\/p>\n","protected":false},"author":9,"featured_media":0,"parent":0,"menu_order":0,"comment_status":"closed","ping_status":"closed","template":"template-blank.php","meta":{"_acf_changed":false,"_searchwp_excluded":"","footnotes":""},"query_groups":[],"class_list":["post-45406","page","type-page","status-publish","hentry"],"acf":[],"yoast_head":"<!-- This site is optimized with the Yoast SEO plugin v27.3 - https:\/\/yoast.com\/product\/yoast-seo-wordpress\/ -->\n<title>Prochains webinaires - ivari<\/title>\n<meta name=\"robots\" content=\"index, follow, max-snippet:-1, max-image-preview:large, max-video-preview:-1\" \/>\n<link rel=\"canonical\" href=\"https:\/\/ivari.ca\/fr\/mobile-ivari-presents-fr\/\" \/>\n<meta property=\"og:locale\" content=\"fr_FR\" \/>\n<meta property=\"og:type\" content=\"article\" \/>\n<meta property=\"og:title\" content=\"Prochains webinaires - ivari\" \/>\n<meta property=\"og:description\" content=\"Notre priorit\u00e9 consiste \u00e0 vous offrir un contenu pertinent et opportun. Voil\u00e0 pourquoi nous invitons \u00e0 consulter cette page de mani\u00e8re r\u00e9guli\u00e8re pour prendre connaissance des mises \u00e0 jour visant les sujets et les dates.JTVCd2NzLXNjaGVkdWxlJTIwaWQlM0QyJTVE\" \/>\n<meta property=\"og:url\" content=\"https:\/\/ivari.ca\/fr\/mobile-ivari-presents-fr\/\" \/>\n<meta property=\"og:site_name\" content=\"ivari\" \/>\n<meta property=\"article:modified_time\" content=\"2023-12-06T18:52:23+00:00\" \/>\n<meta name=\"twitter:card\" content=\"summary_large_image\" \/>\n<meta name=\"twitter:label1\" content=\"Dur\u00e9e de lecture estim\u00e9e\" \/>\n\t<meta name=\"twitter:data1\" content=\"1 minute\" \/>\n<script type=\"application\/ld+json\" class=\"yoast-schema-graph\">{\"@context\":\"https:\\\/\\\/schema.org\",\"@graph\":[{\"@type\":\"WebPage\",\"@id\":\"https:\\\/\\\/ivari.ca\\\/fr\\\/mobile-ivari-presents-fr\\\/\",\"url\":\"https:\\\/\\\/ivari.ca\\\/fr\\\/mobile-ivari-presents-fr\\\/\",\"name\":\"Prochains webinaires - ivari\",\"isPartOf\":{\"@id\":\"https:\\\/\\\/ivari.ca\\\/#website\"},\"datePublished\":\"2023-06-29T15:39:57+00:00\",\"dateModified\":\"2023-12-06T18:52:23+00:00\",\"breadcrumb\":{\"@id\":\"https:\\\/\\\/ivari.ca\\\/fr\\\/mobile-ivari-presents-fr\\\/#breadcrumb\"},\"inLanguage\":\"fr-FR\",\"potentialAction\":[{\"@type\":\"ReadAction\",\"target\":[\"https:\\\/\\\/ivari.ca\\\/fr\\\/mobile-ivari-presents-fr\\\/\"]}]},{\"@type\":\"BreadcrumbList\",\"@id\":\"https:\\\/\\\/ivari.ca\\\/fr\\\/mobile-ivari-presents-fr\\\/#breadcrumb\",\"itemListElement\":[{\"@type\":\"ListItem\",\"position\":1,\"name\":\"Home\",\"item\":\"https:\\\/\\\/ivari.ca\\\/fr\\\/\"},{\"@type\":\"ListItem\",\"position\":2,\"name\":\"Prochains webinaires\"}]},{\"@type\":\"WebSite\",\"@id\":\"https:\\\/\\\/ivari.ca\\\/#website\",\"url\":\"https:\\\/\\\/ivari.ca\\\/\",\"name\":\"ivari\",\"description\":\"\",\"potentialAction\":[{\"@type\":\"SearchAction\",\"target\":{\"@type\":\"EntryPoint\",\"urlTemplate\":\"https:\\\/\\\/ivari.ca\\\/?s={search_term_string}\"},\"query-input\":{\"@type\":\"PropertyValueSpecification\",\"valueRequired\":true,\"valueName\":\"search_term_string\"}}],\"inLanguage\":\"fr-FR\"}]}<\/script>\n<!-- \/ Yoast SEO plugin. -->","yoast_head_json":{"title":"Prochains webinaires - ivari","robots":{"index":"index","follow":"follow","max-snippet":"max-snippet:-1","max-image-preview":"max-image-preview:large","max-video-preview":"max-video-preview:-1"},"canonical":"https:\/\/ivari.ca\/fr\/mobile-ivari-presents-fr\/","og_locale":"fr_FR","og_type":"article","og_title":"Prochains webinaires - ivari","og_description":"Notre priorit\u00e9 consiste \u00e0 vous offrir un contenu pertinent et opportun. Voil\u00e0 pourquoi nous invitons \u00e0 consulter cette page de mani\u00e8re r\u00e9guli\u00e8re pour prendre connaissance des mises \u00e0 jour visant les sujets et les dates.JTVCd2NzLXNjaGVkdWxlJTIwaWQlM0QyJTVE","og_url":"https:\/\/ivari.ca\/fr\/mobile-ivari-presents-fr\/","og_site_name":"ivari","article_modified_time":"2023-12-06T18:52:23+00:00","twitter_card":"summary_large_image","twitter_misc":{"Dur\u00e9e de lecture estim\u00e9e":"1 minute"},"schema":{"@context":"https:\/\/schema.org","@graph":[{"@type":"WebPage","@id":"https:\/\/ivari.ca\/fr\/mobile-ivari-presents-fr\/","url":"https:\/\/ivari.ca\/fr\/mobile-ivari-presents-fr\/","name":"Prochains webinaires - ivari","isPartOf":{"@id":"https:\/\/ivari.ca\/#website"},"datePublished":"2023-06-29T15:39:57+00:00","dateModified":"2023-12-06T18:52:23+00:00","breadcrumb":{"@id":"https:\/\/ivari.ca\/fr\/mobile-ivari-presents-fr\/#breadcrumb"},"inLanguage":"fr-FR","potentialAction":[{"@type":"ReadAction","target":["https:\/\/ivari.ca\/fr\/mobile-ivari-presents-fr\/"]}]},{"@type":"BreadcrumbList","@id":"https:\/\/ivari.ca\/fr\/mobile-ivari-presents-fr\/#breadcrumb","itemListElement":[{"@type":"ListItem","position":1,"name":"Home","item":"https:\/\/ivari.ca\/fr\/"},{"@type":"ListItem","position":2,"name":"Prochains webinaires"}]},{"@type":"WebSite","@id":"https:\/\/ivari.ca\/#website","url":"https:\/\/ivari.ca\/","name":"ivari","description":"","potentialAction":[{"@type":"SearchAction","target":{"@type":"EntryPoint","urlTemplate":"https:\/\/ivari.ca\/?s={search_term_string}"},"query-input":{"@type":"PropertyValueSpecification","valueRequired":true,"valueName":"search_term_string"}}],"inLanguage":"fr-FR"}]}},"_links":{"self":[{"href":"https:\/\/ivari.ca\/fr\/wp-json\/wp\/v2\/pages\/45406","targetHints":{"allow":["GET"]}}],"collection":[{"href":"https:\/\/ivari.ca\/fr\/wp-json\/wp\/v2\/pages"}],"about":[{"href":"https:\/\/ivari.ca\/fr\/wp-json\/wp\/v2\/types\/page"}],"author":[{"embeddable":true,"href":"https:\/\/ivari.ca\/fr\/wp-json\/wp\/v2\/users\/9"}],"replies":[{"embeddable":true,"href":"https:\/\/ivari.ca\/fr\/wp-json\/wp\/v2\/comments?post=45406"}],"version-history":[{"count":0,"href":"https:\/\/ivari.ca\/fr\/wp-json\/wp\/v2\/pages\/45406\/revisions"}],"wp:attachment":[{"href":"https:\/\/ivari.ca\/fr\/wp-json\/wp\/v2\/media?parent=45406"}],"wp:term":[{"taxonomy":"query_groups","embeddable":true,"href":"https:\/\/ivari.ca\/fr\/wp-json\/wp\/v2\/query_groups?post=45406"}],"curies":[{"name":"wp","href":"https:\/\/api.w.org\/{rel}","templated":true}]}}