



{"id":45084,"date":"2023-08-21T13:45:55","date_gmt":"2023-08-21T17:45:55","guid":{"rendered":"https:\/\/ivari.ca\/?page_id=45084"},"modified":"2025-09-29T11:30:09","modified_gmt":"2025-09-29T15:30:09","slug":"le-service-tout-a-fait-exceptionnel-de-lequipe-de-tarification-divari-gw","status":"publish","type":"page","link":"https:\/\/ivari.ca\/fr\/email\/le-service-tout-a-fait-exceptionnel-de-lequipe-de-tarification-divari-gw\/","title":{"rendered":"Le service tout \u00e0 fait exceptionnel de l\u2019\u00e9quipe de tarification d\u2019ivari!"},"content":{"rendered":"<div class=\"wpb-content-wrapper\"><p>[vc_row css=\u00a0\u00bb.vc_custom_1634649296002{background-position: center !important;background-repeat: no-repeat !important;background-size: cover !important;}\u00a0\u00bb el_id=\u00a0\u00bbpost-banner\u00a0\u00bb el_class=\u00a0\u00bbpost-banner-blue\u00a0\u00bb][vc_column][vc_row_inner content_placement=\u00a0\u00bbbottom\u00a0\u00bb css=\u00a0\u00bb.vc_custom_1692639347035{background-image: url(https:\/\/ivari.ca\/files\/advisor-sitting-at-table-and-laptop-with-man-and-woman.jpg?id=45080) !important;background-position: center !important;background-repeat: no-repeat !important;background-size: cover !important;}\u00a0\u00bb el_class=\u00a0\u00bbpost-banner\u00a0\u00bb][vc_column_inner el_class=\u00a0\u00bbimage-row-text-column\u00a0\u00bb width=\u00a0\u00bb2\/5&Prime;][vc_column_text]<\/p>\n<h1>\t\t\t<span id=\"typedjs59\" class=\"animated-typed-js-shortcode \"><\/span>\n\t\t\t<script>\n\t\t\tvar typedjs59 = new Typed('#typedjs59', {\n\t\t\t\tstrings: [\"Le service tout \\u00e0 fait exceptionnel de l\\u2019\\u00e9quipe de tarification d\\u2019ivari!\"],\n\t\t\t\ttypeSpeed: 80,\n\t\t\t\tbackSpeed: 50,\n\t\t\t\tbackDelay: 500,\n\t\t\t\tstartDelay: 1000,\n\t\t\t\tloop: false,\n\t\t\t\tloopCount: 0,\n\t\t\t\tfadeOut: false,\n\t\t\t\tfadeOutDelay: 500,\n\t\t\t\tsmartBackspace: true,\n\t\t\t\tshuffle: false,\n\t\t\t\tshowCursor: true,\n\t\t\t\tcursorChar: \"|\"\n\t\t\t});\n\t\t\t<\/script>\n\n\t\t<\/h1>\n<p>[\/vc_column_text][\/vc_column_inner][vc_column_inner width=\u00a0\u00bb3\/5&Prime;][\/vc_column_inner][\/vc_row_inner][\/vc_column][\/vc_row][vc_row el_class=\u00a0\u00bbivari-row\u00a0\u00bb][vc_column][vc_column_text css=\u00a0\u00bb\u00a0\u00bb]Notre \u00e9quipe de tarification a pour mission de vous proposer un service de qualit\u00e9 vous permettant de procurer \u00e0 vos clients la bonne assurance dans les plus brefs d\u00e9lais.<\/p>\n<p>Voici en quoi ce service est sup\u00e9rieur\u00a0:<\/p>\n<ul>\n<li>L\u2019examen des demandes d\u2019opinion concernant l\u2019assurabilit\u00e9 pr\u00e9liminaire pour guider le client dans la bonne direction.* Il est m\u00eame possible de r\u00e9server une consultation pr\u00e9alable avec notre conseiller en tarification.<\/li>\n<li>L\u2019engagement, par le tarificateur, de traiter le dossier dans un d\u00e9lai de 48 heures et de r\u00e9gler la police selon un d\u00e9lai d\u2019ex\u00e9cution rapide, soit 19 jours en moyenne, depuis la soumission de la proposition.<\/li>\n<li>Le secteur de l\u2019assurance a une occasion unique d\u2019aider les nouveaux arrivants \u00e0 r\u00e9pondre \u00e0 leurs besoins en mati\u00e8re d\u2019assurance. Nous vous invitons \u00e0 consulter les\u00a0<a href=\"\/files\/_pda\/BW1974FR.pdf\" target=\"_blank\" rel=\"noopener noreferrer\">lignes directrices<\/a>\u00a0d\u2019ivari pour mieux guider vos nouveaux clients immigrants.<\/li>\n<li>Les taux non-fumeurs que nous proposons \u00e0 la plupart des consommateurs de cannabis. Nous consid\u00e9rons comme non-fumeur tout client qui ne vapote pas ou qui ne consomme pas d\u2019autres produits \u00e0 base de tabac ou de nicotine.<\/li>\n<\/ul>\n<p>Et, lorsque les proches doivent dire adieu \u00e0 l\u2019\u00eatre aim\u00e9, le\u00a0<a href=\"\/files\/LP1545FR.pdf\" target=\"_blank\" rel=\"noopener noreferrer\">processus relatif aux r\u00e9clamations<\/a>\u00a0est \u00e0 la fois convivial et rapide. De plus, nous payons 99\u00a0% des r\u00e9clamations re\u00e7ues.<\/p>\n<p>En\u00a0<a href=\"\/files\/_pda\/GW2100FR.pdf\" target=\"_blank\" rel=\"noopener noreferrer\">cliquant ici<\/a>, vous acc\u00e9derez \u00e0 dix conseils prodigu\u00e9s par notre \u00e9quipe de tarification, qui vous seront d\u2019une grande utilit\u00e9 dans le cadre de vos activit\u00e9s commerciales.<\/p>\n<p><sup>* Les demandes d\u2019opinion concernant l\u2019assurabilit\u00e9 pr\u00e9liminaire sont bas\u00e9es sur des renseignements limit\u00e9s en mati\u00e8re de sant\u00e9 et de style de vie et ne doivent servir qu\u2019\u00e0 titre indicatif. Vous ne pouvez y acc\u00e9der que par l\u2019entremise de l\u2019\u00e9quipe des ventes d\u2019ivari.<\/sup>[\/vc_column_text][\/vc_column][\/vc_row]<\/p>\n<\/div>","protected":false},"excerpt":{"rendered":"<p> Notre \u00e9quipe de tarification a pour mission de vous proposer un service de qualit\u00e9 vous permettant de procurer \u00e0 vos clients la bonne assurance&#8230;<\/p>\n","protected":false},"author":13,"featured_media":0,"parent":45056,"menu_order":0,"comment_status":"closed","ping_status":"closed","template":"","meta":{"_acf_changed":false,"_searchwp_excluded":"1","footnotes":""},"query_groups":[],"class_list":["post-45084","page","type-page","status-publish","hentry"],"acf":[],"yoast_head":"<!-- This site is optimized with the Yoast SEO plugin v27.3 - https:\/\/yoast.com\/product\/yoast-seo-wordpress\/ -->\n<title>Le service tout \u00e0 fait exceptionnel de l\u2019\u00e9quipe de tarification d\u2019ivari! - ivari<\/title>\n<meta name=\"robots\" content=\"index, follow, max-snippet:-1, max-image-preview:large, max-video-preview:-1\" \/>\n<link rel=\"canonical\" href=\"https:\/\/ivari.ca\/fr\/email\/le-service-tout-a-fait-exceptionnel-de-lequipe-de-tarification-divari-gw\/\" \/>\n<meta property=\"og:locale\" content=\"fr_FR\" \/>\n<meta property=\"og:type\" content=\"article\" \/>\n<meta property=\"og:title\" content=\"Le service tout \u00e0 fait exceptionnel de l\u2019\u00e9quipe de tarification d\u2019ivari! - ivari\" \/>\n<meta property=\"og:description\" content=\"Notre \u00e9quipe de tarification a pour mission de vous proposer un service de qualit\u00e9 vous permettant de procurer \u00e0 vos clients la bonne assurance...\" \/>\n<meta property=\"og:url\" content=\"https:\/\/ivari.ca\/fr\/email\/le-service-tout-a-fait-exceptionnel-de-lequipe-de-tarification-divari-gw\/\" \/>\n<meta property=\"og:site_name\" content=\"ivari\" \/>\n<meta property=\"article:modified_time\" content=\"2025-09-29T15:30:09+00:00\" \/>\n<meta name=\"twitter:card\" content=\"summary_large_image\" \/>\n<meta name=\"twitter:label1\" content=\"Dur\u00e9e de lecture estim\u00e9e\" \/>\n\t<meta name=\"twitter:data1\" content=\"2 minutes\" \/>\n<script type=\"application\/ld+json\" class=\"yoast-schema-graph\">{\"@context\":\"https:\\\/\\\/schema.org\",\"@graph\":[{\"@type\":\"WebPage\",\"@id\":\"https:\\\/\\\/ivari.ca\\\/fr\\\/email\\\/le-service-tout-a-fait-exceptionnel-de-lequipe-de-tarification-divari-gw\\\/\",\"url\":\"https:\\\/\\\/ivari.ca\\\/fr\\\/email\\\/le-service-tout-a-fait-exceptionnel-de-lequipe-de-tarification-divari-gw\\\/\",\"name\":\"Le service tout \u00e0 fait exceptionnel de l\u2019\u00e9quipe de tarification d\u2019ivari! - ivari\",\"isPartOf\":{\"@id\":\"https:\\\/\\\/ivari.ca\\\/#website\"},\"datePublished\":\"2023-08-21T17:45:55+00:00\",\"dateModified\":\"2025-09-29T15:30:09+00:00\",\"breadcrumb\":{\"@id\":\"https:\\\/\\\/ivari.ca\\\/fr\\\/email\\\/le-service-tout-a-fait-exceptionnel-de-lequipe-de-tarification-divari-gw\\\/#breadcrumb\"},\"inLanguage\":\"fr-FR\",\"potentialAction\":[{\"@type\":\"ReadAction\",\"target\":[\"https:\\\/\\\/ivari.ca\\\/fr\\\/email\\\/le-service-tout-a-fait-exceptionnel-de-lequipe-de-tarification-divari-gw\\\/\"]}]},{\"@type\":\"BreadcrumbList\",\"@id\":\"https:\\\/\\\/ivari.ca\\\/fr\\\/email\\\/le-service-tout-a-fait-exceptionnel-de-lequipe-de-tarification-divari-gw\\\/#breadcrumb\",\"itemListElement\":[{\"@type\":\"ListItem\",\"position\":1,\"name\":\"Home\",\"item\":\"https:\\\/\\\/ivari.ca\\\/fr\\\/\"},{\"@type\":\"ListItem\",\"position\":2,\"name\":\"email\",\"item\":\"https:\\\/\\\/ivari.ca\\\/fr\\\/email\\\/\"},{\"@type\":\"ListItem\",\"position\":3,\"name\":\"Le service tout \u00e0 fait exceptionnel de l\u2019\u00e9quipe de tarification d\u2019ivari!\"}]},{\"@type\":\"WebSite\",\"@id\":\"https:\\\/\\\/ivari.ca\\\/#website\",\"url\":\"https:\\\/\\\/ivari.ca\\\/\",\"name\":\"ivari\",\"description\":\"\",\"potentialAction\":[{\"@type\":\"SearchAction\",\"target\":{\"@type\":\"EntryPoint\",\"urlTemplate\":\"https:\\\/\\\/ivari.ca\\\/?s={search_term_string}\"},\"query-input\":{\"@type\":\"PropertyValueSpecification\",\"valueRequired\":true,\"valueName\":\"search_term_string\"}}],\"inLanguage\":\"fr-FR\"}]}<\/script>\n<!-- \/ Yoast SEO plugin. -->","yoast_head_json":{"title":"Le service tout \u00e0 fait exceptionnel de l\u2019\u00e9quipe de tarification d\u2019ivari! - ivari","robots":{"index":"index","follow":"follow","max-snippet":"max-snippet:-1","max-image-preview":"max-image-preview:large","max-video-preview":"max-video-preview:-1"},"canonical":"https:\/\/ivari.ca\/fr\/email\/le-service-tout-a-fait-exceptionnel-de-lequipe-de-tarification-divari-gw\/","og_locale":"fr_FR","og_type":"article","og_title":"Le service tout \u00e0 fait exceptionnel de l\u2019\u00e9quipe de tarification d\u2019ivari! - ivari","og_description":"Notre \u00e9quipe de tarification a pour mission de vous proposer un service de qualit\u00e9 vous permettant de procurer \u00e0 vos clients la bonne assurance...","og_url":"https:\/\/ivari.ca\/fr\/email\/le-service-tout-a-fait-exceptionnel-de-lequipe-de-tarification-divari-gw\/","og_site_name":"ivari","article_modified_time":"2025-09-29T15:30:09+00:00","twitter_card":"summary_large_image","twitter_misc":{"Dur\u00e9e de lecture estim\u00e9e":"2 minutes"},"schema":{"@context":"https:\/\/schema.org","@graph":[{"@type":"WebPage","@id":"https:\/\/ivari.ca\/fr\/email\/le-service-tout-a-fait-exceptionnel-de-lequipe-de-tarification-divari-gw\/","url":"https:\/\/ivari.ca\/fr\/email\/le-service-tout-a-fait-exceptionnel-de-lequipe-de-tarification-divari-gw\/","name":"Le service tout \u00e0 fait exceptionnel de l\u2019\u00e9quipe de tarification d\u2019ivari! - ivari","isPartOf":{"@id":"https:\/\/ivari.ca\/#website"},"datePublished":"2023-08-21T17:45:55+00:00","dateModified":"2025-09-29T15:30:09+00:00","breadcrumb":{"@id":"https:\/\/ivari.ca\/fr\/email\/le-service-tout-a-fait-exceptionnel-de-lequipe-de-tarification-divari-gw\/#breadcrumb"},"inLanguage":"fr-FR","potentialAction":[{"@type":"ReadAction","target":["https:\/\/ivari.ca\/fr\/email\/le-service-tout-a-fait-exceptionnel-de-lequipe-de-tarification-divari-gw\/"]}]},{"@type":"BreadcrumbList","@id":"https:\/\/ivari.ca\/fr\/email\/le-service-tout-a-fait-exceptionnel-de-lequipe-de-tarification-divari-gw\/#breadcrumb","itemListElement":[{"@type":"ListItem","position":1,"name":"Home","item":"https:\/\/ivari.ca\/fr\/"},{"@type":"ListItem","position":2,"name":"email","item":"https:\/\/ivari.ca\/fr\/email\/"},{"@type":"ListItem","position":3,"name":"Le service tout \u00e0 fait exceptionnel de l\u2019\u00e9quipe de tarification d\u2019ivari!"}]},{"@type":"WebSite","@id":"https:\/\/ivari.ca\/#website","url":"https:\/\/ivari.ca\/","name":"ivari","description":"","potentialAction":[{"@type":"SearchAction","target":{"@type":"EntryPoint","urlTemplate":"https:\/\/ivari.ca\/?s={search_term_string}"},"query-input":{"@type":"PropertyValueSpecification","valueRequired":true,"valueName":"search_term_string"}}],"inLanguage":"fr-FR"}]}},"_links":{"self":[{"href":"https:\/\/ivari.ca\/fr\/wp-json\/wp\/v2\/pages\/45084","targetHints":{"allow":["GET"]}}],"collection":[{"href":"https:\/\/ivari.ca\/fr\/wp-json\/wp\/v2\/pages"}],"about":[{"href":"https:\/\/ivari.ca\/fr\/wp-json\/wp\/v2\/types\/page"}],"author":[{"embeddable":true,"href":"https:\/\/ivari.ca\/fr\/wp-json\/wp\/v2\/users\/13"}],"replies":[{"embeddable":true,"href":"https:\/\/ivari.ca\/fr\/wp-json\/wp\/v2\/comments?post=45084"}],"version-history":[{"count":0,"href":"https:\/\/ivari.ca\/fr\/wp-json\/wp\/v2\/pages\/45084\/revisions"}],"up":[{"embeddable":true,"href":"https:\/\/ivari.ca\/fr\/wp-json\/wp\/v2\/pages\/45056"}],"wp:attachment":[{"href":"https:\/\/ivari.ca\/fr\/wp-json\/wp\/v2\/media?parent=45084"}],"wp:term":[{"taxonomy":"query_groups","embeddable":true,"href":"https:\/\/ivari.ca\/fr\/wp-json\/wp\/v2\/query_groups?post=45084"}],"curies":[{"name":"wp","href":"https:\/\/api.w.org\/{rel}","templated":true}]}}