



{"id":45069,"date":"2023-08-16T10:49:37","date_gmt":"2023-08-16T14:49:37","guid":{"rendered":"https:\/\/ivari.ca\/?page_id=45069"},"modified":"2023-09-11T10:18:58","modified_gmt":"2023-09-11T14:18:58","slug":"la-temporaire-30-divari-une-assurance-pas-comme-les-autres","status":"publish","type":"page","link":"https:\/\/ivari.ca\/fr\/email\/la-temporaire-30-divari-une-assurance-pas-comme-les-autres\/","title":{"rendered":"La Temporaire 30 d\u2019ivari \u2013 une assurance pas comme les autres!"},"content":{"rendered":"<div class=\"wpb-content-wrapper\"><p>[vc_row css=\u00a0\u00bb.vc_custom_1634649296002{background-position: center !important;background-repeat: no-repeat !important;background-size: cover !important;}\u00a0\u00bb el_id=\u00a0\u00bbpost-banner\u00a0\u00bb el_class=\u00a0\u00bbpost-banner-blue\u00a0\u00bb][vc_column][vc_row_inner content_placement=\u00a0\u00bbbottom\u00a0\u00bb css=\u00a0\u00bb.vc_custom_1692197372351{background-image: url(https:\/\/ivari.ca\/files\/couple-signing-paperwork-with-a-female-advisor.jpg?id=45067) !important;background-position: center !important;background-repeat: no-repeat !important;background-size: cover !important;}\u00a0\u00bb el_class=\u00a0\u00bbpost-banner\u00a0\u00bb][vc_column_inner el_class=\u00a0\u00bbimage-row-text-column\u00a0\u00bb width=\u00a0\u00bb2\/5&Prime;][vc_column_text]<\/p>\n<h1>\t\t\t<span id=\"typedjs23\" class=\"animated-typed-js-shortcode \"><\/span>\n\t\t\t<script>\n\t\t\tvar typedjs23 = new Typed('#typedjs23', {\n\t\t\t\tstrings: [\"La Temporaire 30 d\\u2019ivari \\u2013 une assurance pas comme les autres!\"],\n\t\t\t\ttypeSpeed: 80,\n\t\t\t\tbackSpeed: 50,\n\t\t\t\tbackDelay: 500,\n\t\t\t\tstartDelay: 1000,\n\t\t\t\tloop: false,\n\t\t\t\tloopCount: 0,\n\t\t\t\tfadeOut: false,\n\t\t\t\tfadeOutDelay: 500,\n\t\t\t\tsmartBackspace: true,\n\t\t\t\tshuffle: false,\n\t\t\t\tshowCursor: true,\n\t\t\t\tcursorChar: \"|\"\n\t\t\t});\n\t\t\t<\/script>\n\n\t\t<\/h1>\n<p>[\/vc_column_text][\/vc_column_inner][vc_column_inner width=\u00a0\u00bb3\/5&Prime;][\/vc_column_inner][\/vc_row_inner][\/vc_column][\/vc_row][vc_row el_class=\u00a0\u00bbivari-row\u00a0\u00bb][vc_column][vc_column_text]ivari a la solution d\u2019assurance propre \u00e0 chaque client, qu\u2019il soit \u00e0 la recherche d\u2019une couverture d\u2019assurance temporaire ou permanente, ou d\u2019une protection contre les maladies graves. Quant aux clients n\u00e9cessitant une protection \u00e0 long terme de nature provisoire, nous proposons la solution id\u00e9ale, soit la <a href=\"\/files\/LP1453FR.pdf\" target=\"_blank\" rel=\"noopener noreferrer\">Temporaire 30 assortie des Options <em>S\u00e9lect<\/em><\/a>.<\/p>\n<h2>Une couverture \u00e0 long terme pour les objectifs plus \u00e9loign\u00e9s<\/h2>\n<p>La Temporaire 30 assortie des Options <em>S\u00e9lect<\/em> d\u2019ivari est une solution tout indiqu\u00e9e pour\u00a0:<\/p>\n<ul class=\"simple-list-1\">\n<li>Les clients d\u00e9sireux de couvrir une dette \u00e0 long terme, comme une <a href=\"\/files\/LP1146FR.pdf\" target=\"_blank\" rel=\"noopener noreferrer\">hypoth\u00e8que<\/a>.<\/li>\n<li>Les clients souhaitant prot\u00e9ger leur revenu jusqu\u2019\u00e0 la retraite.<\/li>\n<li>Les parents souhaitant pr\u00e9server l\u2019assurabilit\u00e9 de leurs enfants gr\u00e2ce \u00e0 des taux garantis.<\/li>\n<\/ul>\n<p>Parce que\u2026<\/p>\n<p>La Temporaire 30 assortie des Options <em>S\u00e9lect<\/em> fait automatiquement l\u2019objet d\u2019un renouvellement au 30<sup>e<\/sup>\u00a0anniversaire d\u2019assurance et procure une protection viag\u00e8re, moyennant des primes uniformes jusqu\u2019\u00e0 l\u2019\u00e2ge de 100 ans.<\/p>\n<h2>En quoi consistent les Options <em>S\u00e9lect<\/em>?<\/h2>\n<p>\u00c0 caract\u00e8re unique et souple, les Options <em>S\u00e9lect<\/em> peuvent \u00eatre exerc\u00e9es entre le 15<sup>e<\/sup> et le 20<sup>e<\/sup> anniversaire d\u2019assurance\u00a0:<\/p>\n<p><strong><em>S\u00e9lect<\/em> 30<\/strong> \u2013 Elle pr\u00e9voit, sans primes suppl\u00e9mentaires, une assurance avec capital r\u00e9duit jusqu\u2019\u00e0 son terme, soit au 30<sup>e<\/sup> anniversaire d\u2019assurance.<\/p>\n<p><strong>Vie<em>S\u00e9lect<\/em><\/strong> \u2013 Elle permet, sans primes suppl\u00e9mentaires, de transformer la police en une assurance \u00ab\u00a0fin de vie\u00a0\u00bb viag\u00e8re lib\u00e9r\u00e9e, moyennant un capital r\u00e9duit.<\/p>\n<p><strong>Valeur<em>S\u00e9lect<\/em> <\/strong>\u2013 Elle pr\u00e9voit l\u2019acc\u00e8s \u00e0 la valeur de rachat* de la police.<\/p>\n<p><sup>* Cette option pr\u00e9voit l\u2019acc\u00e8s \u00e0 la valeur de rachat de la police, de l\u2019une des deux fa\u00e7ons suivantes : le rachat ou la diminution du capital assur\u00e9 et l\u2019encaissement de la valeur de rachat de la police; ou la transformation de la temporaire en une police vie universelle admissible et l\u2019utilisation de la valeur de rachat comme cr\u00e9dit avec report d\u2019imp\u00f4t, et ce, conform\u00e9ment aux dispositions courantes de la <em>Loi de l\u2019imp\u00f4t sur le revenu<\/em>.<\/sup>[\/vc_column_text][\/vc_column][\/vc_row]<\/p>\n<\/div>","protected":false},"excerpt":{"rendered":"<p> ivari a la solution d\u2019assurance propre \u00e0 chaque client, qu\u2019il soit \u00e0 la recherche d\u2019une couverture d\u2019assurance temporaire ou permanente, ou d\u2019une protection contre les&#8230;<\/p>\n","protected":false},"author":13,"featured_media":0,"parent":45056,"menu_order":0,"comment_status":"closed","ping_status":"closed","template":"","meta":{"_acf_changed":false,"_searchwp_excluded":"1","footnotes":""},"query_groups":[],"class_list":["post-45069","page","type-page","status-publish","hentry"],"acf":[],"yoast_head":"<!-- This site is optimized with the Yoast SEO plugin v27.3 - https:\/\/yoast.com\/product\/yoast-seo-wordpress\/ -->\n<title>La Temporaire 30 d\u2019ivari \u2013 une assurance pas comme les autres! - ivari<\/title>\n<meta name=\"robots\" content=\"index, follow, max-snippet:-1, max-image-preview:large, max-video-preview:-1\" \/>\n<link rel=\"canonical\" href=\"https:\/\/ivari.ca\/fr\/email\/la-temporaire-30-divari-une-assurance-pas-comme-les-autres\/\" \/>\n<meta property=\"og:locale\" content=\"fr_FR\" \/>\n<meta property=\"og:type\" content=\"article\" \/>\n<meta property=\"og:title\" content=\"La Temporaire 30 d\u2019ivari \u2013 une assurance pas comme les autres! - ivari\" \/>\n<meta property=\"og:description\" content=\"ivari a la solution d\u2019assurance propre \u00e0 chaque client, qu\u2019il soit \u00e0 la recherche d\u2019une couverture d\u2019assurance temporaire ou permanente, ou d\u2019une protection contre les...\" \/>\n<meta property=\"og:url\" content=\"https:\/\/ivari.ca\/fr\/email\/la-temporaire-30-divari-une-assurance-pas-comme-les-autres\/\" \/>\n<meta property=\"og:site_name\" content=\"ivari\" \/>\n<meta property=\"article:modified_time\" content=\"2023-09-11T14:18:58+00:00\" \/>\n<meta name=\"twitter:card\" content=\"summary_large_image\" \/>\n<meta name=\"twitter:label1\" content=\"Dur\u00e9e de lecture estim\u00e9e\" \/>\n\t<meta name=\"twitter:data1\" content=\"2 minutes\" \/>\n<script type=\"application\/ld+json\" class=\"yoast-schema-graph\">{\"@context\":\"https:\\\/\\\/schema.org\",\"@graph\":[{\"@type\":\"WebPage\",\"@id\":\"https:\\\/\\\/ivari.ca\\\/fr\\\/email\\\/la-temporaire-30-divari-une-assurance-pas-comme-les-autres\\\/\",\"url\":\"https:\\\/\\\/ivari.ca\\\/fr\\\/email\\\/la-temporaire-30-divari-une-assurance-pas-comme-les-autres\\\/\",\"name\":\"La Temporaire 30 d\u2019ivari \u2013 une assurance pas comme les autres! - ivari\",\"isPartOf\":{\"@id\":\"https:\\\/\\\/ivari.ca\\\/#website\"},\"datePublished\":\"2023-08-16T14:49:37+00:00\",\"dateModified\":\"2023-09-11T14:18:58+00:00\",\"breadcrumb\":{\"@id\":\"https:\\\/\\\/ivari.ca\\\/fr\\\/email\\\/la-temporaire-30-divari-une-assurance-pas-comme-les-autres\\\/#breadcrumb\"},\"inLanguage\":\"fr-FR\",\"potentialAction\":[{\"@type\":\"ReadAction\",\"target\":[\"https:\\\/\\\/ivari.ca\\\/fr\\\/email\\\/la-temporaire-30-divari-une-assurance-pas-comme-les-autres\\\/\"]}]},{\"@type\":\"BreadcrumbList\",\"@id\":\"https:\\\/\\\/ivari.ca\\\/fr\\\/email\\\/la-temporaire-30-divari-une-assurance-pas-comme-les-autres\\\/#breadcrumb\",\"itemListElement\":[{\"@type\":\"ListItem\",\"position\":1,\"name\":\"Home\",\"item\":\"https:\\\/\\\/ivari.ca\\\/fr\\\/\"},{\"@type\":\"ListItem\",\"position\":2,\"name\":\"email\",\"item\":\"https:\\\/\\\/ivari.ca\\\/fr\\\/email\\\/\"},{\"@type\":\"ListItem\",\"position\":3,\"name\":\"La Temporaire 30 d\u2019ivari \u2013 une assurance pas comme les autres!\"}]},{\"@type\":\"WebSite\",\"@id\":\"https:\\\/\\\/ivari.ca\\\/#website\",\"url\":\"https:\\\/\\\/ivari.ca\\\/\",\"name\":\"ivari\",\"description\":\"\",\"potentialAction\":[{\"@type\":\"SearchAction\",\"target\":{\"@type\":\"EntryPoint\",\"urlTemplate\":\"https:\\\/\\\/ivari.ca\\\/?s={search_term_string}\"},\"query-input\":{\"@type\":\"PropertyValueSpecification\",\"valueRequired\":true,\"valueName\":\"search_term_string\"}}],\"inLanguage\":\"fr-FR\"}]}<\/script>\n<!-- \/ Yoast SEO plugin. -->","yoast_head_json":{"title":"La Temporaire 30 d\u2019ivari \u2013 une assurance pas comme les autres! - ivari","robots":{"index":"index","follow":"follow","max-snippet":"max-snippet:-1","max-image-preview":"max-image-preview:large","max-video-preview":"max-video-preview:-1"},"canonical":"https:\/\/ivari.ca\/fr\/email\/la-temporaire-30-divari-une-assurance-pas-comme-les-autres\/","og_locale":"fr_FR","og_type":"article","og_title":"La Temporaire 30 d\u2019ivari \u2013 une assurance pas comme les autres! - ivari","og_description":"ivari a la solution d\u2019assurance propre \u00e0 chaque client, qu\u2019il soit \u00e0 la recherche d\u2019une couverture d\u2019assurance temporaire ou permanente, ou d\u2019une protection contre les...","og_url":"https:\/\/ivari.ca\/fr\/email\/la-temporaire-30-divari-une-assurance-pas-comme-les-autres\/","og_site_name":"ivari","article_modified_time":"2023-09-11T14:18:58+00:00","twitter_card":"summary_large_image","twitter_misc":{"Dur\u00e9e de lecture estim\u00e9e":"2 minutes"},"schema":{"@context":"https:\/\/schema.org","@graph":[{"@type":"WebPage","@id":"https:\/\/ivari.ca\/fr\/email\/la-temporaire-30-divari-une-assurance-pas-comme-les-autres\/","url":"https:\/\/ivari.ca\/fr\/email\/la-temporaire-30-divari-une-assurance-pas-comme-les-autres\/","name":"La Temporaire 30 d\u2019ivari \u2013 une assurance pas comme les autres! - ivari","isPartOf":{"@id":"https:\/\/ivari.ca\/#website"},"datePublished":"2023-08-16T14:49:37+00:00","dateModified":"2023-09-11T14:18:58+00:00","breadcrumb":{"@id":"https:\/\/ivari.ca\/fr\/email\/la-temporaire-30-divari-une-assurance-pas-comme-les-autres\/#breadcrumb"},"inLanguage":"fr-FR","potentialAction":[{"@type":"ReadAction","target":["https:\/\/ivari.ca\/fr\/email\/la-temporaire-30-divari-une-assurance-pas-comme-les-autres\/"]}]},{"@type":"BreadcrumbList","@id":"https:\/\/ivari.ca\/fr\/email\/la-temporaire-30-divari-une-assurance-pas-comme-les-autres\/#breadcrumb","itemListElement":[{"@type":"ListItem","position":1,"name":"Home","item":"https:\/\/ivari.ca\/fr\/"},{"@type":"ListItem","position":2,"name":"email","item":"https:\/\/ivari.ca\/fr\/email\/"},{"@type":"ListItem","position":3,"name":"La Temporaire 30 d\u2019ivari \u2013 une assurance pas comme les autres!"}]},{"@type":"WebSite","@id":"https:\/\/ivari.ca\/#website","url":"https:\/\/ivari.ca\/","name":"ivari","description":"","potentialAction":[{"@type":"SearchAction","target":{"@type":"EntryPoint","urlTemplate":"https:\/\/ivari.ca\/?s={search_term_string}"},"query-input":{"@type":"PropertyValueSpecification","valueRequired":true,"valueName":"search_term_string"}}],"inLanguage":"fr-FR"}]}},"_links":{"self":[{"href":"https:\/\/ivari.ca\/fr\/wp-json\/wp\/v2\/pages\/45069","targetHints":{"allow":["GET"]}}],"collection":[{"href":"https:\/\/ivari.ca\/fr\/wp-json\/wp\/v2\/pages"}],"about":[{"href":"https:\/\/ivari.ca\/fr\/wp-json\/wp\/v2\/types\/page"}],"author":[{"embeddable":true,"href":"https:\/\/ivari.ca\/fr\/wp-json\/wp\/v2\/users\/13"}],"replies":[{"embeddable":true,"href":"https:\/\/ivari.ca\/fr\/wp-json\/wp\/v2\/comments?post=45069"}],"version-history":[{"count":0,"href":"https:\/\/ivari.ca\/fr\/wp-json\/wp\/v2\/pages\/45069\/revisions"}],"up":[{"embeddable":true,"href":"https:\/\/ivari.ca\/fr\/wp-json\/wp\/v2\/pages\/45056"}],"wp:attachment":[{"href":"https:\/\/ivari.ca\/fr\/wp-json\/wp\/v2\/media?parent=45069"}],"wp:term":[{"taxonomy":"query_groups","embeddable":true,"href":"https:\/\/ivari.ca\/fr\/wp-json\/wp\/v2\/query_groups?post=45069"}],"curies":[{"name":"wp","href":"https:\/\/api.w.org\/{rel}","templated":true}]}}