



{"id":45065,"date":"2023-08-15T17:17:27","date_gmt":"2023-08-15T21:17:27","guid":{"rendered":"https:\/\/ivari.ca\/?page_id=45065"},"modified":"2023-09-08T11:50:01","modified_gmt":"2023-09-08T15:50:01","slug":"la-pertinence-dune-assurance-maladies-graves-divari","status":"publish","type":"page","link":"https:\/\/ivari.ca\/fr\/email\/la-pertinence-dune-assurance-maladies-graves-divari\/","title":{"rendered":"La pertinence d\u2019une assurance maladies graves d\u2019ivari"},"content":{"rendered":"<div class=\"wpb-content-wrapper\"><p>[vc_row css=\u00a0\u00bb.vc_custom_1634649296002{background-position: center !important;background-repeat: no-repeat !important;background-size: cover !important;}\u00a0\u00bb el_id=\u00a0\u00bbpost-banner\u00a0\u00bb el_class=\u00a0\u00bbpost-banner-blue\u00a0\u00bb][vc_column][vc_row_inner content_placement=\u00a0\u00bbbottom\u00a0\u00bb css=\u00a0\u00bb.vc_custom_1692134300238{background-image: url(https:\/\/ivari.ca\/files\/older-asian-couple-sitting-on-the-stairs-husband-is-comforting-wife.jpg?id=45062) !important;background-position: center !important;background-repeat: no-repeat !important;background-size: cover !important;}\u00a0\u00bb el_class=\u00a0\u00bbpost-banner\u00a0\u00bb][vc_column_inner el_class=\u00a0\u00bbimage-row-text-column\u00a0\u00bb width=\u00a0\u00bb2\/5&Prime;][vc_column_text]<\/p>\n<h1>\t\t\t<span id=\"typedjs5\" class=\"animated-typed-js-shortcode \"><\/span>\n\t\t\t<script>\n\t\t\tvar typedjs5 = new Typed('#typedjs5', {\n\t\t\t\tstrings: [\"La pertinence d\\u2019une assurance maladies graves d\\u2019ivari\"],\n\t\t\t\ttypeSpeed: 80,\n\t\t\t\tbackSpeed: 50,\n\t\t\t\tbackDelay: 500,\n\t\t\t\tstartDelay: 1000,\n\t\t\t\tloop: false,\n\t\t\t\tloopCount: 0,\n\t\t\t\tfadeOut: false,\n\t\t\t\tfadeOutDelay: 500,\n\t\t\t\tsmartBackspace: true,\n\t\t\t\tshuffle: false,\n\t\t\t\tshowCursor: true,\n\t\t\t\tcursorChar: \"|\"\n\t\t\t});\n\t\t\t<\/script>\n\n\t\t<\/h1>\n<p>[\/vc_column_text][\/vc_column_inner][vc_column_inner width=\u00a0\u00bb3\/5&Prime;][\/vc_column_inner][\/vc_row_inner][\/vc_column][\/vc_row][vc_row el_class=\u00a0\u00bbivari-row\u00a0\u00bb][vc_column][vc_column_text]L\u2019assurance vie ne repr\u00e9sente qu\u2019une partie du r\u00e9gime de protection de votre client. Bien entendu, vous pourriez offrir une couverture compl\u00e8te en lui proposant les produits d\u2019assurance vie temporaire d\u2019ivari, notamment la Temporaire 10, 20 ou 30, ou une couverture d\u2019assurance vie permanente comme l\u2019Universelle ivari. Mais ce n\u2019est pas tout! Vous pourriez aller encore plus loin en lui sugg\u00e9rant notre <a href=\"\/files\/LP1727FR.pdf\" target=\"_blank\" rel=\"noopener noreferrer\">protection contre les maladies graves<\/a>, c\u2019est-\u00e0-dire notre assurance \u00e0 co\u00fbt modique contre les difficult\u00e9s financi\u00e8res qu\u2019engendre la survie au diagnostic d\u2019une maladie grave.<\/p>\n<h2>L\u2019assurance maladies graves d\u2019ivari pr\u00e9voit ce qui suit\u00a0:<\/h2>\n<ul class=\"simple-list-1\">\n<li>Une assurance 4 ou 25 maladies graves, soit au titre d\u2019un avenant ou d\u2019une police autonome.<\/li>\n<li>Le versement unique d\u2019un montant forfaitaire si la personne assur\u00e9e re\u00e7oit le diagnostic d\u2019une maladie grave couverte.<\/li>\n<li>La garantie de d\u00e9pistage pr\u00e9coce, c\u2019est-\u00e0-dire le versement unique d\u2019un montant forfaitaire jusqu\u2019\u00e0 concurrence de 15\u00a0%* de la garantie, si la personne assur\u00e9e re\u00e7oit le diagnostic de l\u2019une des maladies graves vis\u00e9es. (Ce versement n\u2019entra\u00eene pas la r\u00e9duction de la garantie de maladie grave.)<\/li>\n<li>Un acc\u00e8s rapide, par l\u2019entremise du <a href=\"\/files\/LP2133FR.pdf\" target=\"_blank\" rel=\"noopener noreferrer\">Service de soins de sant\u00e9 virtuels de Maple<\/a>, \u00e0 des conseils et traitements offerts par des experts m\u00e9dicaux qualifi\u00e9s, sans avoir \u00e0 se d\u00e9placer en personne.<\/li>\n<\/ul>\n<h2>Regrouper pour \u00e9conomiser<\/h2>\n<p>L\u2019avenant 25 maladies graves peut d\u00e9sormais rev\u00eatir une police d\u2019assurance vie en vigueur, sans qu\u2019il soit n\u00e9cessaire d\u2019ajouter une nouvelle couverture d\u2019assurance vie. Une telle strat\u00e9gie permet au client d\u2019\u00e9pargner jusqu\u2019\u00e0 15\u00a0%**.<\/p>\n<p>Procurez \u00e0 vos clients une protection des plus compl\u00e8tes. Notre vaste gamme de produits d\u2019assurance comprend notre souple protection contre les maladies graves offerte \u00e0 co\u00fbt modique.<\/p>\n<p><sup>* La garantie de d\u00e9pistage pr\u00e9coce correspond au moindre de\u00a0: a) 15\u00a0% de la garantie de maladie grave applicable; et b) 50\u00a0000\u00a0$.<\/sup><\/p>\n<p><sup>** Ce pourcentage est bas\u00e9 sur une police 25 maladies graves dont la garantie s\u2019\u00e9l\u00e8ve \u00e0 80\u00a0000\u00a0$.<\/sup>[\/vc_column_text][\/vc_column][\/vc_row]<\/p>\n<\/div>","protected":false},"excerpt":{"rendered":"<p> L\u2019assurance vie ne repr\u00e9sente qu\u2019une partie du r\u00e9gime de protection de votre client. Bien entendu, vous pourriez offrir une couverture compl\u00e8te en lui proposant les&#8230;<\/p>\n","protected":false},"author":13,"featured_media":0,"parent":45056,"menu_order":0,"comment_status":"closed","ping_status":"closed","template":"","meta":{"_acf_changed":false,"_searchwp_excluded":"1","footnotes":""},"query_groups":[],"class_list":["post-45065","page","type-page","status-publish","hentry"],"acf":[],"yoast_head":"<!-- This site is optimized with the Yoast SEO plugin v27.3 - https:\/\/yoast.com\/product\/yoast-seo-wordpress\/ -->\n<title>La pertinence d\u2019une assurance maladies graves d\u2019ivari - ivari<\/title>\n<meta name=\"robots\" content=\"index, follow, max-snippet:-1, max-image-preview:large, max-video-preview:-1\" \/>\n<link rel=\"canonical\" href=\"https:\/\/ivari.ca\/fr\/email\/la-pertinence-dune-assurance-maladies-graves-divari\/\" \/>\n<meta property=\"og:locale\" content=\"fr_FR\" \/>\n<meta property=\"og:type\" content=\"article\" \/>\n<meta property=\"og:title\" content=\"La pertinence d\u2019une assurance maladies graves d\u2019ivari - ivari\" \/>\n<meta property=\"og:description\" content=\"L\u2019assurance vie ne repr\u00e9sente qu\u2019une partie du r\u00e9gime de protection de votre client. Bien entendu, vous pourriez offrir une couverture compl\u00e8te en lui proposant les...\" \/>\n<meta property=\"og:url\" content=\"https:\/\/ivari.ca\/fr\/email\/la-pertinence-dune-assurance-maladies-graves-divari\/\" \/>\n<meta property=\"og:site_name\" content=\"ivari\" \/>\n<meta property=\"article:modified_time\" content=\"2023-09-08T15:50:01+00:00\" \/>\n<meta name=\"twitter:card\" content=\"summary_large_image\" \/>\n<meta name=\"twitter:label1\" content=\"Dur\u00e9e de lecture estim\u00e9e\" \/>\n\t<meta name=\"twitter:data1\" content=\"2 minutes\" \/>\n<script type=\"application\/ld+json\" class=\"yoast-schema-graph\">{\"@context\":\"https:\\\/\\\/schema.org\",\"@graph\":[{\"@type\":\"WebPage\",\"@id\":\"https:\\\/\\\/ivari.ca\\\/fr\\\/email\\\/la-pertinence-dune-assurance-maladies-graves-divari\\\/\",\"url\":\"https:\\\/\\\/ivari.ca\\\/fr\\\/email\\\/la-pertinence-dune-assurance-maladies-graves-divari\\\/\",\"name\":\"La pertinence d\u2019une assurance maladies graves d\u2019ivari - ivari\",\"isPartOf\":{\"@id\":\"https:\\\/\\\/ivari.ca\\\/#website\"},\"datePublished\":\"2023-08-15T21:17:27+00:00\",\"dateModified\":\"2023-09-08T15:50:01+00:00\",\"breadcrumb\":{\"@id\":\"https:\\\/\\\/ivari.ca\\\/fr\\\/email\\\/la-pertinence-dune-assurance-maladies-graves-divari\\\/#breadcrumb\"},\"inLanguage\":\"fr-FR\",\"potentialAction\":[{\"@type\":\"ReadAction\",\"target\":[\"https:\\\/\\\/ivari.ca\\\/fr\\\/email\\\/la-pertinence-dune-assurance-maladies-graves-divari\\\/\"]}]},{\"@type\":\"BreadcrumbList\",\"@id\":\"https:\\\/\\\/ivari.ca\\\/fr\\\/email\\\/la-pertinence-dune-assurance-maladies-graves-divari\\\/#breadcrumb\",\"itemListElement\":[{\"@type\":\"ListItem\",\"position\":1,\"name\":\"Home\",\"item\":\"https:\\\/\\\/ivari.ca\\\/fr\\\/\"},{\"@type\":\"ListItem\",\"position\":2,\"name\":\"email\",\"item\":\"https:\\\/\\\/ivari.ca\\\/fr\\\/email\\\/\"},{\"@type\":\"ListItem\",\"position\":3,\"name\":\"La pertinence d\u2019une assurance maladies graves d\u2019ivari\"}]},{\"@type\":\"WebSite\",\"@id\":\"https:\\\/\\\/ivari.ca\\\/#website\",\"url\":\"https:\\\/\\\/ivari.ca\\\/\",\"name\":\"ivari\",\"description\":\"\",\"potentialAction\":[{\"@type\":\"SearchAction\",\"target\":{\"@type\":\"EntryPoint\",\"urlTemplate\":\"https:\\\/\\\/ivari.ca\\\/?s={search_term_string}\"},\"query-input\":{\"@type\":\"PropertyValueSpecification\",\"valueRequired\":true,\"valueName\":\"search_term_string\"}}],\"inLanguage\":\"fr-FR\"}]}<\/script>\n<!-- \/ Yoast SEO plugin. -->","yoast_head_json":{"title":"La pertinence d\u2019une assurance maladies graves d\u2019ivari - ivari","robots":{"index":"index","follow":"follow","max-snippet":"max-snippet:-1","max-image-preview":"max-image-preview:large","max-video-preview":"max-video-preview:-1"},"canonical":"https:\/\/ivari.ca\/fr\/email\/la-pertinence-dune-assurance-maladies-graves-divari\/","og_locale":"fr_FR","og_type":"article","og_title":"La pertinence d\u2019une assurance maladies graves d\u2019ivari - ivari","og_description":"L\u2019assurance vie ne repr\u00e9sente qu\u2019une partie du r\u00e9gime de protection de votre client. Bien entendu, vous pourriez offrir une couverture compl\u00e8te en lui proposant les...","og_url":"https:\/\/ivari.ca\/fr\/email\/la-pertinence-dune-assurance-maladies-graves-divari\/","og_site_name":"ivari","article_modified_time":"2023-09-08T15:50:01+00:00","twitter_card":"summary_large_image","twitter_misc":{"Dur\u00e9e de lecture estim\u00e9e":"2 minutes"},"schema":{"@context":"https:\/\/schema.org","@graph":[{"@type":"WebPage","@id":"https:\/\/ivari.ca\/fr\/email\/la-pertinence-dune-assurance-maladies-graves-divari\/","url":"https:\/\/ivari.ca\/fr\/email\/la-pertinence-dune-assurance-maladies-graves-divari\/","name":"La pertinence d\u2019une assurance maladies graves d\u2019ivari - ivari","isPartOf":{"@id":"https:\/\/ivari.ca\/#website"},"datePublished":"2023-08-15T21:17:27+00:00","dateModified":"2023-09-08T15:50:01+00:00","breadcrumb":{"@id":"https:\/\/ivari.ca\/fr\/email\/la-pertinence-dune-assurance-maladies-graves-divari\/#breadcrumb"},"inLanguage":"fr-FR","potentialAction":[{"@type":"ReadAction","target":["https:\/\/ivari.ca\/fr\/email\/la-pertinence-dune-assurance-maladies-graves-divari\/"]}]},{"@type":"BreadcrumbList","@id":"https:\/\/ivari.ca\/fr\/email\/la-pertinence-dune-assurance-maladies-graves-divari\/#breadcrumb","itemListElement":[{"@type":"ListItem","position":1,"name":"Home","item":"https:\/\/ivari.ca\/fr\/"},{"@type":"ListItem","position":2,"name":"email","item":"https:\/\/ivari.ca\/fr\/email\/"},{"@type":"ListItem","position":3,"name":"La pertinence d\u2019une assurance maladies graves d\u2019ivari"}]},{"@type":"WebSite","@id":"https:\/\/ivari.ca\/#website","url":"https:\/\/ivari.ca\/","name":"ivari","description":"","potentialAction":[{"@type":"SearchAction","target":{"@type":"EntryPoint","urlTemplate":"https:\/\/ivari.ca\/?s={search_term_string}"},"query-input":{"@type":"PropertyValueSpecification","valueRequired":true,"valueName":"search_term_string"}}],"inLanguage":"fr-FR"}]}},"_links":{"self":[{"href":"https:\/\/ivari.ca\/fr\/wp-json\/wp\/v2\/pages\/45065","targetHints":{"allow":["GET"]}}],"collection":[{"href":"https:\/\/ivari.ca\/fr\/wp-json\/wp\/v2\/pages"}],"about":[{"href":"https:\/\/ivari.ca\/fr\/wp-json\/wp\/v2\/types\/page"}],"author":[{"embeddable":true,"href":"https:\/\/ivari.ca\/fr\/wp-json\/wp\/v2\/users\/13"}],"replies":[{"embeddable":true,"href":"https:\/\/ivari.ca\/fr\/wp-json\/wp\/v2\/comments?post=45065"}],"version-history":[{"count":0,"href":"https:\/\/ivari.ca\/fr\/wp-json\/wp\/v2\/pages\/45065\/revisions"}],"up":[{"embeddable":true,"href":"https:\/\/ivari.ca\/fr\/wp-json\/wp\/v2\/pages\/45056"}],"wp:attachment":[{"href":"https:\/\/ivari.ca\/fr\/wp-json\/wp\/v2\/media?parent=45065"}],"wp:term":[{"taxonomy":"query_groups","embeddable":true,"href":"https:\/\/ivari.ca\/fr\/wp-json\/wp\/v2\/query_groups?post=45065"}],"curies":[{"name":"wp","href":"https:\/\/api.w.org\/{rel}","templated":true}]}}