



{"id":45060,"date":"2023-08-15T14:51:04","date_gmt":"2023-08-15T18:51:04","guid":{"rendered":"https:\/\/ivari.ca\/?page_id=45060"},"modified":"2023-09-08T11:56:56","modified_gmt":"2023-09-08T15:56:56","slug":"lavantage-maple-au-titre-de-lassurance-maladies-graves-divari","status":"publish","type":"page","link":"https:\/\/ivari.ca\/fr\/email\/lavantage-maple-au-titre-de-lassurance-maladies-graves-divari\/","title":{"rendered":"L\u2019avantage Maple au titre de l\u2019assurance maladies graves d\u2019ivari"},"content":{"rendered":"<div class=\"wpb-content-wrapper\"><p>[vc_row css=\u00a0\u00bb.vc_custom_1634649296002{background-position: center !important;background-repeat: no-repeat !important;background-size: cover !important;}\u00a0\u00bb el_id=\u00a0\u00bbpost-banner\u00a0\u00bb el_class=\u00a0\u00bbpost-banner-blue\u00a0\u00bb][vc_column][vc_row_inner content_placement=\u00a0\u00bbbottom\u00a0\u00bb css=\u00a0\u00bb.vc_custom_1692125617263{background-image: url(https:\/\/ivari.ca\/files\/telemedicine.jpg?id=45058) !important;background-position: center !important;background-repeat: no-repeat !important;background-size: cover !important;}\u00a0\u00bb el_class=\u00a0\u00bbpost-banner\u00a0\u00bb][vc_column_inner el_class=\u00a0\u00bbimage-row-text-column\u00a0\u00bb width=\u00a0\u00bb2\/5&Prime;][vc_column_text]<\/p>\n<h1>\t\t\t<span id=\"typedjs34\" class=\"animated-typed-js-shortcode \"><\/span>\n\t\t\t<script>\n\t\t\tvar typedjs34 = new Typed('#typedjs34', {\n\t\t\t\tstrings: [\"L\\u2019avantage Maple au titre de l\\u2019assurance maladies graves d\\u2019ivari\"],\n\t\t\t\ttypeSpeed: 80,\n\t\t\t\tbackSpeed: 50,\n\t\t\t\tbackDelay: 500,\n\t\t\t\tstartDelay: 1000,\n\t\t\t\tloop: false,\n\t\t\t\tloopCount: 0,\n\t\t\t\tfadeOut: false,\n\t\t\t\tfadeOutDelay: 500,\n\t\t\t\tsmartBackspace: true,\n\t\t\t\tshuffle: false,\n\t\t\t\tshowCursor: true,\n\t\t\t\tcursorChar: \"|\"\n\t\t\t});\n\t\t\t<\/script>\n\n\t\t<\/h1>\n<p>[\/vc_column_text][\/vc_column_inner][vc_column_inner width=\u00a0\u00bb3\/5&Prime;][\/vc_column_inner][\/vc_row_inner][\/vc_column][\/vc_row][vc_row el_class=\u00a0\u00bbivari-row\u00a0\u00bb][vc_column][vc_column_text]Apr\u00e8s avoir re\u00e7u un diagnostic de maladie grave, les clients se posent des questions. C\u2019est pourquoi toutes les polices d\u2019assurance maladies graves d\u2019ivari sont assorties d\u2019un acc\u00e8s 24 heures sur 24, 7 jours sur 7, au\u00a0<a href=\"\/files\/LP2133FR.pdf\" target=\"_blank\" rel=\"noopener noreferrer\">Service de soins de sant\u00e9 virtuels de Maple<\/a>, qui offre ce qui suit\u00a0:<\/p>\n<ul class=\"simple-list-1\">\n<li>Acc\u00e8s \u00e0 un m\u00e9decin en quelques minutes;<\/li>\n<li>Service offert 24 heures sur 24, 7 jours sur 7, donnant droit \u00e0 quatre consultations par an;<\/li>\n<li>Communication par texto, visioconf\u00e9rence ou appel audio;<\/li>\n<li>Guichet unique pour les conseils, les ordonnances, les analyses en laboratoire et bien plus;<\/li>\n<li>Gestion et stockage des donn\u00e9es de sant\u00e9;<\/li>\n<li>Obtention de l\u2019avis d\u2019experts m\u00e9dicaux qualifi\u00e9s.<\/li>\n<\/ul>\n<p>Procurez \u00e0 vos clients une protection des plus compl\u00e8tes. Notre vaste gamme de produits d\u2019assurance comprend notre souple protection contre les maladies graves offerte \u00e0 co\u00fbt modique, dont le service de soins de sant\u00e9 virtuels de Maple.[\/vc_column_text][\/vc_column][\/vc_row]<\/p>\n<\/div>","protected":false},"excerpt":{"rendered":"<p> Apr\u00e8s avoir re\u00e7u un diagnostic de maladie grave, les clients se posent des questions. C\u2019est pourquoi toutes les polices d\u2019assurance maladies graves d\u2019ivari sont assorties&#8230;<\/p>\n","protected":false},"author":13,"featured_media":0,"parent":45056,"menu_order":0,"comment_status":"closed","ping_status":"closed","template":"","meta":{"_acf_changed":false,"_searchwp_excluded":"1","footnotes":""},"query_groups":[],"class_list":["post-45060","page","type-page","status-publish","hentry"],"acf":[],"yoast_head":"<!-- This site is optimized with the Yoast SEO plugin v27.3 - https:\/\/yoast.com\/product\/yoast-seo-wordpress\/ -->\n<title>L\u2019avantage Maple au titre de l\u2019assurance maladies graves d\u2019ivari - ivari<\/title>\n<meta name=\"robots\" content=\"index, follow, max-snippet:-1, max-image-preview:large, max-video-preview:-1\" \/>\n<link rel=\"canonical\" href=\"https:\/\/ivari.ca\/fr\/email\/lavantage-maple-au-titre-de-lassurance-maladies-graves-divari\/\" \/>\n<meta property=\"og:locale\" content=\"fr_FR\" \/>\n<meta property=\"og:type\" content=\"article\" \/>\n<meta property=\"og:title\" content=\"L\u2019avantage Maple au titre de l\u2019assurance maladies graves d\u2019ivari - ivari\" \/>\n<meta property=\"og:description\" content=\"Apr\u00e8s avoir re\u00e7u un diagnostic de maladie grave, les clients se posent des questions. C\u2019est pourquoi toutes les polices d\u2019assurance maladies graves d\u2019ivari sont assorties...\" \/>\n<meta property=\"og:url\" content=\"https:\/\/ivari.ca\/fr\/email\/lavantage-maple-au-titre-de-lassurance-maladies-graves-divari\/\" \/>\n<meta property=\"og:site_name\" content=\"ivari\" \/>\n<meta property=\"article:modified_time\" content=\"2023-09-08T15:56:56+00:00\" \/>\n<meta name=\"twitter:card\" content=\"summary_large_image\" \/>\n<meta name=\"twitter:label1\" content=\"Dur\u00e9e de lecture estim\u00e9e\" \/>\n\t<meta name=\"twitter:data1\" content=\"1 minute\" \/>\n<script type=\"application\/ld+json\" class=\"yoast-schema-graph\">{\"@context\":\"https:\\\/\\\/schema.org\",\"@graph\":[{\"@type\":\"WebPage\",\"@id\":\"https:\\\/\\\/ivari.ca\\\/fr\\\/email\\\/lavantage-maple-au-titre-de-lassurance-maladies-graves-divari\\\/\",\"url\":\"https:\\\/\\\/ivari.ca\\\/fr\\\/email\\\/lavantage-maple-au-titre-de-lassurance-maladies-graves-divari\\\/\",\"name\":\"L\u2019avantage Maple au titre de l\u2019assurance maladies graves d\u2019ivari - ivari\",\"isPartOf\":{\"@id\":\"https:\\\/\\\/ivari.ca\\\/#website\"},\"datePublished\":\"2023-08-15T18:51:04+00:00\",\"dateModified\":\"2023-09-08T15:56:56+00:00\",\"breadcrumb\":{\"@id\":\"https:\\\/\\\/ivari.ca\\\/fr\\\/email\\\/lavantage-maple-au-titre-de-lassurance-maladies-graves-divari\\\/#breadcrumb\"},\"inLanguage\":\"fr-FR\",\"potentialAction\":[{\"@type\":\"ReadAction\",\"target\":[\"https:\\\/\\\/ivari.ca\\\/fr\\\/email\\\/lavantage-maple-au-titre-de-lassurance-maladies-graves-divari\\\/\"]}]},{\"@type\":\"BreadcrumbList\",\"@id\":\"https:\\\/\\\/ivari.ca\\\/fr\\\/email\\\/lavantage-maple-au-titre-de-lassurance-maladies-graves-divari\\\/#breadcrumb\",\"itemListElement\":[{\"@type\":\"ListItem\",\"position\":1,\"name\":\"Home\",\"item\":\"https:\\\/\\\/ivari.ca\\\/fr\\\/\"},{\"@type\":\"ListItem\",\"position\":2,\"name\":\"email\",\"item\":\"https:\\\/\\\/ivari.ca\\\/fr\\\/email\\\/\"},{\"@type\":\"ListItem\",\"position\":3,\"name\":\"L\u2019avantage Maple au titre de l\u2019assurance maladies graves d\u2019ivari\"}]},{\"@type\":\"WebSite\",\"@id\":\"https:\\\/\\\/ivari.ca\\\/#website\",\"url\":\"https:\\\/\\\/ivari.ca\\\/\",\"name\":\"ivari\",\"description\":\"\",\"potentialAction\":[{\"@type\":\"SearchAction\",\"target\":{\"@type\":\"EntryPoint\",\"urlTemplate\":\"https:\\\/\\\/ivari.ca\\\/?s={search_term_string}\"},\"query-input\":{\"@type\":\"PropertyValueSpecification\",\"valueRequired\":true,\"valueName\":\"search_term_string\"}}],\"inLanguage\":\"fr-FR\"}]}<\/script>\n<!-- \/ Yoast SEO plugin. -->","yoast_head_json":{"title":"L\u2019avantage Maple au titre de l\u2019assurance maladies graves d\u2019ivari - ivari","robots":{"index":"index","follow":"follow","max-snippet":"max-snippet:-1","max-image-preview":"max-image-preview:large","max-video-preview":"max-video-preview:-1"},"canonical":"https:\/\/ivari.ca\/fr\/email\/lavantage-maple-au-titre-de-lassurance-maladies-graves-divari\/","og_locale":"fr_FR","og_type":"article","og_title":"L\u2019avantage Maple au titre de l\u2019assurance maladies graves d\u2019ivari - ivari","og_description":"Apr\u00e8s avoir re\u00e7u un diagnostic de maladie grave, les clients se posent des questions. C\u2019est pourquoi toutes les polices d\u2019assurance maladies graves d\u2019ivari sont assorties...","og_url":"https:\/\/ivari.ca\/fr\/email\/lavantage-maple-au-titre-de-lassurance-maladies-graves-divari\/","og_site_name":"ivari","article_modified_time":"2023-09-08T15:56:56+00:00","twitter_card":"summary_large_image","twitter_misc":{"Dur\u00e9e de lecture estim\u00e9e":"1 minute"},"schema":{"@context":"https:\/\/schema.org","@graph":[{"@type":"WebPage","@id":"https:\/\/ivari.ca\/fr\/email\/lavantage-maple-au-titre-de-lassurance-maladies-graves-divari\/","url":"https:\/\/ivari.ca\/fr\/email\/lavantage-maple-au-titre-de-lassurance-maladies-graves-divari\/","name":"L\u2019avantage Maple au titre de l\u2019assurance maladies graves d\u2019ivari - ivari","isPartOf":{"@id":"https:\/\/ivari.ca\/#website"},"datePublished":"2023-08-15T18:51:04+00:00","dateModified":"2023-09-08T15:56:56+00:00","breadcrumb":{"@id":"https:\/\/ivari.ca\/fr\/email\/lavantage-maple-au-titre-de-lassurance-maladies-graves-divari\/#breadcrumb"},"inLanguage":"fr-FR","potentialAction":[{"@type":"ReadAction","target":["https:\/\/ivari.ca\/fr\/email\/lavantage-maple-au-titre-de-lassurance-maladies-graves-divari\/"]}]},{"@type":"BreadcrumbList","@id":"https:\/\/ivari.ca\/fr\/email\/lavantage-maple-au-titre-de-lassurance-maladies-graves-divari\/#breadcrumb","itemListElement":[{"@type":"ListItem","position":1,"name":"Home","item":"https:\/\/ivari.ca\/fr\/"},{"@type":"ListItem","position":2,"name":"email","item":"https:\/\/ivari.ca\/fr\/email\/"},{"@type":"ListItem","position":3,"name":"L\u2019avantage Maple au titre de l\u2019assurance maladies graves d\u2019ivari"}]},{"@type":"WebSite","@id":"https:\/\/ivari.ca\/#website","url":"https:\/\/ivari.ca\/","name":"ivari","description":"","potentialAction":[{"@type":"SearchAction","target":{"@type":"EntryPoint","urlTemplate":"https:\/\/ivari.ca\/?s={search_term_string}"},"query-input":{"@type":"PropertyValueSpecification","valueRequired":true,"valueName":"search_term_string"}}],"inLanguage":"fr-FR"}]}},"_links":{"self":[{"href":"https:\/\/ivari.ca\/fr\/wp-json\/wp\/v2\/pages\/45060","targetHints":{"allow":["GET"]}}],"collection":[{"href":"https:\/\/ivari.ca\/fr\/wp-json\/wp\/v2\/pages"}],"about":[{"href":"https:\/\/ivari.ca\/fr\/wp-json\/wp\/v2\/types\/page"}],"author":[{"embeddable":true,"href":"https:\/\/ivari.ca\/fr\/wp-json\/wp\/v2\/users\/13"}],"replies":[{"embeddable":true,"href":"https:\/\/ivari.ca\/fr\/wp-json\/wp\/v2\/comments?post=45060"}],"version-history":[{"count":0,"href":"https:\/\/ivari.ca\/fr\/wp-json\/wp\/v2\/pages\/45060\/revisions"}],"up":[{"embeddable":true,"href":"https:\/\/ivari.ca\/fr\/wp-json\/wp\/v2\/pages\/45056"}],"wp:attachment":[{"href":"https:\/\/ivari.ca\/fr\/wp-json\/wp\/v2\/media?parent=45060"}],"wp:term":[{"taxonomy":"query_groups","embeddable":true,"href":"https:\/\/ivari.ca\/fr\/wp-json\/wp\/v2\/query_groups?post=45060"}],"curies":[{"name":"wp","href":"https:\/\/api.w.org\/{rel}","templated":true}]}}