



{"id":45055,"date":"2023-08-15T13:51:22","date_gmt":"2023-08-15T17:51:22","guid":{"rendered":"https:\/\/ivari.ca\/?page_id=45055"},"modified":"2023-08-18T15:21:49","modified_gmt":"2023-08-18T19:21:49","slug":"deux-produits-cinq-points-de-protection","status":"publish","type":"page","link":"https:\/\/ivari.ca\/fr\/email\/deux-produits-cinq-points-de-protection\/","title":{"rendered":"Deux produits\u2026 cinq points de protection"},"content":{"rendered":"<div class=\"wpb-content-wrapper\"><p>[vc_row css=\u00a0\u00bb.vc_custom_1634649296002{background-position: center !important;background-repeat: no-repeat !important;background-size: cover !important;}\u00a0\u00bb el_id=\u00a0\u00bbpost-banner\u00a0\u00bb el_class=\u00a0\u00bbpost-banner-blue\u00a0\u00bb][vc_column][vc_row_inner content_placement=\u00a0\u00bbbottom\u00a0\u00bb css=\u00a0\u00bb.vc_custom_1692121836159{background-image: url(https:\/\/ivari.ca\/files\/Indian-couple-reviewing-document-with-male-advisor.jpg?id=45052) !important;background-position: center !important;background-repeat: no-repeat !important;background-size: cover !important;}\u00a0\u00bb el_class=\u00a0\u00bbpost-banner\u00a0\u00bb][vc_column_inner el_class=\u00a0\u00bbimage-row-text-column\u00a0\u00bb width=\u00a0\u00bb2\/5&Prime;][vc_column_text]<\/p>\n<h1>\t\t\t<span id=\"typedjs24\" class=\"animated-typed-js-shortcode \"><\/span>\n\t\t\t<script>\n\t\t\tvar typedjs24 = new Typed('#typedjs24', {\n\t\t\t\tstrings: [\"Deux produits\\u2026 cinq points de protection\"],\n\t\t\t\ttypeSpeed: 80,\n\t\t\t\tbackSpeed: 50,\n\t\t\t\tbackDelay: 500,\n\t\t\t\tstartDelay: 1000,\n\t\t\t\tloop: false,\n\t\t\t\tloopCount: 0,\n\t\t\t\tfadeOut: false,\n\t\t\t\tfadeOutDelay: 500,\n\t\t\t\tsmartBackspace: true,\n\t\t\t\tshuffle: false,\n\t\t\t\tshowCursor: true,\n\t\t\t\tcursorChar: \"|\"\n\t\t\t});\n\t\t\t<\/script>\n\n\t\t<\/h1>\n<p>[\/vc_column_text][\/vc_column_inner][vc_column_inner width=\u00a0\u00bb3\/5&Prime;][\/vc_column_inner][\/vc_row_inner][\/vc_column][\/vc_row][vc_row el_class=\u00a0\u00bbivari-row\u00a0\u00bb][vc_column][vc_column_text]Vous cherchez une solution enti\u00e8re pour r\u00e9pondre aux besoins de vos clients? ivari a tout pr\u00e9vu pour vous! Notre <a href=\"\/files\/WFG-LP1822FR.pdf\" target=\"_blank\" rel=\"noopener noreferrer\">r\u00e9gime d&rsquo;assurance vie universelle prosp\u00e9rit\u00e9<\/a>* exclusif \u00e0 WFG, assorti d\u2019un <a href=\"\/files\/LP1794FR.pdf\" target=\"_blank\" rel=\"noopener noreferrer\">avenant d&rsquo;assurance maladies graves<\/a>, offre aux clients toutes ces garanties dans le cadre d\u2019une seule police\u00a0:<\/p>\n<ol>\n<li><strong>Protection du revenu<\/strong> \u2013 Offerte par l\u2019entremise d\u2019un r\u00e9gime d\u2019assurance vie universelle.<\/li>\n<li><strong>Croissance des placements avec report d\u2019imp\u00f4t<\/strong> \u2013 Aucuns frais dans le cadre des options d\u2019int\u00e9r\u00eat sur indice g\u00e9r\u00e9es.<\/li>\n<li><strong>Prestation du vivant de l\u2019assur\u00e9<\/strong> \u2013 Acc\u00e8s \u00e0 la valeur du fonds sans frais de rachat et en franchise d\u2019imp\u00f4t** lorsque l\u2019assur\u00e9 est atteint d\u2019une invalidit\u00e9 correspondant \u00e0 la d\u00e9finition pr\u00e9vue au contrat.***<\/li>\n<li><strong><a href=\"\/files\/WFG1882FR.pdf\" target=\"_blank\" rel=\"noopener noreferrer\">Services de conciergerie fun\u00e9raires Everest\u2020<\/a><\/strong> \u2013 Assistance 24 heures sur 24 et 7 jours sur 7 pour la planification fun\u00e9raire.<\/li>\n<li><strong><a href=\"\/files\/LP2133FR.pdf\" target=\"_blank\" rel=\"noopener noreferrer\">Service de soins de sant\u00e9 virtuels de Maple\u2020<\/a><\/strong> \u2013 Garantie permettant aux assur\u00e9s de consulter des m\u00e9decins canadiens, en tout temps!<\/li>\n<\/ol>\n<p>N\u2019h\u00e9sitez pas \u00e0 <a href=\"mailto:ventes@ivari.ca\">nous contacter<\/a> pour en savoir plus.<\/p>\n<p><sup>* Capital assur\u00e9 minimal : 100 000 $.<\/sup><\/p>\n<p><sup>** En vertu de la <em>Loi de l&rsquo;imp\u00f4t sur le revenu<\/em> (Canada) et \u00e0 la date de publication, le versement de la prestation du vivant de l&rsquo;assur\u00e9 n&rsquo;est pas imposable. La l\u00e9gislation applicable et les attentes r\u00e9glementaires peuvent changer, et il incombe \u00e0 votre client de d\u00e9terminer dans quelle mesure ces lois s\u2019appliquent dans son cas. ivari ne garantit pas le traitement fiscal des caract\u00e9ristiques de ses produits et n\u2019est pas responsable des incidences fiscales qui peuvent affecter votre client. Veuillez vous assurer que votre client consulte un conseiller juridique ou fiscal qualifi\u00e9 pour obtenir un avis personnalis\u00e9 s\u2019il souhaite se pr\u00e9valoir de la prestation du vivant de l\u2019assur\u00e9.<\/sup><\/p>\n<p><sup>*** Pour plus de pr\u00e9cisions sur la d\u00e9finition de l\u2019invalidit\u00e9 et sur les autres crit\u00e8res d\u2019admissibilit\u00e9 \u00e0 la garantie, veuillez consulter les dispositions contractuelles. L\u2019invalidit\u00e9 r\u00e9sultant d\u2019une affection pr\u00e9existante est exclue. D\u2019autres restrictions ou conditions peuvent s\u2019appliquer. Le versement de la prestation du vivant de l\u2019assur\u00e9 peut donner lieu \u00e0 un rajustement du capital assur\u00e9; de plus, il r\u00e9duira la prestation-d\u00e9c\u00e8s et la valeur totale du fonds de la police.<\/sup><\/p>\n<p><sup>\u2020 Les services d\u2019Everest ne sont offerts qu\u2019aux clients d\u00e9tenteurs d\u2019une police d\u2019assurance vie universelle prosp\u00e9rit\u00e9 en vigueur. Le service de soins de sant\u00e9 virtuels de Maple et les Services de conciergerie fun\u00e9raires Everest sont des garanties extracontractuelles offertes sous r\u00e9serve de la disponibilit\u00e9 des programmes. ivari et ses soci\u00e9t\u00e9s affili\u00e9es ne sont pas responsables de la qualit\u00e9 ou de la disponibilit\u00e9 des produits ou services offerts par Maple Corporation, Everest Canada LLC, ou l\u2019une de leurs soci\u00e9t\u00e9s affili\u00e9es.<\/sup>[\/vc_column_text][\/vc_column][\/vc_row]<\/p>\n<\/div>","protected":false},"excerpt":{"rendered":"<p> Vous cherchez une solution enti\u00e8re pour r\u00e9pondre aux besoins de vos clients? ivari a tout pr\u00e9vu pour vous! Notre r\u00e9gime d&rsquo;assurance vie universelle prosp\u00e9rit\u00e9* exclusif&#8230;<\/p>\n","protected":false},"author":13,"featured_media":0,"parent":45056,"menu_order":0,"comment_status":"closed","ping_status":"closed","template":"","meta":{"_acf_changed":false,"_searchwp_excluded":"1","footnotes":""},"query_groups":[],"class_list":["post-45055","page","type-page","status-publish","hentry"],"acf":[],"yoast_head":"<!-- This site is optimized with the Yoast SEO plugin v27.3 - https:\/\/yoast.com\/product\/yoast-seo-wordpress\/ -->\n<title>Deux produits\u2026 cinq points de protection - ivari<\/title>\n<meta name=\"robots\" content=\"index, follow, max-snippet:-1, max-image-preview:large, max-video-preview:-1\" \/>\n<link rel=\"canonical\" href=\"https:\/\/ivari.ca\/fr\/email\/deux-produits-cinq-points-de-protection\/\" \/>\n<meta property=\"og:locale\" content=\"fr_FR\" \/>\n<meta property=\"og:type\" content=\"article\" \/>\n<meta property=\"og:title\" content=\"Deux produits\u2026 cinq points de protection - ivari\" \/>\n<meta property=\"og:description\" content=\"Vous cherchez une solution enti\u00e8re pour r\u00e9pondre aux besoins de vos clients? ivari a tout pr\u00e9vu pour vous! Notre r\u00e9gime d&rsquo;assurance vie universelle prosp\u00e9rit\u00e9* exclusif...\" \/>\n<meta property=\"og:url\" content=\"https:\/\/ivari.ca\/fr\/email\/deux-produits-cinq-points-de-protection\/\" \/>\n<meta property=\"og:site_name\" content=\"ivari\" \/>\n<meta property=\"article:modified_time\" content=\"2023-08-18T19:21:49+00:00\" \/>\n<meta name=\"twitter:card\" content=\"summary_large_image\" \/>\n<meta name=\"twitter:label1\" content=\"Dur\u00e9e de lecture estim\u00e9e\" \/>\n\t<meta name=\"twitter:data1\" content=\"3 minutes\" \/>\n<script type=\"application\/ld+json\" class=\"yoast-schema-graph\">{\"@context\":\"https:\\\/\\\/schema.org\",\"@graph\":[{\"@type\":\"WebPage\",\"@id\":\"https:\\\/\\\/ivari.ca\\\/fr\\\/email\\\/deux-produits-cinq-points-de-protection\\\/\",\"url\":\"https:\\\/\\\/ivari.ca\\\/fr\\\/email\\\/deux-produits-cinq-points-de-protection\\\/\",\"name\":\"Deux produits\u2026 cinq points de protection - ivari\",\"isPartOf\":{\"@id\":\"https:\\\/\\\/ivari.ca\\\/#website\"},\"datePublished\":\"2023-08-15T17:51:22+00:00\",\"dateModified\":\"2023-08-18T19:21:49+00:00\",\"breadcrumb\":{\"@id\":\"https:\\\/\\\/ivari.ca\\\/fr\\\/email\\\/deux-produits-cinq-points-de-protection\\\/#breadcrumb\"},\"inLanguage\":\"fr-FR\",\"potentialAction\":[{\"@type\":\"ReadAction\",\"target\":[\"https:\\\/\\\/ivari.ca\\\/fr\\\/email\\\/deux-produits-cinq-points-de-protection\\\/\"]}]},{\"@type\":\"BreadcrumbList\",\"@id\":\"https:\\\/\\\/ivari.ca\\\/fr\\\/email\\\/deux-produits-cinq-points-de-protection\\\/#breadcrumb\",\"itemListElement\":[{\"@type\":\"ListItem\",\"position\":1,\"name\":\"Home\",\"item\":\"https:\\\/\\\/ivari.ca\\\/fr\\\/\"},{\"@type\":\"ListItem\",\"position\":2,\"name\":\"email\",\"item\":\"https:\\\/\\\/ivari.ca\\\/fr\\\/email\\\/\"},{\"@type\":\"ListItem\",\"position\":3,\"name\":\"Deux produits\u2026 cinq points de protection\"}]},{\"@type\":\"WebSite\",\"@id\":\"https:\\\/\\\/ivari.ca\\\/#website\",\"url\":\"https:\\\/\\\/ivari.ca\\\/\",\"name\":\"ivari\",\"description\":\"\",\"potentialAction\":[{\"@type\":\"SearchAction\",\"target\":{\"@type\":\"EntryPoint\",\"urlTemplate\":\"https:\\\/\\\/ivari.ca\\\/?s={search_term_string}\"},\"query-input\":{\"@type\":\"PropertyValueSpecification\",\"valueRequired\":true,\"valueName\":\"search_term_string\"}}],\"inLanguage\":\"fr-FR\"}]}<\/script>\n<!-- \/ Yoast SEO plugin. -->","yoast_head_json":{"title":"Deux produits\u2026 cinq points de protection - ivari","robots":{"index":"index","follow":"follow","max-snippet":"max-snippet:-1","max-image-preview":"max-image-preview:large","max-video-preview":"max-video-preview:-1"},"canonical":"https:\/\/ivari.ca\/fr\/email\/deux-produits-cinq-points-de-protection\/","og_locale":"fr_FR","og_type":"article","og_title":"Deux produits\u2026 cinq points de protection - ivari","og_description":"Vous cherchez une solution enti\u00e8re pour r\u00e9pondre aux besoins de vos clients? ivari a tout pr\u00e9vu pour vous! Notre r\u00e9gime d&rsquo;assurance vie universelle prosp\u00e9rit\u00e9* exclusif...","og_url":"https:\/\/ivari.ca\/fr\/email\/deux-produits-cinq-points-de-protection\/","og_site_name":"ivari","article_modified_time":"2023-08-18T19:21:49+00:00","twitter_card":"summary_large_image","twitter_misc":{"Dur\u00e9e de lecture estim\u00e9e":"3 minutes"},"schema":{"@context":"https:\/\/schema.org","@graph":[{"@type":"WebPage","@id":"https:\/\/ivari.ca\/fr\/email\/deux-produits-cinq-points-de-protection\/","url":"https:\/\/ivari.ca\/fr\/email\/deux-produits-cinq-points-de-protection\/","name":"Deux produits\u2026 cinq points de protection - ivari","isPartOf":{"@id":"https:\/\/ivari.ca\/#website"},"datePublished":"2023-08-15T17:51:22+00:00","dateModified":"2023-08-18T19:21:49+00:00","breadcrumb":{"@id":"https:\/\/ivari.ca\/fr\/email\/deux-produits-cinq-points-de-protection\/#breadcrumb"},"inLanguage":"fr-FR","potentialAction":[{"@type":"ReadAction","target":["https:\/\/ivari.ca\/fr\/email\/deux-produits-cinq-points-de-protection\/"]}]},{"@type":"BreadcrumbList","@id":"https:\/\/ivari.ca\/fr\/email\/deux-produits-cinq-points-de-protection\/#breadcrumb","itemListElement":[{"@type":"ListItem","position":1,"name":"Home","item":"https:\/\/ivari.ca\/fr\/"},{"@type":"ListItem","position":2,"name":"email","item":"https:\/\/ivari.ca\/fr\/email\/"},{"@type":"ListItem","position":3,"name":"Deux produits\u2026 cinq points de protection"}]},{"@type":"WebSite","@id":"https:\/\/ivari.ca\/#website","url":"https:\/\/ivari.ca\/","name":"ivari","description":"","potentialAction":[{"@type":"SearchAction","target":{"@type":"EntryPoint","urlTemplate":"https:\/\/ivari.ca\/?s={search_term_string}"},"query-input":{"@type":"PropertyValueSpecification","valueRequired":true,"valueName":"search_term_string"}}],"inLanguage":"fr-FR"}]}},"_links":{"self":[{"href":"https:\/\/ivari.ca\/fr\/wp-json\/wp\/v2\/pages\/45055","targetHints":{"allow":["GET"]}}],"collection":[{"href":"https:\/\/ivari.ca\/fr\/wp-json\/wp\/v2\/pages"}],"about":[{"href":"https:\/\/ivari.ca\/fr\/wp-json\/wp\/v2\/types\/page"}],"author":[{"embeddable":true,"href":"https:\/\/ivari.ca\/fr\/wp-json\/wp\/v2\/users\/13"}],"replies":[{"embeddable":true,"href":"https:\/\/ivari.ca\/fr\/wp-json\/wp\/v2\/comments?post=45055"}],"version-history":[{"count":0,"href":"https:\/\/ivari.ca\/fr\/wp-json\/wp\/v2\/pages\/45055\/revisions"}],"up":[{"embeddable":true,"href":"https:\/\/ivari.ca\/fr\/wp-json\/wp\/v2\/pages\/45056"}],"wp:attachment":[{"href":"https:\/\/ivari.ca\/fr\/wp-json\/wp\/v2\/media?parent=45055"}],"wp:term":[{"taxonomy":"query_groups","embeddable":true,"href":"https:\/\/ivari.ca\/fr\/wp-json\/wp\/v2\/query_groups?post=45055"}],"curies":[{"name":"wp","href":"https:\/\/api.w.org\/{rel}","templated":true}]}}