



{"id":44874,"date":"2023-08-03T09:59:58","date_gmt":"2023-08-03T13:59:58","guid":{"rendered":"https:\/\/ivari.ca\/?page_id=44874"},"modified":"2023-10-23T12:00:32","modified_gmt":"2023-10-23T16:00:32","slug":"mobile-ivari-360-bkg-fr","status":"publish","type":"page","link":"https:\/\/ivari.ca\/fr\/mobile-ivari-360-bkg-fr\/","title":{"rendered":"mobile-ivari-360-bkg-fr"},"content":{"rendered":"<div class=\"wpb-content-wrapper\"><p>[vc_row][vc_column][vc_column_text]<\/p>\n<h2>Prochains webinaires<\/h2>\n<h3>Formation courtage\/greatway<\/h3>\n<p>[\/vc_column_text][\/vc_column][\/vc_row][vc_row css=\u00a0\u00bb.vc_custom_1617044814473{margin-top: -120px !important;}\u00a0\u00bb][vc_column][vc_raw_html]JTVCd2NzLXNjaGVkdWxlJTIwaWQlM0QxMiU1RA==[\/vc_raw_html][vc_column_text css=\u00a0\u00bb.vc_custom_1627053131245{margin-top: -60px !important;}\u00a0\u00bb el_class=\u00a0\u00bbspacing-12&Prime;]<\/p>\n<h3>Prochaines formations<\/h3>\n<p>[\/vc_column_text][vc_raw_html css=\u00a0\u00bb.vc_custom_1617050595889{margin-top: -60px !important;}\u00a0\u00bb]JTVCd2NzLXNjaGVkdWxlJTIwaWQlM0QxNCU1RA==[\/vc_raw_html][vc_separator][\/vc_column][\/vc_row][vc_row css=\u00a0\u00bb.vc_custom_1617047971108{margin-top: -120px !important;}\u00a0\u00bb][vc_column][vc_column_text]Le nombre de places est limit\u00e9. Nous ajouterons constamment de nouveaux horaires; n\u2019oubliez pas de v\u00e9rifier r\u00e9guli\u00e8rement.<\/p>\n<p>Pour toutes questions, n\u2019h\u00e9sitez pas \u00e0 contacter votre \u00e9quipe des ventes ou \u00e0 nous \u00e9crire \u00e0 l\u2019adresse\u00a0<a href=\"mailto:sales@ivari.ca\">ventes@ivari.ca<\/a>.<\/p>\n<p>Remarque\u00a0:\u00a0 Ces webinaires n\u2019ouvrent pas droit \u00e0 des unit\u00e9s de formation continue.[\/vc_column_text][\/vc_column][\/vc_row]<\/p>\n<\/div>","protected":false},"excerpt":{"rendered":"<p> Prochains webinaires Formation courtage\/greatway JTVCd2NzLXNjaGVkdWxlJTIwaWQlM0QxMiU1RA== Prochaines formations JTVCd2NzLXNjaGVkdWxlJTIwaWQlM0QxNCU1RA==Le nombre de places est limit\u00e9. Nous ajouterons constamment de nouveaux horaires; n\u2019oubliez pas de v\u00e9rifier r\u00e9guli\u00e8rement. Pour toutes questions, n\u2019h\u00e9sitez pas \u00e0 contacter votre \u00e9quipe des ventes ou&#8230;<\/p>\n","protected":false},"author":9,"featured_media":0,"parent":0,"menu_order":0,"comment_status":"closed","ping_status":"closed","template":"template-blank.php","meta":{"_acf_changed":false,"_searchwp_excluded":"1","footnotes":""},"query_groups":[],"class_list":["post-44874","page","type-page","status-publish","hentry"],"acf":[],"yoast_head":"<!-- This site is optimized with the Yoast SEO plugin v27.3 - https:\/\/yoast.com\/product\/yoast-seo-wordpress\/ -->\n<title>mobile-ivari-360-bkg-fr - ivari<\/title>\n<meta name=\"robots\" content=\"index, follow, max-snippet:-1, max-image-preview:large, max-video-preview:-1\" \/>\n<link rel=\"canonical\" href=\"https:\/\/ivari.ca\/fr\/mobile-ivari-360-bkg-fr\/\" \/>\n<meta property=\"og:locale\" content=\"fr_FR\" \/>\n<meta property=\"og:type\" content=\"article\" \/>\n<meta property=\"og:title\" content=\"mobile-ivari-360-bkg-fr - ivari\" \/>\n<meta property=\"og:description\" content=\"Prochains webinaires Formation courtage\/greatway JTVCd2NzLXNjaGVkdWxlJTIwaWQlM0QxMiU1RA== Prochaines formations JTVCd2NzLXNjaGVkdWxlJTIwaWQlM0QxNCU1RA==Le nombre de places est limit\u00e9. Nous ajouterons constamment de nouveaux horaires; n\u2019oubliez pas de v\u00e9rifier r\u00e9guli\u00e8rement. Pour toutes questions, n\u2019h\u00e9sitez pas \u00e0 contacter votre \u00e9quipe des ventes ou...\" \/>\n<meta property=\"og:url\" content=\"https:\/\/ivari.ca\/fr\/mobile-ivari-360-bkg-fr\/\" \/>\n<meta property=\"og:site_name\" content=\"ivari\" \/>\n<meta property=\"article:modified_time\" content=\"2023-10-23T16:00:32+00:00\" \/>\n<meta name=\"twitter:card\" content=\"summary_large_image\" \/>\n<meta name=\"twitter:label1\" content=\"Dur\u00e9e de lecture estim\u00e9e\" \/>\n\t<meta name=\"twitter:data1\" content=\"1 minute\" \/>\n<script type=\"application\/ld+json\" class=\"yoast-schema-graph\">{\"@context\":\"https:\\\/\\\/schema.org\",\"@graph\":[{\"@type\":\"WebPage\",\"@id\":\"https:\\\/\\\/ivari.ca\\\/fr\\\/mobile-ivari-360-bkg-fr\\\/\",\"url\":\"https:\\\/\\\/ivari.ca\\\/fr\\\/mobile-ivari-360-bkg-fr\\\/\",\"name\":\"mobile-ivari-360-bkg-fr - ivari\",\"isPartOf\":{\"@id\":\"https:\\\/\\\/ivari.ca\\\/#website\"},\"datePublished\":\"2023-08-03T13:59:58+00:00\",\"dateModified\":\"2023-10-23T16:00:32+00:00\",\"breadcrumb\":{\"@id\":\"https:\\\/\\\/ivari.ca\\\/fr\\\/mobile-ivari-360-bkg-fr\\\/#breadcrumb\"},\"inLanguage\":\"fr-FR\",\"potentialAction\":[{\"@type\":\"ReadAction\",\"target\":[\"https:\\\/\\\/ivari.ca\\\/fr\\\/mobile-ivari-360-bkg-fr\\\/\"]}]},{\"@type\":\"BreadcrumbList\",\"@id\":\"https:\\\/\\\/ivari.ca\\\/fr\\\/mobile-ivari-360-bkg-fr\\\/#breadcrumb\",\"itemListElement\":[{\"@type\":\"ListItem\",\"position\":1,\"name\":\"Home\",\"item\":\"https:\\\/\\\/ivari.ca\\\/fr\\\/\"},{\"@type\":\"ListItem\",\"position\":2,\"name\":\"mobile-ivari-360-bkg-fr\"}]},{\"@type\":\"WebSite\",\"@id\":\"https:\\\/\\\/ivari.ca\\\/#website\",\"url\":\"https:\\\/\\\/ivari.ca\\\/\",\"name\":\"ivari\",\"description\":\"\",\"potentialAction\":[{\"@type\":\"SearchAction\",\"target\":{\"@type\":\"EntryPoint\",\"urlTemplate\":\"https:\\\/\\\/ivari.ca\\\/?s={search_term_string}\"},\"query-input\":{\"@type\":\"PropertyValueSpecification\",\"valueRequired\":true,\"valueName\":\"search_term_string\"}}],\"inLanguage\":\"fr-FR\"}]}<\/script>\n<!-- \/ Yoast SEO plugin. -->","yoast_head_json":{"title":"mobile-ivari-360-bkg-fr - ivari","robots":{"index":"index","follow":"follow","max-snippet":"max-snippet:-1","max-image-preview":"max-image-preview:large","max-video-preview":"max-video-preview:-1"},"canonical":"https:\/\/ivari.ca\/fr\/mobile-ivari-360-bkg-fr\/","og_locale":"fr_FR","og_type":"article","og_title":"mobile-ivari-360-bkg-fr - ivari","og_description":"Prochains webinaires Formation courtage\/greatway JTVCd2NzLXNjaGVkdWxlJTIwaWQlM0QxMiU1RA== Prochaines formations JTVCd2NzLXNjaGVkdWxlJTIwaWQlM0QxNCU1RA==Le nombre de places est limit\u00e9. Nous ajouterons constamment de nouveaux horaires; n\u2019oubliez pas de v\u00e9rifier r\u00e9guli\u00e8rement. Pour toutes questions, n\u2019h\u00e9sitez pas \u00e0 contacter votre \u00e9quipe des ventes ou...","og_url":"https:\/\/ivari.ca\/fr\/mobile-ivari-360-bkg-fr\/","og_site_name":"ivari","article_modified_time":"2023-10-23T16:00:32+00:00","twitter_card":"summary_large_image","twitter_misc":{"Dur\u00e9e de lecture estim\u00e9e":"1 minute"},"schema":{"@context":"https:\/\/schema.org","@graph":[{"@type":"WebPage","@id":"https:\/\/ivari.ca\/fr\/mobile-ivari-360-bkg-fr\/","url":"https:\/\/ivari.ca\/fr\/mobile-ivari-360-bkg-fr\/","name":"mobile-ivari-360-bkg-fr - ivari","isPartOf":{"@id":"https:\/\/ivari.ca\/#website"},"datePublished":"2023-08-03T13:59:58+00:00","dateModified":"2023-10-23T16:00:32+00:00","breadcrumb":{"@id":"https:\/\/ivari.ca\/fr\/mobile-ivari-360-bkg-fr\/#breadcrumb"},"inLanguage":"fr-FR","potentialAction":[{"@type":"ReadAction","target":["https:\/\/ivari.ca\/fr\/mobile-ivari-360-bkg-fr\/"]}]},{"@type":"BreadcrumbList","@id":"https:\/\/ivari.ca\/fr\/mobile-ivari-360-bkg-fr\/#breadcrumb","itemListElement":[{"@type":"ListItem","position":1,"name":"Home","item":"https:\/\/ivari.ca\/fr\/"},{"@type":"ListItem","position":2,"name":"mobile-ivari-360-bkg-fr"}]},{"@type":"WebSite","@id":"https:\/\/ivari.ca\/#website","url":"https:\/\/ivari.ca\/","name":"ivari","description":"","potentialAction":[{"@type":"SearchAction","target":{"@type":"EntryPoint","urlTemplate":"https:\/\/ivari.ca\/?s={search_term_string}"},"query-input":{"@type":"PropertyValueSpecification","valueRequired":true,"valueName":"search_term_string"}}],"inLanguage":"fr-FR"}]}},"_links":{"self":[{"href":"https:\/\/ivari.ca\/fr\/wp-json\/wp\/v2\/pages\/44874","targetHints":{"allow":["GET"]}}],"collection":[{"href":"https:\/\/ivari.ca\/fr\/wp-json\/wp\/v2\/pages"}],"about":[{"href":"https:\/\/ivari.ca\/fr\/wp-json\/wp\/v2\/types\/page"}],"author":[{"embeddable":true,"href":"https:\/\/ivari.ca\/fr\/wp-json\/wp\/v2\/users\/9"}],"replies":[{"embeddable":true,"href":"https:\/\/ivari.ca\/fr\/wp-json\/wp\/v2\/comments?post=44874"}],"version-history":[{"count":0,"href":"https:\/\/ivari.ca\/fr\/wp-json\/wp\/v2\/pages\/44874\/revisions"}],"wp:attachment":[{"href":"https:\/\/ivari.ca\/fr\/wp-json\/wp\/v2\/media?parent=44874"}],"wp:term":[{"taxonomy":"query_groups","embeddable":true,"href":"https:\/\/ivari.ca\/fr\/wp-json\/wp\/v2\/query_groups?post=44874"}],"curies":[{"name":"wp","href":"https:\/\/api.w.org\/{rel}","templated":true}]}}