



{"id":44116,"date":"2023-04-17T13:11:36","date_gmt":"2023-04-17T17:11:36","guid":{"rendered":"https:\/\/ivari.ca\/?page_id=44116"},"modified":"2025-10-17T11:40:46","modified_gmt":"2025-10-17T15:40:46","slug":"carte-du-site","status":"publish","type":"page","link":"https:\/\/ivari.ca\/fr\/carte-du-site\/","title":{"rendered":"Carte du Site"},"content":{"rendered":"<div class=\"wpb-content-wrapper\"><p>[vc_row][vc_column][vc_empty_space height=\u00a0\u00bb100px\u00a0\u00bb][\/vc_column][\/vc_row][vc_row][vc_column][vc_column_text]<\/p>\n<h1 class=\"fuchsia\">Carte du Site<\/h1>\n<p>[\/vc_column_text][\/vc_column][\/vc_row][vc_row][vc_column][vc_column_text]<\/p>\n<h2 class=\"fuchsia\">Produits<\/h2>\n<p>[\/vc_column_text][\/vc_column][\/vc_row][vc_row][vc_column width=\u00a0\u00bb1\/4&Prime;][vc_column_text css=\u00a0\u00bb\u00a0\u00bb]<strong>Assurance<\/strong><br \/>\n<a href=\"https:\/\/ivari.ca\/fr\/produits\/assurance\/apercu\/\">Aper\u00e7u<\/a><br \/>\n<a href=\"https:\/\/ivari.ca\/fr\/produits\/assurance\/planification-de-lassurance\/\">Planification de l\u2019assurance<\/a><br \/>\n<a href=\"\/fr\/produits\/assurance\/assurance-vie-universelle\/\">Assurance vie universelle<\/a><br \/>\n<a href=\"\/fr\/produits\/assurance\/assurance-vie-temporaire\/\">Assurance vie temporaire<\/a><br \/>\n<a href=\"\/fr\/produits\/assurance\/assurance-maladies-graves\/\">Assurance maladies graves<\/a><br \/>\n<a href=\"\/fr\/produits\/assurance\/assurance-vie-garantie-et-vie-simplifiee\/\">Assurance Vie garantie et Vie simplifi\u00e9e<\/a>[\/vc_column_text][\/vc_column][vc_column width=\u00a0\u00bb1\/4&Prime;][vc_column_text css=\u00a0\u00bb\u00a0\u00bb showfor=\u00a0\u00bbselected_user_roles\u00a0\u00bb selected_user_roles=\u00a0\u00bbwfg, greatway, brokerage, staff, administrator\u00a0\u00bb]<strong>Nos produits<\/strong><br \/>\n<a href=\"\/fr\/produits\/assurance\/vie-universelle-prosperite\/\">Assurance vie universelle prosp\u00e9rit\u00e9<\/a><br \/>\n<a href=\"\/fr\/produits\/assurance\/prosperite-vie-garantie-et-prosperite-vie-simplifiee\/\">prosperit\u00e9 vie garantie et prosperit\u00e9 vie simplifi\u00e9e<\/a><br \/>\n<a href=\"\/fr\/produits\/assurance\/serenite-vie-garantie-et-serenite-vie-simplifiee\/\">S\u00e9r\u00e9nit\u00e9 vie garantie et S\u00e9r\u00e9nit\u00e9 vie simplifi\u00e9e<\/a>[\/vc_column_text][\/vc_column][vc_column width=\u00a0\u00bb1\/4&Prime;][vc_column_text]<strong>Placements<\/strong><br \/>\n<a href=\"\/fr\/produits\/placements\/rentes\/\">Rentes<\/a><br \/>\n<a href=\"\/fr\/produits\/placements\/contrats-en-vigueur\/\">Contrats en vigueur<\/a>[\/vc_column_text][\/vc_column][vc_column width=\u00a0\u00bb1\/4&Prime;][vc_column_text css=\u00a0\u00bb\u00a0\u00bb]<strong>Prestations \u00e0 valeur ajout\u00e9e<\/strong><br \/>\n<a href=\"\/fr\/produits\/prestations-a-valeur-ajoutee\/maple\/\">Service de soins de sant\u00e9 virtuels de Maple<\/a>[\/vc_column_text][vc_column_text css=\u00a0\u00bb.vc_custom_1757429887519{margin-top: -30px !important;}\u00a0\u00bb showfor=\u00a0\u00bbselected_user_roles\u00a0\u00bb selected_user_roles=\u00a0\u00bbwfg, staff, administrator\u00a0\u00bb]<a href=\"\/fr\/produits\/prestations-a-valeur-ajoutee\/everest\/\">Services de conciergerie fun\u00e9raires Everest<\/a>[\/vc_column_text][\/vc_column][\/vc_row][vc_row][vc_column width=\u00a0\u00bb3\/4&Prime;][vc_column_text]<\/p>\n<h2 class=\"fuchsia\">Ressources<\/h2>\n<p>[\/vc_column_text][vc_row_inner][vc_column_inner width=\u00a0\u00bb1\/3&Prime;][vc_column_text]<strong>FAQ<\/strong><br \/>\n<a href=\"\/fr\/ressources\/faq\/comment-faire-pour\/\">Comment faire pour\u2026?<\/a><br \/>\n<a href=\"\/fr\/ressources\/faq\/demandes-de-reglement\/\">Demandes de r\u00e8glement<\/a><br \/>\n<a href=\"\/fr\/ressources\/faq\/lapproche-ivari-en-matiere-de-reglement\/\">L\u2019approche ivari en mati\u00e8re de r\u00e8glement<\/a><br \/>\n<a href=\"\/fr\/ressources\/faq\/options-de-paiement\/\">Options de paiement<\/a><br \/>\n<a href=\"\/fr\/ressources\/faq\/formulaires-et-guides\/\">Formulaires et guides<\/a><br \/>\n<a href=\"\/fr\/ressources\/faq\/bonnes-lectures\/\">Bonnes lectures<\/a><br \/>\n<a href=\"\/fr\/ressources\/faq\/faq-conseiller\/\">FAQ pour les conseillers<\/a>[\/vc_column_text][\/vc_column_inner][vc_column_inner width=\u00a0\u00bb1\/3&Prime;][vc_column_text css=\u00a0\u00bb\u00a0\u00bb]<strong>Outils<\/strong><br \/>\n<a href=\"\/fr\/ressources\/outils\/outils-numeriques\/\">Outils num\u00e9riques d\u2019ivari<\/a><br \/>\n<a href=\"https:\/\/myivari.ca\/\">Mon\u00a0ivari<\/a><br \/>\n<a href=\"\/portraitassurance\/\">Portrait-Assurance<\/a><br \/>\n<a href=\"\/quizsurlemieuxetre\/\">Quiz ivari sur le mieux-\u00eatre<\/a><br \/>\n<a href=\"\/quizfinancier\/\">Quiz connaissances financi\u00e8res<\/a><br \/>\n<a href=\"\/fr\/ressources\/outils\/envoyer-des-demandes\/\">Envoyer des demandes<\/a><br \/>\n<a href=\"\/fr\/ressources\/outils\/formulaires-de-soumission-directe\/\">Formulaires de soumission directe<\/a><br \/>\n<a href=\"\/fr\/ressources\/outils\/experience-mobile\/\">Experience mobile<\/a>[\/vc_column_text][\/vc_column_inner][vc_column_inner width=\u00a0\u00bb1\/3&Prime;][vc_column_text css=\u00a0\u00bb\u00a0\u00bb]<strong>Liens rapides \u2013 finance<\/strong><br \/>\n<a href=\"\/fr\/ressources\/liens-rapides-finance\/etats-financiers-fonds-distincts\/\">\u00c9tats financiers \u2013 fonds distincts<\/a><br \/>\n<a href=\"https:\/\/rates.ivari.ca\/fr\" target=\"_blank\" rel=\"noopener\">Taux de rendement et prix<\/a><br \/>\n<a href=\"\/fr\/ressources\/liens-rapides-finance\/recherche-par-code-de-fonds\/\">Recherche par code de fonds<\/a><br \/>\n<a href=\"\/fr\/ressources\/liens-rapides-finance\/apercus-et-rendements-des-fonds\/\">Aper\u00e7us et rendements des fonds<\/a>[\/vc_column_text][\/vc_column_inner][\/vc_row_inner][\/vc_column][vc_column width=\u00a0\u00bb1\/4&Prime;][vc_column_text css=\u00a0\u00bb\u00a0\u00bb]<\/p>\n<h2 class=\"fuchsia\">\u00c0 propos d&rsquo;ivari<\/h2>\n<p>[\/vc_column_text][vc_row_inner][vc_column_inner][vc_column_text]<strong>Notre compagnie<\/strong><br \/>\n<a href=\"\/fr\/a-propos-divari\/notre-compagnie\/information-sur-la-compagnie\/\">Information sur la compagnie<\/a><br \/>\n<a href=\"\/fr\/a-propos-divari\/notre-compagnie\/nouvelles\/\">Nouvelles<\/a><br \/>\n<a href=\"\/fr\/a-propos-divari\/notre-compagnie\/carrieres\/\">Carri\u00e8res<\/a><br \/>\n<a href=\"\/fr\/a-propos-divari\/notre-compagnie\/nouveaux-conseillers\/\">Nouveaux conseillers<\/a><br \/>\n<a href=\"\/fr\/a-propos-divari\/notre-compagnie\/coordonnees\/\">Coordonn\u00e9es<\/a><br \/>\n<a href=\"\/fr\/a-propos-divari\/notre-compagnie\/equipe-des-ventes\/\">\u00c9quipe des ventes<\/a><br \/>\n[\/vc_column_text][\/vc_column_inner][\/vc_row_inner][\/vc_column][\/vc_row][vc_row showfor=\u00a0\u00bbselected_user_roles\u00a0\u00bb selected_user_roles=\u00a0\u00bbwfg, brokerage, staff, greatway, administrator\u00a0\u00bb][vc_column][vc_column_text]<\/p>\n<h2 class=\"fuchsia\">Mes affaires<\/h2>\n<p>[\/vc_column_text][\/vc_column][\/vc_row][vc_row showfor=\u00a0\u00bbselected_user_roles\u00a0\u00bb selected_user_roles=\u00a0\u00bbadministrator, wfg, brokerage, greatway, staff\u00a0\u00bb el_class=\u00a0\u00bbivari-row\u00a0\u00bb][vc_column width=\u00a0\u00bb1\/4&Prime;][vc_column_text]<strong>Outils pour les conseillers<\/strong><br \/>\n<a href=\"\/fr\/mes-affaires\/outils-pour-les-conseillers\/outils-numeriques-pour-les-conseillers\/\">Outils num\u00e9riques pour les conseillers<\/a><br \/>\n<a href=\"https:\/\/securewebapp.ivari.ca\/messagecentre\/filedownload.aspx?lang=fr\">Centre de messages<\/a><br \/>\n<a href=\"https:\/\/securewebapp.ivari.ca\/UserManagement\/applicationredirect\/redirecttowebcappow.aspx?lang=fr\">webcappow<\/a><br \/>\n<a href=\"https:\/\/securewebapp.ivari.ca\/ecommissionstatement\/default.aspx?lang=fr\">Commissions<\/a><br \/>\n<a href=\"https:\/\/ivari.ca\/fr\/ressources\/faq\/bonnes-lectures\/assurez-votre-hypotheque\/ivari-360-2\/\">ivari 360<\/a><br \/>\n<a href=\"https:\/\/webcms.ivari.ca\/Logon.asp?LanguageCode=F\" target=\"_blank\" rel=\"noopener\">webSGR<\/a><br \/>\n<a href=\"\/portraitassurance\/\">Portrait-Assurance<\/a><br \/>\n<a href=\"\/fr\/mes-affaires\/outils-pour-les-conseillers\/mon-profil-dinvestisseur\/\">Mon\u00a0profil d\u2019investisseur<\/a>[\/vc_column_text][\/vc_column][vc_column width=\u00a0\u00bb1\/4&Prime;][vc_column_text css=\u00a0\u00bb\u00a0\u00bb]<strong>Espace affaires<\/strong><br \/>\n<a href=\"\/fr\/ressources\/faq\/formulaires-et-guides\/\">Formulaires et guides<\/a><br \/>\n<a href=\"\/fr\/mes-affaires\/espace-affaires\/materiel-de-marketing\/\">Mat\u00e9riel de marketing<\/a><br \/>\n<a href=\"\/fr\/mes-affaires\/espace-affaires\/renseignements-sur-les-contrats\/\">Renseignements sur les contrats<\/a><br \/>\n<a href=\"\/fr\/mes-affaires\/espace-affaires\/listes-et-feuilles-de-travail\/\">Listes et feuilles de travail<\/a><br \/>\n<a href=\"\/fr\/mes-affaires\/espace-affaires\/gestion-dentreprise\/\">Gestion d\u2019entreprise<\/a><br \/>\n<a href=\"\/fr\/mes-affaires\/espace-affaires\/soutien-prospection\/\">Soutien prospection<\/a><br \/>\n<a href=\"\/fr\/mes-affaires\/espace-affaires\/medias-sociaux\/\">M\u00e9dias sociaux<\/a><br \/>\n<a href=\"\/fr\/mes-affaires\/espace-affaires\/delivrance-electronique\/\">D\u00e9livrance \u00e9lectronique<\/a><br \/>\n<a href=\"\/fr\/ivari-presente\/\">ivari pr\u00e9sente<\/a>[\/vc_column_text][\/vc_column][vc_column width=\u00a0\u00bb1\/4&Prime;][vc_column_text css=\u00a0\u00bb\u00a0\u00bb]<strong>Liens rapides \u2013 soci\u00e9t\u00e9<\/strong><br \/>\n<a href=\"\/fr\/mes-affaires\/liens-rapides-societe\/nouvelles-affaires-et-administration-des-polices\/\">Nouvelles affaires et administration des polices<\/a><br \/>\n<a href=\"\/fr\/mes-affaires\/liens-rapides-societe\/tarification\/\">Tarification<\/a><br \/>\n<a href=\"\/fr\/mes-affaires\/liens-rapides-societe\/remuneration-et-contrats\/\">R\u00e9mun\u00e9ration et contrats<\/a><br \/>\n<a href=\"\/fr\/mes-affaires\/liens-rapides-societe\/conformite\/\">Conformit\u00e9<\/a><br \/>\n<a href=\"https:\/\/ivari.ca\/fr\/ressources\/faq\/bonnes-lectures\/assurez-votre-hypotheque\/ivari-info-2\/\">ivari\u00a0info<\/a><br \/>\n<a href=\"\/fr\/quoi-de-neuf\/\">Quoi de neuf<\/a><br \/>\n<a href=\"\/fr\/articles-et-idees\/\">Articles et id\u00e9es<\/a><br \/>\n<a href=\"\/fr\/mes-affaires\/liens-rapides-societe\/formes-de-soutien\/\">Formes de soutien<\/a><br \/>\n<a href=\"\/fr\/mes-affaires\/liens-rapides-societe\/cybersecurite\/\">Cybers\u00e9curit\u00e9<\/a>[\/vc_column_text][\/vc_column][vc_column width=\u00a0\u00bb1\/4&Prime; el_class=\u00a0\u00bbhideForSuspendedByCMSUser\u00a0\u00bb][vc_column_text]<strong>Formation continue<\/strong><br \/>\n<a href=\"\/fr\/mes-affaires\/formation-continue\/apprentissage-ivari\/\">Apprentissage ivari<\/a><br \/>\n<a href=\"https:\/\/securewebapp.ivari.ca\/advisortraining\/fr\">Centre d&rsquo;apprentissage<\/a><br \/>\n<a href=\"https:\/\/securewebapp.ivari.ca\/inclasstraining\/fr\">Historique de mes informations<\/a>[\/vc_column_text][\/vc_column][\/vc_row]<\/p>\n<\/div>","protected":false},"excerpt":{"rendered":"<p> Carte du Site  Produits Assurance Aper\u00e7u Planification de l\u2019assurance Assurance vie universelle Assurance vie temporaire Assurance maladies graves Assurance Vie garantie et Vie simplifi\u00e9eNos produits Assurance vie universelle prosp\u00e9rit\u00e9 prosperit\u00e9 vie garantie et prosperit\u00e9 vie simplifi\u00e9e S\u00e9r\u00e9nit\u00e9&#8230;<\/p>\n","protected":false},"author":9,"featured_media":0,"parent":0,"menu_order":0,"comment_status":"closed","ping_status":"closed","template":"","meta":{"_acf_changed":false,"_searchwp_excluded":"1","footnotes":""},"query_groups":[],"class_list":["post-44116","page","type-page","status-publish","hentry"],"acf":[],"yoast_head":"<!-- This site is optimized with the Yoast SEO plugin v27.3 - https:\/\/yoast.com\/product\/yoast-seo-wordpress\/ -->\n<title>Carte du Site - ivari<\/title>\n<meta name=\"robots\" content=\"index, follow, max-snippet:-1, max-image-preview:large, max-video-preview:-1\" \/>\n<link rel=\"canonical\" href=\"https:\/\/ivari.ca\/fr\/carte-du-site\/\" \/>\n<meta property=\"og:locale\" content=\"fr_FR\" \/>\n<meta property=\"og:type\" content=\"article\" \/>\n<meta property=\"og:title\" content=\"Carte du Site - ivari\" \/>\n<meta property=\"og:description\" content=\"Carte du Site Produits Assurance Aper\u00e7u Planification de l\u2019assurance Assurance vie universelle Assurance vie temporaire Assurance maladies graves Assurance Vie garantie et Vie simplifi\u00e9eNos produits Assurance vie universelle prosp\u00e9rit\u00e9 prosperit\u00e9 vie garantie et prosperit\u00e9 vie simplifi\u00e9e S\u00e9r\u00e9nit\u00e9...\" \/>\n<meta property=\"og:url\" content=\"https:\/\/ivari.ca\/fr\/carte-du-site\/\" \/>\n<meta property=\"og:site_name\" content=\"ivari\" \/>\n<meta property=\"article:modified_time\" content=\"2025-10-17T15:40:46+00:00\" \/>\n<meta name=\"twitter:card\" content=\"summary_large_image\" \/>\n<meta name=\"twitter:label1\" content=\"Dur\u00e9e de lecture estim\u00e9e\" \/>\n\t<meta name=\"twitter:data1\" content=\"2 minutes\" \/>\n<script type=\"application\/ld+json\" class=\"yoast-schema-graph\">{\"@context\":\"https:\\\/\\\/schema.org\",\"@graph\":[{\"@type\":\"WebPage\",\"@id\":\"https:\\\/\\\/ivari.ca\\\/fr\\\/carte-du-site\\\/\",\"url\":\"https:\\\/\\\/ivari.ca\\\/fr\\\/carte-du-site\\\/\",\"name\":\"Carte du Site - ivari\",\"isPartOf\":{\"@id\":\"https:\\\/\\\/ivari.ca\\\/#website\"},\"datePublished\":\"2023-04-17T17:11:36+00:00\",\"dateModified\":\"2025-10-17T15:40:46+00:00\",\"breadcrumb\":{\"@id\":\"https:\\\/\\\/ivari.ca\\\/fr\\\/carte-du-site\\\/#breadcrumb\"},\"inLanguage\":\"fr-FR\",\"potentialAction\":[{\"@type\":\"ReadAction\",\"target\":[\"https:\\\/\\\/ivari.ca\\\/fr\\\/carte-du-site\\\/\"]}]},{\"@type\":\"BreadcrumbList\",\"@id\":\"https:\\\/\\\/ivari.ca\\\/fr\\\/carte-du-site\\\/#breadcrumb\",\"itemListElement\":[{\"@type\":\"ListItem\",\"position\":1,\"name\":\"Home\",\"item\":\"https:\\\/\\\/ivari.ca\\\/fr\\\/\"},{\"@type\":\"ListItem\",\"position\":2,\"name\":\"Carte du Site\"}]},{\"@type\":\"WebSite\",\"@id\":\"https:\\\/\\\/ivari.ca\\\/#website\",\"url\":\"https:\\\/\\\/ivari.ca\\\/\",\"name\":\"ivari\",\"description\":\"\",\"potentialAction\":[{\"@type\":\"SearchAction\",\"target\":{\"@type\":\"EntryPoint\",\"urlTemplate\":\"https:\\\/\\\/ivari.ca\\\/?s={search_term_string}\"},\"query-input\":{\"@type\":\"PropertyValueSpecification\",\"valueRequired\":true,\"valueName\":\"search_term_string\"}}],\"inLanguage\":\"fr-FR\"}]}<\/script>\n<!-- \/ Yoast SEO plugin. -->","yoast_head_json":{"title":"Carte du Site - ivari","robots":{"index":"index","follow":"follow","max-snippet":"max-snippet:-1","max-image-preview":"max-image-preview:large","max-video-preview":"max-video-preview:-1"},"canonical":"https:\/\/ivari.ca\/fr\/carte-du-site\/","og_locale":"fr_FR","og_type":"article","og_title":"Carte du Site - ivari","og_description":"Carte du Site Produits Assurance Aper\u00e7u Planification de l\u2019assurance Assurance vie universelle Assurance vie temporaire Assurance maladies graves Assurance Vie garantie et Vie simplifi\u00e9eNos produits Assurance vie universelle prosp\u00e9rit\u00e9 prosperit\u00e9 vie garantie et prosperit\u00e9 vie simplifi\u00e9e S\u00e9r\u00e9nit\u00e9...","og_url":"https:\/\/ivari.ca\/fr\/carte-du-site\/","og_site_name":"ivari","article_modified_time":"2025-10-17T15:40:46+00:00","twitter_card":"summary_large_image","twitter_misc":{"Dur\u00e9e de lecture estim\u00e9e":"2 minutes"},"schema":{"@context":"https:\/\/schema.org","@graph":[{"@type":"WebPage","@id":"https:\/\/ivari.ca\/fr\/carte-du-site\/","url":"https:\/\/ivari.ca\/fr\/carte-du-site\/","name":"Carte du Site - ivari","isPartOf":{"@id":"https:\/\/ivari.ca\/#website"},"datePublished":"2023-04-17T17:11:36+00:00","dateModified":"2025-10-17T15:40:46+00:00","breadcrumb":{"@id":"https:\/\/ivari.ca\/fr\/carte-du-site\/#breadcrumb"},"inLanguage":"fr-FR","potentialAction":[{"@type":"ReadAction","target":["https:\/\/ivari.ca\/fr\/carte-du-site\/"]}]},{"@type":"BreadcrumbList","@id":"https:\/\/ivari.ca\/fr\/carte-du-site\/#breadcrumb","itemListElement":[{"@type":"ListItem","position":1,"name":"Home","item":"https:\/\/ivari.ca\/fr\/"},{"@type":"ListItem","position":2,"name":"Carte du Site"}]},{"@type":"WebSite","@id":"https:\/\/ivari.ca\/#website","url":"https:\/\/ivari.ca\/","name":"ivari","description":"","potentialAction":[{"@type":"SearchAction","target":{"@type":"EntryPoint","urlTemplate":"https:\/\/ivari.ca\/?s={search_term_string}"},"query-input":{"@type":"PropertyValueSpecification","valueRequired":true,"valueName":"search_term_string"}}],"inLanguage":"fr-FR"}]}},"_links":{"self":[{"href":"https:\/\/ivari.ca\/fr\/wp-json\/wp\/v2\/pages\/44116","targetHints":{"allow":["GET"]}}],"collection":[{"href":"https:\/\/ivari.ca\/fr\/wp-json\/wp\/v2\/pages"}],"about":[{"href":"https:\/\/ivari.ca\/fr\/wp-json\/wp\/v2\/types\/page"}],"author":[{"embeddable":true,"href":"https:\/\/ivari.ca\/fr\/wp-json\/wp\/v2\/users\/9"}],"replies":[{"embeddable":true,"href":"https:\/\/ivari.ca\/fr\/wp-json\/wp\/v2\/comments?post=44116"}],"version-history":[{"count":0,"href":"https:\/\/ivari.ca\/fr\/wp-json\/wp\/v2\/pages\/44116\/revisions"}],"wp:attachment":[{"href":"https:\/\/ivari.ca\/fr\/wp-json\/wp\/v2\/media?parent=44116"}],"wp:term":[{"taxonomy":"query_groups","embeddable":true,"href":"https:\/\/ivari.ca\/fr\/wp-json\/wp\/v2\/query_groups?post=44116"}],"curies":[{"name":"wp","href":"https:\/\/api.w.org\/{rel}","templated":true}]}}