



{"id":42261,"date":"2022-08-19T14:59:21","date_gmt":"2022-08-19T18:59:21","guid":{"rendered":"https:\/\/ivari.ca\/?page_id=42261"},"modified":"2025-11-17T13:42:20","modified_gmt":"2025-11-17T18:42:20","slug":"formulaires-de-soumission-directe","status":"publish","type":"page","link":"https:\/\/ivari.ca\/fr\/ressources\/outils\/formulaires-de-soumission-directe\/","title":{"rendered":"Formulaires de soumission directe"},"content":{"rendered":"<div class=\"wpb-content-wrapper\"><p>[vc_row el_class=\u00a0\u00bbwhats-happening-banner\u00a0\u00bb el_id=\u00a0\u00bbgrey-page-banner\u00a0\u00bb][vc_column][vc_row_inner content_placement=\u00a0\u00bbmiddle\u00a0\u00bb css=\u00a0\u00bb.vc_custom_1635351403459{background-image: url(https:\/\/ivari.ca\/files\/2021\/10\/grey-watercolour-bg-scaled.jpg?id=34985) !important;background-position: center !important;background-repeat: no-repeat !important;background-size: cover !important;}\u00a0\u00bb][vc_column_inner][vc_raw_html css=\u00a0\u00bb\u00a0\u00bb]JTNDZGl2JTIwY2xhc3MlM0QlMjJmbGV4LWNvbnRhaW5lciUyMiUzRSUwQSUyMCUyMCUzQ2RpdiUyMGNsYXNzJTNEJTIyZmxleC1pdGVtJTIyJTNFJTNDaW1nJTIwc3JjJTNEJTIyJTJGZmlsZXMlMkZvbmxpbmUtY2hhbmdlLWZvcm1zLWljb24uc3ZnJTIyJTIwYWx0JTNEJTIyQnVsbGhvcm4lMjBsb2dvJTIyJTIwdGl0bGUlM0QlMjJGb3JtdWxhaXJlcyUyMGRlJTIwc291bWlzc2lvbiUyMGRpcmVjdGUlMjIlMjBjbGFzcyUzRCUyMnBhZ2UtYmFubmVyLWljb24lMjIlM0UlM0MlMkZkaXYlM0UlMEElMjAlMjAlM0NkaXYlMjBjbGFzcyUzRCUyMmZsZXgtaXRlbSUyMiUzRSUzQ2gxJTNFJTVCc2NfcG9zdF90aXRsZSU1RCUzQyUyRmgxJTNFJTNDcCUyMGNsYXNzJTNEJTIyc3ViaGVhZGluZyUyMiUzRUlsJTIwZXN0JTIwZCVDMyVBOXNvcm1haXMlMjBmYWNpbGUlMjBldCUyMHJhcGlkZSUyMGRlJTIwc2lnbmVyJTIwZXQlMjBkZSUyMHJldG91cm5lciUyMGxlcyUyMGZvcm11bGFpcmVzJTIwJUMzJUEwJTIwaXZhcmklMkMlMjBzYW5zJTIwamFtYWlzJTIwYXZvaXIlMjAlQzMlQTAlMjBpbXByaW1lciUyMG91JTIwJUMzJUEwJTIwdCVDMyVBOWwlQzMlQTljaGFyZ2VyJTIwbGUlMjBmaWNoaWVyLiUzQyUyRnAlM0UlM0MlMkZkaXYlM0UlMEElM0MlMkZkaXYlM0U=[\/vc_raw_html][\/vc_column_inner][\/vc_row_inner][\/vc_column][\/vc_row][vc_row el_class=\u00a0\u00bbivari-row\u00a0\u00bb][vc_column][vc_row_inner content_placement=\u00a0\u00bbmiddle\u00a0\u00bb][vc_column_inner width=\u00a0\u00bb1\/2&Prime;][vc_raw_html]JTNDaW1nJTIwc3JjJTNEJTIyJTJGZmlsZXMlMkZ3b21hbi1vbi1jb3VjaC5zdmclMjIlMjBhbHQlM0QlMjJPbmxpbmUlMjBjaGFuZ2UlMjBmb3JtcyUyMGlsbHVzdHJhdGlvbiUyMiUyMHRpdGxlJTNEJTIyJTVCc2NfcG9zdF90aXRsZSU1RCUyMiUyMGNsYXNzJTNEJTIyc3ZnLWljb24lMjIlM0U=[\/vc_raw_html][\/vc_column_inner][vc_column_inner width=\u00a0\u00bb1\/2&Prime;][vc_column_text]<\/p>\n<h2>\u00c9tapes:<\/h2>\n<ol>\n<li>Remplissez tous les champs obligatoires du formulaire directement depuis votre appareil mobile ou votre ordinateur.<\/li>\n<li>Cliquez sur le formulaire que vous devez remplir dans la liste ci-dessous.<\/li>\n<li>Signez le formulaire EN LIGNE en suivant les instructions simples qui vous sont fournies.<\/li>\n<li>Appuyez sur le bouton \u00ab Soumettre \u00bb pour envoyer le formulaire d\u00fbment rempli et sign\u00e9 \u00e0 ivari.<\/li>\n<\/ol>\n<p>[\/vc_column_text][vc_column_text css=\u00a0\u00bb\u00a0\u00bb]<\/p>\n<h2>Formulaires<\/h2>\n<ul class=\"simple-list-1\">\n<li><a href=\"https:\/\/webapp.ivari.ca\/eform_easysend\/PolicyServiceApp\/fr\" target=\"_blank\" rel=\"noopener\">Demande de services en ligne <\/a><\/li>\n<li><a href=\"https:\/\/webapp.ivari.ca\/eform_easysend\/BeneChangeForm\/fr\" target=\"_blank\" rel=\"noopener\">Changement de b\u00e9n\u00e9ficiaire en ligne <\/a><\/li>\n<li><a href=\"https:\/\/webapp.ivari.ca\/eforms\/client\/pad\/fr\" target=\"_blank\" rel=\"noopener noreferrer\">Mise \u00e0 jour des coordonn\u00e9es bancaires en ligne <\/a><\/li>\n<li><a href=\"https:\/\/webapp.ivari.ca\/eforms\/client\/contactinfochange\/fr\" target=\"_blank\" rel=\"noopener noreferrer\">Mise \u00e0 jour des coordonn\u00e9es personnelles en ligne<\/a><\/li>\n<li><a href=\"https:\/\/webapp.ivari.ca\/eForm_EasySend\/home\/transferofownership\/fr\" target=\"_blank\" rel=\"noopener noreferrer\">Transfert de propri\u00e9t\u00e9 en ligne<\/a><\/li>\n<li><a href=\"https:\/\/webapp.ivari.ca\/eform_easysend\/Home\/ServicingRepChange\/fr\" target=\"_blank\" rel=\"noopener\">Demande de changement de repr\u00e9sentant<\/a><\/li>\n<li><a href=\"https:\/\/webapp.ivari.ca\/eClaimForm\/Home\/Index\/fr\" target=\"_blank\" rel=\"noopener noreferrer\">Soumission d\u2019une demande r\u00e8glement en ligne <\/a><\/li>\n<\/ul>\n<p>[\/vc_column_text][\/vc_column_inner][\/vc_row_inner][\/vc_column][\/vc_row][vc_row][vc_column][\/vc_column][\/vc_row]<\/p>\n<\/div>","protected":false},"excerpt":{"rendered":"<p>JTNDZGl2JTIwY2xhc3MlM0QlMjJmbGV4LWNvbnRhaW5lciUyMiUzRSUwQSUyMCUyMCUzQ2RpdiUyMGNsYXNzJTNEJTIyZmxleC1pdGVtJTIyJTNFJTNDaW1nJTIwc3JjJTNEJTIyJTJGZmlsZXMlMkZvbmxpbmUtY2hhbmdlLWZvcm1zLWljb24uc3ZnJTIyJTIwYWx0JTNEJTIyQnVsbGhvcm4lMjBsb2dvJTIyJTIwdGl0bGUlM0QlMjJGb3JtdWxhaXJlcyUyMGRlJTIwc291bWlzc2lvbiUyMGRpcmVjdGUlMjIlMjBjbGFzcyUzRCUyMnBhZ2UtYmFubmVyLWljb24lMjIlM0UlM0MlMkZkaXYlM0UlMEElMjAlMjAlM0NkaXYlMjBjbGFzcyUzRCUyMmZsZXgtaXRlbSUyMiUzRSUzQ2gxJTNFJTVCc2NfcG9zdF90aXRsZSU1RCUzQyUyRmgxJTNFJTNDcCUyMGNsYXNzJTNEJTIyc3ViaGVhZGluZyUyMiUzRUlsJTIwZXN0JTIwZCVDMyVBOXNvcm1haXMlMjBmYWNpbGUlMjBldCUyMHJhcGlkZSUyMGRlJTIwc2lnbmVyJTIwZXQlMjBkZSUyMHJldG91cm5lciUyMGxlcyUyMGZvcm11bGFpcmVzJTIwJUMzJUEwJTIwaXZhcmklMkMlMjBzYW5zJTIwamFtYWlzJTIwYXZvaXIlMjAlQzMlQTAlMjBpbXByaW1lciUyMG91JTIwJUMzJUEwJTIwdCVDMyVBOWwlQzMlQTljaGFyZ2VyJTIwbGUlMjBmaWNoaWVyLiUzQyUyRnAlM0UlM0MlMkZkaXYlM0UlMEElM0MlMkZkaXYlM0U=JTNDaW1nJTIwc3JjJTNEJTIyJTJGZmlsZXMlMkZ3b21hbi1vbi1jb3VjaC5zdmclMjIlMjBhbHQlM0QlMjJPbmxpbmUlMjBjaGFuZ2UlMjBmb3JtcyUyMGlsbHVzdHJhdGlvbiUyMiUyMHRpdGxlJTNEJTIyJTVCc2NfcG9zdF90aXRsZSU1RCUyMiUyMGNsYXNzJTNEJTIyc3ZnLWljb24lMjIlM0U= \u00c9tapes: Remplissez tous les champs obligatoires du formulaire directement depuis votre appareil mobile ou votre ordinateur. Cliquez sur le formulaire que vous devez remplir dans la liste ci-dessous. Signez le formulaire EN&#8230;<\/p>\n","protected":false},"author":13,"featured_media":0,"parent":38532,"menu_order":0,"comment_status":"closed","ping_status":"closed","template":"","meta":{"_acf_changed":false,"_searchwp_excluded":"","footnotes":""},"query_groups":[],"class_list":["post-42261","page","type-page","status-publish","hentry"],"acf":[],"yoast_head":"<!-- This site is optimized with the Yoast SEO plugin v27.2 - https:\/\/yoast.com\/product\/yoast-seo-wordpress\/ -->\n<title>Formulaires de soumission directe - ivari<\/title>\n<meta name=\"robots\" content=\"index, follow, max-snippet:-1, max-image-preview:large, max-video-preview:-1\" \/>\n<link rel=\"canonical\" href=\"https:\/\/ivari.ca\/fr\/ressources\/outils\/formulaires-de-soumission-directe\/\" \/>\n<meta property=\"og:locale\" content=\"fr_FR\" \/>\n<meta property=\"og:type\" content=\"article\" \/>\n<meta property=\"og:title\" content=\"Formulaires de soumission directe - ivari\" \/>\n<meta property=\"og:description\" content=\"JTNDZGl2JTIwY2xhc3MlM0QlMjJmbGV4LWNvbnRhaW5lciUyMiUzRSUwQSUyMCUyMCUzQ2RpdiUyMGNsYXNzJTNEJTIyZmxleC1pdGVtJTIyJTNFJTNDaW1nJTIwc3JjJTNEJTIyJTJGZmlsZXMlMkZvbmxpbmUtY2hhbmdlLWZvcm1zLWljb24uc3ZnJTIyJTIwYWx0JTNEJTIyQnVsbGhvcm4lMjBsb2dvJTIyJTIwdGl0bGUlM0QlMjJGb3JtdWxhaXJlcyUyMGRlJTIwc291bWlzc2lvbiUyMGRpcmVjdGUlMjIlMjBjbGFzcyUzRCUyMnBhZ2UtYmFubmVyLWljb24lMjIlM0UlM0MlMkZkaXYlM0UlMEElMjAlMjAlM0NkaXYlMjBjbGFzcyUzRCUyMmZsZXgtaXRlbSUyMiUzRSUzQ2gxJTNFJTVCc2NfcG9zdF90aXRsZSU1RCUzQyUyRmgxJTNFJTNDcCUyMGNsYXNzJTNEJTIyc3ViaGVhZGluZyUyMiUzRUlsJTIwZXN0JTIwZCVDMyVBOXNvcm1haXMlMjBmYWNpbGUlMjBldCUyMHJhcGlkZSUyMGRlJTIwc2lnbmVyJTIwZXQlMjBkZSUyMHJldG91cm5lciUyMGxlcyUyMGZvcm11bGFpcmVzJTIwJUMzJUEwJTIwaXZhcmklMkMlMjBzYW5zJTIwamFtYWlzJTIwYXZvaXIlMjAlQzMlQTAlMjBpbXByaW1lciUyMG91JTIwJUMzJUEwJTIwdCVDMyVBOWwlQzMlQTljaGFyZ2VyJTIwbGUlMjBmaWNoaWVyLiUzQyUyRnAlM0UlM0MlMkZkaXYlM0UlMEElM0MlMkZkaXYlM0U=JTNDaW1nJTIwc3JjJTNEJTIyJTJGZmlsZXMlMkZ3b21hbi1vbi1jb3VjaC5zdmclMjIlMjBhbHQlM0QlMjJPbmxpbmUlMjBjaGFuZ2UlMjBmb3JtcyUyMGlsbHVzdHJhdGlvbiUyMiUyMHRpdGxlJTNEJTIyJTVCc2NfcG9zdF90aXRsZSU1RCUyMiUyMGNsYXNzJTNEJTIyc3ZnLWljb24lMjIlM0U= \u00c9tapes: Remplissez tous les champs obligatoires du formulaire directement depuis votre appareil mobile ou votre ordinateur. Cliquez sur le formulaire que vous devez remplir dans la liste ci-dessous. Signez le formulaire EN...\" \/>\n<meta property=\"og:url\" content=\"https:\/\/ivari.ca\/fr\/ressources\/outils\/formulaires-de-soumission-directe\/\" \/>\n<meta property=\"og:site_name\" content=\"ivari\" \/>\n<meta property=\"article:modified_time\" content=\"2025-11-17T18:42:20+00:00\" \/>\n<meta name=\"twitter:card\" content=\"summary_large_image\" \/>\n<meta name=\"twitter:label1\" content=\"Dur\u00e9e de lecture estim\u00e9e\" \/>\n\t<meta name=\"twitter:data1\" content=\"1 minute\" \/>\n<script type=\"application\/ld+json\" class=\"yoast-schema-graph\">{\"@context\":\"https:\/\/schema.org\",\"@graph\":[{\"@type\":\"WebPage\",\"@id\":\"https:\/\/ivari.ca\/fr\/ressources\/outils\/formulaires-de-soumission-directe\/\",\"url\":\"https:\/\/ivari.ca\/fr\/ressources\/outils\/formulaires-de-soumission-directe\/\",\"name\":\"Formulaires de soumission directe - ivari\",\"isPartOf\":{\"@id\":\"https:\/\/ivari.ca\/#website\"},\"datePublished\":\"2022-08-19T18:59:21+00:00\",\"dateModified\":\"2025-11-17T18:42:20+00:00\",\"breadcrumb\":{\"@id\":\"https:\/\/ivari.ca\/fr\/ressources\/outils\/formulaires-de-soumission-directe\/#breadcrumb\"},\"inLanguage\":\"fr-FR\",\"potentialAction\":[{\"@type\":\"ReadAction\",\"target\":[\"https:\/\/ivari.ca\/fr\/ressources\/outils\/formulaires-de-soumission-directe\/\"]}]},{\"@type\":\"BreadcrumbList\",\"@id\":\"https:\/\/ivari.ca\/fr\/ressources\/outils\/formulaires-de-soumission-directe\/#breadcrumb\",\"itemListElement\":[{\"@type\":\"ListItem\",\"position\":1,\"name\":\"Home\",\"item\":\"https:\/\/ivari.ca\/fr\/\"},{\"@type\":\"ListItem\",\"position\":2,\"name\":\"Ressources\",\"item\":\"https:\/\/ivari.ca\/fr\/ressources\/\"},{\"@type\":\"ListItem\",\"position\":3,\"name\":\"Outils\",\"item\":\"https:\/\/ivari.ca\/fr\/ressources\/outils\/\"},{\"@type\":\"ListItem\",\"position\":4,\"name\":\"Formulaires de soumission directe\"}]},{\"@type\":\"WebSite\",\"@id\":\"https:\/\/ivari.ca\/#website\",\"url\":\"https:\/\/ivari.ca\/\",\"name\":\"ivari\",\"description\":\"\",\"potentialAction\":[{\"@type\":\"SearchAction\",\"target\":{\"@type\":\"EntryPoint\",\"urlTemplate\":\"https:\/\/ivari.ca\/?s={search_term_string}\"},\"query-input\":{\"@type\":\"PropertyValueSpecification\",\"valueRequired\":true,\"valueName\":\"search_term_string\"}}],\"inLanguage\":\"fr-FR\"}]}<\/script>\n<!-- \/ Yoast SEO plugin. -->","yoast_head_json":{"title":"Formulaires de soumission directe - ivari","robots":{"index":"index","follow":"follow","max-snippet":"max-snippet:-1","max-image-preview":"max-image-preview:large","max-video-preview":"max-video-preview:-1"},"canonical":"https:\/\/ivari.ca\/fr\/ressources\/outils\/formulaires-de-soumission-directe\/","og_locale":"fr_FR","og_type":"article","og_title":"Formulaires de soumission directe - ivari","og_description":"JTNDZGl2JTIwY2xhc3MlM0QlMjJmbGV4LWNvbnRhaW5lciUyMiUzRSUwQSUyMCUyMCUzQ2RpdiUyMGNsYXNzJTNEJTIyZmxleC1pdGVtJTIyJTNFJTNDaW1nJTIwc3JjJTNEJTIyJTJGZmlsZXMlMkZvbmxpbmUtY2hhbmdlLWZvcm1zLWljb24uc3ZnJTIyJTIwYWx0JTNEJTIyQnVsbGhvcm4lMjBsb2dvJTIyJTIwdGl0bGUlM0QlMjJGb3JtdWxhaXJlcyUyMGRlJTIwc291bWlzc2lvbiUyMGRpcmVjdGUlMjIlMjBjbGFzcyUzRCUyMnBhZ2UtYmFubmVyLWljb24lMjIlM0UlM0MlMkZkaXYlM0UlMEElMjAlMjAlM0NkaXYlMjBjbGFzcyUzRCUyMmZsZXgtaXRlbSUyMiUzRSUzQ2gxJTNFJTVCc2NfcG9zdF90aXRsZSU1RCUzQyUyRmgxJTNFJTNDcCUyMGNsYXNzJTNEJTIyc3ViaGVhZGluZyUyMiUzRUlsJTIwZXN0JTIwZCVDMyVBOXNvcm1haXMlMjBmYWNpbGUlMjBldCUyMHJhcGlkZSUyMGRlJTIwc2lnbmVyJTIwZXQlMjBkZSUyMHJldG91cm5lciUyMGxlcyUyMGZvcm11bGFpcmVzJTIwJUMzJUEwJTIwaXZhcmklMkMlMjBzYW5zJTIwamFtYWlzJTIwYXZvaXIlMjAlQzMlQTAlMjBpbXByaW1lciUyMG91JTIwJUMzJUEwJTIwdCVDMyVBOWwlQzMlQTljaGFyZ2VyJTIwbGUlMjBmaWNoaWVyLiUzQyUyRnAlM0UlM0MlMkZkaXYlM0UlMEElM0MlMkZkaXYlM0U=JTNDaW1nJTIwc3JjJTNEJTIyJTJGZmlsZXMlMkZ3b21hbi1vbi1jb3VjaC5zdmclMjIlMjBhbHQlM0QlMjJPbmxpbmUlMjBjaGFuZ2UlMjBmb3JtcyUyMGlsbHVzdHJhdGlvbiUyMiUyMHRpdGxlJTNEJTIyJTVCc2NfcG9zdF90aXRsZSU1RCUyMiUyMGNsYXNzJTNEJTIyc3ZnLWljb24lMjIlM0U= \u00c9tapes: Remplissez tous les champs obligatoires du formulaire directement depuis votre appareil mobile ou votre ordinateur. Cliquez sur le formulaire que vous devez remplir dans la liste ci-dessous. Signez le formulaire EN...","og_url":"https:\/\/ivari.ca\/fr\/ressources\/outils\/formulaires-de-soumission-directe\/","og_site_name":"ivari","article_modified_time":"2025-11-17T18:42:20+00:00","twitter_card":"summary_large_image","twitter_misc":{"Dur\u00e9e de lecture estim\u00e9e":"1 minute"},"schema":{"@context":"https:\/\/schema.org","@graph":[{"@type":"WebPage","@id":"https:\/\/ivari.ca\/fr\/ressources\/outils\/formulaires-de-soumission-directe\/","url":"https:\/\/ivari.ca\/fr\/ressources\/outils\/formulaires-de-soumission-directe\/","name":"Formulaires de soumission directe - ivari","isPartOf":{"@id":"https:\/\/ivari.ca\/#website"},"datePublished":"2022-08-19T18:59:21+00:00","dateModified":"2025-11-17T18:42:20+00:00","breadcrumb":{"@id":"https:\/\/ivari.ca\/fr\/ressources\/outils\/formulaires-de-soumission-directe\/#breadcrumb"},"inLanguage":"fr-FR","potentialAction":[{"@type":"ReadAction","target":["https:\/\/ivari.ca\/fr\/ressources\/outils\/formulaires-de-soumission-directe\/"]}]},{"@type":"BreadcrumbList","@id":"https:\/\/ivari.ca\/fr\/ressources\/outils\/formulaires-de-soumission-directe\/#breadcrumb","itemListElement":[{"@type":"ListItem","position":1,"name":"Home","item":"https:\/\/ivari.ca\/fr\/"},{"@type":"ListItem","position":2,"name":"Ressources","item":"https:\/\/ivari.ca\/fr\/ressources\/"},{"@type":"ListItem","position":3,"name":"Outils","item":"https:\/\/ivari.ca\/fr\/ressources\/outils\/"},{"@type":"ListItem","position":4,"name":"Formulaires de soumission directe"}]},{"@type":"WebSite","@id":"https:\/\/ivari.ca\/#website","url":"https:\/\/ivari.ca\/","name":"ivari","description":"","potentialAction":[{"@type":"SearchAction","target":{"@type":"EntryPoint","urlTemplate":"https:\/\/ivari.ca\/?s={search_term_string}"},"query-input":{"@type":"PropertyValueSpecification","valueRequired":true,"valueName":"search_term_string"}}],"inLanguage":"fr-FR"}]}},"_links":{"self":[{"href":"https:\/\/ivari.ca\/fr\/wp-json\/wp\/v2\/pages\/42261","targetHints":{"allow":["GET"]}}],"collection":[{"href":"https:\/\/ivari.ca\/fr\/wp-json\/wp\/v2\/pages"}],"about":[{"href":"https:\/\/ivari.ca\/fr\/wp-json\/wp\/v2\/types\/page"}],"author":[{"embeddable":true,"href":"https:\/\/ivari.ca\/fr\/wp-json\/wp\/v2\/users\/13"}],"replies":[{"embeddable":true,"href":"https:\/\/ivari.ca\/fr\/wp-json\/wp\/v2\/comments?post=42261"}],"version-history":[{"count":0,"href":"https:\/\/ivari.ca\/fr\/wp-json\/wp\/v2\/pages\/42261\/revisions"}],"up":[{"embeddable":true,"href":"https:\/\/ivari.ca\/fr\/wp-json\/wp\/v2\/pages\/38532"}],"wp:attachment":[{"href":"https:\/\/ivari.ca\/fr\/wp-json\/wp\/v2\/media?parent=42261"}],"wp:term":[{"taxonomy":"query_groups","embeddable":true,"href":"https:\/\/ivari.ca\/fr\/wp-json\/wp\/v2\/query_groups?post=42261"}],"curies":[{"name":"wp","href":"https:\/\/api.w.org\/{rel}","templated":true}]}}