



{"id":39567,"date":"2022-05-19T08:24:11","date_gmt":"2022-05-19T12:24:11","guid":{"rendered":"https:\/\/ivari.ca\/?page_id=39567"},"modified":"2024-09-13T13:35:31","modified_gmt":"2024-09-13T17:35:31","slug":"formes-de-soutien","status":"publish","type":"page","link":"https:\/\/ivari.ca\/fr\/mes-affaires\/liens-rapides-societe\/formes-de-soutien\/","title":{"rendered":"Formes de soutien"},"content":{"rendered":"<div class=\"wpb-content-wrapper\"><p>[vc_row el_class=\u00a0\u00bbwhats-happening-banner\u00a0\u00bb el_id=\u00a0\u00bbgrey-page-banner\u00a0\u00bb][vc_column][vc_row_inner content_placement=\u00a0\u00bbmiddle\u00a0\u00bb css=\u00a0\u00bb.vc_custom_1635351403459{background-image: url(https:\/\/ivari.ca\/files\/2021\/10\/grey-watercolour-bg-scaled.jpg?id=34985) !important;background-position: center !important;background-repeat: no-repeat !important;background-size: cover !important;}\u00a0\u00bb][vc_column_inner][vc_raw_html]JTNDZGl2JTIwY2xhc3MlM0QlMjJmbGV4LWNvbnRhaW5lciUyMiUzRSUwQSUyMCUyMCUzQ2RpdiUyMGNsYXNzJTNEJTIyZmxleC1pdGVtJTIyJTNFJTNDaW1nJTIwc3JjJTNEJTIyJTJGd3AtY29udGVudCUyRnVwbG9hZHMlMkZzdXBwb3J0LW9wdGlvbnMtaWNvbi5zdmclMjIlMjBhbHQlM0QlMjJTdXBwb3J0JTIwb3B0aW9ucyUyMGljb24lMjIlMjB0aXRsZSUzRCUyMk9wdGlvbnMlMjBkZSUyMHNvdXRpZW4lMjIlMjBjbGFzcyUzRCUyMnBhZ2UtYmFubmVyLWljb24lMjIlM0UlM0MlMkZkaXYlM0UlMEElMjAlMjAlM0NkaXYlMjBjbGFzcyUzRCUyMmZsZXgtaXRlbSUyMiUzRSUzQ2gxJTNFJTVCc2NfcG9zdF90aXRsZSU1RCUzQyUyRmgxJTNFJTNDcCUyMGNsYXNzJTNEJTIyc3ViaGVhZGluZyUyMiUzRVRvdXRlJTIwbCVFMiU4MCU5OWFzc2lzdGFuY2UlMjBuJUMzJUE5Y2Vzc2FpcmUlMjElM0MlMkZwJTNFJTNDJTJGZGl2JTNFJTBBJTNDJTJGZGl2JTNF[\/vc_raw_html][\/vc_column_inner][\/vc_row_inner][\/vc_column][\/vc_row][vc_row][vc_column][vc_row_inner showfor=\u00a0\u00bbselected_user_roles\u00a0\u00bb el_class=\u00a0\u00bbarticle-section\u00a0\u00bb selected_user_roles=\u00a0\u00bbadministrator, brokerage, greatway, staff\u00a0\u00bb][vc_column_inner][vc_column_text]<\/p>\n<h2>Pour les services aux clients ou toute question concernant les polices : <span class=\"showAdmin\">(Brokerage\/Greatway)<\/span><\/h2>\n<ol>\n<li>Notre outil en ligne <a href=\"https:\/\/securewebapp.ivari.ca\/UserManagement\/applicationredirect\/redirecttowebcappow.aspx\">webcappow<\/a> vous procure les renseignements n\u00e9cessaires sur vos propositions \u00e0 l\u2019\u00e9tude et vos contrats d\u2019assurance vie et de placement en vigueur.webcappow vous permet de consulter les renseignements sur les polices des clients et de vous pr\u00e9valoir du processus de d\u00e9livrance \u00e9lectronique des contrats tout \u00e0 fait s\u00e9curis\u00e9.Veuillez cliquer <a href=\"https:\/\/securewebapp.ivari.ca\/UserManagement\/applicationredirect\/redirecttowebcappow.aspx\">ici<\/a> pour acc\u00e9der \u00e0 webcappow.<\/li>\n<\/ol>\n<ol start=\"2\">\n<li>Pour toutes questions, n\u2019h\u00e9sitez pas \u00e0 nous \u00e9crire \u00e0 <a href=\"mailto:conversation@ivari.ca\">conversation@ivari.ca<\/a>.<\/li>\n<li>Notre centre d\u2019appels est \u00e0 votre enti\u00e8re disposition au num\u00e9ro 1-800-846-5970, entre 8\u00a0h et 17\u00a0h (HNE), du lundi au vendredi.<\/li>\n<\/ol>\n<p>[\/vc_column_text][\/vc_column_inner][\/vc_row_inner][vc_row_inner showfor=\u00a0\u00bbselected_user_roles\u00a0\u00bb el_class=\u00a0\u00bbarticle-section\u00a0\u00bb selected_user_roles=\u00a0\u00bbadministrator, staff, wfg\u00a0\u00bb][vc_column_inner][vc_column_text]<\/p>\n<h2>Pour les services aux clients ou toute question concernant les polices : <span class=\"showAdmin\">(WFG)<\/span><\/h2>\n<ol>\n<li>Notre outil en ligne <a href=\"https:\/\/securewebapp.ivari.ca\/UserManagement\/applicationredirect\/redirecttowebcappow.aspx\">webcappow<\/a> vous procure les renseignements n\u00e9cessaires sur vos propositions \u00e0 l\u2019\u00e9tude et vos contrats d\u2019assurance vie et de placement en vigueur.webcappow vous permet de consulter les renseignements sur les polices des clients et de vous pr\u00e9valoir du processus de d\u00e9livrance \u00e9lectronique des contrats tout \u00e0 fait s\u00e9curis\u00e9.Veuillez cliquer <a href=\"https:\/\/securewebapp.ivari.ca\/UserManagement\/applicationredirect\/redirecttowebcappow.aspx\">ici<\/a> pour acc\u00e9der \u00e0 webcappow.<\/li>\n<li>Pour toutes questions, n\u2019h\u00e9sitez pas \u00e0 nous \u00e9crire \u00e0 <a href=\"mailto:wfgrocks@ivari.ca\">wfgrocks@ivari.ca<\/a>.<\/li>\n<li>L\u2019\u00e9quipe WFG-ROCKS (1-866-934-7625) est \u00e0 votre enti\u00e8re disposition entre 8\u00a0h et 17\u00a0h (HNE), du lundi au vendredi.Pour vos questions relatives aux placements, veuillez appeler WFG-ROCKS (1-866-934-7625), option\u00a02.<\/li>\n<\/ol>\n<p>[\/vc_column_text][\/vc_column_inner][\/vc_row_inner][vc_row_inner el_class=\u00a0\u00bbarticle-section\u00a0\u00bb][vc_column_inner width=\u00a0\u00bb1\/5&Prime;][vc_raw_html el_id=\u00a0\u00bbapp-access-code-icon\u00a0\u00bb]JTNDZGl2JTIwY2xhc3MlM0QlMjJpY29uLWhvbGRlciUyMiUzRSUwQSUzQ2ltZyUyMHNyYyUzRCUyMiUyRndwLWNvbnRlbnQlMkZ1cGxvYWRzJTJGZGlnaXRhbC10b29scy1pY29uLnBuZyUyMiUyMGNsYXNzJTNEJTIyYXBwLXBob25lJTIyJTIwYWx0JTNEJTIyaXZhcmklMjBkaWdpdGFsJTIwdG9vbHMlMjBpY29uJTIyJTIwdGl0bGUlM0QlMjJpdmFyaSUyMGRpZ2l0YWwlMjB0b29scyUyMiUzRSUwQSUzQyUyRmRpdiUzRQ==[\/vc_raw_html][\/vc_column_inner][vc_column_inner width=\u00a0\u00bb4\/5&Prime;][vc_column_text css=\u00a0\u00bb\u00a0\u00bb]<\/p>\n<h2>Outils num\u00e9riques d\u2019ivari destin\u00e9s aux conseillers<\/h2>\n<p>Pour toute assistance concernant votre acc\u00e8s \u00e0 ivari.ca, \u00e0 webcappow, aux relev\u00e9s de commissions, ou \u00e0 ivari 360 :<\/p>\n<ol>\n<li>Le service <strong>Soutien aux affaires \u00e9lectroniques <\/strong>(1-800-646-1481) est \u00e0 votre enti\u00e8re disposition entre 8\u00a0h et 2\u00a0h (HNE), du lundi au vendredi, ou entre 8\u00a0h et 23\u00a0h (HNE), pendant les fins de semaine et les jours f\u00e9ri\u00e9s.<\/li>\n<li>Vous pouvez \u00e9galement adresser vos courriels \u00e0 <a href=\"mailto:e-business@ivari.ca\">e-business@ivari.ca<\/a>.<\/li>\n<\/ol>\n<p>[\/vc_column_text][\/vc_column_inner][\/vc_row_inner][vc_row_inner el_class=\u00a0\u00bbarticle-section\u00a0\u00bb][vc_column_inner width=\u00a0\u00bb1\/5&Prime;][vc_raw_html]JTNDZGl2JTIwY2xhc3MlM0QlMjJpY29uLWhvbGRlciUyMiUzRSUwQSUzQ2ltZyUyMHNyYyUzRCUyMiUyRndwLWNvbnRlbnQlMkZ1cGxvYWRzJTJGYXBwLXBob25lLWljb24uc3ZnJTIyJTIwY2xhc3MlM0QlMjJhcHAtcGhvbmUlMjIlMjBhbHQlM0QlMjJpdmFyaSUyMGFwcCUyMGljb24lMjIlMjB0aXRsZSUzRCUyMkdldCUyMHlvdXIlMjBpdmFyaSUyMGFwcCUyMGFjY2VzcyUyMGNvZGUlMjIlM0UlMEElM0MlMkZkaXYlM0U=[\/vc_raw_html][\/vc_column_inner][vc_column_inner width=\u00a0\u00bb4\/5&Prime;][vc_column_text css=\u00a0\u00bb\u00a0\u00bb]<\/p>\n<h2>Questions au sujet de la nouvelle exp\u00e9rience mobile ivari<\/h2>\n<p style=\"font-weight: 400;\">Pour toute question concernant la nouvelle exp\u00e9rience mobile ivari, n\u2019h\u00e9sitez pas \u00e0 envoyer un courriel \u00e0 notre \u00e9quipe Marketing en ligne \u00e0 <a href=\"mailto:emarketing@ivari.ca\">emarketing@ivari.ca<\/a>.<\/p>\n<p>[\/vc_column_text][vc_btn title=\u00a0\u00bbExperience mobile\u00a0\u00bb color=\u00a0\u00bbblue\u00a0\u00bb css=\u00a0\u00bb\u00a0\u00bb link=\u00a0\u00bburl:%2Ffr%2Fressources%2Foutils%2Fexperience-mobile%2F|title:Mobile%20app\u00a0\u00bb][\/vc_column_inner][\/vc_row_inner][vc_row_inner el_class=\u00a0\u00bbarticle-section\u00a0\u00bb][vc_column_inner width=\u00a0\u00bb1\/5&Prime;][vc_raw_html]JTNDZGl2JTIwY2xhc3MlM0QlMjJpY29uLWhvbGRlciUyMiUzRSUwQSUzQ2ltZyUyMHNyYyUzRCUyMiUyRndwLWNvbnRlbnQlMkZ1cGxvYWRzJTJGc2FsZXMtdGVhbS1pY29uLnN2ZyUyMiUyMGNsYXNzJTNEJTIyYXBwLXBob25lJTIyJTIwYWx0JTNEJTIyaXZhcmklMjBhcHAlMjBpY29uJTIyJTIwdGl0bGUlM0QlMjJHZXQlMjB5b3VyJTIwaXZhcmklMjBhcHAlMjBhY2Nlc3MlMjBjb2RlJTIyJTNFJTBBJTNDJTJGZGl2JTNF[\/vc_raw_html][\/vc_column_inner][vc_column_inner width=\u00a0\u00bb4\/5&Prime;][vc_column_text]<\/p>\n<h2>L\u2019\u00e9quipe des ventes<\/h2>\n<p>[\/vc_column_text][vc_btn title=\u00a0\u00bbLes coordonn\u00e9es des membres de l\u2019\u00e9quipe des ventes\u00a0\u00bb color=\u00a0\u00bbblue\u00a0\u00bb link=\u00a0\u00bburl:https%3A%2F%2Fivari.ca%2Ffr%2Fnotre-compagnie%2Fa-propos-divari%2Fequipe-des-ventes%2F|title:Mobile%20app\u00a0\u00bb][\/vc_column_inner][\/vc_row_inner][\/vc_column][\/vc_row]<\/p>\n<\/div>","protected":false},"excerpt":{"rendered":"<p>JTNDZGl2JTIwY2xhc3MlM0QlMjJmbGV4LWNvbnRhaW5lciUyMiUzRSUwQSUyMCUyMCUzQ2RpdiUyMGNsYXNzJTNEJTIyZmxleC1pdGVtJTIyJTNFJTNDaW1nJTIwc3JjJTNEJTIyJTJGd3AtY29udGVudCUyRnVwbG9hZHMlMkZzdXBwb3J0LW9wdGlvbnMtaWNvbi5zdmclMjIlMjBhbHQlM0QlMjJTdXBwb3J0JTIwb3B0aW9ucyUyMGljb24lMjIlMjB0aXRsZSUzRCUyMk9wdGlvbnMlMjBkZSUyMHNvdXRpZW4lMjIlMjBjbGFzcyUzRCUyMnBhZ2UtYmFubmVyLWljb24lMjIlM0UlM0MlMkZkaXYlM0UlMEElMjAlMjAlM0NkaXYlMjBjbGFzcyUzRCUyMmZsZXgtaXRlbSUyMiUzRSUzQ2gxJTNFJTVCc2NfcG9zdF90aXRsZSU1RCUzQyUyRmgxJTNFJTNDcCUyMGNsYXNzJTNEJTIyc3ViaGVhZGluZyUyMiUzRVRvdXRlJTIwbCVFMiU4MCU5OWFzc2lzdGFuY2UlMjBuJUMzJUE5Y2Vzc2FpcmUlMjElM0MlMkZwJTNFJTNDJTJGZGl2JTNFJTBBJTNDJTJGZGl2JTNF Pour les services aux clients ou toute question concernant les polices : (Brokerage\/Greatway) Notre outil en ligne webcappow vous procure les renseignements n\u00e9cessaires sur vos propositions \u00e0 l\u2019\u00e9tude et vos contrats&#8230;<\/p>\n","protected":false},"author":2,"featured_media":0,"parent":38548,"menu_order":0,"comment_status":"closed","ping_status":"closed","template":"","meta":{"_acf_changed":false,"_searchwp_excluded":"","footnotes":""},"query_groups":[],"class_list":["post-39567","page","type-page","status-publish","hentry"],"acf":[],"yoast_head":"<!-- This site is optimized with the Yoast SEO plugin v27.3 - https:\/\/yoast.com\/product\/yoast-seo-wordpress\/ -->\n<title>Formes de soutien - ivari<\/title>\n<meta name=\"robots\" content=\"index, follow, max-snippet:-1, max-image-preview:large, max-video-preview:-1\" \/>\n<link rel=\"canonical\" href=\"https:\/\/ivari.ca\/fr\/mes-affaires\/liens-rapides-societe\/formes-de-soutien\/\" \/>\n<meta property=\"og:locale\" content=\"fr_FR\" \/>\n<meta property=\"og:type\" content=\"article\" \/>\n<meta property=\"og:title\" content=\"Formes de soutien - ivari\" \/>\n<meta property=\"og:description\" content=\"JTNDZGl2JTIwY2xhc3MlM0QlMjJmbGV4LWNvbnRhaW5lciUyMiUzRSUwQSUyMCUyMCUzQ2RpdiUyMGNsYXNzJTNEJTIyZmxleC1pdGVtJTIyJTNFJTNDaW1nJTIwc3JjJTNEJTIyJTJGd3AtY29udGVudCUyRnVwbG9hZHMlMkZzdXBwb3J0LW9wdGlvbnMtaWNvbi5zdmclMjIlMjBhbHQlM0QlMjJTdXBwb3J0JTIwb3B0aW9ucyUyMGljb24lMjIlMjB0aXRsZSUzRCUyMk9wdGlvbnMlMjBkZSUyMHNvdXRpZW4lMjIlMjBjbGFzcyUzRCUyMnBhZ2UtYmFubmVyLWljb24lMjIlM0UlM0MlMkZkaXYlM0UlMEElMjAlMjAlM0NkaXYlMjBjbGFzcyUzRCUyMmZsZXgtaXRlbSUyMiUzRSUzQ2gxJTNFJTVCc2NfcG9zdF90aXRsZSU1RCUzQyUyRmgxJTNFJTNDcCUyMGNsYXNzJTNEJTIyc3ViaGVhZGluZyUyMiUzRVRvdXRlJTIwbCVFMiU4MCU5OWFzc2lzdGFuY2UlMjBuJUMzJUE5Y2Vzc2FpcmUlMjElM0MlMkZwJTNFJTNDJTJGZGl2JTNFJTBBJTNDJTJGZGl2JTNF Pour les services aux clients ou toute question concernant les polices : (Brokerage\/Greatway) Notre outil en ligne webcappow vous procure les renseignements n\u00e9cessaires sur vos propositions \u00e0 l\u2019\u00e9tude et vos contrats...\" \/>\n<meta property=\"og:url\" content=\"https:\/\/ivari.ca\/fr\/mes-affaires\/liens-rapides-societe\/formes-de-soutien\/\" \/>\n<meta property=\"og:site_name\" content=\"ivari\" \/>\n<meta property=\"article:modified_time\" content=\"2024-09-13T17:35:31+00:00\" \/>\n<meta name=\"twitter:card\" content=\"summary_large_image\" \/>\n<meta name=\"twitter:label1\" content=\"Dur\u00e9e de lecture estim\u00e9e\" \/>\n\t<meta name=\"twitter:data1\" content=\"2 minutes\" \/>\n<script type=\"application\/ld+json\" class=\"yoast-schema-graph\">{\"@context\":\"https:\\\/\\\/schema.org\",\"@graph\":[{\"@type\":\"WebPage\",\"@id\":\"https:\\\/\\\/ivari.ca\\\/fr\\\/mes-affaires\\\/liens-rapides-societe\\\/formes-de-soutien\\\/\",\"url\":\"https:\\\/\\\/ivari.ca\\\/fr\\\/mes-affaires\\\/liens-rapides-societe\\\/formes-de-soutien\\\/\",\"name\":\"Formes de soutien - ivari\",\"isPartOf\":{\"@id\":\"https:\\\/\\\/ivari.ca\\\/#website\"},\"datePublished\":\"2022-05-19T12:24:11+00:00\",\"dateModified\":\"2024-09-13T17:35:31+00:00\",\"breadcrumb\":{\"@id\":\"https:\\\/\\\/ivari.ca\\\/fr\\\/mes-affaires\\\/liens-rapides-societe\\\/formes-de-soutien\\\/#breadcrumb\"},\"inLanguage\":\"fr-FR\",\"potentialAction\":[{\"@type\":\"ReadAction\",\"target\":[\"https:\\\/\\\/ivari.ca\\\/fr\\\/mes-affaires\\\/liens-rapides-societe\\\/formes-de-soutien\\\/\"]}]},{\"@type\":\"BreadcrumbList\",\"@id\":\"https:\\\/\\\/ivari.ca\\\/fr\\\/mes-affaires\\\/liens-rapides-societe\\\/formes-de-soutien\\\/#breadcrumb\",\"itemListElement\":[{\"@type\":\"ListItem\",\"position\":1,\"name\":\"Home\",\"item\":\"https:\\\/\\\/ivari.ca\\\/fr\\\/\"},{\"@type\":\"ListItem\",\"position\":2,\"name\":\"Mes affaires\",\"item\":\"https:\\\/\\\/ivari.ca\\\/fr\\\/mes-affaires\\\/\"},{\"@type\":\"ListItem\",\"position\":3,\"name\":\"Liens rapides \u2013 soci\u00e9t\u00e9\",\"item\":\"https:\\\/\\\/ivari.ca\\\/fr\\\/mes-affaires\\\/liens-rapides-societe\\\/\"},{\"@type\":\"ListItem\",\"position\":4,\"name\":\"Formes de soutien\"}]},{\"@type\":\"WebSite\",\"@id\":\"https:\\\/\\\/ivari.ca\\\/#website\",\"url\":\"https:\\\/\\\/ivari.ca\\\/\",\"name\":\"ivari\",\"description\":\"\",\"potentialAction\":[{\"@type\":\"SearchAction\",\"target\":{\"@type\":\"EntryPoint\",\"urlTemplate\":\"https:\\\/\\\/ivari.ca\\\/?s={search_term_string}\"},\"query-input\":{\"@type\":\"PropertyValueSpecification\",\"valueRequired\":true,\"valueName\":\"search_term_string\"}}],\"inLanguage\":\"fr-FR\"}]}<\/script>\n<!-- \/ Yoast SEO plugin. -->","yoast_head_json":{"title":"Formes de soutien - ivari","robots":{"index":"index","follow":"follow","max-snippet":"max-snippet:-1","max-image-preview":"max-image-preview:large","max-video-preview":"max-video-preview:-1"},"canonical":"https:\/\/ivari.ca\/fr\/mes-affaires\/liens-rapides-societe\/formes-de-soutien\/","og_locale":"fr_FR","og_type":"article","og_title":"Formes de soutien - ivari","og_description":"JTNDZGl2JTIwY2xhc3MlM0QlMjJmbGV4LWNvbnRhaW5lciUyMiUzRSUwQSUyMCUyMCUzQ2RpdiUyMGNsYXNzJTNEJTIyZmxleC1pdGVtJTIyJTNFJTNDaW1nJTIwc3JjJTNEJTIyJTJGd3AtY29udGVudCUyRnVwbG9hZHMlMkZzdXBwb3J0LW9wdGlvbnMtaWNvbi5zdmclMjIlMjBhbHQlM0QlMjJTdXBwb3J0JTIwb3B0aW9ucyUyMGljb24lMjIlMjB0aXRsZSUzRCUyMk9wdGlvbnMlMjBkZSUyMHNvdXRpZW4lMjIlMjBjbGFzcyUzRCUyMnBhZ2UtYmFubmVyLWljb24lMjIlM0UlM0MlMkZkaXYlM0UlMEElMjAlMjAlM0NkaXYlMjBjbGFzcyUzRCUyMmZsZXgtaXRlbSUyMiUzRSUzQ2gxJTNFJTVCc2NfcG9zdF90aXRsZSU1RCUzQyUyRmgxJTNFJTNDcCUyMGNsYXNzJTNEJTIyc3ViaGVhZGluZyUyMiUzRVRvdXRlJTIwbCVFMiU4MCU5OWFzc2lzdGFuY2UlMjBuJUMzJUE5Y2Vzc2FpcmUlMjElM0MlMkZwJTNFJTNDJTJGZGl2JTNFJTBBJTNDJTJGZGl2JTNF Pour les services aux clients ou toute question concernant les polices : (Brokerage\/Greatway) Notre outil en ligne webcappow vous procure les renseignements n\u00e9cessaires sur vos propositions \u00e0 l\u2019\u00e9tude et vos contrats...","og_url":"https:\/\/ivari.ca\/fr\/mes-affaires\/liens-rapides-societe\/formes-de-soutien\/","og_site_name":"ivari","article_modified_time":"2024-09-13T17:35:31+00:00","twitter_card":"summary_large_image","twitter_misc":{"Dur\u00e9e de lecture estim\u00e9e":"2 minutes"},"schema":{"@context":"https:\/\/schema.org","@graph":[{"@type":"WebPage","@id":"https:\/\/ivari.ca\/fr\/mes-affaires\/liens-rapides-societe\/formes-de-soutien\/","url":"https:\/\/ivari.ca\/fr\/mes-affaires\/liens-rapides-societe\/formes-de-soutien\/","name":"Formes de soutien - ivari","isPartOf":{"@id":"https:\/\/ivari.ca\/#website"},"datePublished":"2022-05-19T12:24:11+00:00","dateModified":"2024-09-13T17:35:31+00:00","breadcrumb":{"@id":"https:\/\/ivari.ca\/fr\/mes-affaires\/liens-rapides-societe\/formes-de-soutien\/#breadcrumb"},"inLanguage":"fr-FR","potentialAction":[{"@type":"ReadAction","target":["https:\/\/ivari.ca\/fr\/mes-affaires\/liens-rapides-societe\/formes-de-soutien\/"]}]},{"@type":"BreadcrumbList","@id":"https:\/\/ivari.ca\/fr\/mes-affaires\/liens-rapides-societe\/formes-de-soutien\/#breadcrumb","itemListElement":[{"@type":"ListItem","position":1,"name":"Home","item":"https:\/\/ivari.ca\/fr\/"},{"@type":"ListItem","position":2,"name":"Mes affaires","item":"https:\/\/ivari.ca\/fr\/mes-affaires\/"},{"@type":"ListItem","position":3,"name":"Liens rapides \u2013 soci\u00e9t\u00e9","item":"https:\/\/ivari.ca\/fr\/mes-affaires\/liens-rapides-societe\/"},{"@type":"ListItem","position":4,"name":"Formes de soutien"}]},{"@type":"WebSite","@id":"https:\/\/ivari.ca\/#website","url":"https:\/\/ivari.ca\/","name":"ivari","description":"","potentialAction":[{"@type":"SearchAction","target":{"@type":"EntryPoint","urlTemplate":"https:\/\/ivari.ca\/?s={search_term_string}"},"query-input":{"@type":"PropertyValueSpecification","valueRequired":true,"valueName":"search_term_string"}}],"inLanguage":"fr-FR"}]}},"_links":{"self":[{"href":"https:\/\/ivari.ca\/fr\/wp-json\/wp\/v2\/pages\/39567","targetHints":{"allow":["GET"]}}],"collection":[{"href":"https:\/\/ivari.ca\/fr\/wp-json\/wp\/v2\/pages"}],"about":[{"href":"https:\/\/ivari.ca\/fr\/wp-json\/wp\/v2\/types\/page"}],"author":[{"embeddable":true,"href":"https:\/\/ivari.ca\/fr\/wp-json\/wp\/v2\/users\/2"}],"replies":[{"embeddable":true,"href":"https:\/\/ivari.ca\/fr\/wp-json\/wp\/v2\/comments?post=39567"}],"version-history":[{"count":0,"href":"https:\/\/ivari.ca\/fr\/wp-json\/wp\/v2\/pages\/39567\/revisions"}],"up":[{"embeddable":true,"href":"https:\/\/ivari.ca\/fr\/wp-json\/wp\/v2\/pages\/38548"}],"wp:attachment":[{"href":"https:\/\/ivari.ca\/fr\/wp-json\/wp\/v2\/media?parent=39567"}],"wp:term":[{"taxonomy":"query_groups","embeddable":true,"href":"https:\/\/ivari.ca\/fr\/wp-json\/wp\/v2\/query_groups?post=39567"}],"curies":[{"name":"wp","href":"https:\/\/api.w.org\/{rel}","templated":true}]}}