



{"id":39314,"date":"2022-04-28T13:23:10","date_gmt":"2022-04-28T17:23:10","guid":{"rendered":"https:\/\/ivari.ca\/?page_id=39314"},"modified":"2022-04-28T13:27:57","modified_gmt":"2022-04-28T17:27:57","slug":"apercu-des-nouveaux-processus-divari","status":"publish","type":"page","link":"https:\/\/ivari.ca\/fr\/mes-affaires\/espace-affaires\/apercu-des-nouveaux-processus-divari\/","title":{"rendered":"Aper\u00e7u des nouveaux processus d\u2019ivari"},"content":{"rendered":"<div class=\"wpb-content-wrapper\"><p>[vc_row css=\u00a0\u00bb.vc_custom_1633110907975{background-position: center !important;background-repeat: no-repeat !important;background-size: cover !important;}\u00a0\u00bb el_id=\u00a0\u00bbpost-banner\u00a0\u00bb][vc_column][vc_row_inner content_placement=\u00a0\u00bbbottom\u00a0\u00bb css=\u00a0\u00bb.vc_custom_1651165976061{background-image: url(https:\/\/ivari.ca\/files\/shutterstock_1703387494-new-processes-scaled.jpg?id=39310) !important;background-position: center !important;background-repeat: no-repeat !important;background-size: cover !important;}\u00a0\u00bb el_class=\u00a0\u00bbpost-banner\u00a0\u00bb][vc_column_inner el_class=\u00a0\u00bbimage-row-text-column\u00a0\u00bb width=\u00a0\u00bb2\/5&Prime;][vc_column_text]<\/p>\n<h1>\t\t\t<span id=\"typedjs67\" class=\"animated-typed-js-shortcode \"><\/span>\n\t\t\t<script>\n\t\t\tvar typedjs67 = new Typed('#typedjs67', {\n\t\t\t\tstrings: [\"Aper\\u00e7u des nouveaux processus d\\u2019ivari\"],\n\t\t\t\ttypeSpeed: 80,\n\t\t\t\tbackSpeed: 50,\n\t\t\t\tbackDelay: 500,\n\t\t\t\tstartDelay: 1000,\n\t\t\t\tloop: false,\n\t\t\t\tloopCount: 0,\n\t\t\t\tfadeOut: false,\n\t\t\t\tfadeOutDelay: 500,\n\t\t\t\tsmartBackspace: true,\n\t\t\t\tshuffle: false,\n\t\t\t\tshowCursor: true,\n\t\t\t\tcursorChar: \"|\"\n\t\t\t});\n\t\t\t<\/script>\n\n\t\t<\/h1>\n<p>[\/vc_column_text][\/vc_column_inner][vc_column_inner width=\u00a0\u00bb3\/5&Prime;][\/vc_column_inner][\/vc_row_inner][\/vc_column][\/vc_row][vc_row el_id=\u00a0\u00bbpage-subheader\u00a0\u00bb][vc_column][vc_column_text]R\u00e9cemment, nous avons introduit quelques nouveaux processus susceptibles de vous aider \u00e0 pr\u00e9senter une demande d\u2019assurance sans qu\u2019il soit n\u00e9cessaire de rencontrer les clients en personne. Nous sommes conscients que tout \u00e9volue ces temps-ci \u00e0 un rythme effr\u00e9n\u00e9. Si vous avez manqu\u00e9 nos derni\u00e8res communications, voici ce que vous devez savoir :[\/vc_column_text][\/vc_column][\/vc_row][vc_row el_id=\u00a0\u00bb27-mars\u00a0\u00bb el_class=\u00a0\u00bbivari-row\u00a0\u00bb][vc_column][vc_tta_accordion shape=\u00a0\u00bbsquare\u00a0\u00bb color=\u00a0\u00bbwhite\u00a0\u00bb c_icon=\u00a0\u00bb\u00a0\u00bb active_section=\u00a0\u00bb1&Prime;][vc_tta_section][vc_column_text]<\/p>\n<h2>COVID-19 \u2013 Transactions \u00e0 distance et d\u00e9livrance \u00e9lectronique<\/h2>\n<p>Nous sommes d\u00e9termin\u00e9s \u00e0 faciliter vos affaires avec nous. Et en ces temps difficiles, nous aimerions simplifier les transactions effectu\u00e9es sans la pr\u00e9sence du conseiller.<\/p>\n<p>Nous avons \u00e0 c\u0153ur la sant\u00e9 et la s\u00e9curit\u00e9 de nos employ\u00e9s, conseillers, proposants et titulaires de police et nous continuons de suivre de pr\u00e8s l\u2019\u00e9volution de la situation li\u00e9e au COVID-19. Pour l\u2019instant, nous vous prions d\u2019utiliser seulement la technologie de vid\u00e9oconf\u00e9rence (Skype, FaceTime, Zoom, etc.) pour maintenir le contact avec vos clients.<\/p>\n<p><em>Processus de collaboration avec les nouveaux clients\u00a0:<\/em><br \/>\n<img decoding=\"async\" src=\"\/files\/flow-chart-fr.png\" \/>[\/vc_column_text][vc_column_text]<\/p>\n<h3>Ce que vous devez savoir\u00a0:<\/h3>\n<ul class=\"simple-list-1\">\n<li>Dans le cas des polices VU,\u00a0ivari\u00a0retiendra les services de Equifax pour confirmer l\u2019identit\u00e9 du client. Ce processus n\u2019aura aucune incidence sur la cote de cr\u00e9dit du client.<\/li>\n<li>ivari\u00a0vous rappelle de ne pas conserver les renseignements personnels du client dans un appareil ou un syst\u00e8me non s\u00e9curis\u00e9.<\/li>\n<li>Une fois la proposition approuv\u00e9e, le contrat d\u2019assurance sera t\u00e9l\u00e9charg\u00e9 dans webcappow.<\/li>\n<li>Une fois la prime acquitt\u00e9e et les exigences de d\u00e9livrance re\u00e7ues, la couverture du client entre en vigueur.<\/li>\n<\/ul>\n<p>Veuillez continuer \u00e0 respecter vos obligations en mati\u00e8re d\u2019analyse des besoins des clients pendant que nous nous employons \u00e0 offrir \u00e0 chacun une exp\u00e9rience optimale. Nous continuerons \u00e0 affiner le processus et vous contacterons s\u2019il nous avons besoin de renseignements compl\u00e9mentaires pour le r\u00e8glement de la police.<\/p>\n<h3>D\u00e9livrance \u00e9lectronique des polices<\/h3>\n<p>Toujours dans le cadre des transactions \u00e0 distance, \u00e0 compter du lundi 30 mars 2020, la police du client sera produite et pr\u00eate au t\u00e9l\u00e9chargement \u00e0 partir de la plateforme webcappow. Vous en serez inform\u00e9 par le biais des Notifications \u00e9lectroniques quotidiennes.<\/p>\n<p><strong>Soyez pr\u00eat!<\/strong>\u00a0Pour recevoir ces Notifications \u00e9lectroniques, il faut vous y inscrire d\u2019abord sur ivari.ca. Pour toute assistance, veuillez communiquer avec votre directeur des ventes.<\/p>\n<p>Les\u00a0<strong>distributeurs<\/strong>\u00a0recevront une nouvelle notification \u00e9lectronique lorsque des contrats d\u2019assurance sont pr\u00eats pour le t\u00e9l\u00e9chargement.[\/vc_column_text][\/vc_tta_section][\/vc_tta_accordion][\/vc_column][\/vc_row][vc_row el_id=\u00a0\u00bb2-avr\u00a0\u00bb el_class=\u00a0\u00bbivari-row\u00a0\u00bb][vc_column][vc_tta_accordion shape=\u00a0\u00bbsquare\u00a0\u00bb color=\u00a0\u00bbwhite\u00a0\u00bb c_icon=\u00a0\u00bb\u00a0\u00bb active_section=\u00a0\u00bb1&Prime;][vc_tta_section][vc_column_text]<\/p>\n<h2>Changements \u00e0 nos exigences selon l\u2019\u00e2ge et le montant<\/h2>\n<p>Nous sommes ravis de vous annoncer que nous avons r\u00e9vis\u00e9 notre tableau des exigences selon l\u2019\u00e2ge et le montant.<\/p>\n<ul class=\"simple-list-1\">\n<li>Nous avons relev\u00e9 \u00e0 750 000 $ le capital assur\u00e9 sans examen m\u00e9dical pour certains groupes d\u2019\u00e2ge.<\/li>\n<li>Nous avons remplac\u00e9 l\u2019examen param\u00e9dical par l\u2019entrevue t\u00e9l\u00e9phonique.<\/li>\n<\/ul>\n<p>Veuillez passer en revue\u00a0<a href=\"\/files\/LP2027FR.pdf\" target=\"_blank\" rel=\"noopener noreferrer\">le nouveau tableau\u00a0<\/a>dans son int\u00e9gralit\u00e9 pour prendre connaissance de tous les changements<\/p>\n<h3>Plein soutien \u00e0 votre entreprise<\/h3>\n<p>Compte tenu de la situation actuelle li\u00e9e au COVID-19, nous nous effor\u00e7ons sans cesse de trouver des moyens de soutenir votre entreprise. Outre notre nouveau tableau, nous mettrons en oeuvre les changements provisoires suivants jusqu\u2019\u00e0 ce que cette situation soit ma\u00eetris\u00e9e.<\/p>\n<hr \/>\n<p>Pour les propositions \u00e0 l\u2019\u00e9tude qui ont \u00e9t\u00e9 sign\u00e9es\u00a0<strong>au plus tard le 13 mars\u00a0<\/strong>:<\/p>\n<ol type=\"A\">\n<li><strong>dont le capital assur\u00e9 ne d\u00e9passe pas 1 000 000 $ et o\u00f9 l\u2019\u00e2ge de l\u2019assur\u00e9 ne d\u00e9passe pas 50 ans<\/strong><\/li>\n<li><strong>dont le capital assur\u00e9 ne d\u00e9passe pas 500 000 $ et o\u00f9 l\u2019\u00e2ge de l\u2019assur\u00e9 ne d\u00e9passe pas 55 ans<\/strong><\/li>\n<\/ol>\n<p>Nous pourrons renoncer aux exigences en l\u2019absence d\u2019affections m\u00e9dicales, telles que des ant\u00e9c\u00e9dents de troubles cardiaques, de cancer, d\u2019accident vasculaire c\u00e9r\u00e9bral, de diab\u00e8te ou de maladie respiratoire grave.<\/p>\n<hr \/>\n<p>Pour les propositions des\u00a0<strong>nouvelles affaires sign\u00e9es apr\u00e8s le 13 mars\u00a0<\/strong>:<\/p>\n<p>Notre nouveau tableau des exigences selon l&rsquo;\u00e2ge et le montant s\u2019appliquera et les exceptions additionnelles suivantes s\u2019appliqueront seulement durant cette p\u00e9riode provisoire (COVID-19) :<\/p>\n<ol type=\"A\">\n<li><strong>Les propositions, dont le capital assur\u00e9 ne d\u00e9passe pas 750 000 $ et o\u00f9 l\u2019\u00e2ge de l\u2019assur\u00e9 ne d\u00e9passe pas 50 ans, feront l\u2019objet d\u2019une tarification sans examen m\u00e9dical.<\/strong><\/li>\n<li><strong>Toutes les propositions faisant l\u2019objet d\u2019une tarification sans examen m\u00e9dical devront \u00eatre sign\u00e9es par le client.<\/strong><\/li>\n<li><strong>Pour les autres groupes d\u2019\u00e2ge et capitaux assur\u00e9s, notre nouveau tableau des exigences s\u2019appliquera et, si nous le pouvons, nous renoncerons aux exigences selon l\u2019\u00e9tat de sant\u00e9, l\u2019\u00e2ge et le capital assur\u00e9.<\/strong><\/li>\n<\/ol>\n<hr \/>\n<ul class=\"simple-list-1\">\n<li>Si nous ne pouvons renoncer aux exigences en raison de l\u2019\u00e2ge, du montant ou de l\u2019\u00e9tat de sant\u00e9, le tarificateur pourra demander une D\u00e9claration du m\u00e9decin traitant (DMT) ou exiger que certains questionnaires soient remplis \u00e0 la place.<\/li>\n<li>Il se peut qu\u2019aucune surprime ne soit offerte et que le dossier fasse l\u2019objet d\u2019un report ou reste \u00e0 l\u2019\u00e9tude jusqu\u2019\u00e0 ce que les preuves d\u2019assurabilit\u00e9 demand\u00e9es soient fournies.<\/li>\n<li>Si nous renon\u00e7ons aux exigences, un Re\u00e7u de d\u00e9livrance\/une attestation de bonne sant\u00e9 sera exig\u00e9.<\/li>\n<li>Dans le Re\u00e7u de d\u00e9livrance\/l\u2019attestation de bonne sant\u00e9, il est stipul\u00e9 que : \u00ab \u2026aucun changement n\u2019est survenu au niveau de l\u2019\u00e9tat de sant\u00e9, la profession, la situation financi\u00e8re, le style de vie ou l\u2019assurabilit\u00e9 de tout assur\u00e9 aux termes de la police. \u00bb<\/li>\n<\/ul>\n<p>Si le client perd temporairement son emploi \u00e0 cause du COVID-19, la police peut toujours lui \u00eatre d\u00e9livr\u00e9e.<\/p>\n<p>Tout autre changement dans l&rsquo;\u00e9tat de sant\u00e9 de l\u2019assur\u00e9 signifie que la police ne peut \u00eatre d\u00e9livr\u00e9e.<\/p>\n<p>Une fois la crise de la COVID-19 termin\u00e9e, nous reviendrons \u00e0 notre tableau habituel des exigences selon l\u2019\u00e2ge et le montant sans les exceptions.[\/vc_column_text][\/vc_tta_section][\/vc_tta_accordion][\/vc_column][\/vc_row][vc_row el_id=\u00a0\u00bb11-mai\u00a0\u00bb el_class=\u00a0\u00bbivari-row\u00a0\u00bb][vc_column][vc_tta_accordion shape=\u00a0\u00bbsquare\u00a0\u00bb color=\u00a0\u00bbwhite\u00a0\u00bb c_icon=\u00a0\u00bb\u00a0\u00bb active_section=\u00a0\u00bb1&Prime;][vc_tta_section][vc_column_text css=\u00a0\u00bb.vc_custom_1651166874933{margin-bottom: 48px !important;}\u00a0\u00bb]<\/p>\n<h2>Vos affaires en ligne\u2026 en plus simple<\/h2>\n<p class=\"lead\">Vos affaires en ligne\u2026 en plus simple<\/p>\n<p>Vous pouvez d\u00e9sormais transmettre les polices \u00e0 vos clients par voie \u00e9lectronique et en toute s\u00e9curit\u00e9 par le biais de webcappow.<\/p>\n<p>Gr\u00e2ce au processus de bout en bout d\u2019ivari, il est maintenant possible de recevoir une police d&rsquo;assurance, de la transmettre \u00e0 un client et de soumettre les exigences de d\u00e9livrance \u00e0 ivari, en utilisant uniquement webcappow.<\/p>\n<p>Pour en savoir plus, ouvrez une session sur le site ivari.ca et rendez-vous sur la page r\u00e9serv\u00e9e \u00e0 la <a href=\"\/fr\/mes-affaires\/espace-affaires\/delivrance-electronique\">d\u00e9livrance \u00e9lectronique des polices<\/a>.[\/vc_column_text][\/vc_tta_section][\/vc_tta_accordion][\/vc_column][\/vc_row]<\/p>\n<\/div>","protected":false},"excerpt":{"rendered":"<p> R\u00e9cemment, nous avons introduit quelques nouveaux processus susceptibles de vous aider \u00e0 pr\u00e9senter une demande d\u2019assurance sans qu\u2019il soit n\u00e9cessaire de rencontrer les clients en personne&#8230;.<\/p>\n","protected":false},"author":2,"featured_media":0,"parent":38547,"menu_order":0,"comment_status":"closed","ping_status":"closed","template":"","meta":{"_acf_changed":false,"_searchwp_excluded":"","footnotes":""},"query_groups":[],"class_list":["post-39314","page","type-page","status-publish","hentry"],"acf":[],"yoast_head":"<!-- This site is optimized with the Yoast SEO plugin v27.3 - https:\/\/yoast.com\/product\/yoast-seo-wordpress\/ -->\n<title>Aper\u00e7u des nouveaux processus d\u2019ivari - ivari<\/title>\n<meta name=\"robots\" content=\"index, follow, max-snippet:-1, max-image-preview:large, max-video-preview:-1\" \/>\n<link rel=\"canonical\" href=\"https:\/\/ivari.ca\/fr\/mes-affaires\/espace-affaires\/apercu-des-nouveaux-processus-divari\/\" \/>\n<meta property=\"og:locale\" content=\"fr_FR\" \/>\n<meta property=\"og:type\" content=\"article\" \/>\n<meta property=\"og:title\" content=\"Aper\u00e7u des nouveaux processus d\u2019ivari - ivari\" \/>\n<meta property=\"og:description\" content=\"R\u00e9cemment, nous avons introduit quelques nouveaux processus susceptibles de vous aider \u00e0 pr\u00e9senter une demande d\u2019assurance sans qu\u2019il soit n\u00e9cessaire de rencontrer les clients en personne....\" \/>\n<meta property=\"og:url\" content=\"https:\/\/ivari.ca\/fr\/mes-affaires\/espace-affaires\/apercu-des-nouveaux-processus-divari\/\" \/>\n<meta property=\"og:site_name\" content=\"ivari\" \/>\n<meta property=\"article:modified_time\" content=\"2022-04-28T17:27:57+00:00\" \/>\n<meta name=\"twitter:card\" content=\"summary_large_image\" \/>\n<meta name=\"twitter:label1\" content=\"Dur\u00e9e de lecture estim\u00e9e\" \/>\n\t<meta name=\"twitter:data1\" content=\"5 minutes\" \/>\n<script type=\"application\/ld+json\" class=\"yoast-schema-graph\">{\"@context\":\"https:\\\/\\\/schema.org\",\"@graph\":[{\"@type\":\"WebPage\",\"@id\":\"https:\\\/\\\/ivari.ca\\\/fr\\\/mes-affaires\\\/espace-affaires\\\/apercu-des-nouveaux-processus-divari\\\/\",\"url\":\"https:\\\/\\\/ivari.ca\\\/fr\\\/mes-affaires\\\/espace-affaires\\\/apercu-des-nouveaux-processus-divari\\\/\",\"name\":\"Aper\u00e7u des nouveaux processus d\u2019ivari - ivari\",\"isPartOf\":{\"@id\":\"https:\\\/\\\/ivari.ca\\\/#website\"},\"datePublished\":\"2022-04-28T17:23:10+00:00\",\"dateModified\":\"2022-04-28T17:27:57+00:00\",\"breadcrumb\":{\"@id\":\"https:\\\/\\\/ivari.ca\\\/fr\\\/mes-affaires\\\/espace-affaires\\\/apercu-des-nouveaux-processus-divari\\\/#breadcrumb\"},\"inLanguage\":\"fr-FR\",\"potentialAction\":[{\"@type\":\"ReadAction\",\"target\":[\"https:\\\/\\\/ivari.ca\\\/fr\\\/mes-affaires\\\/espace-affaires\\\/apercu-des-nouveaux-processus-divari\\\/\"]}]},{\"@type\":\"BreadcrumbList\",\"@id\":\"https:\\\/\\\/ivari.ca\\\/fr\\\/mes-affaires\\\/espace-affaires\\\/apercu-des-nouveaux-processus-divari\\\/#breadcrumb\",\"itemListElement\":[{\"@type\":\"ListItem\",\"position\":1,\"name\":\"Home\",\"item\":\"https:\\\/\\\/ivari.ca\\\/fr\\\/\"},{\"@type\":\"ListItem\",\"position\":2,\"name\":\"Mes affaires\",\"item\":\"https:\\\/\\\/ivari.ca\\\/fr\\\/mes-affaires\\\/\"},{\"@type\":\"ListItem\",\"position\":3,\"name\":\"Espace affaires\",\"item\":\"https:\\\/\\\/ivari.ca\\\/fr\\\/mes-affaires\\\/espace-affaires\\\/\"},{\"@type\":\"ListItem\",\"position\":4,\"name\":\"Aper\u00e7u des nouveaux processus d\u2019ivari\"}]},{\"@type\":\"WebSite\",\"@id\":\"https:\\\/\\\/ivari.ca\\\/#website\",\"url\":\"https:\\\/\\\/ivari.ca\\\/\",\"name\":\"ivari\",\"description\":\"\",\"potentialAction\":[{\"@type\":\"SearchAction\",\"target\":{\"@type\":\"EntryPoint\",\"urlTemplate\":\"https:\\\/\\\/ivari.ca\\\/?s={search_term_string}\"},\"query-input\":{\"@type\":\"PropertyValueSpecification\",\"valueRequired\":true,\"valueName\":\"search_term_string\"}}],\"inLanguage\":\"fr-FR\"}]}<\/script>\n<!-- \/ Yoast SEO plugin. -->","yoast_head_json":{"title":"Aper\u00e7u des nouveaux processus d\u2019ivari - ivari","robots":{"index":"index","follow":"follow","max-snippet":"max-snippet:-1","max-image-preview":"max-image-preview:large","max-video-preview":"max-video-preview:-1"},"canonical":"https:\/\/ivari.ca\/fr\/mes-affaires\/espace-affaires\/apercu-des-nouveaux-processus-divari\/","og_locale":"fr_FR","og_type":"article","og_title":"Aper\u00e7u des nouveaux processus d\u2019ivari - ivari","og_description":"R\u00e9cemment, nous avons introduit quelques nouveaux processus susceptibles de vous aider \u00e0 pr\u00e9senter une demande d\u2019assurance sans qu\u2019il soit n\u00e9cessaire de rencontrer les clients en personne....","og_url":"https:\/\/ivari.ca\/fr\/mes-affaires\/espace-affaires\/apercu-des-nouveaux-processus-divari\/","og_site_name":"ivari","article_modified_time":"2022-04-28T17:27:57+00:00","twitter_card":"summary_large_image","twitter_misc":{"Dur\u00e9e de lecture estim\u00e9e":"5 minutes"},"schema":{"@context":"https:\/\/schema.org","@graph":[{"@type":"WebPage","@id":"https:\/\/ivari.ca\/fr\/mes-affaires\/espace-affaires\/apercu-des-nouveaux-processus-divari\/","url":"https:\/\/ivari.ca\/fr\/mes-affaires\/espace-affaires\/apercu-des-nouveaux-processus-divari\/","name":"Aper\u00e7u des nouveaux processus d\u2019ivari - ivari","isPartOf":{"@id":"https:\/\/ivari.ca\/#website"},"datePublished":"2022-04-28T17:23:10+00:00","dateModified":"2022-04-28T17:27:57+00:00","breadcrumb":{"@id":"https:\/\/ivari.ca\/fr\/mes-affaires\/espace-affaires\/apercu-des-nouveaux-processus-divari\/#breadcrumb"},"inLanguage":"fr-FR","potentialAction":[{"@type":"ReadAction","target":["https:\/\/ivari.ca\/fr\/mes-affaires\/espace-affaires\/apercu-des-nouveaux-processus-divari\/"]}]},{"@type":"BreadcrumbList","@id":"https:\/\/ivari.ca\/fr\/mes-affaires\/espace-affaires\/apercu-des-nouveaux-processus-divari\/#breadcrumb","itemListElement":[{"@type":"ListItem","position":1,"name":"Home","item":"https:\/\/ivari.ca\/fr\/"},{"@type":"ListItem","position":2,"name":"Mes affaires","item":"https:\/\/ivari.ca\/fr\/mes-affaires\/"},{"@type":"ListItem","position":3,"name":"Espace affaires","item":"https:\/\/ivari.ca\/fr\/mes-affaires\/espace-affaires\/"},{"@type":"ListItem","position":4,"name":"Aper\u00e7u des nouveaux processus d\u2019ivari"}]},{"@type":"WebSite","@id":"https:\/\/ivari.ca\/#website","url":"https:\/\/ivari.ca\/","name":"ivari","description":"","potentialAction":[{"@type":"SearchAction","target":{"@type":"EntryPoint","urlTemplate":"https:\/\/ivari.ca\/?s={search_term_string}"},"query-input":{"@type":"PropertyValueSpecification","valueRequired":true,"valueName":"search_term_string"}}],"inLanguage":"fr-FR"}]}},"_links":{"self":[{"href":"https:\/\/ivari.ca\/fr\/wp-json\/wp\/v2\/pages\/39314","targetHints":{"allow":["GET"]}}],"collection":[{"href":"https:\/\/ivari.ca\/fr\/wp-json\/wp\/v2\/pages"}],"about":[{"href":"https:\/\/ivari.ca\/fr\/wp-json\/wp\/v2\/types\/page"}],"author":[{"embeddable":true,"href":"https:\/\/ivari.ca\/fr\/wp-json\/wp\/v2\/users\/2"}],"replies":[{"embeddable":true,"href":"https:\/\/ivari.ca\/fr\/wp-json\/wp\/v2\/comments?post=39314"}],"version-history":[{"count":0,"href":"https:\/\/ivari.ca\/fr\/wp-json\/wp\/v2\/pages\/39314\/revisions"}],"up":[{"embeddable":true,"href":"https:\/\/ivari.ca\/fr\/wp-json\/wp\/v2\/pages\/38547"}],"wp:attachment":[{"href":"https:\/\/ivari.ca\/fr\/wp-json\/wp\/v2\/media?parent=39314"}],"wp:term":[{"taxonomy":"query_groups","embeddable":true,"href":"https:\/\/ivari.ca\/fr\/wp-json\/wp\/v2\/query_groups?post=39314"}],"curies":[{"name":"wp","href":"https:\/\/api.w.org\/{rel}","templated":true}]}}