



{"id":39294,"date":"2022-03-28T10:02:41","date_gmt":"2022-03-28T14:02:41","guid":{"rendered":"https:\/\/ivari.ca\/?page_id=39294"},"modified":"2025-10-21T09:20:49","modified_gmt":"2025-10-21T13:20:49","slug":"nouveaux-conseillers","status":"publish","type":"page","link":"https:\/\/ivari.ca\/fr\/a-propos-divari\/notre-compagnie\/nouveaux-conseillers\/","title":{"rendered":"Nouveaux conseillers"},"content":{"rendered":"<div class=\"wpb-content-wrapper\"><p>[vc_row css=\u00a0\u00bb.vc_custom_1633110907975{background-position: center !important;background-repeat: no-repeat !important;background-size: cover !important;}\u00a0\u00bb el_id=\u00a0\u00bbpost-banner\u00a0\u00bb][vc_column][vc_row_inner content_placement=\u00a0\u00bbbottom\u00a0\u00bb css=\u00a0\u00bb.vc_custom_1650978898770{background-image: url(https:\/\/ivari.ca\/files\/shutterstock_128200763-new-to-ivari-scaled.jpg?id=39292) !important;background-position: center !important;background-repeat: no-repeat !important;background-size: cover !important;}\u00a0\u00bb el_class=\u00a0\u00bbpost-banner\u00a0\u00bb][vc_column_inner el_class=\u00a0\u00bbimage-row-text-column\u00a0\u00bb width=\u00a0\u00bb2\/5&Prime;][vc_column_text]<\/p>\n<h1>\t\t\t<span id=\"typedjs21\" class=\"animated-typed-js-shortcode \"><\/span>\n\t\t\t<script>\n\t\t\tvar typedjs21 = new Typed('#typedjs21', {\n\t\t\t\tstrings: [\"Parlons\\u2026 engagement envers vous\"],\n\t\t\t\ttypeSpeed: 80,\n\t\t\t\tbackSpeed: 50,\n\t\t\t\tbackDelay: 500,\n\t\t\t\tstartDelay: 1000,\n\t\t\t\tloop: false,\n\t\t\t\tloopCount: 0,\n\t\t\t\tfadeOut: false,\n\t\t\t\tfadeOutDelay: 500,\n\t\t\t\tsmartBackspace: true,\n\t\t\t\tshuffle: false,\n\t\t\t\tshowCursor: true,\n\t\t\t\tcursorChar: \"|\"\n\t\t\t});\n\t\t\t<\/script>\n\n\t\t<\/h1>\n<p>[\/vc_column_text][\/vc_column_inner][vc_column_inner width=\u00a0\u00bb3\/5&Prime;][\/vc_column_inner][\/vc_row_inner][\/vc_column][\/vc_row][vc_row el_id=\u00a0\u00bbpage-subheader\u00a0\u00bb][vc_column][vc_column_text]ivari affirme son engagement \u00e0 mettre \u00e0 profit le pouvoir de la communication pour remplacer par la confiance les craintes associ\u00e9es \u00e0 la souscription d\u2019une assurance. Il est donc important d\u2019engager le dialogue sur les besoins en assurance et de vous fournir les outils n\u00e9cessaires pour aider vos clients \u00e0 faire le bon choix.[\/vc_column_text][\/vc_column][\/vc_row][vc_row][vc_column][vc_column_text css=\u00a0\u00bb.vc_custom_1650980604317{margin-bottom: 4rem !important;}\u00a0\u00bb]<strong>Voici ce que nous vous offrons, \u00e0 vous et \u00e0 vos clients\u00a0:<\/strong><\/p>\n<ul class=\"list\">\n<li>La stabilit\u00e9 financi\u00e8re et de bonnes notations<\/li>\n<li>Des produits alliant choix, valeur, polyvalence et souplesse<\/li>\n<li>L\u2019acc\u00e8s \u00e0 de la documentation de marketing susceptible d\u2019encourager le dialogue sur les besoins en assurance<\/li>\n<\/ul>\n<p>Et en prime\u2026 Une \u00e9quipe et un centre d\u2019appels sont \u00e0 votre service pour r\u00e9pondre \u00e0 vos questions et \u00e0 celles de vos clients sur les produits et les polices.[\/vc_column_text][vc_row_inner el_class=\u00a0\u00bbarticle-section noBorderBottom\u00a0\u00bb][vc_column_inner width=\u00a0\u00bb1\/4&Prime;][vc_column_text]<\/p>\n<h2>Bienvenue chez ivari<\/h2>\n<p>[\/vc_column_text][\/vc_column_inner][vc_column_inner width=\u00a0\u00bb3\/4&Prime;][vc_column_text]<\/p>\n<p class=\"lead\">Nous vous pr\u00e9sentons une toute nouvelle fa\u00e7on de parler assurance.<\/p>\n<p>ivari affirme son engagement \u00e0 mettre \u00e0 profit le pouvoir de la communication pour remplacer par la confiance les craintes associ\u00e9es \u00e0 la souscription d\u2019une assurance. Il est donc important d\u2019engager le dialogue sur les besoins en assurance et de vous fournir les outils n\u00e9cessaires pour aider vos clients \u00e0 faire le bon choix.<\/p>\n<p>Ce n\u2019est peut-\u00eatre pas ce \u00e0 quoi vous vous attendez de la part d\u2019un assureur. Nous sommes diff\u00e9rents. Et nous en sommes ravis![\/vc_column_text][vc_btn title=\u00a0\u00bbJe suis un conseiller WFG\u00a0\u00bb color=\u00a0\u00bbblue\u00a0\u00bb css=\u00a0\u00bb.vc_custom_1650980467147{margin-right: 15px !important;}\u00a0\u00bb link=\u00a0\u00bburl:%23wfg\u00a0\u00bb][vc_btn title=\u00a0\u00bbJe suis un conseiller Courtage\u00a0\u00bb color=\u00a0\u00bbblue\u00a0\u00bb css=\u00a0\u00bb.vc_custom_1650980475780{margin-right: 15px !important;}\u00a0\u00bb link=\u00a0\u00bburl:%23brokerage\u00a0\u00bb][vc_btn title=\u00a0\u00bbJe suis un conseiller Greatway\u00a0\u00bb color=\u00a0\u00bbblue\u00a0\u00bb css=\u00a0\u00bb.vc_custom_1650980483715{margin-right: 15px !important;}\u00a0\u00bb link=\u00a0\u00bburl:%23greatway\u00a0\u00bb][\/vc_column_inner][\/vc_row_inner][vc_row_inner el_class=\u00a0\u00bbivari-row\u00a0\u00bb][vc_column_inner width=\u00a0\u00bb1\/6&Prime;][\/vc_column_inner][vc_column_inner width=\u00a0\u00bb2\/3&Prime;][vc_raw_html]JTNDZGl2JTIwY2xhc3MlM0QlMjJ2aWRlb1dyYXBwZXIlMjIlM0UlMEElMjAlMjAlMjAlMjAlM0MlMjEtLSUyMENvcHklMjAlMjYlMjBQYXN0ZWQlMjBmcm9tJTIwWW91VHViZSUyMC0tJTNFJTBBJTIwJTIwJTIwJTIwJTNDaWZyYW1lJTIwc3R5bGUlM0QlMjJib3JkZXIlM0ElMjA0cHglMjBzb2xpZCUyMCUyM2VmZWZlZiUzQiUyMiUyMHNyYyUzRCUyMmh0dHBzJTNBJTJGJTJGcGxheWVyLnZpbWVvLmNvbSUyRnZpZGVvJTJGMjQ5MDAzNDQ3JTNGdGl0bGUlM0QwJTI2YnlsaW5lJTNEMCUyNnBvcnRyYWl0JTNEMCUyMiUyMHdpZHRoJTNEJTIyODAwJTIyJTIwaGVpZ2h0JTNEJTIyNDUwJTIyJTIwZnJhbWVib3JkZXIlM0QlMjIwJTIyJTIwd2Via2l0YWxsb3dmdWxsc2NyZWVuJTIwbW96YWxsb3dmdWxsc2NyZWVuJTIwYWxsb3dmdWxsc2NyZWVuJTNFJTNDJTJGaWZyYW1lJTNFJTBBJTNDJTJGZGl2JTNF[\/vc_raw_html][\/vc_column_inner][vc_column_inner width=\u00a0\u00bb1\/6&Prime;][\/vc_column_inner][\/vc_row_inner][\/vc_column][\/vc_row][vc_row el_class=\u00a0\u00bbblue-brush-bg\u00a0\u00bb][vc_column][vc_row_inner el_class=\u00a0\u00bbblue-brush-bg-inner-row\u00a0\u00bb][vc_column_inner][vc_column_text]<\/p>\n<h2 class=\"text-center white\">Aimeriez-vous signer un contrat avec ivari?<\/h2>\n<h3 class=\"text-center white\">Contactez un agent g\u00e9n\u00e9ral d\u00e9l\u00e9gu\u00e9 pour prendre connaissance des modalit\u00e9s.<\/h3>\n<p>[\/vc_column_text][\/vc_column_inner][\/vc_row_inner][\/vc_column][\/vc_row][vc_row el_id=\u00a0\u00bbwfg\u00a0\u00bb css=\u00a0\u00bb.vc_custom_1650980243567{margin-top: 4rem !important;}\u00a0\u00bb][vc_column][vc_row_inner el_class=\u00a0\u00bbarticle-section noBorderBottom\u00a0\u00bb][vc_column_inner width=\u00a0\u00bb1\/4&Prime;][vc_column_text]<\/p>\n<h2>Notre engagement envers WFG<\/h2>\n<p>[\/vc_column_text][\/vc_column_inner][vc_column_inner width=\u00a0\u00bb3\/4&Prime;][vc_column_text css=\u00a0\u00bb\u00a0\u00bb]<\/p>\n<p class=\"lead\">L\u2019appui que nous apportons aux agents WFG et \u00e0 leurs clients prend plusieurs formes :<\/p>\n<ul>\n<li>Des produits sp\u00e9cifiquement d\u00e9velopp\u00e9s pour WFG, tels que les r\u00e9gimes d\u2019assurance vie universelle et temporaire prosp\u00e9rit\u00e9<sup>MC<\/sup>\u00a0et les r\u00e9gimes\u00a0prosp\u00e9rit\u00e9 Vie garantie et prosp\u00e9rit\u00e9 Vie simplifi\u00e9e<\/li>\n<li>Le programme d\u2019apprentissage\u00a0ivari, une formation des plus compl\u00e8tes permettant aux agents de se perfectionner dans leur r\u00f4le actuel.<\/li>\n<li>Les services in\u00e9gal\u00e9s de l\u2019\u00e9quipe de gestion des permis et des contrats WFG.<\/li>\n<li>Le soutien ind\u00e9fectible de notre \u00e9quipe de Directeurs des ventes WFG et de leurs adjoints.<\/li>\n<li>Une \u00e9quipe d\u00e9di\u00e9e \u00e0 la promotion des agents WFG, dont la t\u00e2che est d\u2019aider les agents souhaitant passer au niveau de Directeur principal marketing ou \u00e0 un niveau sup\u00e9rieur.<\/li>\n<li>Des outils et modules de formation en ligne adapt\u00e9s aux besoins des agents WFG.<\/li>\n<li>ivari 360, votre guichet unique pour les illustrations, les propositions et les transformations.<\/li>\n<\/ul>\n<p>[\/vc_column_text][\/vc_column_inner][\/vc_row_inner][\/vc_column][\/vc_row][vc_row el_id=\u00a0\u00bbbrokerage\u00a0\u00bb][vc_column][vc_row_inner el_class=\u00a0\u00bbarticle-section noBorderBottom\u00a0\u00bb][vc_column_inner width=\u00a0\u00bb1\/4&Prime;][vc_column_text]<\/p>\n<h2>Notre engagement envers les conseillers de courtage<\/h2>\n<p>[\/vc_column_text][\/vc_column_inner][vc_column_inner width=\u00a0\u00bb3\/4&Prime;][vc_column_text css=\u00a0\u00bb\u00a0\u00bb]<\/p>\n<p class=\"lead\">En tant que conseiller sous contrat aupr\u00e8s d\u2019ivari, vous pouvez profiter des nombreux outils et ressources mis \u00e0 votre disposition :<\/p>\n<ul>\n<li>Des cours et des modules de formation donnant droit \u00e0 des unit\u00e9s de formation continue (UFC).<\/li>\n<li>ivari info, notre bulletin d\u2019information pour que vous soyez au courant des plus r\u00e9centes nouvelles concernant l\u2019industrie et des mises \u00e0 jour importantes sur nos produits et services.<\/li>\n<li>Des renseignements pertinents sur la tarification et l\u2019administration des polices.<\/li>\n<li>ivari 360, votre guichet unique pour les illustrations, les propositions et les transformations.<\/li>\n<li>Portrait-Assurance, un outil simple et interactif qui propose au client une solution d\u2019assurance adapt\u00e9e \u00e0 sa situation personnelle et \u00e0 l\u2019\u00e9volution de ses besoins.<\/li>\n<li>Mon profil d\u2019investisseur, un outil de s\u00e9lection des placements qui permet au client de d\u00e9finir son profil de risque, en tenant compte de ses besoins, de sa situation financi\u00e8re actuelle et de ses objectifs.<\/li>\n<\/ul>\n<p>[\/vc_column_text][\/vc_column_inner][\/vc_row_inner][\/vc_column][\/vc_row][vc_row el_id=\u00a0\u00bbgreatway\u00a0\u00bb][vc_column][vc_row_inner el_class=\u00a0\u00bbarticle-section noBorderBottom\u00a0\u00bb][vc_column_inner width=\u00a0\u00bb1\/4&Prime;][vc_column_text]<\/p>\n<h2>Notre engagement envers Greatway<\/h2>\n<p>[\/vc_column_text][\/vc_column_inner][vc_column_inner width=\u00a0\u00bb3\/4&Prime;][vc_column_text css=\u00a0\u00bb\u00a0\u00bb]<\/p>\n<p class=\"lead\">En tant que conseiller sous contrat aupr\u00e8s d\u2019ivari, vous pouvez profiter des nombreux outils et ressources mis \u00e0 votre disposition :<\/p>\n<ul>\n<li>Des cours et des modules de formation donnant droit \u00e0 des unit\u00e9s de formation continue (UFC).<\/li>\n<li>ivari info, notre bulletin d\u2019information pour que vous soyez au courant des plus r\u00e9centes nouvelles concernant l\u2019industrie et des mises \u00e0 jour importantes sur nos produits et services.<\/li>\n<li>Le programme d\u2019apprentissage\u00a0ivari, une formation des plus compl\u00e8tes permettant aux agents de se perfectionner dans leur r\u00f4le actuel.<\/li>\n<li>Des renseignements pertinents sur la tarification et l\u2019administration des polices.<\/li>\n<li>ivari 360, votre guichet unique pour les illustrations, les propositions et les transformations.<\/li>\n<li>Portrait-Assurance, un outil simple et interactif qui propose au client une solution d\u2019assurance adapt\u00e9e \u00e0 sa situation personnelle et \u00e0 l\u2019\u00e9volution de ses besoins.<\/li>\n<li>Mon profil d\u2019investisseur, un outil de s\u00e9lection des placements qui permet au client de d\u00e9finir son profil de risque, en tenant compte de ses besoins, de sa situation financi\u00e8re actuelle et de ses objectifs.<\/li>\n<\/ul>\n<p>[\/vc_column_text][\/vc_column_inner][\/vc_row_inner][\/vc_column][\/vc_row]<\/p>\n<\/div>","protected":false},"excerpt":{"rendered":"<p> ivari affirme son engagement \u00e0 mettre \u00e0 profit le pouvoir de la communication pour remplacer par la confiance les craintes associ\u00e9es \u00e0 la souscription d\u2019une assurance&#8230;.<\/p>\n","protected":false},"author":2,"featured_media":0,"parent":38918,"menu_order":0,"comment_status":"closed","ping_status":"closed","template":"","meta":{"_acf_changed":false,"_searchwp_excluded":"","footnotes":""},"query_groups":[],"class_list":["post-39294","page","type-page","status-publish","hentry"],"acf":[],"yoast_head":"<!-- This site is optimized with the Yoast SEO plugin v27.3 - https:\/\/yoast.com\/product\/yoast-seo-wordpress\/ -->\n<title>Nouveaux conseillers - ivari<\/title>\n<meta name=\"robots\" content=\"index, follow, max-snippet:-1, max-image-preview:large, max-video-preview:-1\" \/>\n<link rel=\"canonical\" href=\"https:\/\/ivari.ca\/fr\/a-propos-divari\/notre-compagnie\/nouveaux-conseillers\/\" \/>\n<meta property=\"og:locale\" content=\"fr_FR\" \/>\n<meta property=\"og:type\" content=\"article\" \/>\n<meta property=\"og:title\" content=\"Nouveaux conseillers - ivari\" \/>\n<meta property=\"og:description\" content=\"ivari affirme son engagement \u00e0 mettre \u00e0 profit le pouvoir de la communication pour remplacer par la confiance les craintes associ\u00e9es \u00e0 la souscription d\u2019une assurance....\" \/>\n<meta property=\"og:url\" content=\"https:\/\/ivari.ca\/fr\/a-propos-divari\/notre-compagnie\/nouveaux-conseillers\/\" \/>\n<meta property=\"og:site_name\" content=\"ivari\" \/>\n<meta property=\"article:modified_time\" content=\"2025-10-21T13:20:49+00:00\" \/>\n<meta name=\"twitter:card\" content=\"summary_large_image\" \/>\n<meta name=\"twitter:label1\" content=\"Dur\u00e9e de lecture estim\u00e9e\" \/>\n\t<meta name=\"twitter:data1\" content=\"4 minutes\" \/>\n<script type=\"application\/ld+json\" class=\"yoast-schema-graph\">{\"@context\":\"https:\\\/\\\/schema.org\",\"@graph\":[{\"@type\":\"WebPage\",\"@id\":\"https:\\\/\\\/ivari.ca\\\/fr\\\/a-propos-divari\\\/notre-compagnie\\\/nouveaux-conseillers\\\/\",\"url\":\"https:\\\/\\\/ivari.ca\\\/fr\\\/a-propos-divari\\\/notre-compagnie\\\/nouveaux-conseillers\\\/\",\"name\":\"Nouveaux conseillers - ivari\",\"isPartOf\":{\"@id\":\"https:\\\/\\\/ivari.ca\\\/#website\"},\"datePublished\":\"2022-03-28T14:02:41+00:00\",\"dateModified\":\"2025-10-21T13:20:49+00:00\",\"breadcrumb\":{\"@id\":\"https:\\\/\\\/ivari.ca\\\/fr\\\/a-propos-divari\\\/notre-compagnie\\\/nouveaux-conseillers\\\/#breadcrumb\"},\"inLanguage\":\"fr-FR\",\"potentialAction\":[{\"@type\":\"ReadAction\",\"target\":[\"https:\\\/\\\/ivari.ca\\\/fr\\\/a-propos-divari\\\/notre-compagnie\\\/nouveaux-conseillers\\\/\"]}]},{\"@type\":\"BreadcrumbList\",\"@id\":\"https:\\\/\\\/ivari.ca\\\/fr\\\/a-propos-divari\\\/notre-compagnie\\\/nouveaux-conseillers\\\/#breadcrumb\",\"itemListElement\":[{\"@type\":\"ListItem\",\"position\":1,\"name\":\"Home\",\"item\":\"https:\\\/\\\/ivari.ca\\\/fr\\\/\"},{\"@type\":\"ListItem\",\"position\":2,\"name\":\"\u00c0 propos d&#8217;ivari\",\"item\":\"https:\\\/\\\/ivari.ca\\\/fr\\\/a-propos-divari\\\/\"},{\"@type\":\"ListItem\",\"position\":3,\"name\":\"Notre compagnie\",\"item\":\"https:\\\/\\\/ivari.ca\\\/fr\\\/a-propos-divari\\\/notre-compagnie\\\/\"},{\"@type\":\"ListItem\",\"position\":4,\"name\":\"Nouveaux conseillers\"}]},{\"@type\":\"WebSite\",\"@id\":\"https:\\\/\\\/ivari.ca\\\/#website\",\"url\":\"https:\\\/\\\/ivari.ca\\\/\",\"name\":\"ivari\",\"description\":\"\",\"potentialAction\":[{\"@type\":\"SearchAction\",\"target\":{\"@type\":\"EntryPoint\",\"urlTemplate\":\"https:\\\/\\\/ivari.ca\\\/?s={search_term_string}\"},\"query-input\":{\"@type\":\"PropertyValueSpecification\",\"valueRequired\":true,\"valueName\":\"search_term_string\"}}],\"inLanguage\":\"fr-FR\"}]}<\/script>\n<!-- \/ Yoast SEO plugin. -->","yoast_head_json":{"title":"Nouveaux conseillers - ivari","robots":{"index":"index","follow":"follow","max-snippet":"max-snippet:-1","max-image-preview":"max-image-preview:large","max-video-preview":"max-video-preview:-1"},"canonical":"https:\/\/ivari.ca\/fr\/a-propos-divari\/notre-compagnie\/nouveaux-conseillers\/","og_locale":"fr_FR","og_type":"article","og_title":"Nouveaux conseillers - ivari","og_description":"ivari affirme son engagement \u00e0 mettre \u00e0 profit le pouvoir de la communication pour remplacer par la confiance les craintes associ\u00e9es \u00e0 la souscription d\u2019une assurance....","og_url":"https:\/\/ivari.ca\/fr\/a-propos-divari\/notre-compagnie\/nouveaux-conseillers\/","og_site_name":"ivari","article_modified_time":"2025-10-21T13:20:49+00:00","twitter_card":"summary_large_image","twitter_misc":{"Dur\u00e9e de lecture estim\u00e9e":"4 minutes"},"schema":{"@context":"https:\/\/schema.org","@graph":[{"@type":"WebPage","@id":"https:\/\/ivari.ca\/fr\/a-propos-divari\/notre-compagnie\/nouveaux-conseillers\/","url":"https:\/\/ivari.ca\/fr\/a-propos-divari\/notre-compagnie\/nouveaux-conseillers\/","name":"Nouveaux conseillers - ivari","isPartOf":{"@id":"https:\/\/ivari.ca\/#website"},"datePublished":"2022-03-28T14:02:41+00:00","dateModified":"2025-10-21T13:20:49+00:00","breadcrumb":{"@id":"https:\/\/ivari.ca\/fr\/a-propos-divari\/notre-compagnie\/nouveaux-conseillers\/#breadcrumb"},"inLanguage":"fr-FR","potentialAction":[{"@type":"ReadAction","target":["https:\/\/ivari.ca\/fr\/a-propos-divari\/notre-compagnie\/nouveaux-conseillers\/"]}]},{"@type":"BreadcrumbList","@id":"https:\/\/ivari.ca\/fr\/a-propos-divari\/notre-compagnie\/nouveaux-conseillers\/#breadcrumb","itemListElement":[{"@type":"ListItem","position":1,"name":"Home","item":"https:\/\/ivari.ca\/fr\/"},{"@type":"ListItem","position":2,"name":"\u00c0 propos d&#8217;ivari","item":"https:\/\/ivari.ca\/fr\/a-propos-divari\/"},{"@type":"ListItem","position":3,"name":"Notre compagnie","item":"https:\/\/ivari.ca\/fr\/a-propos-divari\/notre-compagnie\/"},{"@type":"ListItem","position":4,"name":"Nouveaux conseillers"}]},{"@type":"WebSite","@id":"https:\/\/ivari.ca\/#website","url":"https:\/\/ivari.ca\/","name":"ivari","description":"","potentialAction":[{"@type":"SearchAction","target":{"@type":"EntryPoint","urlTemplate":"https:\/\/ivari.ca\/?s={search_term_string}"},"query-input":{"@type":"PropertyValueSpecification","valueRequired":true,"valueName":"search_term_string"}}],"inLanguage":"fr-FR"}]}},"_links":{"self":[{"href":"https:\/\/ivari.ca\/fr\/wp-json\/wp\/v2\/pages\/39294","targetHints":{"allow":["GET"]}}],"collection":[{"href":"https:\/\/ivari.ca\/fr\/wp-json\/wp\/v2\/pages"}],"about":[{"href":"https:\/\/ivari.ca\/fr\/wp-json\/wp\/v2\/types\/page"}],"author":[{"embeddable":true,"href":"https:\/\/ivari.ca\/fr\/wp-json\/wp\/v2\/users\/2"}],"replies":[{"embeddable":true,"href":"https:\/\/ivari.ca\/fr\/wp-json\/wp\/v2\/comments?post=39294"}],"version-history":[{"count":0,"href":"https:\/\/ivari.ca\/fr\/wp-json\/wp\/v2\/pages\/39294\/revisions"}],"up":[{"embeddable":true,"href":"https:\/\/ivari.ca\/fr\/wp-json\/wp\/v2\/pages\/38918"}],"wp:attachment":[{"href":"https:\/\/ivari.ca\/fr\/wp-json\/wp\/v2\/media?parent=39294"}],"wp:term":[{"taxonomy":"query_groups","embeddable":true,"href":"https:\/\/ivari.ca\/fr\/wp-json\/wp\/v2\/query_groups?post=39294"}],"curies":[{"name":"wp","href":"https:\/\/api.w.org\/{rel}","templated":true}]}}