



{"id":39173,"date":"2021-11-16T11:43:16","date_gmt":"2021-11-16T16:43:16","guid":{"rendered":"https:\/\/ivari.ca\/?page_id=39173"},"modified":"2023-11-03T17:24:12","modified_gmt":"2023-11-03T21:24:12","slug":"changement-adresse","status":"publish","type":"page","link":"https:\/\/ivari.ca\/fr\/a-propos-divari\/notre-compagnie\/coordonnees\/changement-adresse\/","title":{"rendered":"Changement d&rsquo;adresse"},"content":{"rendered":"<div class=\"wpb-content-wrapper\"><p>[vc_row el_class=\u00a0\u00bbwhats-happening-banner\u00a0\u00bb el_id=\u00a0\u00bbgrey-page-banner\u00a0\u00bb][vc_column][vc_row_inner content_placement=\u00a0\u00bbmiddle\u00a0\u00bb css=\u00a0\u00bb.vc_custom_1635351403459{background-image: url(https:\/\/ivari.ca\/files\/2021\/10\/grey-watercolour-bg-scaled.jpg?id=34985) !important;background-position: center !important;background-repeat: no-repeat !important;background-size: cover !important;}\u00a0\u00bb][vc_column_inner][vc_raw_html]JTNDZGl2JTIwY2xhc3MlM0QlMjJmbGV4LWNvbnRhaW5lciUyMiUzRSUwQSUyMCUyMCUzQ2RpdiUyMGNsYXNzJTNEJTIyZmxleC1pdGVtJTIyJTNFJTNDaW1nJTIwc3JjJTNEJTIyJTJGd3AtY29udGVudCUyRnVwbG9hZHMlMkYyMDIxJTJGMTElMkZBZGRyZXNzLWNoYW5nZS1pY29uLnN2ZyUyMiUyMGFsdCUzRCUyMlBpbiUyMGljb24lMjIlMjB0aXRsZSUzRCUyMiU1QnNjX3Bvc3RfdGl0bGUlNUQlMjIlMjBjbGFzcyUzRCUyMnBhZ2UtYmFubmVyLWljb24lMjIlM0UlM0MlMkZkaXYlM0UlMEElMjAlMjAlM0NkaXYlMjBjbGFzcyUzRCUyMmZsZXgtaXRlbSUyMiUzRSUzQ2gxJTNFJTVCc2NfcG9zdF90aXRsZSU1RCUzQyUyRmgxJTNFJTNDcCUyMGNsYXNzJTNEJTIyc3ViaGVhZGluZyUyMiUzRU1ldHRyZSUyMCVDMyVBMCUyMGpvdXIlMjB2b3MlMjBjb29yZG9ubiVDMyVBOWVzJTIwJTI4YWRyZXNzZSUyQyUyMGNvdXJyaWVsJTIwb3UlMjBudW0lQzMlQTlybyUyMGRlJTIwdCVDMyVBOWwlQzMlQTlwaG9uZSUyOSUzQyUyRnAlM0UlM0MlMkZkaXYlM0UlMEElM0MlMkZkaXYlM0U=[\/vc_raw_html][\/vc_column_inner][\/vc_row_inner][\/vc_column][\/vc_row][vc_row el_class=\u00a0\u00bbivari-row\u00a0\u00bb][vc_column][vc_column_text]<\/p>\n<h2>Comment faire pour mettre \u00e0 jour mes coordonn\u00e9es (adresse, courriel ou num\u00e9ro de t\u00e9l\u00e9phone)?<\/h2>\n<p>Vous pouvez faire une demande de changement de vos coordonn\u00e9es en choisissant l\u2019une des trois options suivantes :<\/p>\n<ol>\n<li>Remplir et\u00a0<a href=\"https:\/\/webapp.ivari.ca\/eforms\/client\/contactinfochange\/fr\" target=\"_blank\" rel=\"noopener noreferrer\">soumettre la demande en ligne<\/a>.<\/li>\n<li>Nous appeler directement au 1-800-846-5970.<\/li>\n<li>Remplir le formulaire\u00a0<a href=\"\/files\/IV1527FR.pdf\" target=\"_blank\" rel=\"noopener noreferrer\">Changement de coordonn\u00e9es<\/a>. Si vous pr\u00e9f\u00e9rez, vous pouvez soumettre une lettre de directives par la poste \u00e0 :<\/li>\n<\/ol>\n<p><strong>ivari<\/strong><br \/>\nC.P. 4241, Station A<br \/>\nToronto (Ontario) M5W 5R3<\/p>\n<p>Pour tout compl\u00e9ment d\u2019information ou toute assistance, veuillez communiquer avec votre conseiller ou le Service \u00e0 la client\u00e8le d\u2019ivari\u00a0au 1-800-846-5970.[\/vc_column_text][vc_btn title=\u00a0\u00bbcontactez-nous\u00a0\u00bb color=\u00a0\u00bbblue\u00a0\u00bb link=\u00a0\u00bburl:%2Ffr%2Fa-propos-divari%2Fnotre-compagnie%2Fcoordonnees%2F|title:Coordonn%C3%A9es\u00a0\u00bb][\/vc_column][\/vc_row]<\/p>\n<\/div>","protected":false},"excerpt":{"rendered":"<p>JTNDZGl2JTIwY2xhc3MlM0QlMjJmbGV4LWNvbnRhaW5lciUyMiUzRSUwQSUyMCUyMCUzQ2RpdiUyMGNsYXNzJTNEJTIyZmxleC1pdGVtJTIyJTNFJTNDaW1nJTIwc3JjJTNEJTIyJTJGd3AtY29udGVudCUyRnVwbG9hZHMlMkYyMDIxJTJGMTElMkZBZGRyZXNzLWNoYW5nZS1pY29uLnN2ZyUyMiUyMGFsdCUzRCUyMlBpbiUyMGljb24lMjIlMjB0aXRsZSUzRCUyMiU1QnNjX3Bvc3RfdGl0bGUlNUQlMjIlMjBjbGFzcyUzRCUyMnBhZ2UtYmFubmVyLWljb24lMjIlM0UlM0MlMkZkaXYlM0UlMEElMjAlMjAlM0NkaXYlMjBjbGFzcyUzRCUyMmZsZXgtaXRlbSUyMiUzRSUzQ2gxJTNFJTVCc2NfcG9zdF90aXRsZSU1RCUzQyUyRmgxJTNFJTNDcCUyMGNsYXNzJTNEJTIyc3ViaGVhZGluZyUyMiUzRU1ldHRyZSUyMCVDMyVBMCUyMGpvdXIlMjB2b3MlMjBjb29yZG9ubiVDMyVBOWVzJTIwJTI4YWRyZXNzZSUyQyUyMGNvdXJyaWVsJTIwb3UlMjBudW0lQzMlQTlybyUyMGRlJTIwdCVDMyVBOWwlQzMlQTlwaG9uZSUyOSUzQyUyRnAlM0UlM0MlMkZkaXYlM0UlMEElM0MlMkZkaXYlM0U= Comment faire pour mettre \u00e0 jour mes coordonn\u00e9es (adresse, courriel ou num\u00e9ro de t\u00e9l\u00e9phone)? Vous pouvez faire une demande de changement de vos coordonn\u00e9es en choisissant l\u2019une des trois options suivantes : Remplir et\u00a0soumettre la demande&#8230;<\/p>\n","protected":false},"author":2,"featured_media":0,"parent":39169,"menu_order":0,"comment_status":"closed","ping_status":"closed","template":"","meta":{"_acf_changed":false,"_searchwp_excluded":"","footnotes":""},"query_groups":[],"class_list":["post-39173","page","type-page","status-publish","hentry"],"acf":[],"yoast_head":"<!-- This site is optimized with the Yoast SEO plugin v27.2 - https:\/\/yoast.com\/product\/yoast-seo-wordpress\/ -->\n<title>Changement d&#039;adresse - ivari<\/title>\n<meta name=\"robots\" content=\"index, follow, max-snippet:-1, max-image-preview:large, max-video-preview:-1\" \/>\n<link rel=\"canonical\" href=\"https:\/\/ivari.ca\/fr\/a-propos-divari\/notre-compagnie\/coordonnees\/changement-adresse\/\" \/>\n<meta property=\"og:locale\" content=\"fr_FR\" \/>\n<meta property=\"og:type\" content=\"article\" \/>\n<meta property=\"og:title\" content=\"Changement d&#039;adresse - ivari\" \/>\n<meta property=\"og:description\" content=\"JTNDZGl2JTIwY2xhc3MlM0QlMjJmbGV4LWNvbnRhaW5lciUyMiUzRSUwQSUyMCUyMCUzQ2RpdiUyMGNsYXNzJTNEJTIyZmxleC1pdGVtJTIyJTNFJTNDaW1nJTIwc3JjJTNEJTIyJTJGd3AtY29udGVudCUyRnVwbG9hZHMlMkYyMDIxJTJGMTElMkZBZGRyZXNzLWNoYW5nZS1pY29uLnN2ZyUyMiUyMGFsdCUzRCUyMlBpbiUyMGljb24lMjIlMjB0aXRsZSUzRCUyMiU1QnNjX3Bvc3RfdGl0bGUlNUQlMjIlMjBjbGFzcyUzRCUyMnBhZ2UtYmFubmVyLWljb24lMjIlM0UlM0MlMkZkaXYlM0UlMEElMjAlMjAlM0NkaXYlMjBjbGFzcyUzRCUyMmZsZXgtaXRlbSUyMiUzRSUzQ2gxJTNFJTVCc2NfcG9zdF90aXRsZSU1RCUzQyUyRmgxJTNFJTNDcCUyMGNsYXNzJTNEJTIyc3ViaGVhZGluZyUyMiUzRU1ldHRyZSUyMCVDMyVBMCUyMGpvdXIlMjB2b3MlMjBjb29yZG9ubiVDMyVBOWVzJTIwJTI4YWRyZXNzZSUyQyUyMGNvdXJyaWVsJTIwb3UlMjBudW0lQzMlQTlybyUyMGRlJTIwdCVDMyVBOWwlQzMlQTlwaG9uZSUyOSUzQyUyRnAlM0UlM0MlMkZkaXYlM0UlMEElM0MlMkZkaXYlM0U= Comment faire pour mettre \u00e0 jour mes coordonn\u00e9es (adresse, courriel ou num\u00e9ro de t\u00e9l\u00e9phone)? Vous pouvez faire une demande de changement de vos coordonn\u00e9es en choisissant l\u2019une des trois options suivantes : Remplir et\u00a0soumettre la demande...\" \/>\n<meta property=\"og:url\" content=\"https:\/\/ivari.ca\/fr\/a-propos-divari\/notre-compagnie\/coordonnees\/changement-adresse\/\" \/>\n<meta property=\"og:site_name\" content=\"ivari\" \/>\n<meta property=\"article:modified_time\" content=\"2023-11-03T21:24:12+00:00\" \/>\n<meta name=\"twitter:card\" content=\"summary_large_image\" \/>\n<meta name=\"twitter:label1\" content=\"Dur\u00e9e de lecture estim\u00e9e\" \/>\n\t<meta name=\"twitter:data1\" content=\"1 minute\" \/>\n<script type=\"application\/ld+json\" class=\"yoast-schema-graph\">{\"@context\":\"https:\/\/schema.org\",\"@graph\":[{\"@type\":\"WebPage\",\"@id\":\"https:\/\/ivari.ca\/fr\/a-propos-divari\/notre-compagnie\/coordonnees\/changement-adresse\/\",\"url\":\"https:\/\/ivari.ca\/fr\/a-propos-divari\/notre-compagnie\/coordonnees\/changement-adresse\/\",\"name\":\"Changement d'adresse - ivari\",\"isPartOf\":{\"@id\":\"https:\/\/ivari.ca\/#website\"},\"datePublished\":\"2021-11-16T16:43:16+00:00\",\"dateModified\":\"2023-11-03T21:24:12+00:00\",\"breadcrumb\":{\"@id\":\"https:\/\/ivari.ca\/fr\/a-propos-divari\/notre-compagnie\/coordonnees\/changement-adresse\/#breadcrumb\"},\"inLanguage\":\"fr-FR\",\"potentialAction\":[{\"@type\":\"ReadAction\",\"target\":[\"https:\/\/ivari.ca\/fr\/a-propos-divari\/notre-compagnie\/coordonnees\/changement-adresse\/\"]}]},{\"@type\":\"BreadcrumbList\",\"@id\":\"https:\/\/ivari.ca\/fr\/a-propos-divari\/notre-compagnie\/coordonnees\/changement-adresse\/#breadcrumb\",\"itemListElement\":[{\"@type\":\"ListItem\",\"position\":1,\"name\":\"Home\",\"item\":\"https:\/\/ivari.ca\/fr\/\"},{\"@type\":\"ListItem\",\"position\":2,\"name\":\"\u00c0 propos d&#8217;ivari\",\"item\":\"https:\/\/ivari.ca\/fr\/a-propos-divari\/\"},{\"@type\":\"ListItem\",\"position\":3,\"name\":\"Notre compagnie\",\"item\":\"https:\/\/ivari.ca\/fr\/a-propos-divari\/notre-compagnie\/\"},{\"@type\":\"ListItem\",\"position\":4,\"name\":\"Coordonn\u00e9es\",\"item\":\"https:\/\/ivari.ca\/fr\/a-propos-divari\/notre-compagnie\/coordonnees\/\"},{\"@type\":\"ListItem\",\"position\":5,\"name\":\"Changement d&#8217;adresse\"}]},{\"@type\":\"WebSite\",\"@id\":\"https:\/\/ivari.ca\/#website\",\"url\":\"https:\/\/ivari.ca\/\",\"name\":\"ivari\",\"description\":\"\",\"potentialAction\":[{\"@type\":\"SearchAction\",\"target\":{\"@type\":\"EntryPoint\",\"urlTemplate\":\"https:\/\/ivari.ca\/?s={search_term_string}\"},\"query-input\":{\"@type\":\"PropertyValueSpecification\",\"valueRequired\":true,\"valueName\":\"search_term_string\"}}],\"inLanguage\":\"fr-FR\"}]}<\/script>\n<!-- \/ Yoast SEO plugin. -->","yoast_head_json":{"title":"Changement d'adresse - ivari","robots":{"index":"index","follow":"follow","max-snippet":"max-snippet:-1","max-image-preview":"max-image-preview:large","max-video-preview":"max-video-preview:-1"},"canonical":"https:\/\/ivari.ca\/fr\/a-propos-divari\/notre-compagnie\/coordonnees\/changement-adresse\/","og_locale":"fr_FR","og_type":"article","og_title":"Changement d'adresse - ivari","og_description":"JTNDZGl2JTIwY2xhc3MlM0QlMjJmbGV4LWNvbnRhaW5lciUyMiUzRSUwQSUyMCUyMCUzQ2RpdiUyMGNsYXNzJTNEJTIyZmxleC1pdGVtJTIyJTNFJTNDaW1nJTIwc3JjJTNEJTIyJTJGd3AtY29udGVudCUyRnVwbG9hZHMlMkYyMDIxJTJGMTElMkZBZGRyZXNzLWNoYW5nZS1pY29uLnN2ZyUyMiUyMGFsdCUzRCUyMlBpbiUyMGljb24lMjIlMjB0aXRsZSUzRCUyMiU1QnNjX3Bvc3RfdGl0bGUlNUQlMjIlMjBjbGFzcyUzRCUyMnBhZ2UtYmFubmVyLWljb24lMjIlM0UlM0MlMkZkaXYlM0UlMEElMjAlMjAlM0NkaXYlMjBjbGFzcyUzRCUyMmZsZXgtaXRlbSUyMiUzRSUzQ2gxJTNFJTVCc2NfcG9zdF90aXRsZSU1RCUzQyUyRmgxJTNFJTNDcCUyMGNsYXNzJTNEJTIyc3ViaGVhZGluZyUyMiUzRU1ldHRyZSUyMCVDMyVBMCUyMGpvdXIlMjB2b3MlMjBjb29yZG9ubiVDMyVBOWVzJTIwJTI4YWRyZXNzZSUyQyUyMGNvdXJyaWVsJTIwb3UlMjBudW0lQzMlQTlybyUyMGRlJTIwdCVDMyVBOWwlQzMlQTlwaG9uZSUyOSUzQyUyRnAlM0UlM0MlMkZkaXYlM0UlMEElM0MlMkZkaXYlM0U= Comment faire pour mettre \u00e0 jour mes coordonn\u00e9es (adresse, courriel ou num\u00e9ro de t\u00e9l\u00e9phone)? Vous pouvez faire une demande de changement de vos coordonn\u00e9es en choisissant l\u2019une des trois options suivantes : Remplir et\u00a0soumettre la demande...","og_url":"https:\/\/ivari.ca\/fr\/a-propos-divari\/notre-compagnie\/coordonnees\/changement-adresse\/","og_site_name":"ivari","article_modified_time":"2023-11-03T21:24:12+00:00","twitter_card":"summary_large_image","twitter_misc":{"Dur\u00e9e de lecture estim\u00e9e":"1 minute"},"schema":{"@context":"https:\/\/schema.org","@graph":[{"@type":"WebPage","@id":"https:\/\/ivari.ca\/fr\/a-propos-divari\/notre-compagnie\/coordonnees\/changement-adresse\/","url":"https:\/\/ivari.ca\/fr\/a-propos-divari\/notre-compagnie\/coordonnees\/changement-adresse\/","name":"Changement d'adresse - ivari","isPartOf":{"@id":"https:\/\/ivari.ca\/#website"},"datePublished":"2021-11-16T16:43:16+00:00","dateModified":"2023-11-03T21:24:12+00:00","breadcrumb":{"@id":"https:\/\/ivari.ca\/fr\/a-propos-divari\/notre-compagnie\/coordonnees\/changement-adresse\/#breadcrumb"},"inLanguage":"fr-FR","potentialAction":[{"@type":"ReadAction","target":["https:\/\/ivari.ca\/fr\/a-propos-divari\/notre-compagnie\/coordonnees\/changement-adresse\/"]}]},{"@type":"BreadcrumbList","@id":"https:\/\/ivari.ca\/fr\/a-propos-divari\/notre-compagnie\/coordonnees\/changement-adresse\/#breadcrumb","itemListElement":[{"@type":"ListItem","position":1,"name":"Home","item":"https:\/\/ivari.ca\/fr\/"},{"@type":"ListItem","position":2,"name":"\u00c0 propos d&#8217;ivari","item":"https:\/\/ivari.ca\/fr\/a-propos-divari\/"},{"@type":"ListItem","position":3,"name":"Notre compagnie","item":"https:\/\/ivari.ca\/fr\/a-propos-divari\/notre-compagnie\/"},{"@type":"ListItem","position":4,"name":"Coordonn\u00e9es","item":"https:\/\/ivari.ca\/fr\/a-propos-divari\/notre-compagnie\/coordonnees\/"},{"@type":"ListItem","position":5,"name":"Changement d&#8217;adresse"}]},{"@type":"WebSite","@id":"https:\/\/ivari.ca\/#website","url":"https:\/\/ivari.ca\/","name":"ivari","description":"","potentialAction":[{"@type":"SearchAction","target":{"@type":"EntryPoint","urlTemplate":"https:\/\/ivari.ca\/?s={search_term_string}"},"query-input":{"@type":"PropertyValueSpecification","valueRequired":true,"valueName":"search_term_string"}}],"inLanguage":"fr-FR"}]}},"_links":{"self":[{"href":"https:\/\/ivari.ca\/fr\/wp-json\/wp\/v2\/pages\/39173","targetHints":{"allow":["GET"]}}],"collection":[{"href":"https:\/\/ivari.ca\/fr\/wp-json\/wp\/v2\/pages"}],"about":[{"href":"https:\/\/ivari.ca\/fr\/wp-json\/wp\/v2\/types\/page"}],"author":[{"embeddable":true,"href":"https:\/\/ivari.ca\/fr\/wp-json\/wp\/v2\/users\/2"}],"replies":[{"embeddable":true,"href":"https:\/\/ivari.ca\/fr\/wp-json\/wp\/v2\/comments?post=39173"}],"version-history":[{"count":0,"href":"https:\/\/ivari.ca\/fr\/wp-json\/wp\/v2\/pages\/39173\/revisions"}],"up":[{"embeddable":true,"href":"https:\/\/ivari.ca\/fr\/wp-json\/wp\/v2\/pages\/39169"}],"wp:attachment":[{"href":"https:\/\/ivari.ca\/fr\/wp-json\/wp\/v2\/media?parent=39173"}],"wp:term":[{"taxonomy":"query_groups","embeddable":true,"href":"https:\/\/ivari.ca\/fr\/wp-json\/wp\/v2\/query_groups?post=39173"}],"curies":[{"name":"wp","href":"https:\/\/api.w.org\/{rel}","templated":true}]}}