



{"id":39169,"date":"2021-04-01T18:58:14","date_gmt":"2021-04-01T22:58:14","guid":{"rendered":"https:\/\/ivari.ca\/?page_id=39169"},"modified":"2024-06-11T13:42:55","modified_gmt":"2024-06-11T17:42:55","slug":"coordonnees","status":"publish","type":"page","link":"https:\/\/ivari.ca\/fr\/a-propos-divari\/notre-compagnie\/coordonnees\/","title":{"rendered":"Coordonn\u00e9es"},"content":{"rendered":"<div class=\"wpb-content-wrapper\"><p>[vc_row css=\u00a0\u00bb.vc_custom_1633110907975{background-position: center !important;background-repeat: no-repeat !important;background-size: cover !important;}\u00a0\u00bb el_id=\u00a0\u00bbpost-banner\u00a0\u00bb][vc_column][vc_row_inner content_placement=\u00a0\u00bbbottom\u00a0\u00bb css=\u00a0\u00bb.vc_custom_1649259830521{background-image: url(https:\/\/ivari.ca\/files\/2021\/04\/5000-Yonge-scaled.jpg?id=34420) !important;background-position: center !important;background-repeat: no-repeat !important;background-size: cover !important;}\u00a0\u00bb el_class=\u00a0\u00bbpost-banner\u00a0\u00bb][vc_column_inner el_class=\u00a0\u00bbimage-row-text-column\u00a0\u00bb width=\u00a0\u00bb2\/5&Prime;][vc_column_text]<\/p>\n<h1>\t\t\t<span id=\"typedjs86\" class=\"animated-typed-js-shortcode \"><\/span>\n\t\t\t<script>\n\t\t\tvar typedjs86 = new Typed('#typedjs86', {\n\t\t\t\tstrings: [\"Coordonn\\u00e9es\"],\n\t\t\t\ttypeSpeed: 80,\n\t\t\t\tbackSpeed: 50,\n\t\t\t\tbackDelay: 500,\n\t\t\t\tstartDelay: 1000,\n\t\t\t\tloop: false,\n\t\t\t\tloopCount: 0,\n\t\t\t\tfadeOut: false,\n\t\t\t\tfadeOutDelay: 500,\n\t\t\t\tsmartBackspace: true,\n\t\t\t\tshuffle: false,\n\t\t\t\tshowCursor: true,\n\t\t\t\tcursorChar: \"|\"\n\t\t\t});\n\t\t\t<\/script>\n\n\t\t<\/h1>\n<p>[\/vc_column_text][\/vc_column_inner][vc_column_inner width=\u00a0\u00bb3\/5&Prime;][\/vc_column_inner][\/vc_row_inner][\/vc_column][\/vc_row][vc_row el_id=\u00a0\u00bbcontact-section-2&Prime; css=\u00a0\u00bb.vc_custom_1617636951016{margin-top: 0px !important;margin-bottom: 0px !important;border-top-width: 0px !important;border-bottom-width: 0px !important;padding-top: 0px !important;padding-bottom: 30px !important;}\u00a0\u00bb][vc_column el_class=\u00a0\u00bbhome-hero-box\u00a0\u00bb][vc_row_inner][vc_column_inner width=\u00a0\u00bb1\/3&Prime;][vc_raw_html]JTNDZGl2JTIwYWxpZ24lM0QlMjJjZW50ZXIlMjIlMjBjbGFzcyUzRCUyMmljb24tY29udGFpbmVyJTIyJTNFJTNDZGl2JTIwY2xhc3MlM0QlMjJjaXJjbGUlMjIlM0UlM0NzcGFuJTNFJTBBJTNDaW1nJTIwc3JjJTNEJTIyJTJGd3AtY29udGVudCUyRnVwbG9hZHMlMkYyMDIxJTJGMDQlMkZjb250YWN0LXJlY2VwdGlvbi1kZXNrLnN2ZyUyMiUyMGNsYXNzJTNEJTIyY29udGFjdC1yZWNlcHRpb24tZGVzayUyMiUyMGFsdCUzRCUyMkRlc2slMjBpY29uJTIyJTIwdGl0bGUlM0QlMjJSJUMzJUE5Y2VwdGlvbiUyMHByaW5jaXBhbGUlMjIlM0UlMEElM0NpbWclMjBzcmMlM0QlMjIlMkZ3cC1jb250ZW50JTJGdXBsb2FkcyUyRjIwMjElMkYwNCUyRmNvbnRhY3QtcmVjZXB0aW9uLWJ1YmJsZS5zdmclMjIlMjBjbGFzcyUzRCUyMmNvbnRhY3QtcmVjZXB0aW9uLWJ1YmJsZSUyMiUyMGFsdCUzRCUyMiUyMiUzRSUwQSUzQyUyRnNwYW4lM0UlM0MlMkZkaXYlM0UlM0MlMkZkaXYlM0U=[\/vc_raw_html][vc_column_text]<\/p>\n<h3><strong>R\u00e9ception principale<\/strong><br \/>\n416-883-5000<\/h3>\n<p>[\/vc_column_text][\/vc_column_inner][vc_column_inner width=\u00a0\u00bb1\/3&Prime;][vc_raw_html el_id=\u00a0\u00bbmail-icon\u00a0\u00bb]JTNDZGl2JTIwYWxpZ24lM0QlMjJjZW50ZXIlMjIlMjBjbGFzcyUzRCUyMmljb24tY29udGFpbmVyJTIyJTNFJTNDZGl2JTIwY2xhc3MlM0QlMjJjaXJjbGUlMjIlM0UlM0NzcGFuJTNFJTBBJTNDaW1nJTIwY2xhc3MlM0QlMjJtYWlsLWNsb3NlZCUyMiUyMHNyYyUzRCUyMiUyRndwLWNvbnRlbnQlMkZ1cGxvYWRzJTJGMjAyMSUyRjA0JTJGY29udGFjdC1tYWlsLWNsb3NlZC5zdmclMjIlMjBhbHQlM0QlMjJFbnZlbG9wZSUyMGljb24lMjIlMjB0aXRsZSUzRCUyMkFkcmVzc2UlMjBwb3N0YWxlJTIyJTNFJTBBJTIwJTIwJTNDaW1nJTIwY2xhc3MlM0QlMjJtYWlsLW9wZW4tZnJvbnQlMjIlMjBzcmMlM0QlMjIlMkZ3cC1jb250ZW50JTJGdXBsb2FkcyUyRjIwMjElMkYwNCUyRmNvbnRhY3QtbWFpbC1vcGVuLWZyb250LnN2ZyUyMiUyMGFsdCUzRCUyMiUyMiUzRSUwQSUyMCUyMCUzQ2ltZyUyMGNsYXNzJTNEJTIybWFpbC1sZXR0ZXIlMjIlMjBzcmMlM0QlMjIlMkZ3cC1jb250ZW50JTJGdXBsb2FkcyUyRjIwMjElMkYwNCUyRmNvbnRhY3QtbWFpbC1sZXR0ZXIuc3ZnJTIyJTIwYWx0JTNEJTIyJTIyJTNFJTBBJTIwJTIwJTNDaW1nJTIwY2xhc3MlM0QlMjJtYWlsLW9wZW4tYmFjayUyMiUyMHNyYyUzRCUyMiUyRndwLWNvbnRlbnQlMkZ1cGxvYWRzJTJGMjAyMSUyRjA0JTJGY29udGFjdC1tYWlsLW9wZW4tYmFjay5zdmclMjIlMjBhbHQlM0QlMjIlMjIlM0UlMEElM0MlMkZzcGFuJTNFJTNDJTJGZGl2JTNFJTNDJTJGZGl2JTNF[\/vc_raw_html][vc_column_text]<\/p>\n<h3><strong>Adresse postale<\/strong><br \/>\nivari<br \/>\n200-5000, rue Yonge<br \/>\nToronto (Ontario) M2N 7E9<\/h3>\n<p>[\/vc_column_text][\/vc_column_inner][vc_column_inner width=\u00a0\u00bb1\/3&Prime;][vc_raw_html]JTNDZGl2JTIwYWxpZ24lM0QlMjJjZW50ZXIlMjIlMjBjbGFzcyUzRCUyMmljb24tY29udGFpbmVyJTIyJTNFJTNDZGl2JTIwY2xhc3MlM0QlMjJjaXJjbGUlMjIlM0UlM0NzcGFuJTNFJTNDaW1nJTIwc3JjJTNEJTIyJTJGd3AtY29udGVudCUyRnVwbG9hZHMlMkYyMDIxJTJGMDMlMkZzdXBwb3J0LnN2ZyUyMiUyMGNsYXNzJTNEJTIyc3VwcG9ydC1wZXJzb24lMjIlMjBhbHQlM0QlMjJDdXN0b21lciUyMHNlcnZpY2UlMjBpY29uJTIyJTIwdGl0bGUlM0QlMjJTZXJ2aWNlJTIwJUMzJUEwJTIwbGElMjBjbGllbnQlQzMlQThsZSUyMiUzRSUwQSUzQ2RpdiUyMGNsYXNzJTNEJTIybGluZXMtaG9sZGVyJTIyJTNFJTBBJTNDaW1nJTIwc3JjJTNEJTIyJTJGd3AtY29udGVudCUyRnVwbG9hZHMlMkYyMDIxJTJGMDMlMkZybDEuc3ZnJTIyJTIwY2xhc3MlM0QlMjJyaWdodC1saW5lJTIwcmwxJTIyJTIwYWx0JTNEJTIyJTIyJTNFJTBBJTNDaW1nJTIwc3JjJTNEJTIyJTJGd3AtY29udGVudCUyRnVwbG9hZHMlMkYyMDIxJTJGMDMlMkZybDIuc3ZnJTIyJTIwY2xhc3MlM0QlMjJyaWdodC1saW5lJTIwcmwyJTIyJTIwYWx0JTNEJTIyJTIyJTNFJTBBJTNDaW1nJTIwc3JjJTNEJTIyJTJGd3AtY29udGVudCUyRnVwbG9hZHMlMkYyMDIxJTJGMDMlMkZybDMuc3ZnJTIyJTIwY2xhc3MlM0QlMjJyaWdodC1saW5lJTIwcmwzJTIyJTIwYWx0JTNEJTIyJTIyJTNFJTBBJTBBJTNDaW1nJTIwc3JjJTNEJTIyJTJGd3AtY29udGVudCUyRnVwbG9hZHMlMkYyMDIxJTJGMDMlMkZsbDEuc3ZnJTIyJTIwY2xhc3MlM0QlMjJsZWZ0LWxpbmUlMjBsbDElMjIlMjBhbHQlM0QlMjIlMjIlM0UlMEElM0NpbWclMjBzcmMlM0QlMjIlMkZ3cC1jb250ZW50JTJGdXBsb2FkcyUyRjIwMjElMkYwMyUyRmxsMi5zdmclMjIlMjBjbGFzcyUzRCUyMmxlZnQtbGluZSUyMGxsMiUyMiUyMGFsdCUzRCUyMiUyMiUzRSUwQSUzQ2ltZyUyMHNyYyUzRCUyMiUyRndwLWNvbnRlbnQlMkZ1cGxvYWRzJTJGMjAyMSUyRjAzJTJGbGwzLnN2ZyUyMiUyMGNsYXNzJTNEJTIybGVmdC1saW5lJTIwbGwzJTIyJTIwYWx0JTNEJTIyJTIyJTNFJTBBJTNDJTJGZGl2JTNFJTBBJTNDJTJGc3BhbiUzRSUzQyUyRmRpdiUzRSUzQyUyRmRpdiUzRQ==[\/vc_raw_html][vc_column_text]<\/p>\n<h3><strong>Service \u00e0 la client\u00e8le<\/strong><br \/>\nSans frais : 1-800-846-5970<\/h3>\n<p>[\/vc_column_text][\/vc_column_inner][\/vc_row_inner][\/vc_column][\/vc_row][vc_row full_width=\u00a0\u00bbstretch_row\u00a0\u00bb css=\u00a0\u00bb.vc_custom_1617645707079{margin-top: 0px !important;padding-top: 40px !important;}\u00a0\u00bb el_id=\u00a0\u00bbcontact-section-3&Prime;][vc_column width=\u00a0\u00bb1\/3&Prime;][vc_raw_html el_class=\u00a0\u00bbwhats-happening-icon\u00a0\u00bb]JTNDZGl2JTIwYWxpZ24lM0QlMjJjZW50ZXIlMjIlMjBjbGFzcyUzRCUyMmljb24tY29udGFpbmVyJTIyJTNFJTNDZGl2JTIwY2xhc3MlM0QlMjJjaXJjbGUlMjIlM0UlM0NzcGFuJTNFJTNDaW1nJTIwc3JjJTNEJTIyJTJGd3AtY29udGVudCUyRnVwbG9hZHMlMkYyMDIxJTJGMDQlMkZnZW5lcmFsLWlucXVpcmllcy5zdmclMjIlMjBhbHQlM0QlMjJHZW5lcmFsJTIwaW5xdWlyaWVzJTIwaWNvbiUyMiUyMHRpdGxlJTNEJTIyUmVuc2VpZ25lbWVudHMlMjBnJUMzJUE5biVDMyVBOXJhdXglMjIlM0UlM0MlMkZzcGFuJTNFJTNDJTJGZGl2JTNFJTNDJTJGZGl2JTNF[\/vc_raw_html][vc_column_text css=\u00a0\u00bb\u00a0\u00bb]<\/p>\n<h3>Renseignements g\u00e9n\u00e9raux<\/h3>\n<p><strong>Service \u00e0 la client\u00e8le<\/strong><br \/>\nSans frais : 1-800-846-5970<br \/>\n<a href=\"mailto:conversation@ivari.ca\">conversation@ivari.ca<\/a><\/p>\n<p>Lundi au vendredi 8h \u00e0 17h HE<\/p>\n<p><strong>Adresse \u2013 Correspondance li\u00e9e aux polices<\/strong><br \/>\nivari<br \/>\nC.P. 4241, Station A<br \/>\nToronto (Ontario) M5W 5R3<\/p>\n<p><strong>Changement d&rsquo;adresse<\/strong><br \/>\n<a href=\"\/fr\/a-propos-divari\/notre-compagnie\/coordonnees\/changement-adresse\/\">En savoir plus \u203a<\/a><\/p>\n<p>Voulez-vous prendre connaissance des <a href=\"\/files\/conditions-du-bon-de-commande.pdf\" target=\"_blank\" rel=\"noopener\">modalit\u00e9s et conditions du bon de commande<\/a>?[\/vc_column_text][\/vc_column][vc_column width=\u00a0\u00bb1\/3&Prime;][vc_raw_html el_id=\u00a0\u00bbivari-info-icon\u00a0\u00bb]JTNDZGl2JTIwYWxpZ24lM0QlMjJjZW50ZXIlMjIlMjBjbGFzcyUzRCUyMmljb24tY29udGFpbmVyJTIyJTNFJTNDZGl2JTIwY2xhc3MlM0QlMjJjaXJjbGUlMjIlM0UlM0NzcGFuJTNFJTNDaW1nJTIwc3JjJTNEJTIyJTJGd3AtY29udGVudCUyRnVwbG9hZHMlMkYyMDIxJTJGMDQlMkZ3ZmctZ2VuZXJhbC1pbnF1aXJpZXMuc3ZnJTIyJTIwYWx0JTNEJTIyV0ZHJTIwR2VuZXJhbCUyMGlucXVpcmllcyUyMGljb24lMjIlMjB0aXRsZSUzRCUyMldGRyUyMCVFMiU4MCU5MyUyMFJlbnNlaWduZW1lbnRzJTIwZyVDMyVBOW4lQzMlQTlyYXV4JTIyJTNFJTNDJTJGc3BhbiUzRSUzQyUyRmRpdiUzRSUzQyUyRmRpdiUzRQ==[\/vc_raw_html][vc_column_text]<\/p>\n<h3>WFG \u2013 Renseignements g\u00e9n\u00e9raux<\/h3>\n<p><strong>Service \u00e0 la client\u00e8le<\/strong><br \/>\nPour l&rsquo;assurance<br \/>\nSans frais : 1-866-WFG-ROCKS (934-7625)<\/p>\n<p><strong>Pour les produits de placement<\/strong><br \/>\nSans frais : 1-866-WFG-ROCKS (934-7625)<\/p>\n<p>Lundi au vendredi 8h \u00e0 19h HE[\/vc_column_text][\/vc_column][vc_column width=\u00a0\u00bb1\/3&Prime;][vc_raw_html el_id=\u00a0\u00bbwebcappow-icon\u00a0\u00bb]JTNDZGl2JTIwYWxpZ24lM0QlMjJjZW50ZXIlMjIlMjBjbGFzcyUzRCUyMmljb24tY29udGFpbmVyJTIyJTNFJTNDZGl2JTIwY2xhc3MlM0QlMjJjaXJjbGUlMjIlM0UlM0NzcGFuJTNFJTNDaW1nJTIwc3JjJTNEJTIyJTJGd3AtY29udGVudCUyRnVwbG9hZHMlMkYyMDIxJTJGMDQlMkZwaG9uZS1pY29uLnN2ZyUyMiUyMGFsdCUzRCUyMlBob25lJTIwaW5xdWlyaWVzJTIwaWNvbiUyMiUyMHRpdGxlJTNEJTIyUXVlc3Rpb25zJTIwcG9ydGFudCUyMHN1ciUyMGxlcyUyMHByYXRpcXVlcyUyMGNvbW1lcmNpYWxlcyUyMG91JTIwc3VyJTIwbGElMjByJUMzJUE5c29sdXRpb24lMjBkZXMlMjBwbGFpbnRlcyUyMiUzRSUzQyUyRnNwYW4lM0UlM0MlMkZkaXYlM0UlM0MlMkZkaXYlM0U=[\/vc_raw_html][vc_column_text]<\/p>\n<h3>Questions portant sur les pratiques commerciales ou sur la r\u00e9solution des plaintes :<\/h3>\n<p><strong>Service de la conformit\u00e9<\/strong><br \/>\n200-5000, rue Yonge<br \/>\nToronto (Ontario) M2N 7E9<\/p>\n<p><strong>Service de la protection de la vie priv\u00e9e<\/strong><br \/>\n200-5000, rue Yonge<br \/>\nToronto (Ontario) M2N 7E9<\/p>\n<p><strong>Processus de traitement des plaintes des clients<\/strong><br \/>\n<a href=\"\/fr\/a-propos-divari\/notre-compagnie\/coordonnees\/conformite-traitement-plaintes-clients\/\">En savoir plus \u203a<\/a>[\/vc_column_text][\/vc_column][\/vc_row][vc_row][vc_column][vc_column_text]<br \/>\n[\/vc_column_text][\/vc_column][\/vc_row][vc_row css=\u00a0\u00bb.vc_custom_1680543110065{background-color: #0074a2 !important;}\u00a0\u00bb][vc_column][vc_column_text]<\/p>\n<h2 style=\"text-align: center; color: white;\">Soumettez vos formulaires en ligne<\/h2>\n<p class=\"white\" style=\"text-align: center; color: white;\">Vous avez la possibilit\u00e9 de nous faire parvenir vos formulaires remplis de mani\u00e8re rapide, simple et s\u00e9curis\u00e9e.<\/p>\n<p>[\/vc_column_text][vc_btn title=\u00a0\u00bbVOICI COMMENT!\u00a0\u00bb color=\u00a0\u00bbwhite\u00a0\u00bb align=\u00a0\u00bbcenter\u00a0\u00bb link=\u00a0\u00bburl:%2Ffr%2Fressources%2Foutils%2Fenvoyer-des-demandes%2F\u00a0\u00bb][\/vc_column][\/vc_row][vc_row][vc_column][vc_empty_space height=\u00a0\u00bb64px\u00a0\u00bb][\/vc_column][\/vc_row]<\/p>\n<\/div>","protected":false},"excerpt":{"rendered":"<p> JTNDZGl2JTIwYWxpZ24lM0QlMjJjZW50ZXIlMjIlMjBjbGFzcyUzRCUyMmljb24tY29udGFpbmVyJTIyJTNFJTNDZGl2JTIwY2xhc3MlM0QlMjJjaXJjbGUlMjIlM0UlM0NzcGFuJTNFJTBBJTNDaW1nJTIwc3JjJTNEJTIyJTJGd3AtY29udGVudCUyRnVwbG9hZHMlMkYyMDIxJTJGMDQlMkZjb250YWN0LXJlY2VwdGlvbi1kZXNrLnN2ZyUyMiUyMGNsYXNzJTNEJTIyY29udGFjdC1yZWNlcHRpb24tZGVzayUyMiUyMGFsdCUzRCUyMkRlc2slMjBpY29uJTIyJTIwdGl0bGUlM0QlMjJSJUMzJUE5Y2VwdGlvbiUyMHByaW5jaXBhbGUlMjIlM0UlMEElM0NpbWclMjBzcmMlM0QlMjIlMkZ3cC1jb250ZW50JTJGdXBsb2FkcyUyRjIwMjElMkYwNCUyRmNvbnRhY3QtcmVjZXB0aW9uLWJ1YmJsZS5zdmclMjIlMjBjbGFzcyUzRCUyMmNvbnRhY3QtcmVjZXB0aW9uLWJ1YmJsZSUyMiUyMGFsdCUzRCUyMiUyMiUzRSUwQSUzQyUyRnNwYW4lM0UlM0MlMkZkaXYlM0UlM0MlMkZkaXYlM0U= R\u00e9ception principale 416-883-5000 JTNDZGl2JTIwYWxpZ24lM0QlMjJjZW50ZXIlMjIlMjBjbGFzcyUzRCUyMmljb24tY29udGFpbmVyJTIyJTNFJTNDZGl2JTIwY2xhc3MlM0QlMjJjaXJjbGUlMjIlM0UlM0NzcGFuJTNFJTBBJTNDaW1nJTIwY2xhc3MlM0QlMjJtYWlsLWNsb3NlZCUyMiUyMHNyYyUzRCUyMiUyRndwLWNvbnRlbnQlMkZ1cGxvYWRzJTJGMjAyMSUyRjA0JTJGY29udGFjdC1tYWlsLWNsb3NlZC5zdmclMjIlMjBhbHQlM0QlMjJFbnZlbG9wZSUyMGljb24lMjIlMjB0aXRsZSUzRCUyMkFkcmVzc2UlMjBwb3N0YWxlJTIyJTNFJTBBJTIwJTIwJTNDaW1nJTIwY2xhc3MlM0QlMjJtYWlsLW9wZW4tZnJvbnQlMjIlMjBzcmMlM0QlMjIlMkZ3cC1jb250ZW50JTJGdXBsb2FkcyUyRjIwMjElMkYwNCUyRmNvbnRhY3QtbWFpbC1vcGVuLWZyb250LnN2ZyUyMiUyMGFsdCUzRCUyMiUyMiUzRSUwQSUyMCUyMCUzQ2ltZyUyMGNsYXNzJTNEJTIybWFpbC1sZXR0ZXIlMjIlMjBzcmMlM0QlMjIlMkZ3cC1jb250ZW50JTJGdXBsb2FkcyUyRjIwMjElMkYwNCUyRmNvbnRhY3QtbWFpbC1sZXR0ZXIuc3ZnJTIyJTIwYWx0JTNEJTIyJTIyJTNFJTBBJTIwJTIwJTNDaW1nJTIwY2xhc3MlM0QlMjJtYWlsLW9wZW4tYmFjayUyMiUyMHNyYyUzRCUyMiUyRndwLWNvbnRlbnQlMkZ1cGxvYWRzJTJGMjAyMSUyRjA0JTJGY29udGFjdC1tYWlsLW9wZW4tYmFjay5zdmclMjIlMjBhbHQlM0QlMjIlMjIlM0UlMEElM0MlMkZzcGFuJTNFJTNDJTJGZGl2JTNFJTNDJTJGZGl2JTNF Adresse postale ivari 200-5000,&#8230;<\/p>\n","protected":false},"author":2,"featured_media":0,"parent":38918,"menu_order":0,"comment_status":"closed","ping_status":"closed","template":"","meta":{"_acf_changed":false,"_searchwp_excluded":"","footnotes":""},"query_groups":[],"class_list":["post-39169","page","type-page","status-publish","hentry"],"acf":[],"yoast_head":"<!-- This site is optimized with the Yoast SEO plugin v27.2 - https:\/\/yoast.com\/product\/yoast-seo-wordpress\/ -->\n<title>Coordonn\u00e9es - ivari<\/title>\n<meta name=\"robots\" content=\"index, follow, max-snippet:-1, max-image-preview:large, max-video-preview:-1\" \/>\n<link rel=\"canonical\" href=\"https:\/\/ivari.ca\/fr\/a-propos-divari\/notre-compagnie\/coordonnees\/\" \/>\n<meta property=\"og:locale\" content=\"fr_FR\" \/>\n<meta property=\"og:type\" content=\"article\" \/>\n<meta property=\"og:title\" content=\"Coordonn\u00e9es - ivari\" \/>\n<meta property=\"og:description\" content=\"JTNDZGl2JTIwYWxpZ24lM0QlMjJjZW50ZXIlMjIlMjBjbGFzcyUzRCUyMmljb24tY29udGFpbmVyJTIyJTNFJTNDZGl2JTIwY2xhc3MlM0QlMjJjaXJjbGUlMjIlM0UlM0NzcGFuJTNFJTBBJTNDaW1nJTIwc3JjJTNEJTIyJTJGd3AtY29udGVudCUyRnVwbG9hZHMlMkYyMDIxJTJGMDQlMkZjb250YWN0LXJlY2VwdGlvbi1kZXNrLnN2ZyUyMiUyMGNsYXNzJTNEJTIyY29udGFjdC1yZWNlcHRpb24tZGVzayUyMiUyMGFsdCUzRCUyMkRlc2slMjBpY29uJTIyJTIwdGl0bGUlM0QlMjJSJUMzJUE5Y2VwdGlvbiUyMHByaW5jaXBhbGUlMjIlM0UlMEElM0NpbWclMjBzcmMlM0QlMjIlMkZ3cC1jb250ZW50JTJGdXBsb2FkcyUyRjIwMjElMkYwNCUyRmNvbnRhY3QtcmVjZXB0aW9uLWJ1YmJsZS5zdmclMjIlMjBjbGFzcyUzRCUyMmNvbnRhY3QtcmVjZXB0aW9uLWJ1YmJsZSUyMiUyMGFsdCUzRCUyMiUyMiUzRSUwQSUzQyUyRnNwYW4lM0UlM0MlMkZkaXYlM0UlM0MlMkZkaXYlM0U= R\u00e9ception principale 416-883-5000 JTNDZGl2JTIwYWxpZ24lM0QlMjJjZW50ZXIlMjIlMjBjbGFzcyUzRCUyMmljb24tY29udGFpbmVyJTIyJTNFJTNDZGl2JTIwY2xhc3MlM0QlMjJjaXJjbGUlMjIlM0UlM0NzcGFuJTNFJTBBJTNDaW1nJTIwY2xhc3MlM0QlMjJtYWlsLWNsb3NlZCUyMiUyMHNyYyUzRCUyMiUyRndwLWNvbnRlbnQlMkZ1cGxvYWRzJTJGMjAyMSUyRjA0JTJGY29udGFjdC1tYWlsLWNsb3NlZC5zdmclMjIlMjBhbHQlM0QlMjJFbnZlbG9wZSUyMGljb24lMjIlMjB0aXRsZSUzRCUyMkFkcmVzc2UlMjBwb3N0YWxlJTIyJTNFJTBBJTIwJTIwJTNDaW1nJTIwY2xhc3MlM0QlMjJtYWlsLW9wZW4tZnJvbnQlMjIlMjBzcmMlM0QlMjIlMkZ3cC1jb250ZW50JTJGdXBsb2FkcyUyRjIwMjElMkYwNCUyRmNvbnRhY3QtbWFpbC1vcGVuLWZyb250LnN2ZyUyMiUyMGFsdCUzRCUyMiUyMiUzRSUwQSUyMCUyMCUzQ2ltZyUyMGNsYXNzJTNEJTIybWFpbC1sZXR0ZXIlMjIlMjBzcmMlM0QlMjIlMkZ3cC1jb250ZW50JTJGdXBsb2FkcyUyRjIwMjElMkYwNCUyRmNvbnRhY3QtbWFpbC1sZXR0ZXIuc3ZnJTIyJTIwYWx0JTNEJTIyJTIyJTNFJTBBJTIwJTIwJTNDaW1nJTIwY2xhc3MlM0QlMjJtYWlsLW9wZW4tYmFjayUyMiUyMHNyYyUzRCUyMiUyRndwLWNvbnRlbnQlMkZ1cGxvYWRzJTJGMjAyMSUyRjA0JTJGY29udGFjdC1tYWlsLW9wZW4tYmFjay5zdmclMjIlMjBhbHQlM0QlMjIlMjIlM0UlMEElM0MlMkZzcGFuJTNFJTNDJTJGZGl2JTNFJTNDJTJGZGl2JTNF Adresse postale ivari 200-5000,...\" \/>\n<meta property=\"og:url\" content=\"https:\/\/ivari.ca\/fr\/a-propos-divari\/notre-compagnie\/coordonnees\/\" \/>\n<meta property=\"og:site_name\" content=\"ivari\" \/>\n<meta property=\"article:modified_time\" content=\"2024-06-11T17:42:55+00:00\" \/>\n<meta name=\"twitter:card\" content=\"summary_large_image\" \/>\n<meta name=\"twitter:label1\" content=\"Dur\u00e9e de lecture estim\u00e9e\" \/>\n\t<meta name=\"twitter:data1\" content=\"2 minutes\" \/>\n<script type=\"application\/ld+json\" class=\"yoast-schema-graph\">{\"@context\":\"https:\/\/schema.org\",\"@graph\":[{\"@type\":\"WebPage\",\"@id\":\"https:\/\/ivari.ca\/fr\/a-propos-divari\/notre-compagnie\/coordonnees\/\",\"url\":\"https:\/\/ivari.ca\/fr\/a-propos-divari\/notre-compagnie\/coordonnees\/\",\"name\":\"Coordonn\u00e9es - ivari\",\"isPartOf\":{\"@id\":\"https:\/\/ivari.ca\/#website\"},\"datePublished\":\"2021-04-01T22:58:14+00:00\",\"dateModified\":\"2024-06-11T17:42:55+00:00\",\"breadcrumb\":{\"@id\":\"https:\/\/ivari.ca\/fr\/a-propos-divari\/notre-compagnie\/coordonnees\/#breadcrumb\"},\"inLanguage\":\"fr-FR\",\"potentialAction\":[{\"@type\":\"ReadAction\",\"target\":[\"https:\/\/ivari.ca\/fr\/a-propos-divari\/notre-compagnie\/coordonnees\/\"]}]},{\"@type\":\"BreadcrumbList\",\"@id\":\"https:\/\/ivari.ca\/fr\/a-propos-divari\/notre-compagnie\/coordonnees\/#breadcrumb\",\"itemListElement\":[{\"@type\":\"ListItem\",\"position\":1,\"name\":\"Home\",\"item\":\"https:\/\/ivari.ca\/fr\/\"},{\"@type\":\"ListItem\",\"position\":2,\"name\":\"\u00c0 propos d&#8217;ivari\",\"item\":\"https:\/\/ivari.ca\/fr\/a-propos-divari\/\"},{\"@type\":\"ListItem\",\"position\":3,\"name\":\"Notre compagnie\",\"item\":\"https:\/\/ivari.ca\/fr\/a-propos-divari\/notre-compagnie\/\"},{\"@type\":\"ListItem\",\"position\":4,\"name\":\"Coordonn\u00e9es\"}]},{\"@type\":\"WebSite\",\"@id\":\"https:\/\/ivari.ca\/#website\",\"url\":\"https:\/\/ivari.ca\/\",\"name\":\"ivari\",\"description\":\"\",\"potentialAction\":[{\"@type\":\"SearchAction\",\"target\":{\"@type\":\"EntryPoint\",\"urlTemplate\":\"https:\/\/ivari.ca\/?s={search_term_string}\"},\"query-input\":{\"@type\":\"PropertyValueSpecification\",\"valueRequired\":true,\"valueName\":\"search_term_string\"}}],\"inLanguage\":\"fr-FR\"}]}<\/script>\n<!-- \/ Yoast SEO plugin. -->","yoast_head_json":{"title":"Coordonn\u00e9es - ivari","robots":{"index":"index","follow":"follow","max-snippet":"max-snippet:-1","max-image-preview":"max-image-preview:large","max-video-preview":"max-video-preview:-1"},"canonical":"https:\/\/ivari.ca\/fr\/a-propos-divari\/notre-compagnie\/coordonnees\/","og_locale":"fr_FR","og_type":"article","og_title":"Coordonn\u00e9es - ivari","og_description":"JTNDZGl2JTIwYWxpZ24lM0QlMjJjZW50ZXIlMjIlMjBjbGFzcyUzRCUyMmljb24tY29udGFpbmVyJTIyJTNFJTNDZGl2JTIwY2xhc3MlM0QlMjJjaXJjbGUlMjIlM0UlM0NzcGFuJTNFJTBBJTNDaW1nJTIwc3JjJTNEJTIyJTJGd3AtY29udGVudCUyRnVwbG9hZHMlMkYyMDIxJTJGMDQlMkZjb250YWN0LXJlY2VwdGlvbi1kZXNrLnN2ZyUyMiUyMGNsYXNzJTNEJTIyY29udGFjdC1yZWNlcHRpb24tZGVzayUyMiUyMGFsdCUzRCUyMkRlc2slMjBpY29uJTIyJTIwdGl0bGUlM0QlMjJSJUMzJUE5Y2VwdGlvbiUyMHByaW5jaXBhbGUlMjIlM0UlMEElM0NpbWclMjBzcmMlM0QlMjIlMkZ3cC1jb250ZW50JTJGdXBsb2FkcyUyRjIwMjElMkYwNCUyRmNvbnRhY3QtcmVjZXB0aW9uLWJ1YmJsZS5zdmclMjIlMjBjbGFzcyUzRCUyMmNvbnRhY3QtcmVjZXB0aW9uLWJ1YmJsZSUyMiUyMGFsdCUzRCUyMiUyMiUzRSUwQSUzQyUyRnNwYW4lM0UlM0MlMkZkaXYlM0UlM0MlMkZkaXYlM0U= R\u00e9ception principale 416-883-5000 JTNDZGl2JTIwYWxpZ24lM0QlMjJjZW50ZXIlMjIlMjBjbGFzcyUzRCUyMmljb24tY29udGFpbmVyJTIyJTNFJTNDZGl2JTIwY2xhc3MlM0QlMjJjaXJjbGUlMjIlM0UlM0NzcGFuJTNFJTBBJTNDaW1nJTIwY2xhc3MlM0QlMjJtYWlsLWNsb3NlZCUyMiUyMHNyYyUzRCUyMiUyRndwLWNvbnRlbnQlMkZ1cGxvYWRzJTJGMjAyMSUyRjA0JTJGY29udGFjdC1tYWlsLWNsb3NlZC5zdmclMjIlMjBhbHQlM0QlMjJFbnZlbG9wZSUyMGljb24lMjIlMjB0aXRsZSUzRCUyMkFkcmVzc2UlMjBwb3N0YWxlJTIyJTNFJTBBJTIwJTIwJTNDaW1nJTIwY2xhc3MlM0QlMjJtYWlsLW9wZW4tZnJvbnQlMjIlMjBzcmMlM0QlMjIlMkZ3cC1jb250ZW50JTJGdXBsb2FkcyUyRjIwMjElMkYwNCUyRmNvbnRhY3QtbWFpbC1vcGVuLWZyb250LnN2ZyUyMiUyMGFsdCUzRCUyMiUyMiUzRSUwQSUyMCUyMCUzQ2ltZyUyMGNsYXNzJTNEJTIybWFpbC1sZXR0ZXIlMjIlMjBzcmMlM0QlMjIlMkZ3cC1jb250ZW50JTJGdXBsb2FkcyUyRjIwMjElMkYwNCUyRmNvbnRhY3QtbWFpbC1sZXR0ZXIuc3ZnJTIyJTIwYWx0JTNEJTIyJTIyJTNFJTBBJTIwJTIwJTNDaW1nJTIwY2xhc3MlM0QlMjJtYWlsLW9wZW4tYmFjayUyMiUyMHNyYyUzRCUyMiUyRndwLWNvbnRlbnQlMkZ1cGxvYWRzJTJGMjAyMSUyRjA0JTJGY29udGFjdC1tYWlsLW9wZW4tYmFjay5zdmclMjIlMjBhbHQlM0QlMjIlMjIlM0UlMEElM0MlMkZzcGFuJTNFJTNDJTJGZGl2JTNFJTNDJTJGZGl2JTNF Adresse postale ivari 200-5000,...","og_url":"https:\/\/ivari.ca\/fr\/a-propos-divari\/notre-compagnie\/coordonnees\/","og_site_name":"ivari","article_modified_time":"2024-06-11T17:42:55+00:00","twitter_card":"summary_large_image","twitter_misc":{"Dur\u00e9e de lecture estim\u00e9e":"2 minutes"},"schema":{"@context":"https:\/\/schema.org","@graph":[{"@type":"WebPage","@id":"https:\/\/ivari.ca\/fr\/a-propos-divari\/notre-compagnie\/coordonnees\/","url":"https:\/\/ivari.ca\/fr\/a-propos-divari\/notre-compagnie\/coordonnees\/","name":"Coordonn\u00e9es - ivari","isPartOf":{"@id":"https:\/\/ivari.ca\/#website"},"datePublished":"2021-04-01T22:58:14+00:00","dateModified":"2024-06-11T17:42:55+00:00","breadcrumb":{"@id":"https:\/\/ivari.ca\/fr\/a-propos-divari\/notre-compagnie\/coordonnees\/#breadcrumb"},"inLanguage":"fr-FR","potentialAction":[{"@type":"ReadAction","target":["https:\/\/ivari.ca\/fr\/a-propos-divari\/notre-compagnie\/coordonnees\/"]}]},{"@type":"BreadcrumbList","@id":"https:\/\/ivari.ca\/fr\/a-propos-divari\/notre-compagnie\/coordonnees\/#breadcrumb","itemListElement":[{"@type":"ListItem","position":1,"name":"Home","item":"https:\/\/ivari.ca\/fr\/"},{"@type":"ListItem","position":2,"name":"\u00c0 propos d&#8217;ivari","item":"https:\/\/ivari.ca\/fr\/a-propos-divari\/"},{"@type":"ListItem","position":3,"name":"Notre compagnie","item":"https:\/\/ivari.ca\/fr\/a-propos-divari\/notre-compagnie\/"},{"@type":"ListItem","position":4,"name":"Coordonn\u00e9es"}]},{"@type":"WebSite","@id":"https:\/\/ivari.ca\/#website","url":"https:\/\/ivari.ca\/","name":"ivari","description":"","potentialAction":[{"@type":"SearchAction","target":{"@type":"EntryPoint","urlTemplate":"https:\/\/ivari.ca\/?s={search_term_string}"},"query-input":{"@type":"PropertyValueSpecification","valueRequired":true,"valueName":"search_term_string"}}],"inLanguage":"fr-FR"}]}},"_links":{"self":[{"href":"https:\/\/ivari.ca\/fr\/wp-json\/wp\/v2\/pages\/39169","targetHints":{"allow":["GET"]}}],"collection":[{"href":"https:\/\/ivari.ca\/fr\/wp-json\/wp\/v2\/pages"}],"about":[{"href":"https:\/\/ivari.ca\/fr\/wp-json\/wp\/v2\/types\/page"}],"author":[{"embeddable":true,"href":"https:\/\/ivari.ca\/fr\/wp-json\/wp\/v2\/users\/2"}],"replies":[{"embeddable":true,"href":"https:\/\/ivari.ca\/fr\/wp-json\/wp\/v2\/comments?post=39169"}],"version-history":[{"count":0,"href":"https:\/\/ivari.ca\/fr\/wp-json\/wp\/v2\/pages\/39169\/revisions"}],"up":[{"embeddable":true,"href":"https:\/\/ivari.ca\/fr\/wp-json\/wp\/v2\/pages\/38918"}],"wp:attachment":[{"href":"https:\/\/ivari.ca\/fr\/wp-json\/wp\/v2\/media?parent=39169"}],"wp:term":[{"taxonomy":"query_groups","embeddable":true,"href":"https:\/\/ivari.ca\/fr\/wp-json\/wp\/v2\/query_groups?post=39169"}],"curies":[{"name":"wp","href":"https:\/\/api.w.org\/{rel}","templated":true}]}}