



{"id":39167,"date":"2022-03-28T10:01:46","date_gmt":"2022-03-28T14:01:46","guid":{"rendered":"https:\/\/ivari.ca\/?page_id=39167"},"modified":"2022-04-06T10:20:49","modified_gmt":"2022-04-06T14:20:49","slug":"carrieres","status":"publish","type":"page","link":"https:\/\/ivari.ca\/fr\/a-propos-divari\/notre-compagnie\/carrieres\/","title":{"rendered":"Carri\u00e8res"},"content":{"rendered":"<div class=\"wpb-content-wrapper\"><p>[vc_row css=\u00a0\u00bb.vc_custom_1633110907975{background-position: center !important;background-repeat: no-repeat !important;background-size: cover !important;}\u00a0\u00bb el_id=\u00a0\u00bbpost-banner\u00a0\u00bb][vc_column][vc_row_inner content_placement=\u00a0\u00bbbottom\u00a0\u00bb css=\u00a0\u00bb.vc_custom_1649252584017{background-image: url(https:\/\/ivari.ca\/files\/shutterstock_188455832-careers-scaled.jpg?id=39160) !important;background-position: center !important;background-repeat: no-repeat !important;background-size: cover !important;}\u00a0\u00bb el_class=\u00a0\u00bbpost-banner\u00a0\u00bb][vc_column_inner el_class=\u00a0\u00bbimage-row-text-column\u00a0\u00bb width=\u00a0\u00bb2\/5&Prime;][vc_column_text]<\/p>\n<h1>\t\t\t<span id=\"typedjs51\" class=\"animated-typed-js-shortcode \"><\/span>\n\t\t\t<script>\n\t\t\tvar typedjs51 = new Typed('#typedjs51', {\n\t\t\t\tstrings: [\"Parlons carri\\u00e8re\\u2026\"],\n\t\t\t\ttypeSpeed: 80,\n\t\t\t\tbackSpeed: 50,\n\t\t\t\tbackDelay: 500,\n\t\t\t\tstartDelay: 1000,\n\t\t\t\tloop: false,\n\t\t\t\tloopCount: 0,\n\t\t\t\tfadeOut: false,\n\t\t\t\tfadeOutDelay: 500,\n\t\t\t\tsmartBackspace: true,\n\t\t\t\tshuffle: false,\n\t\t\t\tshowCursor: true,\n\t\t\t\tcursorChar: \"|\"\n\t\t\t});\n\t\t\t<\/script>\n\n\t\t<\/h1>\n<p>[\/vc_column_text][\/vc_column_inner][vc_column_inner width=\u00a0\u00bb3\/5&Prime;][\/vc_column_inner][\/vc_row_inner][\/vc_column][\/vc_row][vc_row el_id=\u00a0\u00bbpage-subheader\u00a0\u00bb][vc_column][vc_column_text]ivari s\u2019emploie \u00e0 communiquer avec clart\u00e9 lorsque nous parlons de produits d\u2019assurance ou de choix d\u2019une carri\u00e8re. Ce n\u2019est peut-\u00eatre pas ce \u00e0 quoi vous vous attendez de la part d\u2019un assureur. Cela ne nous choque pas&#8230; \u00cates-vous pr\u00eat, toutefois, \u00e0 engager la conversation? Venez jeter un coup d\u2019oeil sur nos offres d\u2019emploi.[\/vc_column_text][\/vc_column][\/vc_row][vc_row el_class=\u00a0\u00bbblue-brush-bg\u00a0\u00bb][vc_column][vc_row_inner][vc_column_inner][vc_column_text]<\/p>\n<h2 class=\"text-center white\">Rejoignez notre \u00e9quipe<\/h2>\n<h3 class=\"text-center white\">Nous vous invitons \u00e0 explorer nos offres d\u2019emploi.<\/h3>\n<p>[\/vc_column_text][vc_btn title=\u00a0\u00bbExplorer\u00a0\u00bb color=\u00a0\u00bbwhite\u00a0\u00bb align=\u00a0\u00bbcenter\u00a0\u00bb link=\u00a0\u00bburl:https%3A%2F%2Fworkforcenow.adp.com%2Fjobs%2Fapply%2Fposting.html%3Fclient%3Divari%26ccId%3D19000101_000001%26type%3DMP%26lang%3Den_CA|target:_blank\u00a0\u00bb][\/vc_column_inner][\/vc_row_inner][\/vc_column][\/vc_row][vc_row][vc_column][vc_row_inner el_class=\u00a0\u00bbarticle-section\u00a0\u00bb][vc_column_inner width=\u00a0\u00bb1\/4&Prime;][vc_column_text]<\/p>\n<h2>Qui est ivari?<\/h2>\n<p>[\/vc_column_text][\/vc_column_inner][vc_column_inner width=\u00a0\u00bb3\/4&Prime;][vc_column_text]<\/p>\n<p class=\"lead\">Bonjour! Bienvenue \u00e0 ivari, un assureur d\u2019un tout nouveau genre.<\/p>\n<p>Vous d\u00e9couvrirez un milieu de travail convivial qui prend au s\u00e9rieux votre carri\u00e8re, votre sant\u00e9 et la conciliation travail-famille. Nous savons que, pour \u00eatre productif, le milieu de travail doit \u00eatre sain et le personnel heureux. C\u2019est pourquoi nous sommes r\u00e9solus \u00e0 trouver les meilleurs employ\u00e9s et \u00e0 les soutenir dans tout ce qu\u2019ils entreprennent.<\/p>\n<p>ivari s\u2019efforce d\u2019attirer, de perfectionner et de maintenir un effectif qui est aussi vari\u00e9 que ses clients et les collectivit\u00e9s dans lesquelles elle exerce ses activit\u00e9s.<\/p>\n<p>Nous nous engageons \u00e0 fournir un milieu de travail inclusif et accessible o\u00f9 chacun, employ\u00e9 comme client, se sent valoris\u00e9, respect\u00e9 et soutenu.<\/p>\n<p>Notre engagement envers l\u2019inclusivit\u00e9 se refl\u00e8te dans la s\u00e9rie de mesures, de politiques et d\u2019obligations que nous avons mises en place pour \u00e9liminer les obstacles et assurer aux employ\u00e9s actuels et potentiels l\u2019\u00e9galit\u00e9 des chances, et ce, sans discrimination.[\/vc_column_text][\/vc_column_inner][\/vc_row_inner][vc_row_inner el_class=\u00a0\u00bbarticle-section\u00a0\u00bb][vc_column_inner width=\u00a0\u00bb1\/4&Prime;][vc_column_text]<\/p>\n<h2>Qu\u2019avez-vous \u00e0 gagner?<\/h2>\n<p>[\/vc_column_text][\/vc_column_inner][vc_column_inner width=\u00a0\u00bb3\/4&Prime;][vc_column_text]<\/p>\n<p class=\"lead\">Nous proposons \u00e0 notre personnel un salaire de base des plus comp\u00e9titifs, un programme d\u2019incitation au rendement et un programme d\u2019avantages sociaux (assurance maladie, soins dentaires, etc.) pour toute la famille. Concr\u00e8tement, lorsque vous vous joignez \u00e0 l\u2019\u00e9quipe ivari, vous obtenez, entre autres, ce qui suit :<\/p>\n<ul class=\"list\">\n<li>Un r\u00e9gime de retraite<\/li>\n<li>Un r\u00e9gime d\u2019\u00e9pargne des employ\u00e9s<\/li>\n<li>Des conseils gratuits en mati\u00e8re de planification financi\u00e8re<\/li>\n<li>Un r\u00e9gime fantastique de vacances et de cong\u00e9s pay\u00e9s<\/li>\n<li>Des formules de travail flexibles<\/li>\n<li>Un programme de reconnaissance au m\u00e9rite<\/li>\n<li>Des rabais pour une grande vari\u00e9t\u00e9 de divertissements et de services ainsi que des privil\u00e8ges exclusifs par l\u2019entremise de Perkopolis<\/li>\n<li>Un programme de mieux-\u00eatre<\/li>\n<\/ul>\n<p>[\/vc_column_text][\/vc_column_inner][\/vc_row_inner][vc_row_inner el_class=\u00a0\u00bbarticle-section\u00a0\u00bb][vc_column_inner width=\u00a0\u00bb1\/4&Prime;][vc_column_text]<\/p>\n<h2>Possibilit\u00e9s d\u2019apprentissage et de perfectionnement<\/h2>\n<p>[\/vc_column_text][\/vc_column_inner][vc_column_inner width=\u00a0\u00bb3\/4&Prime;][vc_column_text]Si vous convenez qu\u2019apprendre est l\u2019affaire de toute une vie, vous \u00eates \u00e0 la bonne \u00e9cole. Vous allez aimer ivari! Nous sommes convaincus que, si nous vous aidons \u00e0 vous d\u00e9velopper, nous investissons en vous\u2026 et en nous. Nous appuyons toute forme d\u2019apprentissage qui vous permettra de r\u00e9ussir d\u00e8s maintenant et \u00e0 l\u2019avenir. Outre les cours que nous proposons ou qui sont propos\u00e9s par l\u2019industrie, nous incitons les employ\u00e9s \u00e0 tirer parti du programme de remboursement des droits de scolarit\u00e9.[\/vc_column_text][\/vc_column_inner][\/vc_row_inner][vc_row_inner el_class=\u00a0\u00bbarticle-section\u00a0\u00bb][vc_column_inner width=\u00a0\u00bb1\/4&Prime;][vc_column_text]<\/p>\n<h2>Peut-on aussi s\u2019amuser?<\/h2>\n<p>[\/vc_column_text][\/vc_column_inner][vc_column_inner width=\u00a0\u00bb3\/4&Prime;][vc_column_text]<\/p>\n<p class=\"lead\">Nous sommes des partisans du \u00ab parler vrai \u00bb. M\u00eame si nous sommes une organisation professionnelle, cela ne veut pas dire que nous fuyons toute occasion de nous relaxer. Voici ce que nous proposons au personnel :<\/p>\n<ul class=\"list\">\n<li>Un code vestimentaire d\u00e9contract\u00e9 qui vous permet de faire vos choix vestimentaires en fonction de votre programme de la journ\u00e9e.<\/li>\n<li>Une salle de d\u00e9tente avec table de billard ou de baby-foot et des t\u00e9l\u00e9viseurs<\/li>\n<li>Un choix gratuit de th\u00e9, caf\u00e9 ou chocolat chaud\u2026 de qualit\u00e9!<\/li>\n<li>L\u2019organisation de diverses manifestations (Journ\u00e9e d\u2019appr\u00e9ciation des employ\u00e9s, Action de gr\u00e2ce, etc.)<\/li>\n<li>L\u2019acc\u00e8s estival \u00e0 une terrasse ext\u00e9rieure<\/li>\n<\/ul>\n<p>[\/vc_column_text][\/vc_column_inner][\/vc_row_inner][vc_row_inner el_class=\u00a0\u00bbarticle-section noBorderBottom\u00a0\u00bb][vc_column_inner width=\u00a0\u00bb1\/4&Prime;][vc_column_text]<\/p>\n<h2>Dons de charit\u00e9<\/h2>\n<p>[\/vc_column_text][\/vc_column_inner][vc_column_inner width=\u00a0\u00bb3\/4&Prime;][vc_column_text]<\/p>\n<p class=\"lead\">\u00c0 ivari, nous nous soucions de votre sant\u00e9 et du bien-\u00eatre de tous les Canadiens.<\/p>\n<p>Depuis 2000, notre programme de dons de charit\u00e9 maintenant connu sous le nom de Cap vers la sant\u00e9 appuie diverses associations dont l\u2019objectif est de faire du Canada un lieu o\u00f9 il fait bon vivre. Nous appuyons ainsi des programmes qui aident les enfants et les adolescents \u00e0 acqu\u00e9rir les connaissances et la pr\u00e9paration n\u00e9cessaires pour partir du bon pied et adopter de saines habitudes de vie.<\/p>\n<p>En tant que partenaire de\u00a0<a href=\"https:\/\/www.centraide.ca\/\" target=\"_blank\" rel=\"noopener noreferrer\">Centraide Canada<\/a>, nous contribuons aux organismes qui s\u2019emploient \u00e0 introduire des changements positifs dans nos communaut\u00e9s. Nous encourageons les employ\u00e9s \u00e0 s\u2019impliquer dans des campagnes de souscription \u00ab maison \u00bb qui ont lieu \u00e0 tout moment de l\u2019ann\u00e9e.<\/p>\n<h3>B\u00e9n\u00e9volat<\/h3>\n<p>Le b\u00e9n\u00e9volat, c\u2019est bon pour la communaut\u00e9 et c\u2019est bon pour vous.<\/p>\n<p>C\u2019est pourquoi nous compensons les heures de b\u00e9n\u00e9volat des employ\u00e9s qui veulent participer \u00e0 l\u2019av\u00e8nement d\u2019un monde meilleur.[\/vc_column_text][\/vc_column_inner][\/vc_row_inner][\/vc_column][\/vc_row][vc_row el_class=\u00a0\u00bbivari-row\u00a0\u00bb][vc_column][vc_row_inner equal_height=\u00a0\u00bbyes\u00a0\u00bb content_placement=\u00a0\u00bbmiddle\u00a0\u00bb][vc_column_inner el_class=\u00a0\u00bbimage-half\u00a0\u00bb width=\u00a0\u00bb1\/2&Prime; css=\u00a0\u00bb.vc_custom_1649254474515{padding-top: 150px !important;padding-bottom: 150px !important;background-image: url(https:\/\/ivari.ca\/files\/shutterstock_225870544-employment-scaled.jpg?id=39165) !important;}\u00a0\u00bb][\/vc_column_inner][vc_column_inner el_class=\u00a0\u00bbgrey-half\u00a0\u00bb width=\u00a0\u00bb1\/2&Prime; css=\u00a0\u00bb.vc_custom_1636384275648{background-position: center !important;background-repeat: no-repeat !important;background-size: cover !important;}\u00a0\u00bb][vc_column_text]<\/p>\n<h2 id=\"what-you-bring-to-ivari\" class=\"ivari-bookmark-anchor\">Ce que vous pouvez apporter \u00e0 ivari\u2026<\/h2>\n<p class=\"lead\">Nous avons assez parl\u00e9 de nous. Ce qui nous int\u00e9resse vraiment, c\u2019est vous. Nous sommes \u00e0 la recherche de personnes qui connaissent l\u2019importance de ce qui suit :<\/p>\n<ul>\n<li>Simplifier et clarifier les choses<\/li>\n<li>Donner sa parole et faire de son mieux au quotidien<\/li>\n<li>S\u2019adapter au changement<\/li>\n<li>Nouer avec les autres de solides relations<\/li>\n<li>Aider les autres \u00e0 se d\u00e9velopper<\/li>\n<li>Bien comprendre l\u2019entreprise, le march\u00e9 et les clients<\/li>\n<li>Faire ce qu\u2019il faut et prendre des d\u00e9cisions fond\u00e9es sur des donn\u00e9es probantes<\/li>\n<\/ul>\n<p>[\/vc_column_text][\/vc_column_inner][\/vc_row_inner][\/vc_column][\/vc_row][vc_row el_class=\u00a0\u00bbblue-brush-bg\u00a0\u00bb][vc_column][vc_row_inner el_class=\u00a0\u00bbblue-brush-bg-inner-row\u00a0\u00bb][vc_column_inner][vc_column_text]<\/p>\n<h2 class=\"text-center white\">Si vous \u00eates sur la m\u00eame longueur d\u2019onde, n\u2019h\u00e9sitez pas \u00e0 vous manifester.<\/h2>\n<h3 class=\"text-center white\">Prenez connaissance de nos offres d\u2019emploi.<\/h3>\n<p>[\/vc_column_text][vc_btn title=\u00a0\u00bbOffres d&#8217;emploi\u00a0\u00bb color=\u00a0\u00bbwhite\u00a0\u00bb align=\u00a0\u00bbcenter\u00a0\u00bb link=\u00a0\u00bburl:https%3A%2F%2Fworkforcenow.adp.com%2Fjobs%2Fapply%2Fposting.html%3Fclient%3Divari%26ccId%3D19000101_000001%26type%3DMP%26lang%3Den_CA|target:_blank\u00a0\u00bb][\/vc_column_inner][\/vc_row_inner][\/vc_column][\/vc_row]<\/p>\n<\/div>","protected":false},"excerpt":{"rendered":"<p> ivari s\u2019emploie \u00e0 communiquer avec clart\u00e9 lorsque nous parlons de produits d\u2019assurance ou de choix d\u2019une carri\u00e8re. Ce n\u2019est peut-\u00eatre pas ce \u00e0 quoi vous vous&#8230;<\/p>\n","protected":false},"author":2,"featured_media":0,"parent":38918,"menu_order":0,"comment_status":"closed","ping_status":"closed","template":"","meta":{"_acf_changed":false,"_searchwp_excluded":"","footnotes":""},"query_groups":[],"class_list":["post-39167","page","type-page","status-publish","hentry"],"acf":[],"yoast_head":"<!-- This site is optimized with the Yoast SEO plugin v27.3 - https:\/\/yoast.com\/product\/yoast-seo-wordpress\/ -->\n<title>Carri\u00e8res - ivari<\/title>\n<meta name=\"robots\" content=\"index, follow, max-snippet:-1, max-image-preview:large, max-video-preview:-1\" \/>\n<link rel=\"canonical\" href=\"https:\/\/ivari.ca\/fr\/a-propos-divari\/notre-compagnie\/carrieres\/\" \/>\n<meta property=\"og:locale\" content=\"fr_FR\" \/>\n<meta property=\"og:type\" content=\"article\" \/>\n<meta property=\"og:title\" content=\"Carri\u00e8res - ivari\" \/>\n<meta property=\"og:description\" content=\"ivari s\u2019emploie \u00e0 communiquer avec clart\u00e9 lorsque nous parlons de produits d\u2019assurance ou de choix d\u2019une carri\u00e8re. Ce n\u2019est peut-\u00eatre pas ce \u00e0 quoi vous vous...\" \/>\n<meta property=\"og:url\" content=\"https:\/\/ivari.ca\/fr\/a-propos-divari\/notre-compagnie\/carrieres\/\" \/>\n<meta property=\"og:site_name\" content=\"ivari\" \/>\n<meta property=\"article:modified_time\" content=\"2022-04-06T14:20:49+00:00\" \/>\n<meta name=\"twitter:card\" content=\"summary_large_image\" \/>\n<meta name=\"twitter:label1\" content=\"Dur\u00e9e de lecture estim\u00e9e\" \/>\n\t<meta name=\"twitter:data1\" content=\"4 minutes\" \/>\n<script type=\"application\/ld+json\" class=\"yoast-schema-graph\">{\"@context\":\"https:\\\/\\\/schema.org\",\"@graph\":[{\"@type\":\"WebPage\",\"@id\":\"https:\\\/\\\/ivari.ca\\\/fr\\\/a-propos-divari\\\/notre-compagnie\\\/carrieres\\\/\",\"url\":\"https:\\\/\\\/ivari.ca\\\/fr\\\/a-propos-divari\\\/notre-compagnie\\\/carrieres\\\/\",\"name\":\"Carri\u00e8res - ivari\",\"isPartOf\":{\"@id\":\"https:\\\/\\\/ivari.ca\\\/#website\"},\"datePublished\":\"2022-03-28T14:01:46+00:00\",\"dateModified\":\"2022-04-06T14:20:49+00:00\",\"breadcrumb\":{\"@id\":\"https:\\\/\\\/ivari.ca\\\/fr\\\/a-propos-divari\\\/notre-compagnie\\\/carrieres\\\/#breadcrumb\"},\"inLanguage\":\"fr-FR\",\"potentialAction\":[{\"@type\":\"ReadAction\",\"target\":[\"https:\\\/\\\/ivari.ca\\\/fr\\\/a-propos-divari\\\/notre-compagnie\\\/carrieres\\\/\"]}]},{\"@type\":\"BreadcrumbList\",\"@id\":\"https:\\\/\\\/ivari.ca\\\/fr\\\/a-propos-divari\\\/notre-compagnie\\\/carrieres\\\/#breadcrumb\",\"itemListElement\":[{\"@type\":\"ListItem\",\"position\":1,\"name\":\"Home\",\"item\":\"https:\\\/\\\/ivari.ca\\\/fr\\\/\"},{\"@type\":\"ListItem\",\"position\":2,\"name\":\"\u00c0 propos d&#8217;ivari\",\"item\":\"https:\\\/\\\/ivari.ca\\\/fr\\\/a-propos-divari\\\/\"},{\"@type\":\"ListItem\",\"position\":3,\"name\":\"Notre compagnie\",\"item\":\"https:\\\/\\\/ivari.ca\\\/fr\\\/a-propos-divari\\\/notre-compagnie\\\/\"},{\"@type\":\"ListItem\",\"position\":4,\"name\":\"Carri\u00e8res\"}]},{\"@type\":\"WebSite\",\"@id\":\"https:\\\/\\\/ivari.ca\\\/#website\",\"url\":\"https:\\\/\\\/ivari.ca\\\/\",\"name\":\"ivari\",\"description\":\"\",\"potentialAction\":[{\"@type\":\"SearchAction\",\"target\":{\"@type\":\"EntryPoint\",\"urlTemplate\":\"https:\\\/\\\/ivari.ca\\\/?s={search_term_string}\"},\"query-input\":{\"@type\":\"PropertyValueSpecification\",\"valueRequired\":true,\"valueName\":\"search_term_string\"}}],\"inLanguage\":\"fr-FR\"}]}<\/script>\n<!-- \/ Yoast SEO plugin. -->","yoast_head_json":{"title":"Carri\u00e8res - ivari","robots":{"index":"index","follow":"follow","max-snippet":"max-snippet:-1","max-image-preview":"max-image-preview:large","max-video-preview":"max-video-preview:-1"},"canonical":"https:\/\/ivari.ca\/fr\/a-propos-divari\/notre-compagnie\/carrieres\/","og_locale":"fr_FR","og_type":"article","og_title":"Carri\u00e8res - ivari","og_description":"ivari s\u2019emploie \u00e0 communiquer avec clart\u00e9 lorsque nous parlons de produits d\u2019assurance ou de choix d\u2019une carri\u00e8re. Ce n\u2019est peut-\u00eatre pas ce \u00e0 quoi vous vous...","og_url":"https:\/\/ivari.ca\/fr\/a-propos-divari\/notre-compagnie\/carrieres\/","og_site_name":"ivari","article_modified_time":"2022-04-06T14:20:49+00:00","twitter_card":"summary_large_image","twitter_misc":{"Dur\u00e9e de lecture estim\u00e9e":"4 minutes"},"schema":{"@context":"https:\/\/schema.org","@graph":[{"@type":"WebPage","@id":"https:\/\/ivari.ca\/fr\/a-propos-divari\/notre-compagnie\/carrieres\/","url":"https:\/\/ivari.ca\/fr\/a-propos-divari\/notre-compagnie\/carrieres\/","name":"Carri\u00e8res - ivari","isPartOf":{"@id":"https:\/\/ivari.ca\/#website"},"datePublished":"2022-03-28T14:01:46+00:00","dateModified":"2022-04-06T14:20:49+00:00","breadcrumb":{"@id":"https:\/\/ivari.ca\/fr\/a-propos-divari\/notre-compagnie\/carrieres\/#breadcrumb"},"inLanguage":"fr-FR","potentialAction":[{"@type":"ReadAction","target":["https:\/\/ivari.ca\/fr\/a-propos-divari\/notre-compagnie\/carrieres\/"]}]},{"@type":"BreadcrumbList","@id":"https:\/\/ivari.ca\/fr\/a-propos-divari\/notre-compagnie\/carrieres\/#breadcrumb","itemListElement":[{"@type":"ListItem","position":1,"name":"Home","item":"https:\/\/ivari.ca\/fr\/"},{"@type":"ListItem","position":2,"name":"\u00c0 propos d&#8217;ivari","item":"https:\/\/ivari.ca\/fr\/a-propos-divari\/"},{"@type":"ListItem","position":3,"name":"Notre compagnie","item":"https:\/\/ivari.ca\/fr\/a-propos-divari\/notre-compagnie\/"},{"@type":"ListItem","position":4,"name":"Carri\u00e8res"}]},{"@type":"WebSite","@id":"https:\/\/ivari.ca\/#website","url":"https:\/\/ivari.ca\/","name":"ivari","description":"","potentialAction":[{"@type":"SearchAction","target":{"@type":"EntryPoint","urlTemplate":"https:\/\/ivari.ca\/?s={search_term_string}"},"query-input":{"@type":"PropertyValueSpecification","valueRequired":true,"valueName":"search_term_string"}}],"inLanguage":"fr-FR"}]}},"_links":{"self":[{"href":"https:\/\/ivari.ca\/fr\/wp-json\/wp\/v2\/pages\/39167","targetHints":{"allow":["GET"]}}],"collection":[{"href":"https:\/\/ivari.ca\/fr\/wp-json\/wp\/v2\/pages"}],"about":[{"href":"https:\/\/ivari.ca\/fr\/wp-json\/wp\/v2\/types\/page"}],"author":[{"embeddable":true,"href":"https:\/\/ivari.ca\/fr\/wp-json\/wp\/v2\/users\/2"}],"replies":[{"embeddable":true,"href":"https:\/\/ivari.ca\/fr\/wp-json\/wp\/v2\/comments?post=39167"}],"version-history":[{"count":0,"href":"https:\/\/ivari.ca\/fr\/wp-json\/wp\/v2\/pages\/39167\/revisions"}],"up":[{"embeddable":true,"href":"https:\/\/ivari.ca\/fr\/wp-json\/wp\/v2\/pages\/38918"}],"wp:attachment":[{"href":"https:\/\/ivari.ca\/fr\/wp-json\/wp\/v2\/media?parent=39167"}],"wp:term":[{"taxonomy":"query_groups","embeddable":true,"href":"https:\/\/ivari.ca\/fr\/wp-json\/wp\/v2\/query_groups?post=39167"}],"curies":[{"name":"wp","href":"https:\/\/api.w.org\/{rel}","templated":true}]}}