



{"id":39158,"date":"2022-03-28T10:01:10","date_gmt":"2022-03-28T14:01:10","guid":{"rendered":"https:\/\/ivari.ca\/?page_id=39158"},"modified":"2023-05-25T14:15:59","modified_gmt":"2023-05-25T18:15:59","slug":"nouvelles","status":"publish","type":"page","link":"https:\/\/ivari.ca\/fr\/a-propos-divari\/notre-compagnie\/nouvelles\/","title":{"rendered":"Nouvelles"},"content":{"rendered":"<div class=\"wpb-content-wrapper\"><p>[vc_row el_class=\u00a0\u00bbwhats-happening-banner\u00a0\u00bb el_id=\u00a0\u00bbgrey-page-banner\u00a0\u00bb][vc_column][vc_row_inner content_placement=\u00a0\u00bbmiddle\u00a0\u00bb css=\u00a0\u00bb.vc_custom_1635351403459{background-image: url(https:\/\/ivari.ca\/files\/2021\/10\/grey-watercolour-bg-scaled.jpg?id=34985) !important;background-position: center !important;background-repeat: no-repeat !important;background-size: cover !important;}\u00a0\u00bb][vc_column_inner][vc_raw_html]JTNDZGl2JTIwY2xhc3MlM0QlMjJmbGV4LWNvbnRhaW5lciUyMiUzRSUwQSUyMCUyMCUzQ2RpdiUyMGNsYXNzJTNEJTIyZmxleC1pdGVtJTIyJTNFJTNDaW1nJTIwc3JjJTNEJTIyJTJGd3AtY29udGVudCUyRnVwbG9hZHMlMkZOZXdzLWljb24uc3ZnJTIyJTIwYWx0JTNEJTIyTmV3cyUyMGljb24lMjIlMjB0aXRsZSUzRCUyMiU1QnNjX3Bvc3RfdGl0bGUlNUQlMjIlMjBjbGFzcyUzRCUyMnBhZ2UtYmFubmVyLWljb24lMjIlM0UlM0MlMkZkaXYlM0UlMEElMjAlMjAlM0NkaXYlMjBjbGFzcyUzRCUyMmZsZXgtaXRlbSUyMiUzRSUzQ2gxJTNFJTVCc2NfcG9zdF90aXRsZSU1RCUzQyUyRmgxJTNFJTNDJTJGZGl2JTNFJTBBJTNDJTJGZGl2JTNF[\/vc_raw_html][\/vc_column_inner][\/vc_row_inner][\/vc_column][\/vc_row][vc_row][vc_column][vc_column_text]<div class=\"facetwp-facet facetwp-facet-search facetwp-type-search\" data-name=\"search\" data-type=\"search\"><\/div>\n<div class=\"facetwp-template\" data-name=\"news\"><div class=\"news-container\" id=\"news-container\">\n    \n    <article class=\"news-article flex-container\" id=\"post-50241\" class=\"post-50241 news type-news status-publish has-post-thumbnail hentry\">\n        <div class=\"flex-item\">\n            <div class=\"listing-post-img\" style=\"background: url(https:\/\/ivari.ca\/files\/shutterstock_664216516-2-copy-scaled.jpg )\"><\/div>\n        <\/div>\n\n        <div class=\"flex-item\">\n            <h2><a href=\"                    https:\/\/ivari.ca\/fr\/nouvelles\/ivari-revolutionne-lassurance-vie-canadienne-en-se-positionnant-comme-la-toute-premiere-compagnie-a-migrer-la-totalite-de-ses-donnees-vers-assure-cloud-de-dxc\/                \">ivari r\u00e9volutionne l\u2019assurance vie canadienne en se positionnant comme la toute premi\u00e8re compagnie \u00e0 migrer la totalit\u00e9 de ses donn\u00e9es vers Assure Cloud de DXC.<\/a><\/h2>\n            <p><p> ivari est fi\u00e8re d\u2019annoncer une premi\u00e8re \u00e0 l\u2019\u00e9chelle de l\u2019industrie : la migration de l\u2019ensemble des donn\u00e9es administratives vers Assure Cloud de DXC&#8230;.<\/p>\n<\/p>\n            <div class=\"button-container\">\n                 <a class=\"blue-button small-button\" href=\"                    https:\/\/ivari.ca\/fr\/nouvelles\/ivari-revolutionne-lassurance-vie-canadienne-en-se-positionnant-comme-la-toute-premiere-compagnie-a-migrer-la-totalite-de-ses-donnees-vers-assure-cloud-de-dxc\/                \">En savoir plus<\/a>\n\n            <\/div>\n        <\/div>\n        \n        \n        \n        <\/article>\n\n    \n    <article class=\"news-article flex-container\" id=\"post-48450\" class=\"post-48450 news type-news status-publish has-post-thumbnail hentry query_groups-info-link-fr\">\n        <div class=\"flex-item\">\n            <div class=\"listing-post-img\" style=\"background: url(https:\/\/ivari.ca\/files\/shutterstock_1751360702-copy-scaled.jpg )\"><\/div>\n        <\/div>\n\n        <div class=\"flex-item\">\n            <h2><a href=\"                    https:\/\/ivari.ca\/fr\/nouvelles\/ivari-et-sagicor-plus-forts-ensemble\/                \">ivari et Sagicor : Plus forts ensemble<\/a><\/h2>\n            <p><p> En 2023, ivari annon\u00e7ait son int\u00e9gration officielle \u00e0 la famille Sagicor. Aujourd\u2019hui, nous sommes ravis de d\u00e9voiler un nouveau logo, symbole de cette&#8230;<\/p>\n<\/p>\n            <div class=\"button-container\">\n                 <a class=\"blue-button small-button\" href=\"                    https:\/\/ivari.ca\/fr\/nouvelles\/ivari-et-sagicor-plus-forts-ensemble\/                \">En savoir plus<\/a>\n\n            <\/div>\n        <\/div>\n        \n        \n        \n        <\/article>\n\n    \n    <article class=\"news-article flex-container\" id=\"post-47549\" class=\"post-47549 news type-news status-publish has-post-thumbnail hentry\">\n        <div class=\"flex-item\">\n            <div class=\"listing-post-img\" style=\"background: url(https:\/\/ivari.ca\/files\/african-american-man-checking-community-mail-box.jpg )\"><\/div>\n        <\/div>\n\n        <div class=\"flex-item\">\n            <h2><a href=\"                    https:\/\/ivari.ca\/fr\/nouvelles\/greve-chez-postes-canada-mise-a-jour\/                \">Possible gr\u00e8ve chez Postes Canada \u2013 Mise \u00e0 jour<\/a><\/h2>\n            <p><p> La gr\u00e8ve actuelle chez Postes Canada entra\u00eenera une interruption de la distribution du courrier et de la prestation d\u2019autres services postaux.Les renseignements&#8230;<\/p>\n<\/p>\n            <div class=\"button-container\">\n                 <a class=\"blue-button small-button\" href=\"                    https:\/\/ivari.ca\/fr\/nouvelles\/greve-chez-postes-canada-mise-a-jour\/                \">En savoir plus<\/a>\n\n            <\/div>\n        <\/div>\n        \n        \n        \n        <\/article>\n\n    \n    <article class=\"news-article flex-container\" id=\"post-45383\" class=\"post-45383 news type-news status-publish has-post-thumbnail hentry\">\n        <div class=\"flex-item\">\n            <div class=\"listing-post-img\" style=\"background: url(https:\/\/ivari.ca\/files\/Sagicor_ivari-email-banner-002.jpg )\"><\/div>\n        <\/div>\n\n        <div class=\"flex-item\">\n            <h2><a href=\"                    https:\/\/ivari.ca\/fr\/nouvelles\/sagicor-financial-company-ltd-finalise-lacquisition-divari\/                \">Sagicor Financial Company Ltd. finalise l\u2019acquisition d\u2019ivari<\/a><\/h2>\n            <p><p>Toronto et Barbade (3 octobre 2023) \u2013 Sagicor Financial Company Ltd. (\u00ab Sagicor \u00bb ou la \u00ab Compagnie \u00bb) (TSX : SFC) a annonc\u00e9 aujourd\u2019hui la finalisation de l\u2019acquisition d\u2019ivari aupr\u00e8s de Wilton Re Ltd.<\/p>\n<\/p>\n            <div class=\"button-container\">\n                 <a class=\"blue-button small-button\" href=\"                    https:\/\/ivari.ca\/fr\/nouvelles\/sagicor-financial-company-ltd-finalise-lacquisition-divari\/                \">En savoir plus<\/a>\n\n            <\/div>\n        <\/div>\n        \n        \n        \n        <\/article>\n\n    \n    <article class=\"news-article flex-container\" id=\"post-44406\" class=\"post-44406 news type-news status-publish has-post-thumbnail hentry\">\n        <div class=\"flex-item\">\n            <div class=\"listing-post-img\" style=\"background: url(https:\/\/ivari.ca\/files\/WiltonRe-News-1.jpg )\"><\/div>\n        <\/div>\n\n        <div class=\"flex-item\">\n            <h2><a href=\"                    https:\/\/ivari.ca\/fr\/nouvelles\/wilton-re-annonce-la-vente-divari\/                \">Wilton Re annonce la vente d\u2019ivari<\/a><\/h2>\n            <p><p>Wilton Re a annonc\u00e9 aujourd\u2019hui la conclusion d\u2019une entente visant la vente d\u2019ivari \u00e0 Sagicor Financial Company.<\/p>\n<\/p>\n            <div class=\"button-container\">\n                 <a class=\"blue-button small-button\" href=\"                    https:\/\/ivari.ca\/fr\/nouvelles\/wilton-re-annonce-la-vente-divari\/                \">En savoir plus<\/a>\n\n            <\/div>\n        <\/div>\n        \n        \n        \n        <\/article>\n\n        \n<\/div>\n\n\n<\/div>\n<div class=\"facetwp-facet facetwp-facet-pagination_fr facetwp-type-pager\" data-name=\"pagination_fr\" data-type=\"pager\"><\/div>[\/vc_column_text][\/vc_column][\/vc_row]<\/p>\n<\/div>","protected":false},"excerpt":{"rendered":"<p>JTNDZGl2JTIwY2xhc3MlM0QlMjJmbGV4LWNvbnRhaW5lciUyMiUzRSUwQSUyMCUyMCUzQ2RpdiUyMGNsYXNzJTNEJTIyZmxleC1pdGVtJTIyJTNFJTNDaW1nJTIwc3JjJTNEJTIyJTJGd3AtY29udGVudCUyRnVwbG9hZHMlMkZOZXdzLWljb24uc3ZnJTIyJTIwYWx0JTNEJTIyTmV3cyUyMGljb24lMjIlMjB0aXRsZSUzRCUyMiU1QnNjX3Bvc3RfdGl0bGUlNUQlMjIlMjBjbGFzcyUzRCUyMnBhZ2UtYmFubmVyLWljb24lMjIlM0UlM0MlMkZkaXYlM0UlMEElMjAlMjAlM0NkaXYlMjBjbGFzcyUzRCUyMmZsZXgtaXRlbSUyMiUzRSUzQ2gxJTNFJTVCc2NfcG9zdF90aXRsZSU1RCUzQyUyRmgxJTNFJTNDJTJGZGl2JTNFJTBBJTNDJTJGZGl2JTNF <\/p>\n","protected":false},"author":2,"featured_media":0,"parent":38918,"menu_order":0,"comment_status":"closed","ping_status":"closed","template":"","meta":{"_acf_changed":false,"_searchwp_excluded":"","footnotes":""},"query_groups":[],"class_list":["post-39158","page","type-page","status-publish","hentry"],"acf":[],"yoast_head":"<!-- This site is optimized with the Yoast SEO plugin v27.3 - https:\/\/yoast.com\/product\/yoast-seo-wordpress\/ -->\n<title>Nouvelles - ivari<\/title>\n<meta name=\"robots\" content=\"index, follow, max-snippet:-1, max-image-preview:large, max-video-preview:-1\" \/>\n<link rel=\"canonical\" href=\"https:\/\/ivari.ca\/fr\/a-propos-divari\/notre-compagnie\/nouvelles\/\" \/>\n<meta property=\"og:locale\" content=\"fr_FR\" \/>\n<meta property=\"og:type\" content=\"article\" \/>\n<meta property=\"og:title\" content=\"Nouvelles - ivari\" \/>\n<meta property=\"og:description\" content=\"JTNDZGl2JTIwY2xhc3MlM0QlMjJmbGV4LWNvbnRhaW5lciUyMiUzRSUwQSUyMCUyMCUzQ2RpdiUyMGNsYXNzJTNEJTIyZmxleC1pdGVtJTIyJTNFJTNDaW1nJTIwc3JjJTNEJTIyJTJGd3AtY29udGVudCUyRnVwbG9hZHMlMkZOZXdzLWljb24uc3ZnJTIyJTIwYWx0JTNEJTIyTmV3cyUyMGljb24lMjIlMjB0aXRsZSUzRCUyMiU1QnNjX3Bvc3RfdGl0bGUlNUQlMjIlMjBjbGFzcyUzRCUyMnBhZ2UtYmFubmVyLWljb24lMjIlM0UlM0MlMkZkaXYlM0UlMEElMjAlMjAlM0NkaXYlMjBjbGFzcyUzRCUyMmZsZXgtaXRlbSUyMiUzRSUzQ2gxJTNFJTVCc2NfcG9zdF90aXRsZSU1RCUzQyUyRmgxJTNFJTNDJTJGZGl2JTNFJTBBJTNDJTJGZGl2JTNF\" \/>\n<meta property=\"og:url\" content=\"https:\/\/ivari.ca\/fr\/a-propos-divari\/notre-compagnie\/nouvelles\/\" \/>\n<meta property=\"og:site_name\" content=\"ivari\" \/>\n<meta property=\"article:modified_time\" content=\"2023-05-25T18:15:59+00:00\" \/>\n<meta name=\"twitter:card\" content=\"summary_large_image\" \/>\n<meta name=\"twitter:label1\" content=\"Dur\u00e9e de lecture estim\u00e9e\" \/>\n\t<meta name=\"twitter:data1\" content=\"1 minute\" \/>\n<script type=\"application\/ld+json\" class=\"yoast-schema-graph\">{\"@context\":\"https:\\\/\\\/schema.org\",\"@graph\":[{\"@type\":\"WebPage\",\"@id\":\"https:\\\/\\\/ivari.ca\\\/fr\\\/a-propos-divari\\\/notre-compagnie\\\/nouvelles\\\/\",\"url\":\"https:\\\/\\\/ivari.ca\\\/fr\\\/a-propos-divari\\\/notre-compagnie\\\/nouvelles\\\/\",\"name\":\"Nouvelles - ivari\",\"isPartOf\":{\"@id\":\"https:\\\/\\\/ivari.ca\\\/#website\"},\"datePublished\":\"2022-03-28T14:01:10+00:00\",\"dateModified\":\"2023-05-25T18:15:59+00:00\",\"breadcrumb\":{\"@id\":\"https:\\\/\\\/ivari.ca\\\/fr\\\/a-propos-divari\\\/notre-compagnie\\\/nouvelles\\\/#breadcrumb\"},\"inLanguage\":\"fr-FR\",\"potentialAction\":[{\"@type\":\"ReadAction\",\"target\":[\"https:\\\/\\\/ivari.ca\\\/fr\\\/a-propos-divari\\\/notre-compagnie\\\/nouvelles\\\/\"]}]},{\"@type\":\"BreadcrumbList\",\"@id\":\"https:\\\/\\\/ivari.ca\\\/fr\\\/a-propos-divari\\\/notre-compagnie\\\/nouvelles\\\/#breadcrumb\",\"itemListElement\":[{\"@type\":\"ListItem\",\"position\":1,\"name\":\"Home\",\"item\":\"https:\\\/\\\/ivari.ca\\\/fr\\\/\"},{\"@type\":\"ListItem\",\"position\":2,\"name\":\"\u00c0 propos d&#8217;ivari\",\"item\":\"https:\\\/\\\/ivari.ca\\\/fr\\\/a-propos-divari\\\/\"},{\"@type\":\"ListItem\",\"position\":3,\"name\":\"Notre compagnie\",\"item\":\"https:\\\/\\\/ivari.ca\\\/fr\\\/a-propos-divari\\\/notre-compagnie\\\/\"},{\"@type\":\"ListItem\",\"position\":4,\"name\":\"Nouvelles\"}]},{\"@type\":\"WebSite\",\"@id\":\"https:\\\/\\\/ivari.ca\\\/#website\",\"url\":\"https:\\\/\\\/ivari.ca\\\/\",\"name\":\"ivari\",\"description\":\"\",\"potentialAction\":[{\"@type\":\"SearchAction\",\"target\":{\"@type\":\"EntryPoint\",\"urlTemplate\":\"https:\\\/\\\/ivari.ca\\\/?s={search_term_string}\"},\"query-input\":{\"@type\":\"PropertyValueSpecification\",\"valueRequired\":true,\"valueName\":\"search_term_string\"}}],\"inLanguage\":\"fr-FR\"}]}<\/script>\n<!-- \/ Yoast SEO plugin. -->","yoast_head_json":{"title":"Nouvelles - ivari","robots":{"index":"index","follow":"follow","max-snippet":"max-snippet:-1","max-image-preview":"max-image-preview:large","max-video-preview":"max-video-preview:-1"},"canonical":"https:\/\/ivari.ca\/fr\/a-propos-divari\/notre-compagnie\/nouvelles\/","og_locale":"fr_FR","og_type":"article","og_title":"Nouvelles - ivari","og_description":"JTNDZGl2JTIwY2xhc3MlM0QlMjJmbGV4LWNvbnRhaW5lciUyMiUzRSUwQSUyMCUyMCUzQ2RpdiUyMGNsYXNzJTNEJTIyZmxleC1pdGVtJTIyJTNFJTNDaW1nJTIwc3JjJTNEJTIyJTJGd3AtY29udGVudCUyRnVwbG9hZHMlMkZOZXdzLWljb24uc3ZnJTIyJTIwYWx0JTNEJTIyTmV3cyUyMGljb24lMjIlMjB0aXRsZSUzRCUyMiU1QnNjX3Bvc3RfdGl0bGUlNUQlMjIlMjBjbGFzcyUzRCUyMnBhZ2UtYmFubmVyLWljb24lMjIlM0UlM0MlMkZkaXYlM0UlMEElMjAlMjAlM0NkaXYlMjBjbGFzcyUzRCUyMmZsZXgtaXRlbSUyMiUzRSUzQ2gxJTNFJTVCc2NfcG9zdF90aXRsZSU1RCUzQyUyRmgxJTNFJTNDJTJGZGl2JTNFJTBBJTNDJTJGZGl2JTNF","og_url":"https:\/\/ivari.ca\/fr\/a-propos-divari\/notre-compagnie\/nouvelles\/","og_site_name":"ivari","article_modified_time":"2023-05-25T18:15:59+00:00","twitter_card":"summary_large_image","twitter_misc":{"Dur\u00e9e de lecture estim\u00e9e":"1 minute"},"schema":{"@context":"https:\/\/schema.org","@graph":[{"@type":"WebPage","@id":"https:\/\/ivari.ca\/fr\/a-propos-divari\/notre-compagnie\/nouvelles\/","url":"https:\/\/ivari.ca\/fr\/a-propos-divari\/notre-compagnie\/nouvelles\/","name":"Nouvelles - ivari","isPartOf":{"@id":"https:\/\/ivari.ca\/#website"},"datePublished":"2022-03-28T14:01:10+00:00","dateModified":"2023-05-25T18:15:59+00:00","breadcrumb":{"@id":"https:\/\/ivari.ca\/fr\/a-propos-divari\/notre-compagnie\/nouvelles\/#breadcrumb"},"inLanguage":"fr-FR","potentialAction":[{"@type":"ReadAction","target":["https:\/\/ivari.ca\/fr\/a-propos-divari\/notre-compagnie\/nouvelles\/"]}]},{"@type":"BreadcrumbList","@id":"https:\/\/ivari.ca\/fr\/a-propos-divari\/notre-compagnie\/nouvelles\/#breadcrumb","itemListElement":[{"@type":"ListItem","position":1,"name":"Home","item":"https:\/\/ivari.ca\/fr\/"},{"@type":"ListItem","position":2,"name":"\u00c0 propos d&#8217;ivari","item":"https:\/\/ivari.ca\/fr\/a-propos-divari\/"},{"@type":"ListItem","position":3,"name":"Notre compagnie","item":"https:\/\/ivari.ca\/fr\/a-propos-divari\/notre-compagnie\/"},{"@type":"ListItem","position":4,"name":"Nouvelles"}]},{"@type":"WebSite","@id":"https:\/\/ivari.ca\/#website","url":"https:\/\/ivari.ca\/","name":"ivari","description":"","potentialAction":[{"@type":"SearchAction","target":{"@type":"EntryPoint","urlTemplate":"https:\/\/ivari.ca\/?s={search_term_string}"},"query-input":{"@type":"PropertyValueSpecification","valueRequired":true,"valueName":"search_term_string"}}],"inLanguage":"fr-FR"}]}},"_links":{"self":[{"href":"https:\/\/ivari.ca\/fr\/wp-json\/wp\/v2\/pages\/39158","targetHints":{"allow":["GET"]}}],"collection":[{"href":"https:\/\/ivari.ca\/fr\/wp-json\/wp\/v2\/pages"}],"about":[{"href":"https:\/\/ivari.ca\/fr\/wp-json\/wp\/v2\/types\/page"}],"author":[{"embeddable":true,"href":"https:\/\/ivari.ca\/fr\/wp-json\/wp\/v2\/users\/2"}],"replies":[{"embeddable":true,"href":"https:\/\/ivari.ca\/fr\/wp-json\/wp\/v2\/comments?post=39158"}],"version-history":[{"count":0,"href":"https:\/\/ivari.ca\/fr\/wp-json\/wp\/v2\/pages\/39158\/revisions"}],"up":[{"embeddable":true,"href":"https:\/\/ivari.ca\/fr\/wp-json\/wp\/v2\/pages\/38918"}],"wp:attachment":[{"href":"https:\/\/ivari.ca\/fr\/wp-json\/wp\/v2\/media?parent=39158"}],"wp:term":[{"taxonomy":"query_groups","embeddable":true,"href":"https:\/\/ivari.ca\/fr\/wp-json\/wp\/v2\/query_groups?post=39158"}],"curies":[{"name":"wp","href":"https:\/\/api.w.org\/{rel}","templated":true}]}}