



{"id":39106,"date":"2022-03-30T14:14:23","date_gmt":"2022-03-30T18:14:23","guid":{"rendered":"https:\/\/ivari.ca\/?page_id=39106"},"modified":"2022-03-31T13:35:19","modified_gmt":"2022-03-31T17:35:19","slug":"maladies-couvertes","status":"publish","type":"page","link":"https:\/\/ivari.ca\/fr\/produits\/assurance\/assurance-maladies-graves\/maladies-couvertes\/","title":{"rendered":"Maladies couvertes"},"content":{"rendered":"<div class=\"wpb-content-wrapper\"><p>[vc_row css=\u00a0\u00bb.vc_custom_1633110907975{background-position: center !important;background-repeat: no-repeat !important;background-size: cover !important;}\u00a0\u00bb el_id=\u00a0\u00bbpost-banner\u00a0\u00bb][vc_column][vc_row_inner content_placement=\u00a0\u00bbbottom\u00a0\u00bb css=\u00a0\u00bb.vc_custom_1648661840765{background-image: url(https:\/\/ivari.ca\/files\/shutterstock_140111692-ci-whats-covered-scaled.jpg?id=39098) !important;background-position: center !important;background-repeat: no-repeat !important;background-size: cover !important;}\u00a0\u00bb el_class=\u00a0\u00bbpost-banner\u00a0\u00bb][vc_column_inner el_class=\u00a0\u00bbimage-row-text-column\u00a0\u00bb width=\u00a0\u00bb2\/5&Prime;][vc_column_text]<\/p>\n<h1>\t\t\t<span id=\"typedjs10\" class=\"animated-typed-js-shortcode \"><\/span>\n\t\t\t<script>\n\t\t\tvar typedjs10 = new Typed('#typedjs10', {\n\t\t\t\tstrings: [\"Parlons\\u2026 maladies couvertes\"],\n\t\t\t\ttypeSpeed: 80,\n\t\t\t\tbackSpeed: 50,\n\t\t\t\tbackDelay: 500,\n\t\t\t\tstartDelay: 1000,\n\t\t\t\tloop: false,\n\t\t\t\tloopCount: 0,\n\t\t\t\tfadeOut: false,\n\t\t\t\tfadeOutDelay: 500,\n\t\t\t\tsmartBackspace: true,\n\t\t\t\tshuffle: false,\n\t\t\t\tshowCursor: true,\n\t\t\t\tcursorChar: \"|\"\n\t\t\t});\n\t\t\t<\/script>\n\n\t\t<\/h1>\n<p>[\/vc_column_text][\/vc_column_inner][vc_column_inner width=\u00a0\u00bb3\/5&Prime;][\/vc_column_inner][\/vc_row_inner][\/vc_column][\/vc_row][vc_row el_id=\u00a0\u00bbpage-subheader\u00a0\u00bb][vc_column][vc_column_text]Vous pouvez choisir entre une assurance 4 maladies graves ou 25 maladies graves.[\/vc_column_text][\/vc_column][\/vc_row][vc_row][vc_column][vc_row_inner el_class=\u00a0\u00bbarticle-section\u00a0\u00bb][vc_column_inner width=\u00a0\u00bb1\/4&Prime;][vc_column_text]<\/p>\n<h2>Assurance 4 maladies graves<\/h2>\n<p>[\/vc_column_text][\/vc_column_inner][vc_column_inner width=\u00a0\u00bb3\/4&Prime;][vc_column_text]Il s\u2019agit d\u2019une solution plus \u00e9conomique qui vise tout de m\u00eame 85\u00a0% des demandes de r\u00e8glement soumises.<sup><a href=\"#notes\">*(1)<\/a><\/sup><\/p>\n<ul class=\"list\">\n<li>Cancer (avec risque de d\u00e9c\u00e8s \u00e0 court terme)<\/li>\n<li>Crise cardiaque<\/li>\n<li>Accident vasculaire c\u00e9r\u00e9bral (AVC)<\/li>\n<li>Chirurgie coronarienne<\/li>\n<\/ul>\n<p>[\/vc_column_text][\/vc_column_inner][\/vc_row_inner][vc_row_inner el_class=\u00a0\u00bbarticle-section\u00a0\u00bb][vc_column_inner width=\u00a0\u00bb1\/4&Prime;][vc_column_text]<\/p>\n<h2>Assurance 25 maladies graves<\/h2>\n<p>[\/vc_column_text][\/vc_column_inner][vc_column_inner width=\u00a0\u00bb3\/4&Prime;][vc_column_text]Plus exhaustive, l\u2019assurance 25 maladies graves assure de plus cinq maladies infantiles jusqu\u2019au 24e anniversaire de l\u2019assur\u00e9 et pr\u00e9sente quelques avantages suppl\u00e9mentaires.<\/p>\n<div class=\"flex-container\">\n<div class=\"flex-item\">\n<ul class=\"list\">\n<li>Maladie d\u2019Alzheimer<\/li>\n<li>Chirurgie de l\u2019aorte<\/li>\n<li>An\u00e9mie aplasique<\/li>\n<li>M\u00e9ningite bact\u00e9rienne<\/li>\n<li>Tumeur c\u00e9r\u00e9brale b\u00e9nigne<\/li>\n<li>C\u00e9cit\u00e9<\/li>\n<li>Cancer (avec risque de d\u00e9c\u00e8s \u00e0 court terme)<\/li>\n<li>Coma<\/li>\n<\/ul>\n<\/div>\n<div class=\"flex-item\">\n<ul class=\"list\">\n<li>Chirurgie coronarienne<\/li>\n<li>Surdit\u00e9<\/li>\n<li>Crise cardiaque<\/li>\n<li>Remplacement des valves du c\u0153ur<\/li>\n<li>Insuffisance r\u00e9nale<\/li>\n<li>Perte d\u2019autonomie<sup>\u2020<\/sup><\/li>\n<li>Perte des membres<\/li>\n<li>Perte de parole<\/li>\n<\/ul>\n<\/div>\n<div class=\"flex-item\">\n<ul class=\"list\">\n<li>Transplantation d\u2019un organe vital<\/li>\n<li>Transplantation d\u2019un organe vital sur une liste d\u2019attente<\/li>\n<li>Maladie du neurone moteur<\/li>\n<li>Scl\u00e9rose en plaques<\/li>\n<li>Infection au VIH dans le cadre de la profession<\/li>\n<li>Paralysie<\/li>\n<li>Maladie de Parkinson<\/li>\n<li>Br\u00fblures s\u00e9v\u00e8res<\/li>\n<li>Accident vasculaire c\u00e9r\u00e9bral (AVC)<\/li>\n<\/ul>\n<\/div>\n<\/div>\n<p>[\/vc_column_text][vc_column_text]Les assur\u00e9s sont couverts contre les 5 maladies graves suivantes jusqu\u2019\u00e0 leur 24<sup>e<\/sup>\u00a0anniversaire\u00a0:<\/p>\n<ul class=\"list\">\n<li>Paralysie c\u00e9r\u00e9brale<\/li>\n<li>Cardiopathie cong\u00e9nitale<\/li>\n<li>Fibrose kystique<\/li>\n<li>Dystrophie musculaire<\/li>\n<li>Diab\u00e8te de type 1<\/li>\n<\/ul>\n<p>Vous trouverez dans la police une description plus d\u00e9taill\u00e9e de chacune des maladies couvertes ainsi que les exclusions, les limitations et la p\u00e9riode de survie de 30 jours. Toute affection, maladie ou intervention chirurgicale non express\u00e9ment mentionn\u00e9e dans la police n\u2019est pas couverte.<\/p>\n<p><small><sup>\u2020<\/sup>La perte d\u2019autonomie ne joue pas avant le 18e anniversaire de l\u2019assur\u00e9.<\/small>[\/vc_column_text][\/vc_column_inner][\/vc_row_inner][vc_row_inner el_class=\u00a0\u00bbarticle-section\u00a0\u00bb][vc_column_inner][vc_column_text]<\/p>\n<h2>P\u00e9riode moratoire d\u2019exclusion de 90 jours en cas de cancer et de tumeur c\u00e9r\u00e9brale b\u00e9nigne<\/h2>\n<p>La p\u00e9riode moratoire d\u2019exclusion de 90 jours correspond aux premiers 90 jours du contrat en vigueur ou remis en vigueur. Si, \u00e0 ce moment-l\u00e0, vous, en tant qu\u2019assur\u00e9, recevez un diagnostic de cancer ou de tumeur c\u00e9r\u00e9brale ou pr\u00e9sentez des sympt\u00f4mes annonciateurs d\u2019un tel diagnostic, quelle qu\u2019en soit la date, vous ne pouvez toucher la garantie de maladie grave ou la garantie de d\u00e9pistage pr\u00e9\u00adcoce. Pr\u00e9cisons que, par diagnostic, on entend \u00e9galement le diagnostic d\u2019une maladie couverte attribuable directement \u00e0 un cancer ou \u00e0 une tumeur c\u00e9r\u00e9brale b\u00e9nigne, ou \u00e0 son traitement.<\/p>\n<p>Dans cette exclusion, par \u00ab cancer \u00bb, on entend tout type de cancer, y compris une tumeur c\u00e9r\u00e9brale b\u00e9nigne, m\u00eame s\u2019il ne fait pas partie des maladies graves couvertes ou des maladies graves vis\u00e9es par le d\u00e9pistage pr\u00e9coce.<\/p>\n<p>L\u2019information relative aux sympt\u00f4mes, troubles de la sant\u00e9, examens ou diagnostics d\u00e9crits pr\u00e9c\u00e9demment doit nous \u00eatre communiqu\u00e9e par \u00e9crit dans un d\u00e9lai de 6 mois apr\u00e8s la date du diagnostic, \u00e0 d\u00e9faut de quoi nous pouvons rejeter toute demande de garantie de maladie grave ou de garantie de d\u00e9pistage pr\u00e9coce li\u00e9e \u00e0 un cancer ou \u00e0 une tumeur c\u00e9r\u00e9brale b\u00e9nigne. Le rejet touche \u00e9galement toute maladie grave couverte ou toute maladie grave vis\u00e9e par le d\u00e9pistage pr\u00e9coce qui r\u00e9sulte directement d\u2019un cancer ou d\u2019une tumeur c\u00e9r\u00e9brale b\u00e9nigne, ou encore de son traitement.[\/vc_column_text][\/vc_column_inner][\/vc_row_inner][vc_row_inner el_class=\u00a0\u00bbarticle-section noBorderBottom\u00a0\u00bb css=\u00a0\u00bb.vc_custom_1648662525005{margin-bottom: 0px !important;padding-bottom: 0px !important;}\u00a0\u00bb][vc_column_inner][vc_column_text el_class=\u00a0\u00bbnoBorderBottom\u00a0\u00bb]<\/p>\n<h2>Types d\u2019assurance<\/h2>\n<p>Diverses solutions vous sont offertes pour vous permettre de b\u00e9n\u00e9ficier de protections suppl\u00e9mentaires en souscrivant l\u2019assurance maladies graves d\u2019ivari.[\/vc_column_text][\/vc_column_inner][\/vc_row_inner][vc_row_inner equal_height=\u00a0\u00bbyes\u00a0\u00bb gap=\u00a0\u00bb35&Prime; el_class=\u00a0\u00bbivari-row\u00a0\u00bb][vc_column_inner el_class=\u00a0\u00bbcontent-box\u00a0\u00bb width=\u00a0\u00bb1\/3&Prime;][vc_single_image image=\u00a0\u00bb39100&Prime;][vc_column_text]<\/p>\n<h3>Temporaire 10<\/h3>\n<ul class=\"list\">\n<li>Assurance de 10 ans renouvelable et transformable. Les primes sont appel\u00e9es \u00e0 changer tous les 10 ans.<\/li>\n<li>\u00c2ge \u00e0 l\u2019expiration : \u00a075 ans<\/li>\n<li>Assurance renouvelable et garantie de primes de 10 ans<\/li>\n<li>Option d\u2019assurance :\u00a0 Sur une seule ou plusieurs t\u00eates.<\/li>\n<\/ul>\n<p>[\/vc_column_text][\/vc_column_inner][vc_column_inner el_class=\u00a0\u00bbcontent-box\u00a0\u00bb width=\u00a0\u00bb1\/3&Prime;][vc_single_image image=\u00a0\u00bb39102&Prime;][vc_column_text]<\/p>\n<h3>Temporaire 20<\/h3>\n<ul class=\"list\">\n<li>Assurance de 20 ans renouvelable et transformable. Les primes sont appel\u00e9es \u00e0 changer tous les 20 ans.<\/li>\n<li>\u00c2ge \u00e0 l\u2019expiration : \u00a075 ans<\/li>\n<li>Assurance renouvelable et garantie de primes de 20 ans.<\/li>\n<li>Option d\u2019assurance : \u00a0Sur une seule ou plusieurs t\u00eates.<\/li>\n<\/ul>\n<p>[\/vc_column_text][\/vc_column_inner][vc_column_inner el_class=\u00a0\u00bbcontent-box\u00a0\u00bb width=\u00a0\u00bb1\/3&Prime;][vc_single_image image=\u00a0\u00bb39104&Prime;][vc_column_text]<\/p>\n<h3>Temporaire jusqu\u2019\u00e0 65 ans<\/h3>\n<ul class=\"list\">\n<li>Assurance jusqu\u2019\u00e0 65 ans transformable avec prime uniforme.<\/li>\n<li>\u00c2ge \u00e0 l\u2019expiration : \u00a065 ans<\/li>\n<li>Aucune option de renouvellement<\/li>\n<li>Option d\u2019assurance : \u00a0Sur une seule ou plusieurs t\u00eates.<\/li>\n<\/ul>\n<p>[\/vc_column_text][\/vc_column_inner][\/vc_row_inner][vc_row_inner el_id=\u00a0\u00bbnotes\u00a0\u00bb][vc_column_inner][vc_column_text el_class=\u00a0\u00bbfootnote-section\u00a0\u00bb]<sup>*(1)<\/sup> La police 4 maladies graves procure une couverture pour les maladies suivantes : cancer, crise cardiaque, accident vasculaire c\u00e9r\u00e9bral et chirurgie coronarienne. Ce pourcentage est fond\u00e9 sur les taux d\u2019incidence et les statistiques de l\u2019industrie en mati\u00e8re de r\u00e8glement.[\/vc_column_text][\/vc_column_inner][\/vc_row_inner][\/vc_column][\/vc_row]<\/p>\n<\/div>","protected":false},"excerpt":{"rendered":"<p> Vous pouvez choisir entre une assurance 4 maladies graves ou 25 maladies graves. Assurance 4 maladies graves Il s\u2019agit d\u2019une solution plus \u00e9conomique&#8230;<\/p>\n","protected":false},"author":2,"featured_media":0,"parent":38528,"menu_order":0,"comment_status":"closed","ping_status":"closed","template":"","meta":{"_acf_changed":false,"_searchwp_excluded":"","footnotes":""},"query_groups":[],"class_list":["post-39106","page","type-page","status-publish","hentry"],"acf":[],"yoast_head":"<!-- This site is optimized with the Yoast SEO plugin v27.3 - https:\/\/yoast.com\/product\/yoast-seo-wordpress\/ -->\n<title>Maladies couvertes - ivari<\/title>\n<meta name=\"robots\" content=\"index, follow, max-snippet:-1, max-image-preview:large, max-video-preview:-1\" \/>\n<link rel=\"canonical\" href=\"https:\/\/ivari.ca\/fr\/produits\/assurance\/assurance-maladies-graves\/maladies-couvertes\/\" \/>\n<meta property=\"og:locale\" content=\"fr_FR\" \/>\n<meta property=\"og:type\" content=\"article\" \/>\n<meta property=\"og:title\" content=\"Maladies couvertes - ivari\" \/>\n<meta property=\"og:description\" content=\"Vous pouvez choisir entre une assurance 4 maladies graves ou 25 maladies graves. Assurance 4 maladies graves Il s\u2019agit d\u2019une solution plus \u00e9conomique...\" \/>\n<meta property=\"og:url\" content=\"https:\/\/ivari.ca\/fr\/produits\/assurance\/assurance-maladies-graves\/maladies-couvertes\/\" \/>\n<meta property=\"og:site_name\" content=\"ivari\" \/>\n<meta property=\"article:modified_time\" content=\"2022-03-31T17:35:19+00:00\" \/>\n<meta name=\"twitter:card\" content=\"summary_large_image\" \/>\n<meta name=\"twitter:label1\" content=\"Dur\u00e9e de lecture estim\u00e9e\" \/>\n\t<meta name=\"twitter:data1\" content=\"4 minutes\" \/>\n<script type=\"application\/ld+json\" class=\"yoast-schema-graph\">{\"@context\":\"https:\\\/\\\/schema.org\",\"@graph\":[{\"@type\":\"WebPage\",\"@id\":\"https:\\\/\\\/ivari.ca\\\/fr\\\/produits\\\/assurance\\\/assurance-maladies-graves\\\/maladies-couvertes\\\/\",\"url\":\"https:\\\/\\\/ivari.ca\\\/fr\\\/produits\\\/assurance\\\/assurance-maladies-graves\\\/maladies-couvertes\\\/\",\"name\":\"Maladies couvertes - ivari\",\"isPartOf\":{\"@id\":\"https:\\\/\\\/ivari.ca\\\/#website\"},\"datePublished\":\"2022-03-30T18:14:23+00:00\",\"dateModified\":\"2022-03-31T17:35:19+00:00\",\"breadcrumb\":{\"@id\":\"https:\\\/\\\/ivari.ca\\\/fr\\\/produits\\\/assurance\\\/assurance-maladies-graves\\\/maladies-couvertes\\\/#breadcrumb\"},\"inLanguage\":\"fr-FR\",\"potentialAction\":[{\"@type\":\"ReadAction\",\"target\":[\"https:\\\/\\\/ivari.ca\\\/fr\\\/produits\\\/assurance\\\/assurance-maladies-graves\\\/maladies-couvertes\\\/\"]}]},{\"@type\":\"BreadcrumbList\",\"@id\":\"https:\\\/\\\/ivari.ca\\\/fr\\\/produits\\\/assurance\\\/assurance-maladies-graves\\\/maladies-couvertes\\\/#breadcrumb\",\"itemListElement\":[{\"@type\":\"ListItem\",\"position\":1,\"name\":\"Home\",\"item\":\"https:\\\/\\\/ivari.ca\\\/fr\\\/\"},{\"@type\":\"ListItem\",\"position\":2,\"name\":\"Produits\",\"item\":\"https:\\\/\\\/ivari.ca\\\/fr\\\/produits\\\/\"},{\"@type\":\"ListItem\",\"position\":3,\"name\":\"Assurance\",\"item\":\"https:\\\/\\\/ivari.ca\\\/fr\\\/produits\\\/assurance\\\/\"},{\"@type\":\"ListItem\",\"position\":4,\"name\":\"Assurance maladies graves\",\"item\":\"https:\\\/\\\/ivari.ca\\\/fr\\\/produits\\\/assurance\\\/assurance-maladies-graves\\\/\"},{\"@type\":\"ListItem\",\"position\":5,\"name\":\"Maladies couvertes\"}]},{\"@type\":\"WebSite\",\"@id\":\"https:\\\/\\\/ivari.ca\\\/#website\",\"url\":\"https:\\\/\\\/ivari.ca\\\/\",\"name\":\"ivari\",\"description\":\"\",\"potentialAction\":[{\"@type\":\"SearchAction\",\"target\":{\"@type\":\"EntryPoint\",\"urlTemplate\":\"https:\\\/\\\/ivari.ca\\\/?s={search_term_string}\"},\"query-input\":{\"@type\":\"PropertyValueSpecification\",\"valueRequired\":true,\"valueName\":\"search_term_string\"}}],\"inLanguage\":\"fr-FR\"}]}<\/script>\n<!-- \/ Yoast SEO plugin. -->","yoast_head_json":{"title":"Maladies couvertes - ivari","robots":{"index":"index","follow":"follow","max-snippet":"max-snippet:-1","max-image-preview":"max-image-preview:large","max-video-preview":"max-video-preview:-1"},"canonical":"https:\/\/ivari.ca\/fr\/produits\/assurance\/assurance-maladies-graves\/maladies-couvertes\/","og_locale":"fr_FR","og_type":"article","og_title":"Maladies couvertes - ivari","og_description":"Vous pouvez choisir entre une assurance 4 maladies graves ou 25 maladies graves. Assurance 4 maladies graves Il s\u2019agit d\u2019une solution plus \u00e9conomique...","og_url":"https:\/\/ivari.ca\/fr\/produits\/assurance\/assurance-maladies-graves\/maladies-couvertes\/","og_site_name":"ivari","article_modified_time":"2022-03-31T17:35:19+00:00","twitter_card":"summary_large_image","twitter_misc":{"Dur\u00e9e de lecture estim\u00e9e":"4 minutes"},"schema":{"@context":"https:\/\/schema.org","@graph":[{"@type":"WebPage","@id":"https:\/\/ivari.ca\/fr\/produits\/assurance\/assurance-maladies-graves\/maladies-couvertes\/","url":"https:\/\/ivari.ca\/fr\/produits\/assurance\/assurance-maladies-graves\/maladies-couvertes\/","name":"Maladies couvertes - ivari","isPartOf":{"@id":"https:\/\/ivari.ca\/#website"},"datePublished":"2022-03-30T18:14:23+00:00","dateModified":"2022-03-31T17:35:19+00:00","breadcrumb":{"@id":"https:\/\/ivari.ca\/fr\/produits\/assurance\/assurance-maladies-graves\/maladies-couvertes\/#breadcrumb"},"inLanguage":"fr-FR","potentialAction":[{"@type":"ReadAction","target":["https:\/\/ivari.ca\/fr\/produits\/assurance\/assurance-maladies-graves\/maladies-couvertes\/"]}]},{"@type":"BreadcrumbList","@id":"https:\/\/ivari.ca\/fr\/produits\/assurance\/assurance-maladies-graves\/maladies-couvertes\/#breadcrumb","itemListElement":[{"@type":"ListItem","position":1,"name":"Home","item":"https:\/\/ivari.ca\/fr\/"},{"@type":"ListItem","position":2,"name":"Produits","item":"https:\/\/ivari.ca\/fr\/produits\/"},{"@type":"ListItem","position":3,"name":"Assurance","item":"https:\/\/ivari.ca\/fr\/produits\/assurance\/"},{"@type":"ListItem","position":4,"name":"Assurance maladies graves","item":"https:\/\/ivari.ca\/fr\/produits\/assurance\/assurance-maladies-graves\/"},{"@type":"ListItem","position":5,"name":"Maladies couvertes"}]},{"@type":"WebSite","@id":"https:\/\/ivari.ca\/#website","url":"https:\/\/ivari.ca\/","name":"ivari","description":"","potentialAction":[{"@type":"SearchAction","target":{"@type":"EntryPoint","urlTemplate":"https:\/\/ivari.ca\/?s={search_term_string}"},"query-input":{"@type":"PropertyValueSpecification","valueRequired":true,"valueName":"search_term_string"}}],"inLanguage":"fr-FR"}]}},"_links":{"self":[{"href":"https:\/\/ivari.ca\/fr\/wp-json\/wp\/v2\/pages\/39106","targetHints":{"allow":["GET"]}}],"collection":[{"href":"https:\/\/ivari.ca\/fr\/wp-json\/wp\/v2\/pages"}],"about":[{"href":"https:\/\/ivari.ca\/fr\/wp-json\/wp\/v2\/types\/page"}],"author":[{"embeddable":true,"href":"https:\/\/ivari.ca\/fr\/wp-json\/wp\/v2\/users\/2"}],"replies":[{"embeddable":true,"href":"https:\/\/ivari.ca\/fr\/wp-json\/wp\/v2\/comments?post=39106"}],"version-history":[{"count":0,"href":"https:\/\/ivari.ca\/fr\/wp-json\/wp\/v2\/pages\/39106\/revisions"}],"up":[{"embeddable":true,"href":"https:\/\/ivari.ca\/fr\/wp-json\/wp\/v2\/pages\/38528"}],"wp:attachment":[{"href":"https:\/\/ivari.ca\/fr\/wp-json\/wp\/v2\/media?parent=39106"}],"wp:term":[{"taxonomy":"query_groups","embeddable":true,"href":"https:\/\/ivari.ca\/fr\/wp-json\/wp\/v2\/query_groups?post=39106"}],"curies":[{"name":"wp","href":"https:\/\/api.w.org\/{rel}","templated":true}]}}