



{"id":38892,"date":"2022-03-08T09:28:12","date_gmt":"2022-03-08T14:28:12","guid":{"rendered":"https:\/\/ivari.ca\/?page_id=38892"},"modified":"2023-11-05T15:03:43","modified_gmt":"2023-11-05T20:03:43","slug":"biens-non-reclames","status":"publish","type":"page","link":"https:\/\/ivari.ca\/fr\/juridique\/biens-non-reclames\/","title":{"rendered":"Biens non r\u00e9clam\u00e9s"},"content":{"rendered":"<div class=\"wpb-content-wrapper\"><p>[vc_row css=\u00a0\u00bb.vc_custom_1633110907975{background-position: center !important;background-repeat: no-repeat !important;background-size: cover !important;}\u00a0\u00bb el_id=\u00a0\u00bbpost-banner\u00a0\u00bb][vc_column][vc_row_inner content_placement=\u00a0\u00bbbottom\u00a0\u00bb css=\u00a0\u00bb.vc_custom_1646754453503{background-image: url(https:\/\/ivari.ca\/files\/shutterstock_165452231-copy-scaled.jpg?id=38906) !important;background-position: center !important;background-repeat: no-repeat !important;background-size: cover !important;}\u00a0\u00bb el_class=\u00a0\u00bbpost-banner\u00a0\u00bb][vc_column_inner el_class=\u00a0\u00bbimage-row-text-column\u00a0\u00bb width=\u00a0\u00bb2\/5&Prime;][vc_column_text]<\/p>\n<h1>\t\t\t<span id=\"typedjs92\" class=\"animated-typed-js-shortcode \"><\/span>\n\t\t\t<script>\n\t\t\tvar typedjs92 = new Typed('#typedjs92', {\n\t\t\t\tstrings: [\"Avez-vous des biens non r\\u00e9clam\\u00e9s?\"],\n\t\t\t\ttypeSpeed: 80,\n\t\t\t\tbackSpeed: 50,\n\t\t\t\tbackDelay: 500,\n\t\t\t\tstartDelay: 1000,\n\t\t\t\tloop: false,\n\t\t\t\tloopCount: 0,\n\t\t\t\tfadeOut: false,\n\t\t\t\tfadeOutDelay: 500,\n\t\t\t\tsmartBackspace: true,\n\t\t\t\tshuffle: false,\n\t\t\t\tshowCursor: true,\n\t\t\t\tcursorChar: \"|\"\n\t\t\t});\n\t\t\t<\/script>\n\n\t\t<\/h1>\n<p>[\/vc_column_text][\/vc_column_inner][vc_column_inner width=\u00a0\u00bb3\/5&Prime;][\/vc_column_inner][\/vc_row_inner][\/vc_column][\/vc_row][vc_row el_class=\u00a0\u00bbivari-row\u00a0\u00bb][vc_column][vc_row_inner el_class=\u00a0\u00bbmodule_Featured_Items_Block_A_1&Prime;][vc_column_inner width=\u00a0\u00bb1\/3&Prime;]<br \/>\n[\/vc_column_inner][vc_column_inner width=\u00a0\u00bb2\/3&Prime;][vc_column_text]Si vous croyez \u00eatre propri\u00e9taire ou repr\u00e9senter le propri\u00e9taire d\u2019un bien d\u00e9tenu aupr\u00e8s d\u2019<em>ivari<\/em> ou de ses pr\u00e9d\u00e9cesseurs et que vous souhaitez pr\u00e9senter une demande de renseignements, vous pouvez communiquer avec <em>ivari<\/em> comme suit :<\/p>\n<ol class=\"list\">\n<li>Envoi d\u2019un courriel \u00e0 l\u2019adresse <a href=\"mailto:unclaimed.property@ivari.ca\">unclaimed.property@ivari.ca<\/a>; ou<\/li>\n<li>Envoi du formulaire intitul\u00e9 <a href=\"\/files\/LP-IP1451FR.pdf\" target=\"_blank\" rel=\"noopener\">Demande de biens non r\u00e9clam\u00e9s<\/a> d\u00fbment rempli, accompagn\u00e9 de deux (2) pi\u00e8ces d\u2019identit\u00e9, dont une avec photo, nom, date de naissance et signature du demandeur.<\/li>\n<\/ol>\n<p>Si vous agissez \u00e0 titre de repr\u00e9sentant, veuillez fournir une copie du document attestant que vous avez le droit de pr\u00e9senter la demande (une procuration, par exemple).<\/p>\n<p><em>ivari<\/em> administre actuellement les polices \u00e9tablies \u00e0 l\u2019origine par les assureurs suivants :<\/p>\n<ul class=\"list\">\n<li>NN Compagnie d\u2019Assurance-Vie du Canada<\/li>\n<li>MONY du Canada, Compagnie d\u2019Assurance-Vie<\/li>\n<li>La Halifax, Compagnie d\u2019Assurance-Vie<\/li>\n<li>Commercial Life<\/li>\n<li>Compagnie d\u2019assurance-vie Transamerica-Occidental<\/li>\n<li>Transamerica Vie Canada<\/li>\n<\/ul>\n<p>[\/vc_column_text][\/vc_column_inner][\/vc_row_inner][\/vc_column][\/vc_row][vc_row el_class=\u00a0\u00bbmodule_Keyline_A_0&Prime;][vc_column][vc_separator][\/vc_column][\/vc_row][vc_row el_class=\u00a0\u00bbivari-row\u00a0\u00bb][vc_column][vc_column_text css=\u00a0\u00bb.vc_custom_1502463331940{margin-bottom: 32px !important;}\u00a0\u00bb]<\/p>\n<h2>Ce dont nous avons besoin<\/h2>\n<p>[\/vc_column_text][vc_row_inner el_class=\u00a0\u00bbmodule_Featured_Items_Block_A_1&Prime;][vc_column_inner width=\u00a0\u00bb1\/3&Prime;]<br \/>\n[\/vc_column_inner][vc_column_inner width=\u00a0\u00bb2\/3&Prime;][vc_column_text]Avant de d\u00e9bloquer des fonds pour un demandeur, <em>ivari<\/em> doit recevoir des preuves satisfaisantes de son identit\u00e9 et de son droit au bien. Deux pi\u00e8ces d\u2019identit\u00e9 sont n\u00e9cessaires \u00e0 cette fin, dont une avec photo, nom, date de naissance et signature du demandeur (si elles n\u2019ont pas \u00e9t\u00e9 annex\u00e9es au formulaire de demande). Sachez que d\u2019autres documents tels que ceux \u00e9num\u00e9r\u00e9s ci-dessous pourraient \u00eatre exig\u00e9s\u00a0:<\/p>\n<ul class=\"list\">\n<li>Une copie d\u2019un document attestant l\u2019identification du bien (par exemple, une copie de la police\/du contrat d\u2019assurance, un relev\u00e9 ou avis de confirmation r\u00e9cemment \u00e9mis par <em>ivari<\/em>);<\/li>\n<li>Le num\u00e9ro d\u2019assurance sociale du demandeur<\/li>\n<\/ul>\n<p>[\/vc_column_text][\/vc_column_inner][\/vc_row_inner][\/vc_column][\/vc_row][vc_row el_class=\u00a0\u00bbmodule_Keyline_A_0&Prime;][vc_column][vc_separator][\/vc_column][\/vc_row][vc_row el_class=\u00a0\u00bbivari-row\u00a0\u00bb][vc_column][vc_column_text css=\u00a0\u00bb.vc_custom_1502463386036{margin-bottom: 32px !important;}\u00a0\u00bb]<\/p>\n<h2>J\u2019ai soumis une demande. Que devrais-je faire apr\u00e8s?<\/h2>\n<p>[\/vc_column_text][vc_row_inner el_class=\u00a0\u00bbmodule_Featured_Items_Block_A_1&Prime;][vc_column_inner width=\u00a0\u00bb1\/3&Prime;]<br \/>\n[\/vc_column_inner][vc_column_inner width=\u00a0\u00bb2\/3&Prime;][vc_column_text]Votre demande de renseignements sera soumise \u00e0 l\u2019\u00e9tude, et nous communiquerons avec vous dans un d\u00e9lai de cinq (5) jours ouvrables pour confirmer si la demande concorde avec les renseignements dont <em>ivari<\/em> dispose. Nous ne traiterons la r\u00e9clamation pour paiement qu\u2019apr\u00e8s avoir re\u00e7u cette confirmation. Si votre r\u00e9clamation est refus\u00e9e, nous vous aviserons de notre processus d\u2019appel.[\/vc_column_text][\/vc_column_inner][\/vc_row_inner][\/vc_column][\/vc_row][vc_row el_class=\u00a0\u00bbmodule_Keyline_A_0&Prime;][vc_column][vc_separator][\/vc_column][\/vc_row][vc_row el_class=\u00a0\u00bbivari-row\u00a0\u00bb][vc_column][vc_column_text css=\u00a0\u00bb.vc_custom_1502463405961{margin-bottom: 32px !important;}\u00a0\u00bb]<\/p>\n<h2>Besoin d\u2019assistance?<\/h2>\n<p>[\/vc_column_text][vc_row_inner el_class=\u00a0\u00bbmodule_Featured_Items_Block_A_1&Prime;][vc_column_inner width=\u00a0\u00bb1\/3&Prime;]<br \/>\n[\/vc_column_inner][vc_column_inner width=\u00a0\u00bb2\/3&Prime;][vc_column_text]Si la recherche est infructueuse, vous pourrez obtenir de l\u2019assistance de la fa\u00e7on suivante\u00a0:<\/p>\n<h3 class=\"fuchsia-small\">R\u00e9sidents du Qu\u00e9bec :<\/h3>\n<p class=\"link\"><a href=\"https:\/\/www.revenuquebec.ca\/fr\/biens-non-reclames\/sinformer\/\" target=\"_blank\" rel=\"noopener\">EN SAVOIR PLUS \u203a<\/a><\/p>\n<h3 class=\"fuchsia-small\">R\u00e9sidents de la Colombie-Britannique :<\/h3>\n<p class=\"link\"><a href=\"https:\/\/www.bcunclaimed.ca\/\" target=\"_blank\" rel=\"noopener\">EN SAVOIR PLUS \u203a<\/a><\/p>\n<h3 class=\"fuchsia-small\">R\u00e9sidents de l\u2019Alberta :<\/h3>\n<p class=\"link\"><a href=\"https:\/\/www.alberta.ca\/unclaimed-property\" target=\"_blank\" rel=\"noopener\">EN SAVOIR PLUS \u203a<\/a><\/p>\n<p>Si vous avez besoin d\u2019aide pour retrouver le nom d\u2019un assureur, veuillez utiliser les services de recherche offerts par <a href=\"https:\/\/www.oapcanada.ca\/\" target=\"_blank\" rel=\"noopener\">l\u2019Ombudsman des assurances de personnes<\/a>.[\/vc_column_text][\/vc_column_inner][\/vc_row_inner][\/vc_column][\/vc_row]<\/p>\n<\/div>","protected":false},"excerpt":{"rendered":"<p>  Si vous croyez \u00eatre propri\u00e9taire ou repr\u00e9senter le propri\u00e9taire d\u2019un bien d\u00e9tenu aupr\u00e8s d\u2019ivari ou de ses pr\u00e9d\u00e9cesseurs et que vous souhaitez&#8230;<\/p>\n","protected":false},"author":2,"featured_media":0,"parent":38888,"menu_order":0,"comment_status":"closed","ping_status":"closed","template":"","meta":{"_acf_changed":false,"_searchwp_excluded":"","footnotes":""},"query_groups":[],"class_list":["post-38892","page","type-page","status-publish","hentry"],"acf":[],"yoast_head":"<!-- This site is optimized with the Yoast SEO plugin v27.3 - https:\/\/yoast.com\/product\/yoast-seo-wordpress\/ -->\n<title>Biens non r\u00e9clam\u00e9s - ivari<\/title>\n<meta name=\"robots\" content=\"index, follow, max-snippet:-1, max-image-preview:large, max-video-preview:-1\" \/>\n<link rel=\"canonical\" href=\"https:\/\/ivari.ca\/fr\/juridique\/biens-non-reclames\/\" \/>\n<meta property=\"og:locale\" content=\"fr_FR\" \/>\n<meta property=\"og:type\" content=\"article\" \/>\n<meta property=\"og:title\" content=\"Biens non r\u00e9clam\u00e9s - ivari\" \/>\n<meta property=\"og:description\" content=\"Si vous croyez \u00eatre propri\u00e9taire ou repr\u00e9senter le propri\u00e9taire d\u2019un bien d\u00e9tenu aupr\u00e8s d\u2019ivari ou de ses pr\u00e9d\u00e9cesseurs et que vous souhaitez...\" \/>\n<meta property=\"og:url\" content=\"https:\/\/ivari.ca\/fr\/juridique\/biens-non-reclames\/\" \/>\n<meta property=\"og:site_name\" content=\"ivari\" \/>\n<meta property=\"article:modified_time\" content=\"2023-11-05T20:03:43+00:00\" \/>\n<meta name=\"twitter:card\" content=\"summary_large_image\" \/>\n<meta name=\"twitter:label1\" content=\"Dur\u00e9e de lecture estim\u00e9e\" \/>\n\t<meta name=\"twitter:data1\" content=\"2 minutes\" \/>\n<script type=\"application\/ld+json\" class=\"yoast-schema-graph\">{\"@context\":\"https:\\\/\\\/schema.org\",\"@graph\":[{\"@type\":\"WebPage\",\"@id\":\"https:\\\/\\\/ivari.ca\\\/fr\\\/juridique\\\/biens-non-reclames\\\/\",\"url\":\"https:\\\/\\\/ivari.ca\\\/fr\\\/juridique\\\/biens-non-reclames\\\/\",\"name\":\"Biens non r\u00e9clam\u00e9s - ivari\",\"isPartOf\":{\"@id\":\"https:\\\/\\\/ivari.ca\\\/#website\"},\"datePublished\":\"2022-03-08T14:28:12+00:00\",\"dateModified\":\"2023-11-05T20:03:43+00:00\",\"breadcrumb\":{\"@id\":\"https:\\\/\\\/ivari.ca\\\/fr\\\/juridique\\\/biens-non-reclames\\\/#breadcrumb\"},\"inLanguage\":\"fr-FR\",\"potentialAction\":[{\"@type\":\"ReadAction\",\"target\":[\"https:\\\/\\\/ivari.ca\\\/fr\\\/juridique\\\/biens-non-reclames\\\/\"]}]},{\"@type\":\"BreadcrumbList\",\"@id\":\"https:\\\/\\\/ivari.ca\\\/fr\\\/juridique\\\/biens-non-reclames\\\/#breadcrumb\",\"itemListElement\":[{\"@type\":\"ListItem\",\"position\":1,\"name\":\"Home\",\"item\":\"https:\\\/\\\/ivari.ca\\\/fr\\\/\"},{\"@type\":\"ListItem\",\"position\":2,\"name\":\"Juridique\",\"item\":\"https:\\\/\\\/ivari.ca\\\/fr\\\/juridique\\\/\"},{\"@type\":\"ListItem\",\"position\":3,\"name\":\"Biens non r\u00e9clam\u00e9s\"}]},{\"@type\":\"WebSite\",\"@id\":\"https:\\\/\\\/ivari.ca\\\/#website\",\"url\":\"https:\\\/\\\/ivari.ca\\\/\",\"name\":\"ivari\",\"description\":\"\",\"potentialAction\":[{\"@type\":\"SearchAction\",\"target\":{\"@type\":\"EntryPoint\",\"urlTemplate\":\"https:\\\/\\\/ivari.ca\\\/?s={search_term_string}\"},\"query-input\":{\"@type\":\"PropertyValueSpecification\",\"valueRequired\":true,\"valueName\":\"search_term_string\"}}],\"inLanguage\":\"fr-FR\"}]}<\/script>\n<!-- \/ Yoast SEO plugin. -->","yoast_head_json":{"title":"Biens non r\u00e9clam\u00e9s - ivari","robots":{"index":"index","follow":"follow","max-snippet":"max-snippet:-1","max-image-preview":"max-image-preview:large","max-video-preview":"max-video-preview:-1"},"canonical":"https:\/\/ivari.ca\/fr\/juridique\/biens-non-reclames\/","og_locale":"fr_FR","og_type":"article","og_title":"Biens non r\u00e9clam\u00e9s - ivari","og_description":"Si vous croyez \u00eatre propri\u00e9taire ou repr\u00e9senter le propri\u00e9taire d\u2019un bien d\u00e9tenu aupr\u00e8s d\u2019ivari ou de ses pr\u00e9d\u00e9cesseurs et que vous souhaitez...","og_url":"https:\/\/ivari.ca\/fr\/juridique\/biens-non-reclames\/","og_site_name":"ivari","article_modified_time":"2023-11-05T20:03:43+00:00","twitter_card":"summary_large_image","twitter_misc":{"Dur\u00e9e de lecture estim\u00e9e":"2 minutes"},"schema":{"@context":"https:\/\/schema.org","@graph":[{"@type":"WebPage","@id":"https:\/\/ivari.ca\/fr\/juridique\/biens-non-reclames\/","url":"https:\/\/ivari.ca\/fr\/juridique\/biens-non-reclames\/","name":"Biens non r\u00e9clam\u00e9s - ivari","isPartOf":{"@id":"https:\/\/ivari.ca\/#website"},"datePublished":"2022-03-08T14:28:12+00:00","dateModified":"2023-11-05T20:03:43+00:00","breadcrumb":{"@id":"https:\/\/ivari.ca\/fr\/juridique\/biens-non-reclames\/#breadcrumb"},"inLanguage":"fr-FR","potentialAction":[{"@type":"ReadAction","target":["https:\/\/ivari.ca\/fr\/juridique\/biens-non-reclames\/"]}]},{"@type":"BreadcrumbList","@id":"https:\/\/ivari.ca\/fr\/juridique\/biens-non-reclames\/#breadcrumb","itemListElement":[{"@type":"ListItem","position":1,"name":"Home","item":"https:\/\/ivari.ca\/fr\/"},{"@type":"ListItem","position":2,"name":"Juridique","item":"https:\/\/ivari.ca\/fr\/juridique\/"},{"@type":"ListItem","position":3,"name":"Biens non r\u00e9clam\u00e9s"}]},{"@type":"WebSite","@id":"https:\/\/ivari.ca\/#website","url":"https:\/\/ivari.ca\/","name":"ivari","description":"","potentialAction":[{"@type":"SearchAction","target":{"@type":"EntryPoint","urlTemplate":"https:\/\/ivari.ca\/?s={search_term_string}"},"query-input":{"@type":"PropertyValueSpecification","valueRequired":true,"valueName":"search_term_string"}}],"inLanguage":"fr-FR"}]}},"_links":{"self":[{"href":"https:\/\/ivari.ca\/fr\/wp-json\/wp\/v2\/pages\/38892","targetHints":{"allow":["GET"]}}],"collection":[{"href":"https:\/\/ivari.ca\/fr\/wp-json\/wp\/v2\/pages"}],"about":[{"href":"https:\/\/ivari.ca\/fr\/wp-json\/wp\/v2\/types\/page"}],"author":[{"embeddable":true,"href":"https:\/\/ivari.ca\/fr\/wp-json\/wp\/v2\/users\/2"}],"replies":[{"embeddable":true,"href":"https:\/\/ivari.ca\/fr\/wp-json\/wp\/v2\/comments?post=38892"}],"version-history":[{"count":0,"href":"https:\/\/ivari.ca\/fr\/wp-json\/wp\/v2\/pages\/38892\/revisions"}],"up":[{"embeddable":true,"href":"https:\/\/ivari.ca\/fr\/wp-json\/wp\/v2\/pages\/38888"}],"wp:attachment":[{"href":"https:\/\/ivari.ca\/fr\/wp-json\/wp\/v2\/media?parent=38892"}],"wp:term":[{"taxonomy":"query_groups","embeddable":true,"href":"https:\/\/ivari.ca\/fr\/wp-json\/wp\/v2\/query_groups?post=38892"}],"curies":[{"name":"wp","href":"https:\/\/api.w.org\/{rel}","templated":true}]}}