



{"id":38541,"date":"2020-09-09T02:40:31","date_gmt":"2020-09-09T06:40:31","guid":{"rendered":"https:\/\/ivari.ca\/?page_id=38541"},"modified":"2024-09-26T11:54:52","modified_gmt":"2024-09-26T15:54:52","slug":"recherche-par-code-de-fonds","status":"publish","type":"page","link":"https:\/\/ivari.ca\/fr\/ressources\/liens-rapides-finance\/recherche-par-code-de-fonds\/","title":{"rendered":"Recherche par code de fonds"},"content":{"rendered":"<div class=\"wpb-content-wrapper\"><p>[vc_row el_class=\u00a0\u00bbwhats-happening-banner\u00a0\u00bb el_id=\u00a0\u00bbgrey-page-banner\u00a0\u00bb][vc_column][vc_row_inner content_placement=\u00a0\u00bbmiddle\u00a0\u00bb css=\u00a0\u00bb.vc_custom_1635351403459{background-image: url(https:\/\/ivari.ca\/files\/2021\/10\/grey-watercolour-bg-scaled.jpg?id=34985) !important;background-position: center !important;background-repeat: no-repeat !important;background-size: cover !important;}\u00a0\u00bb][vc_column_inner][vc_raw_html]JTNDZGl2JTIwY2xhc3MlM0QlMjJmbGV4LWNvbnRhaW5lciUyMiUzRSUwQSUyMCUyMCUzQ2RpdiUyMGNsYXNzJTNEJTIyZmxleC1pdGVtJTIyJTNFJTNDaW1nJTIwc3JjJTNEJTIyJTJGd3AtY29udGVudCUyRnVwbG9hZHMlMkZmdW5kLWNvZGUtZmluZGVyLWljb24uc3ZnJTIyJTIwYWx0JTNEJTIyRnVuZCUyMGNvZGUlMjBmaW5kZXIlMjBpY29uJTIyJTIwdGl0bGUlM0QlMjIlNUJzY19wb3N0X3RpdGxlJTVEJTIyJTIwY2xhc3MlM0QlMjJwYWdlLWJhbm5lci1pY29uJTIyJTNFJTNDJTJGZGl2JTNFJTBBJTIwJTIwJTNDZGl2JTIwY2xhc3MlM0QlMjJmbGV4LWl0ZW0lMjIlM0UlM0NoMSUzRSU1QnNjX3Bvc3RfdGl0bGUlNUQlM0MlMkZoMSUzRSUzQ3AlMjBjbGFzcyUzRCUyMnN1YmhlYWRpbmclMjIlM0VQb3VyJTIwb2J0ZW5pciUyMGRlcyUyMGluZm9ybWF0aW9ucyUyMHN1ciUyMHVuJTIwZm9uZHMlMjBzcCVDMyVBOWNpZmlxdWUlMkMlMjBpbCUyMHN1ZmZpdCUyMGRlJTIwc2Fpc2lyJTIwbGUlMjBjb2RlJTIwZmlndXJhbnQlMjBzdXIlMjB2b3RyZSUyMGZldWlsbGV0JTIwZCVFMiU4MCU5OWltcCVDMyVCNHQlMjBUMyUyRnJlbGV2JUMzJUE5JTIwMTYuJTNDJTJGcCUzRSUzQyUyRmRpdiUzRSUwQSUzQyUyRmRpdiUzRQ==[\/vc_raw_html][\/vc_column_inner][\/vc_row_inner][\/vc_column][\/vc_row][vc_row css=\u00a0\u00bb.vc_custom_1727366089652{margin-bottom: 30px !important;}\u00a0\u00bb][vc_column][vc_row_inner css=\u00a0\u00bb.vc_custom_1713800158233{background-image: url(https:\/\/ivari2021mobi.wpengine.com\/files\/shutterstock_1046332846-teal-scaled.jpg?id=46064) !important;background-position: center !important;background-repeat: no-repeat !important;background-size: cover !important;}\u00a0\u00bb][vc_column_inner][vc_column_text css=\u00a0\u00bb.vc_custom_1727358678836{margin-top: -20px !important;margin-right: 40px !important;margin-left: 40px !important;}\u00a0\u00bb]<\/p>\n<h2 class=\"white\" style=\"font-size: 18px;\">Des feuillets d\u2019imp\u00f4t T3\/Relev\u00e9 16 seront \u00e9mis aux titulaires de polices de fonds distincts devant d\u00e9clarer les affectations de fonds, lesquelles peuvent inclure les gains ou pertes en capital r\u00e9alis\u00e9s r\u00e9sultant de changements survenus dans les titres du fonds (par exemple, la substitution d\u2019actions individuelles par des FNB), ou r\u00e9sultant du rachat de parts au titre du fonds par le titulaire de la police. Veuillez consulter un conseiller fiscal ind\u00e9pendant si vous le jugez opportun.<\/h2>\n<p>[\/vc_column_text][\/vc_column_inner][\/vc_row_inner][\/vc_column][\/vc_row][vc_row full_width=\u00a0\u00bbstretch_row\u00a0\u00bb el_id=\u00a0\u00bbfund-code-finder\u00a0\u00bb][vc_column][vc_raw_html]PGRpdiBjbGFzcz0iZmxleC1jb250YWluZXIiPgoKPGRpdiBjbGFzcz0iZmxleC1pdGVtIj4KICBbZmFjZXR3cCBmYWNldD0ic2VhcmNoIl0KPC9kaXY+Cgo8ZGl2IGNsYXNzPSJmbGV4LWl0ZW0iPgogIDxidXR0b24gb25jbGljaz0iRldQLnJlc2V0KCkiIGNsYXNzPSJibHVlLWJ1dHRvbiI+UsOpaW5pdGlhbGlzZXIgbGEgcmVjaGVyY2hlPC9idXR0b24+CjwvZGl2PgoKPC9kaXY+[\/vc_raw_html][vc_column_text]<div class=\"facetwp-template\" data-name=\"fund_codes\"><table class=\"ffpu-table\">\n<tr>\n  <th>Nom du fonds<\/th>\n  <th>Code de fonds<\/th>\n<\/tr>\n\n  <tr>\n    <td>Fonds Obligations \u00e0 moyen terme 2<\/td>\n\n    \n\n    <td>BOND2<\/td> \n\n  <\/tr>\n  <tr>\n    <td>Fonds Obligations \u00e0 moyen terme 3<\/td>\n\n    \n\n    <td>BOND3<\/td> \n\n  <\/tr>\n  <tr>\n    <td>Fonds Obligations \u00e0 moyen terme<\/td>\n\n    \n\n    <td>BONDC<\/td> \n\n  <\/tr>\n  <tr>\n    <td>FPG canadien \u00e9quilibr\u00e9 ivari<\/td>\n\n    \n\n    <td>CBAL3<\/td> \n\n  <\/tr>\n  <tr>\n    <td>FPG d\u2019obligations canadiennes ivari<\/td>\n\n    \n\n    <td>CBND3<\/td> \n\n  <\/tr>\n  <tr>\n    <td>FPG d\u2019actions canadiennes ivari<\/td>\n\n    \n\n    <td>CEQ3<\/td> \n\n  <\/tr>\n  <tr>\n    <td>FPG canadien \u00e0 versement fixe ivari<\/td>\n\n    \n\n    <td>CFPF3<\/td> \n\n  <\/tr>\n  <tr>\n    <td>FPG indiciel de soci\u00e9t\u00e9s canadiennes \u00e0 forte capitalisation ivari<\/td>\n\n    \n\n    <td>CLCIG<\/td> \n\n  <\/tr>\n  <tr>\n    <td>FPG canadien de march\u00e9 mon\u00e9taire ivari<\/td>\n\n    \n\n    <td>CMM3<\/td> \n\n  <\/tr>\n  <tr>\n    <td>FPG d&rsquo;obligations canadiennes \u00e0 court terme ivari<\/td>\n\n    \n\n    <td>CMMF<\/td> \n\n  <\/tr>\n  <tr>\n    <td>FPG de r\u00e9partition d\u2019actifs canadiens Fidelity ivari<\/td>\n\n    \n\n    <td>FCAA3<\/td> \n\n  <\/tr>\n  <tr>\n    <td>FPG canadien \u00e9quilibr\u00e9 Fidelity ivari<\/td>\n\n    \n\n    <td>FDCBA<\/td> \n\n  <\/tr>\n  <tr>\n    <td>FPG de croissance mondiale ivari<\/td>\n\n    \n\n    <td>GEQIG<\/td> \n\n  <\/tr>\n  <tr>\n    <td>Fonds Can-Am 2<\/td>\n\n    \n\n    <td>LAMF2<\/td> \n\n  <\/tr>\n  <tr>\n    <td>Fonds Can-Am 3<\/td>\n\n    \n\n    <td>LAMF3<\/td> \n\n  <\/tr>\n  <tr>\n    <td>Fonds Can-Am 4<\/td>\n\n    \n\n    <td>LAMF4<\/td> \n\n  <\/tr>\n  <tr>\n    <td>Fonds Can-Am<\/td>\n\n    \n\n    <td>LAMFU<\/td> \n\n  <\/tr>\n  <tr>\n    <td>Fonds Can-Asie 2<\/td>\n\n    \n\n    <td>LASF2<\/td> \n\n  <\/tr>\n  <tr>\n    <td>Fonds Can-Asie 3<\/td>\n\n    \n\n    <td>LASF3<\/td> \n\n  <\/tr>\n  <tr>\n    <td>Fonds Can-Asie 4<\/td>\n\n    \n\n    <td>LASF4<\/td> \n\n  <\/tr>\n\n\n\n<\/table>\n\n<\/div><br \/>\n<div class=\"facetwp-facet facetwp-facet-pagination facetwp-type-pager\" data-name=\"pagination\" data-type=\"pager\"><\/div>[\/vc_column_text][\/vc_column][\/vc_row]<\/p>\n<\/div>","protected":false},"excerpt":{"rendered":"<p>JTNDZGl2JTIwY2xhc3MlM0QlMjJmbGV4LWNvbnRhaW5lciUyMiUzRSUwQSUyMCUyMCUzQ2RpdiUyMGNsYXNzJTNEJTIyZmxleC1pdGVtJTIyJTNFJTNDaW1nJTIwc3JjJTNEJTIyJTJGd3AtY29udGVudCUyRnVwbG9hZHMlMkZmdW5kLWNvZGUtZmluZGVyLWljb24uc3ZnJTIyJTIwYWx0JTNEJTIyRnVuZCUyMGNvZGUlMjBmaW5kZXIlMjBpY29uJTIyJTIwdGl0bGUlM0QlMjIlNUJzY19wb3N0X3RpdGxlJTVEJTIyJTIwY2xhc3MlM0QlMjJwYWdlLWJhbm5lci1pY29uJTIyJTNFJTNDJTJGZGl2JTNFJTBBJTIwJTIwJTNDZGl2JTIwY2xhc3MlM0QlMjJmbGV4LWl0ZW0lMjIlM0UlM0NoMSUzRSU1QnNjX3Bvc3RfdGl0bGUlNUQlM0MlMkZoMSUzRSUzQ3AlMjBjbGFzcyUzRCUyMnN1YmhlYWRpbmclMjIlM0VQb3VyJTIwb2J0ZW5pciUyMGRlcyUyMGluZm9ybWF0aW9ucyUyMHN1ciUyMHVuJTIwZm9uZHMlMjBzcCVDMyVBOWNpZmlxdWUlMkMlMjBpbCUyMHN1ZmZpdCUyMGRlJTIwc2Fpc2lyJTIwbGUlMjBjb2RlJTIwZmlndXJhbnQlMjBzdXIlMjB2b3RyZSUyMGZldWlsbGV0JTIwZCVFMiU4MCU5OWltcCVDMyVCNHQlMjBUMyUyRnJlbGV2JUMzJUE5JTIwMTYuJTNDJTJGcCUzRSUzQyUyRmRpdiUzRSUwQSUzQyUyRmRpdiUzRQ== Des feuillets d\u2019imp\u00f4t T3\/Relev\u00e9 16 seront \u00e9mis aux titulaires de polices de fonds distincts devant d\u00e9clarer les affectations&#8230;<\/p>\n","protected":false},"author":2,"featured_media":0,"parent":38533,"menu_order":0,"comment_status":"closed","ping_status":"closed","template":"","meta":{"_acf_changed":false,"_searchwp_excluded":"","footnotes":""},"query_groups":[],"class_list":["post-38541","page","type-page","status-publish","hentry"],"acf":[],"yoast_head":"<!-- This site is optimized with the Yoast SEO plugin v27.2 - https:\/\/yoast.com\/product\/yoast-seo-wordpress\/ -->\n<title>Recherche par code de fonds - ivari<\/title>\n<meta name=\"robots\" content=\"index, follow, max-snippet:-1, max-image-preview:large, max-video-preview:-1\" \/>\n<link rel=\"canonical\" href=\"https:\/\/ivari.ca\/fr\/ressources\/liens-rapides-finance\/recherche-par-code-de-fonds\/\" \/>\n<meta property=\"og:locale\" content=\"fr_FR\" \/>\n<meta property=\"og:type\" content=\"article\" \/>\n<meta property=\"og:title\" content=\"Recherche par code de fonds - ivari\" \/>\n<meta property=\"og:description\" content=\"JTNDZGl2JTIwY2xhc3MlM0QlMjJmbGV4LWNvbnRhaW5lciUyMiUzRSUwQSUyMCUyMCUzQ2RpdiUyMGNsYXNzJTNEJTIyZmxleC1pdGVtJTIyJTNFJTNDaW1nJTIwc3JjJTNEJTIyJTJGd3AtY29udGVudCUyRnVwbG9hZHMlMkZmdW5kLWNvZGUtZmluZGVyLWljb24uc3ZnJTIyJTIwYWx0JTNEJTIyRnVuZCUyMGNvZGUlMjBmaW5kZXIlMjBpY29uJTIyJTIwdGl0bGUlM0QlMjIlNUJzY19wb3N0X3RpdGxlJTVEJTIyJTIwY2xhc3MlM0QlMjJwYWdlLWJhbm5lci1pY29uJTIyJTNFJTNDJTJGZGl2JTNFJTBBJTIwJTIwJTNDZGl2JTIwY2xhc3MlM0QlMjJmbGV4LWl0ZW0lMjIlM0UlM0NoMSUzRSU1QnNjX3Bvc3RfdGl0bGUlNUQlM0MlMkZoMSUzRSUzQ3AlMjBjbGFzcyUzRCUyMnN1YmhlYWRpbmclMjIlM0VQb3VyJTIwb2J0ZW5pciUyMGRlcyUyMGluZm9ybWF0aW9ucyUyMHN1ciUyMHVuJTIwZm9uZHMlMjBzcCVDMyVBOWNpZmlxdWUlMkMlMjBpbCUyMHN1ZmZpdCUyMGRlJTIwc2Fpc2lyJTIwbGUlMjBjb2RlJTIwZmlndXJhbnQlMjBzdXIlMjB2b3RyZSUyMGZldWlsbGV0JTIwZCVFMiU4MCU5OWltcCVDMyVCNHQlMjBUMyUyRnJlbGV2JUMzJUE5JTIwMTYuJTNDJTJGcCUzRSUzQyUyRmRpdiUzRSUwQSUzQyUyRmRpdiUzRQ== Des feuillets d\u2019imp\u00f4t T3\/Relev\u00e9 16 seront \u00e9mis aux titulaires de polices de fonds distincts devant d\u00e9clarer les affectations...\" \/>\n<meta property=\"og:url\" content=\"https:\/\/ivari.ca\/fr\/ressources\/liens-rapides-finance\/recherche-par-code-de-fonds\/\" \/>\n<meta property=\"og:site_name\" content=\"ivari\" \/>\n<meta property=\"article:modified_time\" content=\"2024-09-26T15:54:52+00:00\" \/>\n<meta name=\"twitter:card\" content=\"summary_large_image\" \/>\n<meta name=\"twitter:label1\" content=\"Dur\u00e9e de lecture estim\u00e9e\" \/>\n\t<meta name=\"twitter:data1\" content=\"1 minute\" \/>\n<script type=\"application\/ld+json\" class=\"yoast-schema-graph\">{\"@context\":\"https:\/\/schema.org\",\"@graph\":[{\"@type\":\"WebPage\",\"@id\":\"https:\/\/ivari.ca\/fr\/ressources\/liens-rapides-finance\/recherche-par-code-de-fonds\/\",\"url\":\"https:\/\/ivari.ca\/fr\/ressources\/liens-rapides-finance\/recherche-par-code-de-fonds\/\",\"name\":\"Recherche par code de fonds - ivari\",\"isPartOf\":{\"@id\":\"https:\/\/ivari.ca\/#website\"},\"datePublished\":\"2020-09-09T06:40:31+00:00\",\"dateModified\":\"2024-09-26T15:54:52+00:00\",\"breadcrumb\":{\"@id\":\"https:\/\/ivari.ca\/fr\/ressources\/liens-rapides-finance\/recherche-par-code-de-fonds\/#breadcrumb\"},\"inLanguage\":\"fr-FR\",\"potentialAction\":[{\"@type\":\"ReadAction\",\"target\":[\"https:\/\/ivari.ca\/fr\/ressources\/liens-rapides-finance\/recherche-par-code-de-fonds\/\"]}]},{\"@type\":\"BreadcrumbList\",\"@id\":\"https:\/\/ivari.ca\/fr\/ressources\/liens-rapides-finance\/recherche-par-code-de-fonds\/#breadcrumb\",\"itemListElement\":[{\"@type\":\"ListItem\",\"position\":1,\"name\":\"Home\",\"item\":\"https:\/\/ivari.ca\/fr\/\"},{\"@type\":\"ListItem\",\"position\":2,\"name\":\"Ressources\",\"item\":\"https:\/\/ivari.ca\/fr\/ressources\/\"},{\"@type\":\"ListItem\",\"position\":3,\"name\":\"Liens rapides &#8211; finance\",\"item\":\"https:\/\/ivari.ca\/fr\/ressources\/liens-rapides-finance\/\"},{\"@type\":\"ListItem\",\"position\":4,\"name\":\"Recherche par code de fonds\"}]},{\"@type\":\"WebSite\",\"@id\":\"https:\/\/ivari.ca\/#website\",\"url\":\"https:\/\/ivari.ca\/\",\"name\":\"ivari\",\"description\":\"\",\"potentialAction\":[{\"@type\":\"SearchAction\",\"target\":{\"@type\":\"EntryPoint\",\"urlTemplate\":\"https:\/\/ivari.ca\/?s={search_term_string}\"},\"query-input\":{\"@type\":\"PropertyValueSpecification\",\"valueRequired\":true,\"valueName\":\"search_term_string\"}}],\"inLanguage\":\"fr-FR\"}]}<\/script>\n<!-- \/ Yoast SEO plugin. -->","yoast_head_json":{"title":"Recherche par code de fonds - ivari","robots":{"index":"index","follow":"follow","max-snippet":"max-snippet:-1","max-image-preview":"max-image-preview:large","max-video-preview":"max-video-preview:-1"},"canonical":"https:\/\/ivari.ca\/fr\/ressources\/liens-rapides-finance\/recherche-par-code-de-fonds\/","og_locale":"fr_FR","og_type":"article","og_title":"Recherche par code de fonds - ivari","og_description":"JTNDZGl2JTIwY2xhc3MlM0QlMjJmbGV4LWNvbnRhaW5lciUyMiUzRSUwQSUyMCUyMCUzQ2RpdiUyMGNsYXNzJTNEJTIyZmxleC1pdGVtJTIyJTNFJTNDaW1nJTIwc3JjJTNEJTIyJTJGd3AtY29udGVudCUyRnVwbG9hZHMlMkZmdW5kLWNvZGUtZmluZGVyLWljb24uc3ZnJTIyJTIwYWx0JTNEJTIyRnVuZCUyMGNvZGUlMjBmaW5kZXIlMjBpY29uJTIyJTIwdGl0bGUlM0QlMjIlNUJzY19wb3N0X3RpdGxlJTVEJTIyJTIwY2xhc3MlM0QlMjJwYWdlLWJhbm5lci1pY29uJTIyJTNFJTNDJTJGZGl2JTNFJTBBJTIwJTIwJTNDZGl2JTIwY2xhc3MlM0QlMjJmbGV4LWl0ZW0lMjIlM0UlM0NoMSUzRSU1QnNjX3Bvc3RfdGl0bGUlNUQlM0MlMkZoMSUzRSUzQ3AlMjBjbGFzcyUzRCUyMnN1YmhlYWRpbmclMjIlM0VQb3VyJTIwb2J0ZW5pciUyMGRlcyUyMGluZm9ybWF0aW9ucyUyMHN1ciUyMHVuJTIwZm9uZHMlMjBzcCVDMyVBOWNpZmlxdWUlMkMlMjBpbCUyMHN1ZmZpdCUyMGRlJTIwc2Fpc2lyJTIwbGUlMjBjb2RlJTIwZmlndXJhbnQlMjBzdXIlMjB2b3RyZSUyMGZldWlsbGV0JTIwZCVFMiU4MCU5OWltcCVDMyVCNHQlMjBUMyUyRnJlbGV2JUMzJUE5JTIwMTYuJTNDJTJGcCUzRSUzQyUyRmRpdiUzRSUwQSUzQyUyRmRpdiUzRQ== Des feuillets d\u2019imp\u00f4t T3\/Relev\u00e9 16 seront \u00e9mis aux titulaires de polices de fonds distincts devant d\u00e9clarer les affectations...","og_url":"https:\/\/ivari.ca\/fr\/ressources\/liens-rapides-finance\/recherche-par-code-de-fonds\/","og_site_name":"ivari","article_modified_time":"2024-09-26T15:54:52+00:00","twitter_card":"summary_large_image","twitter_misc":{"Dur\u00e9e de lecture estim\u00e9e":"1 minute"},"schema":{"@context":"https:\/\/schema.org","@graph":[{"@type":"WebPage","@id":"https:\/\/ivari.ca\/fr\/ressources\/liens-rapides-finance\/recherche-par-code-de-fonds\/","url":"https:\/\/ivari.ca\/fr\/ressources\/liens-rapides-finance\/recherche-par-code-de-fonds\/","name":"Recherche par code de fonds - ivari","isPartOf":{"@id":"https:\/\/ivari.ca\/#website"},"datePublished":"2020-09-09T06:40:31+00:00","dateModified":"2024-09-26T15:54:52+00:00","breadcrumb":{"@id":"https:\/\/ivari.ca\/fr\/ressources\/liens-rapides-finance\/recherche-par-code-de-fonds\/#breadcrumb"},"inLanguage":"fr-FR","potentialAction":[{"@type":"ReadAction","target":["https:\/\/ivari.ca\/fr\/ressources\/liens-rapides-finance\/recherche-par-code-de-fonds\/"]}]},{"@type":"BreadcrumbList","@id":"https:\/\/ivari.ca\/fr\/ressources\/liens-rapides-finance\/recherche-par-code-de-fonds\/#breadcrumb","itemListElement":[{"@type":"ListItem","position":1,"name":"Home","item":"https:\/\/ivari.ca\/fr\/"},{"@type":"ListItem","position":2,"name":"Ressources","item":"https:\/\/ivari.ca\/fr\/ressources\/"},{"@type":"ListItem","position":3,"name":"Liens rapides &#8211; finance","item":"https:\/\/ivari.ca\/fr\/ressources\/liens-rapides-finance\/"},{"@type":"ListItem","position":4,"name":"Recherche par code de fonds"}]},{"@type":"WebSite","@id":"https:\/\/ivari.ca\/#website","url":"https:\/\/ivari.ca\/","name":"ivari","description":"","potentialAction":[{"@type":"SearchAction","target":{"@type":"EntryPoint","urlTemplate":"https:\/\/ivari.ca\/?s={search_term_string}"},"query-input":{"@type":"PropertyValueSpecification","valueRequired":true,"valueName":"search_term_string"}}],"inLanguage":"fr-FR"}]}},"_links":{"self":[{"href":"https:\/\/ivari.ca\/fr\/wp-json\/wp\/v2\/pages\/38541","targetHints":{"allow":["GET"]}}],"collection":[{"href":"https:\/\/ivari.ca\/fr\/wp-json\/wp\/v2\/pages"}],"about":[{"href":"https:\/\/ivari.ca\/fr\/wp-json\/wp\/v2\/types\/page"}],"author":[{"embeddable":true,"href":"https:\/\/ivari.ca\/fr\/wp-json\/wp\/v2\/users\/2"}],"replies":[{"embeddable":true,"href":"https:\/\/ivari.ca\/fr\/wp-json\/wp\/v2\/comments?post=38541"}],"version-history":[{"count":0,"href":"https:\/\/ivari.ca\/fr\/wp-json\/wp\/v2\/pages\/38541\/revisions"}],"up":[{"embeddable":true,"href":"https:\/\/ivari.ca\/fr\/wp-json\/wp\/v2\/pages\/38533"}],"wp:attachment":[{"href":"https:\/\/ivari.ca\/fr\/wp-json\/wp\/v2\/media?parent=38541"}],"wp:term":[{"taxonomy":"query_groups","embeddable":true,"href":"https:\/\/ivari.ca\/fr\/wp-json\/wp\/v2\/query_groups?post=38541"}],"curies":[{"name":"wp","href":"https:\/\/api.w.org\/{rel}","templated":true}]}}