



{"id":38540,"date":"2020-09-09T02:40:52","date_gmt":"2020-09-09T06:40:52","guid":{"rendered":"https:\/\/ivari.ca\/?page_id=38540"},"modified":"2025-09-26T11:30:54","modified_gmt":"2025-09-26T15:30:54","slug":"etats-financiers-fonds-distincts","status":"publish","type":"page","link":"https:\/\/ivari.ca\/fr\/ressources\/liens-rapides-finance\/etats-financiers-fonds-distincts\/","title":{"rendered":"\u00c9tats financiers \u2013 fonds distincts"},"content":{"rendered":"<div class=\"wpb-content-wrapper\"><p>[vc_row css=\u00a0\u00bb.vc_custom_1633110907975{background-position: center !important;background-repeat: no-repeat !important;background-size: cover !important;}\u00a0\u00bb el_id=\u00a0\u00bbpost-banner\u00a0\u00bb][vc_column][vc_row_inner content_placement=\u00a0\u00bbbottom\u00a0\u00bb css=\u00a0\u00bb.vc_custom_1636471446064{background-image: url(https:\/\/ivari.ca\/files\/2021\/11\/shutterstock_84198373-seg-fund-scaled.jpg?id=35190) !important;background-position: center !important;background-repeat: no-repeat !important;background-size: cover !important;}\u00a0\u00bb el_class=\u00a0\u00bbpost-banner\u00a0\u00bb][vc_column_inner el_class=\u00a0\u00bbimage-row-text-column\u00a0\u00bb width=\u00a0\u00bb2\/5&Prime;][vc_column_text]<\/p>\n<h1>\t\t\t<span id=\"typedjs10\" class=\"animated-typed-js-shortcode \"><\/span>\n\t\t\t<script>\n\t\t\tvar typedjs10 = new Typed('#typedjs10', {\n\t\t\t\tstrings: [\"\\u00c9tats financiers \\u2013 fonds distincts\"],\n\t\t\t\ttypeSpeed: 80,\n\t\t\t\tbackSpeed: 50,\n\t\t\t\tbackDelay: 500,\n\t\t\t\tstartDelay: 1000,\n\t\t\t\tloop: false,\n\t\t\t\tloopCount: 0,\n\t\t\t\tfadeOut: false,\n\t\t\t\tfadeOutDelay: 500,\n\t\t\t\tsmartBackspace: true,\n\t\t\t\tshuffle: false,\n\t\t\t\tshowCursor: true,\n\t\t\t\tcursorChar: \"|\"\n\t\t\t});\n\t\t\t<\/script>\n\n\t\t<\/h1>\n<p>[\/vc_column_text][\/vc_column_inner][vc_column_inner width=\u00a0\u00bb3\/5&Prime;][\/vc_column_inner][\/vc_row_inner][\/vc_column][\/vc_row][vc_row el_class=\u00a0\u00bbivari-row\u00a0\u00bb][vc_column][vc_column_text css=\u00a0\u00bb.vc_custom_1657110441892{margin-bottom: 0px !important;}\u00a0\u00bb]Les \u00e9tats financiers consolid\u00e9s des fonds distincts FPG ivari, FPG imaxx, <em>Cinq \u00e0 Vie<\/em>, T-<em>S\u00e9curit\u00e9<\/em> et T-<em>S\u00e9curit\u00e9<sup>2<\/sup><\/em>, T\u2011<em>S\u00e9curit\u00e9<\/em><sup>3<\/sup>, R\u00e9gime de l\u2019agent, Fonds RICE, Fonds distinct 1, Options d\u2019investissement variable (OIV) et NN PP sont disponibles pour les p\u00e9riodes semestrielle et annuelle suivantes :[\/vc_column_text][\/vc_column][\/vc_row][vc_row el_class=\u00a0\u00bbivari-row\u00a0\u00bb][vc_column][vc_row_inner el_class=\u00a0\u00bbborder-bottom\u00a0\u00bb][vc_column_inner width=\u00a0\u00bb1\/4&Prime;][vc_column_text css=\u00a0\u00bb\u00a0\u00bb]<\/p>\n<h3 class=\"black\">\u00c9tats financiers semestriels non v\u00e9rifi\u00e9s 2025 (IP1034FR)<\/h3>\n<p class=\"link\"><a href=\"\/files\/IP1034FR.pdf\" target=\"_blank\" rel=\"noopener noreferrer\">EN SAVOIR PLUS \u203a<\/a><\/p>\n<p>[\/vc_column_text][\/vc_column_inner][vc_column_inner width=\u00a0\u00bb1\/4&Prime;][vc_column_text css=\u00a0\u00bb\u00a0\u00bb]<\/p>\n<h3 class=\"black\">\u00c9tats financiers annuels 2024 (IP741FR)<\/h3>\n<p class=\"link\"><a href=\"\/files\/IP741FR.pdf\" target=\"_blank\" rel=\"noopener noreferrer\">EN SAVOIR PLUS \u203a<\/a><\/p>\n<p>[\/vc_column_text][\/vc_column_inner][vc_column_inner width=\u00a0\u00bb1\/4&Prime;][vc_column_text css=\u00a0\u00bb\u00a0\u00bb]<\/p>\n<h3 class=\"black\">\u00c9tats financiers semestriels non v\u00e9rifi\u00e9s 2025 des Options d\u2019investissement variable (OIV) (IP971FR)<\/h3>\n<p class=\"link\"><a href=\"\/files\/IP971FR.pdf\" target=\"_blank\" rel=\"noopener noreferrer\">EN SAVOIR PLUS \u203a<\/a><\/p>\n<p>[\/vc_column_text][\/vc_column_inner][vc_column_inner width=\u00a0\u00bb1\/4&Prime;][vc_column_text css=\u00a0\u00bb\u00a0\u00bb]<\/p>\n<h3 class=\"black\">\u00c9tats financiers annuels 2024 des Options d\u2019investissement variable (OIV) (IP718FR)<\/h3>\n<p class=\"link\"><a href=\"\/files\/IP718FR.pdf\" target=\"_blank\" rel=\"noopener noreferrer\">EN SAVOIR PLUS \u203a<\/a><\/p>\n<p>[\/vc_column_text][\/vc_column_inner][\/vc_row_inner][\/vc_column][\/vc_row][vc_row el_class=\u00a0\u00bbivari-row\u00a0\u00bb css=\u00a0\u00bb.vc_custom_1648142649430{margin-bottom: 0px !important;}\u00a0\u00bb][vc_column][vc_column_text css=\u00a0\u00bb.vc_custom_1648142637588{margin-bottom: 0px !important;}\u00a0\u00bb]<\/p>\n<h2>Fonds distincts d&rsquo;associ\u00e9s commerciaux \u2013 Pour les titulaires de police existants seulement<\/h2>\n<p>Notre partenariat avec des chefs de file du march\u00e9 canadien des fonds communs de placement, comme AIC, CI et GPTD, nous a permis de constituer un portefeuille hautement diversifi\u00e9 de fonds distincts. Les fonds distincts d\u2019associ\u00e9s commerciaux n&rsquo;acceptent plus les nouvelles souscriptions ni les d\u00e9p\u00f4ts suppl\u00e9mentaires. ivari continuera \u00e0 honorer les garanties de la police. Toutes les caract\u00e9ristiques des contrats demeurent les m\u00eames.[\/vc_column_text][\/vc_column][\/vc_row][vc_row el_class=\u00a0\u00bbivari-row\u00a0\u00bb][vc_column][vc_column_text]<\/p>\n<h2>Fonds distincts AIC<\/h2>\n<p>[\/vc_column_text][vc_row_inner el_class=\u00a0\u00bbborder-bottom\u00a0\u00bb][vc_column_inner width=\u00a0\u00bb1\/4&Prime;][vc_column_text css=\u00a0\u00bb\u00a0\u00bb]<\/p>\n<h3 class=\"black\">Fonds distincts AIC \u2013 \u00c9tats financiers semestriels 2025<\/h3>\n<p class=\"link\"><a href=\"\/files\/Fonds-distincts-AIC-Etats-financiers-semestriels.pdf\" target=\"_blank\" rel=\"noopener noreferrer\">EN SAVOIR PLUS \u203a<\/a><\/p>\n<p>[\/vc_column_text][\/vc_column_inner][vc_column_inner width=\u00a0\u00bb1\/4&Prime;][vc_column_text css=\u00a0\u00bb\u00a0\u00bb]<\/p>\n<h3 class=\"black\">Fonds distincts AIC \u2013 \u00c9tats financiers annuels 2024<\/h3>\n<p class=\"link\"><a href=\"\/files\/Fonds-distincts-AIC-Etats-financiers-annuels.pdf\" target=\"_blank\" rel=\"noopener noreferrer\">EN SAVOIR PLUS \u203a<\/a><\/p>\n<p>[\/vc_column_text][\/vc_column_inner][vc_column_inner width=\u00a0\u00bb1\/4&Prime;][\/vc_column_inner][vc_column_inner width=\u00a0\u00bb1\/4&Prime;][\/vc_column_inner][\/vc_row_inner][\/vc_column][\/vc_row][vc_row el_class=\u00a0\u00bbivari-row\u00a0\u00bb][vc_column][vc_column_text]<\/p>\n<h2>Fonds de placement garanti TD II<\/h2>\n<p>[\/vc_column_text][vc_row_inner el_class=\u00a0\u00bbborder-bottom\u00a0\u00bb][vc_column_inner width=\u00a0\u00bb1\/4&Prime;][vc_column_text css=\u00a0\u00bb\u00a0\u00bb]<\/p>\n<h3 class=\"black\">FPG TD II \u2013 \u00c9tats financiers semestriels 2025<\/h3>\n<p class=\"link\"><a href=\"\/files\/FPG-TD-II-Etats-financiers-semestriels.pdf\" target=\"_blank\" rel=\"noopener noreferrer\">EN SAVOIR PLUS \u203a<\/a><\/p>\n<p>[\/vc_column_text][\/vc_column_inner][vc_column_inner width=\u00a0\u00bb1\/4&Prime;][vc_column_text css=\u00a0\u00bb\u00a0\u00bb]<\/p>\n<h3 class=\"black\">FPG TD II \u2013 \u00c9tats financiers annuels 2024<\/h3>\n<p class=\"link\"><a href=\"\/files\/FPG-TD-II-Etats-financiers-annuels.pdf\" target=\"_blank\" rel=\"noopener noreferrer\">EN SAVOIR PLUS \u203a<\/a><\/p>\n<p>[\/vc_column_text][\/vc_column_inner][vc_column_inner width=\u00a0\u00bb1\/4&Prime;][\/vc_column_inner][vc_column_inner width=\u00a0\u00bb1\/4&Prime;][\/vc_column_inner][\/vc_row_inner][\/vc_column][\/vc_row][vc_row css=\u00a0\u00bb.vc_custom_1648143189775{margin-bottom: 60px !important;}\u00a0\u00bb][vc_column][vc_column_text]<\/p>\n<h2>Fonds de placement garanti (FPG) CI<\/h2>\n<p>[\/vc_column_text][vc_row_inner el_class=\u00a0\u00bbborder-bottom\u00a0\u00bb][vc_column_inner width=\u00a0\u00bb1\/4&Prime;][vc_column_text css=\u00a0\u00bb\u00a0\u00bb]<\/p>\n<h3 class=\"black\">Fonds distincts H\u00e9ritage BPI \u2013 \u00c9tats financiers semestriels 2025<\/h3>\n<p class=\"link\"><a href=\"\/files\/Fonds-distincts-Heritage-BPI-Etats-financiers-semestriels.pdf\" target=\"_blank\" rel=\"noopener noreferrer\">EN SAVOIR PLUS \u203a<\/a><\/p>\n<p>[\/vc_column_text][\/vc_column_inner][vc_column_inner width=\u00a0\u00bb1\/4&Prime;][vc_column_text css=\u00a0\u00bb\u00a0\u00bb]<\/p>\n<h3 class=\"black\">Fonds distincts H\u00e9ritage BPI \u2013 \u00c9tats financiers annuels 2024<\/h3>\n<p class=\"link\"><a href=\"\/files\/Fonds-distincts-Heritage-BPI-Etats-financiers-annuels.pdf\" target=\"_blank\" rel=\"noopener noreferrer\">EN SAVOIR PLUS \u203a<\/a><\/p>\n<p>[\/vc_column_text][\/vc_column_inner][vc_column_inner width=\u00a0\u00bb1\/4&Prime;][vc_column_text css=\u00a0\u00bb\u00a0\u00bb]<\/p>\n<h3 class=\"black\">FPG CI \u2013 \u00c9tats financiers semestriels 2025<\/h3>\n<p class=\"link\"><a href=\"\/files\/FPG-CI-Etats-financiers-semestriels.pdf\" target=\"_blank\" rel=\"noopener noreferrer\">EN SAVOIR PLUS \u203a<\/a><\/p>\n<p>[\/vc_column_text][\/vc_column_inner][vc_column_inner width=\u00a0\u00bb1\/4&Prime;][vc_column_text css=\u00a0\u00bb\u00a0\u00bb]<\/p>\n<h3 class=\"black\">FPG CI \u2013 \u00c9tats financiers annuels 2024<\/h3>\n<p class=\"link\"><a href=\"\/files\/FPG-CI-Etats-financiers-annuels.pdf\" target=\"_blank\" rel=\"noopener noreferrer\">EN SAVOIR PLUS \u203a<\/a><\/p>\n<p>[\/vc_column_text][\/vc_column_inner][\/vc_row_inner][\/vc_column][\/vc_row]<\/p>\n<\/div>","protected":false},"excerpt":{"rendered":"<p> Les \u00e9tats financiers consolid\u00e9s des fonds distincts FPG ivari, FPG imaxx, Cinq \u00e0 Vie, T-S\u00e9curit\u00e9 et T-S\u00e9curit\u00e92, T\u2011S\u00e9curit\u00e93, R\u00e9gime de l\u2019agent, Fonds RICE,&#8230;<\/p>\n","protected":false},"author":2,"featured_media":0,"parent":38533,"menu_order":0,"comment_status":"closed","ping_status":"closed","template":"","meta":{"_acf_changed":false,"_searchwp_excluded":"","footnotes":""},"query_groups":[],"class_list":["post-38540","page","type-page","status-publish","hentry"],"acf":[],"yoast_head":"<!-- This site is optimized with the Yoast SEO plugin v27.3 - https:\/\/yoast.com\/product\/yoast-seo-wordpress\/ -->\n<title>\u00c9tats financiers \u2013 fonds distincts - ivari<\/title>\n<meta name=\"robots\" content=\"index, follow, max-snippet:-1, max-image-preview:large, max-video-preview:-1\" \/>\n<link rel=\"canonical\" href=\"https:\/\/ivari.ca\/fr\/ressources\/liens-rapides-finance\/etats-financiers-fonds-distincts\/\" \/>\n<meta property=\"og:locale\" content=\"fr_FR\" \/>\n<meta property=\"og:type\" content=\"article\" \/>\n<meta property=\"og:title\" content=\"\u00c9tats financiers \u2013 fonds distincts - ivari\" \/>\n<meta property=\"og:description\" content=\"Les \u00e9tats financiers consolid\u00e9s des fonds distincts FPG ivari, FPG imaxx, Cinq \u00e0 Vie, T-S\u00e9curit\u00e9 et T-S\u00e9curit\u00e92, T\u2011S\u00e9curit\u00e93, R\u00e9gime de l\u2019agent, Fonds RICE,...\" \/>\n<meta property=\"og:url\" content=\"https:\/\/ivari.ca\/fr\/ressources\/liens-rapides-finance\/etats-financiers-fonds-distincts\/\" \/>\n<meta property=\"og:site_name\" content=\"ivari\" \/>\n<meta property=\"article:modified_time\" content=\"2025-09-26T15:30:54+00:00\" \/>\n<meta name=\"twitter:card\" content=\"summary_large_image\" \/>\n<meta name=\"twitter:label1\" content=\"Dur\u00e9e de lecture estim\u00e9e\" \/>\n\t<meta name=\"twitter:data1\" content=\"2 minutes\" \/>\n<script type=\"application\/ld+json\" class=\"yoast-schema-graph\">{\"@context\":\"https:\\\/\\\/schema.org\",\"@graph\":[{\"@type\":\"WebPage\",\"@id\":\"https:\\\/\\\/ivari.ca\\\/fr\\\/ressources\\\/liens-rapides-finance\\\/etats-financiers-fonds-distincts\\\/\",\"url\":\"https:\\\/\\\/ivari.ca\\\/fr\\\/ressources\\\/liens-rapides-finance\\\/etats-financiers-fonds-distincts\\\/\",\"name\":\"\u00c9tats financiers \u2013 fonds distincts - ivari\",\"isPartOf\":{\"@id\":\"https:\\\/\\\/ivari.ca\\\/#website\"},\"datePublished\":\"2020-09-09T06:40:52+00:00\",\"dateModified\":\"2025-09-26T15:30:54+00:00\",\"breadcrumb\":{\"@id\":\"https:\\\/\\\/ivari.ca\\\/fr\\\/ressources\\\/liens-rapides-finance\\\/etats-financiers-fonds-distincts\\\/#breadcrumb\"},\"inLanguage\":\"fr-FR\",\"potentialAction\":[{\"@type\":\"ReadAction\",\"target\":[\"https:\\\/\\\/ivari.ca\\\/fr\\\/ressources\\\/liens-rapides-finance\\\/etats-financiers-fonds-distincts\\\/\"]}]},{\"@type\":\"BreadcrumbList\",\"@id\":\"https:\\\/\\\/ivari.ca\\\/fr\\\/ressources\\\/liens-rapides-finance\\\/etats-financiers-fonds-distincts\\\/#breadcrumb\",\"itemListElement\":[{\"@type\":\"ListItem\",\"position\":1,\"name\":\"Home\",\"item\":\"https:\\\/\\\/ivari.ca\\\/fr\\\/\"},{\"@type\":\"ListItem\",\"position\":2,\"name\":\"Ressources\",\"item\":\"https:\\\/\\\/ivari.ca\\\/fr\\\/ressources\\\/\"},{\"@type\":\"ListItem\",\"position\":3,\"name\":\"Liens rapides &#8211; finance\",\"item\":\"https:\\\/\\\/ivari.ca\\\/fr\\\/ressources\\\/liens-rapides-finance\\\/\"},{\"@type\":\"ListItem\",\"position\":4,\"name\":\"\u00c9tats financiers \u2013 fonds distincts\"}]},{\"@type\":\"WebSite\",\"@id\":\"https:\\\/\\\/ivari.ca\\\/#website\",\"url\":\"https:\\\/\\\/ivari.ca\\\/\",\"name\":\"ivari\",\"description\":\"\",\"potentialAction\":[{\"@type\":\"SearchAction\",\"target\":{\"@type\":\"EntryPoint\",\"urlTemplate\":\"https:\\\/\\\/ivari.ca\\\/?s={search_term_string}\"},\"query-input\":{\"@type\":\"PropertyValueSpecification\",\"valueRequired\":true,\"valueName\":\"search_term_string\"}}],\"inLanguage\":\"fr-FR\"}]}<\/script>\n<!-- \/ Yoast SEO plugin. -->","yoast_head_json":{"title":"\u00c9tats financiers \u2013 fonds distincts - ivari","robots":{"index":"index","follow":"follow","max-snippet":"max-snippet:-1","max-image-preview":"max-image-preview:large","max-video-preview":"max-video-preview:-1"},"canonical":"https:\/\/ivari.ca\/fr\/ressources\/liens-rapides-finance\/etats-financiers-fonds-distincts\/","og_locale":"fr_FR","og_type":"article","og_title":"\u00c9tats financiers \u2013 fonds distincts - ivari","og_description":"Les \u00e9tats financiers consolid\u00e9s des fonds distincts FPG ivari, FPG imaxx, Cinq \u00e0 Vie, T-S\u00e9curit\u00e9 et T-S\u00e9curit\u00e92, T\u2011S\u00e9curit\u00e93, R\u00e9gime de l\u2019agent, Fonds RICE,...","og_url":"https:\/\/ivari.ca\/fr\/ressources\/liens-rapides-finance\/etats-financiers-fonds-distincts\/","og_site_name":"ivari","article_modified_time":"2025-09-26T15:30:54+00:00","twitter_card":"summary_large_image","twitter_misc":{"Dur\u00e9e de lecture estim\u00e9e":"2 minutes"},"schema":{"@context":"https:\/\/schema.org","@graph":[{"@type":"WebPage","@id":"https:\/\/ivari.ca\/fr\/ressources\/liens-rapides-finance\/etats-financiers-fonds-distincts\/","url":"https:\/\/ivari.ca\/fr\/ressources\/liens-rapides-finance\/etats-financiers-fonds-distincts\/","name":"\u00c9tats financiers \u2013 fonds distincts - ivari","isPartOf":{"@id":"https:\/\/ivari.ca\/#website"},"datePublished":"2020-09-09T06:40:52+00:00","dateModified":"2025-09-26T15:30:54+00:00","breadcrumb":{"@id":"https:\/\/ivari.ca\/fr\/ressources\/liens-rapides-finance\/etats-financiers-fonds-distincts\/#breadcrumb"},"inLanguage":"fr-FR","potentialAction":[{"@type":"ReadAction","target":["https:\/\/ivari.ca\/fr\/ressources\/liens-rapides-finance\/etats-financiers-fonds-distincts\/"]}]},{"@type":"BreadcrumbList","@id":"https:\/\/ivari.ca\/fr\/ressources\/liens-rapides-finance\/etats-financiers-fonds-distincts\/#breadcrumb","itemListElement":[{"@type":"ListItem","position":1,"name":"Home","item":"https:\/\/ivari.ca\/fr\/"},{"@type":"ListItem","position":2,"name":"Ressources","item":"https:\/\/ivari.ca\/fr\/ressources\/"},{"@type":"ListItem","position":3,"name":"Liens rapides &#8211; finance","item":"https:\/\/ivari.ca\/fr\/ressources\/liens-rapides-finance\/"},{"@type":"ListItem","position":4,"name":"\u00c9tats financiers \u2013 fonds distincts"}]},{"@type":"WebSite","@id":"https:\/\/ivari.ca\/#website","url":"https:\/\/ivari.ca\/","name":"ivari","description":"","potentialAction":[{"@type":"SearchAction","target":{"@type":"EntryPoint","urlTemplate":"https:\/\/ivari.ca\/?s={search_term_string}"},"query-input":{"@type":"PropertyValueSpecification","valueRequired":true,"valueName":"search_term_string"}}],"inLanguage":"fr-FR"}]}},"_links":{"self":[{"href":"https:\/\/ivari.ca\/fr\/wp-json\/wp\/v2\/pages\/38540","targetHints":{"allow":["GET"]}}],"collection":[{"href":"https:\/\/ivari.ca\/fr\/wp-json\/wp\/v2\/pages"}],"about":[{"href":"https:\/\/ivari.ca\/fr\/wp-json\/wp\/v2\/types\/page"}],"author":[{"embeddable":true,"href":"https:\/\/ivari.ca\/fr\/wp-json\/wp\/v2\/users\/2"}],"replies":[{"embeddable":true,"href":"https:\/\/ivari.ca\/fr\/wp-json\/wp\/v2\/comments?post=38540"}],"version-history":[{"count":0,"href":"https:\/\/ivari.ca\/fr\/wp-json\/wp\/v2\/pages\/38540\/revisions"}],"up":[{"embeddable":true,"href":"https:\/\/ivari.ca\/fr\/wp-json\/wp\/v2\/pages\/38533"}],"wp:attachment":[{"href":"https:\/\/ivari.ca\/fr\/wp-json\/wp\/v2\/media?parent=38540"}],"wp:term":[{"taxonomy":"query_groups","embeddable":true,"href":"https:\/\/ivari.ca\/fr\/wp-json\/wp\/v2\/query_groups?post=38540"}],"curies":[{"name":"wp","href":"https:\/\/api.w.org\/{rel}","templated":true}]}}