



{"id":38538,"date":"2022-02-17T10:42:42","date_gmt":"2022-02-17T15:42:42","guid":{"rendered":"https:\/\/ivari.ca\/?page_id=38538"},"modified":"2023-11-03T14:37:44","modified_gmt":"2023-11-03T18:37:44","slug":"outils-numeriques","status":"publish","type":"page","link":"https:\/\/ivari.ca\/fr\/ressources\/outils\/outils-numeriques\/","title":{"rendered":"Outils num\u00e9riques d\u2019ivari"},"content":{"rendered":"<div class=\"wpb-content-wrapper\"><p>[vc_row css=\u00a0\u00bb.vc_custom_1633110907975{background-position: center !important;background-repeat: no-repeat !important;background-size: cover !important;}\u00a0\u00bb el_id=\u00a0\u00bbpost-banner\u00a0\u00bb][vc_column][vc_row_inner content_placement=\u00a0\u00bbbottom\u00a0\u00bb css=\u00a0\u00bb.vc_custom_1645115266001{background-image: url(https:\/\/ivari.ca\/files\/consumer-digital-tools-hero.jpg?id=38512) !important;background-position: center !important;background-repeat: no-repeat !important;background-size: cover !important;}\u00a0\u00bb el_class=\u00a0\u00bbpost-banner\u00a0\u00bb][vc_column_inner el_class=\u00a0\u00bbimage-row-text-column\u00a0\u00bb width=\u00a0\u00bb2\/5&Prime;][vc_column_text]<\/p>\n<h1>\t\t\t<span id=\"typedjs78\" class=\"animated-typed-js-shortcode \"><\/span>\n\t\t\t<script>\n\t\t\tvar typedjs78 = new Typed('#typedjs78', {\n\t\t\t\tstrings: [\"Outils num\\u00e9riques d\\u2019ivari\"],\n\t\t\t\ttypeSpeed: 80,\n\t\t\t\tbackSpeed: 50,\n\t\t\t\tbackDelay: 500,\n\t\t\t\tstartDelay: 1000,\n\t\t\t\tloop: false,\n\t\t\t\tloopCount: 0,\n\t\t\t\tfadeOut: false,\n\t\t\t\tfadeOutDelay: 500,\n\t\t\t\tsmartBackspace: true,\n\t\t\t\tshuffle: false,\n\t\t\t\tshowCursor: true,\n\t\t\t\tcursorChar: \"|\"\n\t\t\t});\n\t\t\t<\/script>\n\n\t\t<\/h1>\n<p>[\/vc_column_text][\/vc_column_inner][vc_column_inner width=\u00a0\u00bb3\/5&Prime;][\/vc_column_inner][\/vc_row_inner][\/vc_column][\/vc_row][vc_row el_id=\u00a0\u00bbpage-subheader\u00a0\u00bb][vc_column][vc_column_text]Tout ce que vous pouvez faire en ligne vous est accessible ici! ivari met \u00e0 votre disposition des outils num\u00e9riques conviviaux portant sur tout, qu\u2019il s\u2019agisse de d\u00e9terminer le capital assur\u00e9 dont vous avez besoin ou de soumettre facilement des documents par des moyens s\u00e9curis\u00e9s, ou encore d\u2019\u00e9largir vos connaissances en mati\u00e8re de finances ou de bien-\u00eatre.[\/vc_column_text][\/vc_column][\/vc_row][vc_row el_class=\u00a0\u00bbivari-row\u00a0\u00bb][vc_column][vc_row_inner equal_height=\u00a0\u00bbyes\u00a0\u00bb gap=\u00a0\u00bb20&Prime; el_class=\u00a0\u00bbdigital-tool-section ivari-section\u00a0\u00bb][vc_column_inner el_class=\u00a0\u00bbdigital-tool-column\u00a0\u00bb width=\u00a0\u00bb1\/2&Prime;][vc_column_text]<\/p>\n<h3><a href=\"https:\/\/myivari.ca\/account\/login\/fr?ReturnUrl=%2Ffr\" target=\"_blank\" rel=\"noopener noreferrer\"><span class=\"blackjack\">Mon<\/span> ivari<\/a><\/h3>\n<p>Ce portail vous permet de consulter les renseignements sur votre police (acc\u00e8s limit\u00e9 aux polices \u00e9tablies \u00e0 partir du 1<sup>er<\/sup> janvier 1990).[\/vc_column_text][vc_btn title=\u00a0\u00bbMon ivari\u00a0\u00bb shape=\u00a0\u00bbsquare\u00a0\u00bb color=\u00a0\u00bbblue\u00a0\u00bb link=\u00a0\u00bburl:https%3A%2F%2Fmyivari.ca%2Faccount%2Flogin%2Ffr%3FReturnUrl%3D%252Ffr|target:_blank\u00a0\u00bb][\/vc_column_inner][vc_column_inner el_class=\u00a0\u00bbdigital-tool-column\u00a0\u00bb width=\u00a0\u00bb1\/2&Prime;][vc_column_text]<\/p>\n<h3><a href=\"\/fr\/ressources\/outils\/envoyer-des-demandes\/\" target=\"_blank\" rel=\"noopener noreferrer\">Transmission de formulaires en ligne<\/a><\/h3>\n<p>Tout formulaire d\u2019ivari d\u00fbment rempli peut \u00eatre t\u00e9l\u00e9charg\u00e9 et envoy\u00e9 directement en toute s\u00e9curit\u00e9. C\u2019est rapide et facile![\/vc_column_text][vc_btn title=\u00a0\u00bbEnvoyer des demandes\u00a0\u00bb shape=\u00a0\u00bbsquare\u00a0\u00bb color=\u00a0\u00bbblue\u00a0\u00bb link=\u00a0\u00bburl:%2Ffr%2Fressources%2Foutils%2Fenvoyer-des-demandes%2F|target:_blank\u00a0\u00bb][\/vc_column_inner][\/vc_row_inner][vc_row_inner equal_height=\u00a0\u00bbyes\u00a0\u00bb gap=\u00a0\u00bb20&Prime; el_class=\u00a0\u00bbdigital-tool-section ivari-section\u00a0\u00bb][vc_column_inner el_class=\u00a0\u00bbdigital-tool-column\u00a0\u00bb width=\u00a0\u00bb1\/2&Prime;][vc_column_text]<\/p>\n<h3><a href=\"\/portraitassurance\/\" target=\"_blank\" rel=\"noopener noreferrer\">Portrait-Assurance<\/a><\/h3>\n<p>La calculatrice d\u2019assurance Portrait-Assurance a pour but de vous aider \u00e0 d\u00e9terminer vos besoins en mati\u00e8re d\u2019assurance, notamment le type, le montant et la dur\u00e9e de protection qui vous conviennent le mieux.[\/vc_column_text][vc_btn title=\u00a0\u00bbPortrait-assurance\u00a0\u00bb shape=\u00a0\u00bbsquare\u00a0\u00bb color=\u00a0\u00bbblue\u00a0\u00bb link=\u00a0\u00bburl:%2Fportraitassurance%2F|target:_blank\u00a0\u00bb][\/vc_column_inner][vc_column_inner el_class=\u00a0\u00bbdigital-tool-column\u00a0\u00bb width=\u00a0\u00bb1\/2&Prime;][vc_column_text]<\/p>\n<h3><a href=\"\/quizfinancier\/\" target=\"_blank\" rel=\"noopener noreferrer\">Quiz sur les connaissances financi\u00e8res<\/a><\/h3>\n<p>Ce jeu-questionnaire amusant et interactif vous aidera \u00e0 d\u00e9couvrir les sujets que vous pourriez aborder avec votre conseiller financier.[\/vc_column_text][vc_btn title=\u00a0\u00bbQuiz financier\u00a0\u00bb shape=\u00a0\u00bbsquare\u00a0\u00bb color=\u00a0\u00bbblue\u00a0\u00bb link=\u00a0\u00bburl:%2Fquizfinancier%2F|target:_blank\u00a0\u00bb][\/vc_column_inner][\/vc_row_inner][vc_row_inner equal_height=\u00a0\u00bbyes\u00a0\u00bb gap=\u00a0\u00bb20&Prime; el_class=\u00a0\u00bbdigital-tool-section\u00a0\u00bb][vc_column_inner el_class=\u00a0\u00bbdigital-tool-column\u00a0\u00bb width=\u00a0\u00bb1\/2&Prime;][vc_column_text]<\/p>\n<h3><a href=\"\/quizsurlemieuxetre\/\" target=\"_blank\" rel=\"noopener noreferrer\">Quiz ivari sur le mieux-\u00eatre<\/a><\/h3>\n<p>\u00cates-vous en bonne sant\u00e9? Ce quiz convivial et interactif a le m\u00e9rite de favoriser une r\u00e9flexion sur les habitudes que vous pouvez adopter pour vivre heureux et en bonne sant\u00e9.[\/vc_column_text][vc_btn title=\u00a0\u00bbQuiz sur le mieux-\u00eatre\u00a0\u00bb shape=\u00a0\u00bbsquare\u00a0\u00bb color=\u00a0\u00bbblue\u00a0\u00bb link=\u00a0\u00bburl:%2Fquizsurlemieuxetre%2F|target:_blank\u00a0\u00bb][\/vc_column_inner][vc_column_inner el_class=\u00a0\u00bbdigital-tool-column\u00a0\u00bb width=\u00a0\u00bb1\/2&Prime;][vc_column_text]<\/p>\n<h3 class=\"fuchsia\">M\u00e9dias sociaux<\/h3>\n<p>[\/vc_column_text][vc_raw_html]JTNDZGl2JTIwY2xhc3MlM0QlMjJmbGV4LWNvbnRhaW5lciUyMiUzRSUwQSUyMCUyMCUyMCUyMCUzQ2RpdiUyMGNsYXNzJTNEJTIyZmxleC1pdGVtJTIyJTNFJTNDZGl2JTIwY2xhc3MlM0QlMjJ2Y19pY29uX2VsZW1lbnQlMjB2Y19pY29uX2VsZW1lbnQtb3V0ZXIlMjB2Y19pY29uX2VsZW1lbnQtYWxpZ24tY2VudGVyJTIwdmNfaWNvbl9lbGVtZW50LWhhdmUtc3R5bGUlMjIlM0UlM0NkaXYlMjBjbGFzcyUzRCUyMnZjX2ljb25fZWxlbWVudC1pbm5lciUyMHZjX2ljb25fZWxlbWVudC1jb2xvci13aGl0ZSUyMHZjX2ljb25fZWxlbWVudC1oYXZlLXN0eWxlLWlubmVyJTIwdmNfaWNvbl9lbGVtZW50LXNpemUtc20lMjB2Y19pY29uX2VsZW1lbnQtc3R5bGUtcm91bmRlZCUyMHZjX2ljb25fZWxlbWVudC1iYWNrZ3JvdW5kJTIwdmNfaWNvbl9lbGVtZW50LWJhY2tncm91bmQtY29sb3ItY3VzdG9tJTIyJTIwc3R5bGUlM0QlMjJiYWNrZ3JvdW5kLWNvbG9yJTNBJTIzMDA3NGEyJTIyJTNFJTNDc3BhbiUyMGNsYXNzJTNEJTIydmNfaWNvbl9lbGVtZW50LWljb24lMjBmYWIlMjBmYS1pbnN0YWdyYW0lMjIlM0UlM0MlMkZzcGFuJTNFJTNDYSUyMGNsYXNzJTNEJTIydmNfaWNvbl9lbGVtZW50LWxpbmslMjIlMjBocmVmJTNEJTIyaHR0cHMlM0ElMkYlMkZpbnN0YWdyYW0uY29tJTJGaXZhcmlfY2FuYWRhJTJGJTIyJTIwdGl0bGUlM0QlMjIlMjIlMjB0YXJnZXQlM0QlMjIlMjBfYmxhbmslMjIlM0UlM0MlMkZhJTNFJTNDJTJGZGl2JTNFJTNDJTJGZGl2JTNFJTNDaDQlMjBjbGFzcyUzRCUyMnRleHQtY2VudGVyJTIyJTNFJTNDYSUyMGhyZWYlM0QlMjJodHRwcyUzQSUyRiUyRmluc3RhZ3JhbS5jb20lMkZpdmFyaV9jYW5hZGElMkYlMjIlMjB0YXJnZXQlM0QlMjJfYmxhbmslMjIlMjByZWwlM0QlMjJub29wZW5lciUyMG5vcmVmZXJyZXIlMjIlM0VJbnN0YWdyYW0lM0MlMkZhJTNFJTNDJTJGaDQlM0UlM0MlMkZkaXYlM0UlMEElMjAlMjAlMjAlMjAlM0NkaXYlMjBjbGFzcyUzRCUyMmZsZXgtaXRlbSUyMiUzRSUzQ2RpdiUyMGNsYXNzJTNEJTIydmNfaWNvbl9lbGVtZW50JTIwdmNfaWNvbl9lbGVtZW50LW91dGVyJTIwdmNfaWNvbl9lbGVtZW50LWFsaWduLWNlbnRlciUyMHZjX2ljb25fZWxlbWVudC1oYXZlLXN0eWxlJTIyJTNFJTNDZGl2JTIwY2xhc3MlM0QlMjJ2Y19pY29uX2VsZW1lbnQtaW5uZXIlMjB2Y19pY29uX2VsZW1lbnQtY29sb3Itd2hpdGUlMjB2Y19pY29uX2VsZW1lbnQtaGF2ZS1zdHlsZS1pbm5lciUyMHZjX2ljb25fZWxlbWVudC1zaXplLXNtJTIwdmNfaWNvbl9lbGVtZW50LXN0eWxlLXJvdW5kZWQlMjB2Y19pY29uX2VsZW1lbnQtYmFja2dyb3VuZCUyMHZjX2ljb25fZWxlbWVudC1iYWNrZ3JvdW5kLWNvbG9yLWN1c3RvbSUyMiUyMHN0eWxlJTNEJTIyYmFja2dyb3VuZC1jb2xvciUzQSUyMzAwNzRhMiUyMiUzRSUzQ3NwYW4lMjBjbGFzcyUzRCUyMnZjX2ljb25fZWxlbWVudC1pY29uJTIwZmFiJTIwZmEtZmFjZWJvb2stc3F1YXJlJTIyJTNFJTNDJTJGc3BhbiUzRSUzQ2ElMjBjbGFzcyUzRCUyMnZjX2ljb25fZWxlbWVudC1saW5rJTIyJTIwaHJlZiUzRCUyMmh0dHBzJTNBJTJGJTJGZmFjZWJvb2suY29tJTJGaXZhcmlDYW5hZGElMkYlMjIlMjB0aXRsZSUzRCUyMiUyMiUyMHRhcmdldCUzRCUyMiUyMF9ibGFuayUyMiUzRSUzQyUyRmElM0UlM0MlMkZkaXYlM0UlM0MlMkZkaXYlM0UlM0NoNCUyMGNsYXNzJTNEJTIydGV4dC1jZW50ZXIlMjIlM0UlM0NhJTIwaHJlZiUzRCUyMmh0dHBzJTNBJTJGJTJGZmFjZWJvb2suY29tJTJGaXZhcmlDYW5hZGElMkYlMjIlMjB0YXJnZXQlM0QlMjJfYmxhbmslMjIlMjByZWwlM0QlMjJub29wZW5lciUyMG5vcmVmZXJyZXIlMjIlM0VGYWNlYm9vayUzQyUyRmElM0UlM0MlMkZoNCUzRSUzQyUyRmRpdiUzRSUwQSUyMCUyMCUyMCUyMCUzQ2RpdiUyMGNsYXNzJTNEJTIyZmxleC1pdGVtJTIyJTNFJTNDZGl2JTIwY2xhc3MlM0QlMjJ2Y19pY29uX2VsZW1lbnQlMjB2Y19pY29uX2VsZW1lbnQtb3V0ZXIlMjB2Y19pY29uX2VsZW1lbnQtYWxpZ24tY2VudGVyJTIwdmNfaWNvbl9lbGVtZW50LWhhdmUtc3R5bGUlMjIlM0UlM0NkaXYlMjBjbGFzcyUzRCUyMnZjX2ljb25fZWxlbWVudC1pbm5lciUyMHZjX2ljb25fZWxlbWVudC1jb2xvci13aGl0ZSUyMHZjX2ljb25fZWxlbWVudC1oYXZlLXN0eWxlLWlubmVyJTIwdmNfaWNvbl9lbGVtZW50LXNpemUtc20lMjB2Y19pY29uX2VsZW1lbnQtc3R5bGUtcm91bmRlZCUyMHZjX2ljb25fZWxlbWVudC1iYWNrZ3JvdW5kJTIwdmNfaWNvbl9lbGVtZW50LWJhY2tncm91bmQtY29sb3ItY3VzdG9tJTIyJTIwc3R5bGUlM0QlMjJiYWNrZ3JvdW5kLWNvbG9yJTNBJTIzMDA3NGEyJTIyJTNFJTNDc3BhbiUyMGNsYXNzJTNEJTIydmNfaWNvbl9lbGVtZW50LWljb24lMjBmYWIlMjBmYS1saW5rZWRpbiUyMiUzRSUzQyUyRnNwYW4lM0UlM0NhJTIwY2xhc3MlM0QlMjJ2Y19pY29uX2VsZW1lbnQtbGluayUyMiUyMGhyZWYlM0QlMjJodHRwcyUzQSUyRiUyRnd3dy5saW5rZWRpbi5jb20lMkZjb21wYW55JTJGaXZhcmktY2FuYWRhJTJGJTIyJTIwdGl0bGUlM0QlMjIlMjIlMjB0YXJnZXQlM0QlMjIlMjBfYmxhbmslMjIlM0UlM0MlMkZhJTNFJTNDJTJGZGl2JTNFJTNDJTJGZGl2JTNFJTNDaDQlMjBjbGFzcyUzRCUyMnRleHQtY2VudGVyJTIyJTNFJTNDYSUyMGhyZWYlM0QlMjJodHRwcyUzQSUyRiUyRnd3dy5saW5rZWRpbi5jb20lMkZjb21wYW55JTJGaXZhcmktY2FuYWRhJTJGJTIyJTIwdGFyZ2V0JTNEJTIyX2JsYW5rJTIyJTIwcmVsJTNEJTIybm9vcGVuZXIlMjBub3JlZmVycmVyJTIyJTNFTGlua2VkSW4lM0MlMkZhJTNFJTNDJTJGaDQlM0UlM0MlMkZkaXYlM0UlMEElM0MlMkZkaXYlM0U=[\/vc_raw_html][vc_icon icon_fontawesome=\u00a0\u00bbfab fa-facebook-square\u00a0\u00bb el_class=\u00a0\u00bbdisplay-none\u00a0\u00bb][\/vc_column_inner][\/vc_row_inner][\/vc_column][\/vc_row]<\/p>\n<\/div>","protected":false},"excerpt":{"rendered":"<p> Tout ce que vous pouvez faire en ligne vous est accessible ici! ivari met \u00e0 votre disposition des outils num\u00e9riques conviviaux portant sur tout, qu\u2019il s\u2019agisse&#8230;<\/p>\n","protected":false},"author":2,"featured_media":0,"parent":38532,"menu_order":0,"comment_status":"closed","ping_status":"closed","template":"","meta":{"_acf_changed":false,"_searchwp_excluded":"","footnotes":""},"query_groups":[],"class_list":["post-38538","page","type-page","status-publish","hentry"],"acf":[],"yoast_head":"<!-- This site is optimized with the Yoast SEO plugin v27.3 - https:\/\/yoast.com\/product\/yoast-seo-wordpress\/ -->\n<title>Outils num\u00e9riques d\u2019ivari - ivari<\/title>\n<meta name=\"robots\" content=\"index, follow, max-snippet:-1, max-image-preview:large, max-video-preview:-1\" \/>\n<link rel=\"canonical\" href=\"https:\/\/ivari.ca\/fr\/ressources\/outils\/outils-numeriques\/\" \/>\n<meta property=\"og:locale\" content=\"fr_FR\" \/>\n<meta property=\"og:type\" content=\"article\" \/>\n<meta property=\"og:title\" content=\"Outils num\u00e9riques d\u2019ivari - ivari\" \/>\n<meta property=\"og:description\" content=\"Tout ce que vous pouvez faire en ligne vous est accessible ici! ivari met \u00e0 votre disposition des outils num\u00e9riques conviviaux portant sur tout, qu\u2019il s\u2019agisse...\" \/>\n<meta property=\"og:url\" content=\"https:\/\/ivari.ca\/fr\/ressources\/outils\/outils-numeriques\/\" \/>\n<meta property=\"og:site_name\" content=\"ivari\" \/>\n<meta property=\"article:modified_time\" content=\"2023-11-03T18:37:44+00:00\" \/>\n<meta name=\"twitter:card\" content=\"summary_large_image\" \/>\n<meta name=\"twitter:label1\" content=\"Dur\u00e9e de lecture estim\u00e9e\" \/>\n\t<meta name=\"twitter:data1\" content=\"2 minutes\" \/>\n<script type=\"application\/ld+json\" class=\"yoast-schema-graph\">{\"@context\":\"https:\\\/\\\/schema.org\",\"@graph\":[{\"@type\":\"WebPage\",\"@id\":\"https:\\\/\\\/ivari.ca\\\/fr\\\/ressources\\\/outils\\\/outils-numeriques\\\/\",\"url\":\"https:\\\/\\\/ivari.ca\\\/fr\\\/ressources\\\/outils\\\/outils-numeriques\\\/\",\"name\":\"Outils num\u00e9riques d\u2019ivari - ivari\",\"isPartOf\":{\"@id\":\"https:\\\/\\\/ivari.ca\\\/#website\"},\"datePublished\":\"2022-02-17T15:42:42+00:00\",\"dateModified\":\"2023-11-03T18:37:44+00:00\",\"breadcrumb\":{\"@id\":\"https:\\\/\\\/ivari.ca\\\/fr\\\/ressources\\\/outils\\\/outils-numeriques\\\/#breadcrumb\"},\"inLanguage\":\"fr-FR\",\"potentialAction\":[{\"@type\":\"ReadAction\",\"target\":[\"https:\\\/\\\/ivari.ca\\\/fr\\\/ressources\\\/outils\\\/outils-numeriques\\\/\"]}]},{\"@type\":\"BreadcrumbList\",\"@id\":\"https:\\\/\\\/ivari.ca\\\/fr\\\/ressources\\\/outils\\\/outils-numeriques\\\/#breadcrumb\",\"itemListElement\":[{\"@type\":\"ListItem\",\"position\":1,\"name\":\"Home\",\"item\":\"https:\\\/\\\/ivari.ca\\\/fr\\\/\"},{\"@type\":\"ListItem\",\"position\":2,\"name\":\"Ressources\",\"item\":\"https:\\\/\\\/ivari.ca\\\/fr\\\/ressources\\\/\"},{\"@type\":\"ListItem\",\"position\":3,\"name\":\"Outils\",\"item\":\"https:\\\/\\\/ivari.ca\\\/fr\\\/ressources\\\/outils\\\/\"},{\"@type\":\"ListItem\",\"position\":4,\"name\":\"Outils num\u00e9riques d\u2019ivari\"}]},{\"@type\":\"WebSite\",\"@id\":\"https:\\\/\\\/ivari.ca\\\/#website\",\"url\":\"https:\\\/\\\/ivari.ca\\\/\",\"name\":\"ivari\",\"description\":\"\",\"potentialAction\":[{\"@type\":\"SearchAction\",\"target\":{\"@type\":\"EntryPoint\",\"urlTemplate\":\"https:\\\/\\\/ivari.ca\\\/?s={search_term_string}\"},\"query-input\":{\"@type\":\"PropertyValueSpecification\",\"valueRequired\":true,\"valueName\":\"search_term_string\"}}],\"inLanguage\":\"fr-FR\"}]}<\/script>\n<!-- \/ Yoast SEO plugin. -->","yoast_head_json":{"title":"Outils num\u00e9riques d\u2019ivari - ivari","robots":{"index":"index","follow":"follow","max-snippet":"max-snippet:-1","max-image-preview":"max-image-preview:large","max-video-preview":"max-video-preview:-1"},"canonical":"https:\/\/ivari.ca\/fr\/ressources\/outils\/outils-numeriques\/","og_locale":"fr_FR","og_type":"article","og_title":"Outils num\u00e9riques d\u2019ivari - ivari","og_description":"Tout ce que vous pouvez faire en ligne vous est accessible ici! ivari met \u00e0 votre disposition des outils num\u00e9riques conviviaux portant sur tout, qu\u2019il s\u2019agisse...","og_url":"https:\/\/ivari.ca\/fr\/ressources\/outils\/outils-numeriques\/","og_site_name":"ivari","article_modified_time":"2023-11-03T18:37:44+00:00","twitter_card":"summary_large_image","twitter_misc":{"Dur\u00e9e de lecture estim\u00e9e":"2 minutes"},"schema":{"@context":"https:\/\/schema.org","@graph":[{"@type":"WebPage","@id":"https:\/\/ivari.ca\/fr\/ressources\/outils\/outils-numeriques\/","url":"https:\/\/ivari.ca\/fr\/ressources\/outils\/outils-numeriques\/","name":"Outils num\u00e9riques d\u2019ivari - ivari","isPartOf":{"@id":"https:\/\/ivari.ca\/#website"},"datePublished":"2022-02-17T15:42:42+00:00","dateModified":"2023-11-03T18:37:44+00:00","breadcrumb":{"@id":"https:\/\/ivari.ca\/fr\/ressources\/outils\/outils-numeriques\/#breadcrumb"},"inLanguage":"fr-FR","potentialAction":[{"@type":"ReadAction","target":["https:\/\/ivari.ca\/fr\/ressources\/outils\/outils-numeriques\/"]}]},{"@type":"BreadcrumbList","@id":"https:\/\/ivari.ca\/fr\/ressources\/outils\/outils-numeriques\/#breadcrumb","itemListElement":[{"@type":"ListItem","position":1,"name":"Home","item":"https:\/\/ivari.ca\/fr\/"},{"@type":"ListItem","position":2,"name":"Ressources","item":"https:\/\/ivari.ca\/fr\/ressources\/"},{"@type":"ListItem","position":3,"name":"Outils","item":"https:\/\/ivari.ca\/fr\/ressources\/outils\/"},{"@type":"ListItem","position":4,"name":"Outils num\u00e9riques d\u2019ivari"}]},{"@type":"WebSite","@id":"https:\/\/ivari.ca\/#website","url":"https:\/\/ivari.ca\/","name":"ivari","description":"","potentialAction":[{"@type":"SearchAction","target":{"@type":"EntryPoint","urlTemplate":"https:\/\/ivari.ca\/?s={search_term_string}"},"query-input":{"@type":"PropertyValueSpecification","valueRequired":true,"valueName":"search_term_string"}}],"inLanguage":"fr-FR"}]}},"_links":{"self":[{"href":"https:\/\/ivari.ca\/fr\/wp-json\/wp\/v2\/pages\/38538","targetHints":{"allow":["GET"]}}],"collection":[{"href":"https:\/\/ivari.ca\/fr\/wp-json\/wp\/v2\/pages"}],"about":[{"href":"https:\/\/ivari.ca\/fr\/wp-json\/wp\/v2\/types\/page"}],"author":[{"embeddable":true,"href":"https:\/\/ivari.ca\/fr\/wp-json\/wp\/v2\/users\/2"}],"replies":[{"embeddable":true,"href":"https:\/\/ivari.ca\/fr\/wp-json\/wp\/v2\/comments?post=38538"}],"version-history":[{"count":0,"href":"https:\/\/ivari.ca\/fr\/wp-json\/wp\/v2\/pages\/38538\/revisions"}],"up":[{"embeddable":true,"href":"https:\/\/ivari.ca\/fr\/wp-json\/wp\/v2\/pages\/38532"}],"wp:attachment":[{"href":"https:\/\/ivari.ca\/fr\/wp-json\/wp\/v2\/media?parent=38538"}],"wp:term":[{"taxonomy":"query_groups","embeddable":true,"href":"https:\/\/ivari.ca\/fr\/wp-json\/wp\/v2\/query_groups?post=38538"}],"curies":[{"name":"wp","href":"https:\/\/api.w.org\/{rel}","templated":true}]}}