



{"id":38536,"date":"2020-09-09T00:46:54","date_gmt":"2020-09-09T04:46:54","guid":{"rendered":"https:\/\/ivari.ca\/?page_id=38536"},"modified":"2024-02-29T09:29:28","modified_gmt":"2024-02-29T14:29:28","slug":"options-de-paiement","status":"publish","type":"page","link":"https:\/\/ivari.ca\/fr\/ressources\/faq\/options-de-paiement\/","title":{"rendered":"Options de paiement"},"content":{"rendered":"<div class=\"wpb-content-wrapper\"><p>[vc_row el_class=\u00a0\u00bbwhats-happening-banner\u00a0\u00bb el_id=\u00a0\u00bbgrey-page-banner\u00a0\u00bb][vc_column][vc_row_inner content_placement=\u00a0\u00bbmiddle\u00a0\u00bb css=\u00a0\u00bb.vc_custom_1635351403459{background-image: url(https:\/\/ivari.ca\/files\/2021\/10\/grey-watercolour-bg-scaled.jpg?id=34985) !important;background-position: center !important;background-repeat: no-repeat !important;background-size: cover !important;}\u00a0\u00bb][vc_column_inner][vc_raw_html]JTNDZGl2JTIwY2xhc3MlM0QlMjJmbGV4LWNvbnRhaW5lciUyMiUzRSUwQSUyMCUyMCUzQ2RpdiUyMGNsYXNzJTNEJTIyZmxleC1pdGVtJTIyJTNFJTNDaW1nJTIwc3JjJTNEJTIyJTJGZmlsZXMlMkYyMDIxJTJGMTElMkZQYXltZW50LW9wdGlvbnMtaWNvbi5zdmclMjIlMjBhbHQlM0QlMjJNb25leSUyMGljb24lMjIlMjB0aXRsZSUzRCUyMiU1QnNjX3Bvc3RfdGl0bGUlNUQlMjIlMjBjbGFzcyUzRCUyMnBhZ2UtYmFubmVyLWljb24lMjIlM0UlM0MlMkZkaXYlM0UlMEElMjAlMjAlM0NkaXYlMjBjbGFzcyUzRCUyMmZsZXgtaXRlbSUyMiUzRSUzQ2gxJTNFJTVCc2NfcG9zdF90aXRsZSU1RCUzQyUyRmgxJTNFJTNDcCUyMGNsYXNzJTNEJTIyc3ViaGVhZGluZyUyMiUzRVZvdXMlMjBwb3V2ZXolMjBkJUMzJUE5c29ybWFpcyUyMHZvdXMlMjBwciVDMyVBOXZhbG9pciUyMGRlJTIwdHJvaXMlMjBtJUMzJUE5dGhvZGVzJTIwZGUlMjBwYWllbWVudCUyMHBvdXIlMjBhY3F1aXR0ZXIlMjBsZXMlMjBwcmltZXMlMjBkZSUyMHZvdHJlJTIwcG9saWNlJTIwZW4lMjB2aWd1ZXVyJTIwc3VyJTIwdW5lJTIwYmFzZSUyMHIlQzMlQTlndWxpJUMzJUE4cmUuJTNDJTJGcCUzRSUzQyUyRmRpdiUzRSUwQSUzQyUyRmRpdiUzRQ==[\/vc_raw_html][\/vc_column_inner][\/vc_row_inner][\/vc_column][\/vc_row][vc_row el_class=\u00a0\u00bbivari-row\u00a0\u00bb][vc_column][vc_row_inner el_class=\u00a0\u00bbarticle-section\u00a0\u00bb][vc_column_inner width=\u00a0\u00bb1\/4&Prime;][vc_column_text]<\/p>\n<h2>D\u00e9bits pr\u00e9autoris\u00e9s (DPA)<\/h2>\n<p>[\/vc_column_text][\/vc_column_inner][vc_column_inner width=\u00a0\u00bb3\/4&Prime;][vc_column_text]Dites au revoir aux paiements en retard gr\u00e2ce aux DPA! Les primes sont pr\u00e9lev\u00e9es sur votre compte le jour o\u00f9 elles deviennent exigibles sans que vous n\u2019ayez \u00e0 vous en rappeler ou \u00e0 faire quoi que ce soit!<\/p>\n<p>Optez pour les paiements par DPA d\u00e8s aujourd&rsquo;hui. Il suffit de remplir <a href=\"\/files\/PS375FR.pdf\" target=\"_blank\" rel=\"noopener noreferrer\">ce formulaire <\/a> et de nous l\u2019envoyer par la poste \u00e0 l\u2019adresse suivante :<\/p>\n<p>ivari<br \/>\nC.P. 4241, Station A<br \/>\nToronto (Ontario) M5W 5R3<\/p>\n<p><a href=\"https:\/\/webapp.ivari.ca\/eforms\/client\/pad\/fr\" target=\"_blank\" rel=\"noopener noreferrer\">Mise \u00e0 jour des coordonn\u00e9es bancaires<\/a>[\/vc_column_text][\/vc_column_inner][\/vc_row_inner][vc_row_inner el_class=\u00a0\u00bbarticle-section\u00a0\u00bb][vc_column_inner width=\u00a0\u00bb1\/4&Prime;][vc_column_text]<\/p>\n<h2>Paiement en ligne<\/h2>\n<p>[\/vc_column_text][\/vc_column_inner][vc_column_inner width=\u00a0\u00bb3\/4&Prime;][vc_column_text]Payez vos primes en ligne \u00e0 tout moment comme vous le faites pour vos autres factures par l\u2019entremise de la plupart des banques et institutions financi\u00e8res.<\/p>\n<p><strong>Nota :<\/strong> \u00c9tant donn\u00e9 qu\u2019il faut pr\u00e9voir un d\u00e9lai suffisant pour le traitement des paiements en ligne, assurez-vous qu\u2019ivari re\u00e7oive votre prime bien avant la date d\u2019\u00e9ch\u00e9ance du paiement, afin d\u2019\u00e9viter que votre police ne tombe en d\u00e9ch\u00e9ance.[\/vc_column_text][\/vc_column_inner][\/vc_row_inner][vc_row_inner el_class=\u00a0\u00bbarticle-section\u00a0\u00bb][vc_column_inner width=\u00a0\u00bb1\/4&Prime;][vc_column_text]<\/p>\n<h2>Poste<\/h2>\n<p>[\/vc_column_text][\/vc_column_inner][vc_column_inner width=\u00a0\u00bb3\/4&Prime;][vc_column_text]Faites votre paiement par ch\u00e8que payable \u00e0 l\u2019ordre d\u2019ivari et envoyez-le par la poste, accompagn\u00e9 de la portion inf\u00e9rieure de l\u2019avis de prime, \u00e0\u00a0l\u2019adresse suivante :<\/p>\n<p>ivari<br \/>\nC.P. 4241, Station A<br \/>\nToronto (Ontario) M5W 5R3<\/p>\n<p><strong>Nota :<\/strong> Vos paiements doivent parvenir \u00e0 ivari au plus tard \u00e0 la date d\u2019\u00e9ch\u00e9ance du paiement. Veuillez pr\u00e9voir un d\u00e9lai suffisant pour l\u2019envoi par la poste afin d\u2019\u00e9viter que votre police ne tombe en d\u00e9ch\u00e9ance.[\/vc_column_text][\/vc_column_inner][\/vc_row_inner][\/vc_column][\/vc_row]<\/p>\n<\/div>","protected":false},"excerpt":{"rendered":"<p>JTNDZGl2JTIwY2xhc3MlM0QlMjJmbGV4LWNvbnRhaW5lciUyMiUzRSUwQSUyMCUyMCUzQ2RpdiUyMGNsYXNzJTNEJTIyZmxleC1pdGVtJTIyJTNFJTNDaW1nJTIwc3JjJTNEJTIyJTJGZmlsZXMlMkYyMDIxJTJGMTElMkZQYXltZW50LW9wdGlvbnMtaWNvbi5zdmclMjIlMjBhbHQlM0QlMjJNb25leSUyMGljb24lMjIlMjB0aXRsZSUzRCUyMiU1QnNjX3Bvc3RfdGl0bGUlNUQlMjIlMjBjbGFzcyUzRCUyMnBhZ2UtYmFubmVyLWljb24lMjIlM0UlM0MlMkZkaXYlM0UlMEElMjAlMjAlM0NkaXYlMjBjbGFzcyUzRCUyMmZsZXgtaXRlbSUyMiUzRSUzQ2gxJTNFJTVCc2NfcG9zdF90aXRsZSU1RCUzQyUyRmgxJTNFJTNDcCUyMGNsYXNzJTNEJTIyc3ViaGVhZGluZyUyMiUzRVZvdXMlMjBwb3V2ZXolMjBkJUMzJUE5c29ybWFpcyUyMHZvdXMlMjBwciVDMyVBOXZhbG9pciUyMGRlJTIwdHJvaXMlMjBtJUMzJUE5dGhvZGVzJTIwZGUlMjBwYWllbWVudCUyMHBvdXIlMjBhY3F1aXR0ZXIlMjBsZXMlMjBwcmltZXMlMjBkZSUyMHZvdHJlJTIwcG9saWNlJTIwZW4lMjB2aWd1ZXVyJTIwc3VyJTIwdW5lJTIwYmFzZSUyMHIlQzMlQTlndWxpJUMzJUE4cmUuJTNDJTJGcCUzRSUzQyUyRmRpdiUzRSUwQSUzQyUyRmRpdiUzRQ== D\u00e9bits pr\u00e9autoris\u00e9s (DPA) Dites au revoir aux paiements en retard gr\u00e2ce aux DPA! Les primes sont pr\u00e9lev\u00e9es sur votre compte le jour o\u00f9 elles deviennent exigibles sans que vous n\u2019ayez \u00e0 vous en&#8230;<\/p>\n","protected":false},"author":2,"featured_media":0,"parent":38403,"menu_order":0,"comment_status":"closed","ping_status":"closed","template":"","meta":{"_acf_changed":false,"_searchwp_excluded":"","footnotes":""},"query_groups":[],"class_list":["post-38536","page","type-page","status-publish","hentry"],"acf":[],"yoast_head":"<!-- This site is optimized with the Yoast SEO plugin v27.3 - https:\/\/yoast.com\/product\/yoast-seo-wordpress\/ -->\n<title>Options de paiement - ivari<\/title>\n<meta name=\"robots\" content=\"index, follow, max-snippet:-1, max-image-preview:large, max-video-preview:-1\" \/>\n<link rel=\"canonical\" href=\"https:\/\/ivari.ca\/fr\/ressources\/faq\/options-de-paiement\/\" \/>\n<meta property=\"og:locale\" content=\"fr_FR\" \/>\n<meta property=\"og:type\" content=\"article\" \/>\n<meta property=\"og:title\" content=\"Options de paiement - ivari\" \/>\n<meta property=\"og:description\" content=\"JTNDZGl2JTIwY2xhc3MlM0QlMjJmbGV4LWNvbnRhaW5lciUyMiUzRSUwQSUyMCUyMCUzQ2RpdiUyMGNsYXNzJTNEJTIyZmxleC1pdGVtJTIyJTNFJTNDaW1nJTIwc3JjJTNEJTIyJTJGZmlsZXMlMkYyMDIxJTJGMTElMkZQYXltZW50LW9wdGlvbnMtaWNvbi5zdmclMjIlMjBhbHQlM0QlMjJNb25leSUyMGljb24lMjIlMjB0aXRsZSUzRCUyMiU1QnNjX3Bvc3RfdGl0bGUlNUQlMjIlMjBjbGFzcyUzRCUyMnBhZ2UtYmFubmVyLWljb24lMjIlM0UlM0MlMkZkaXYlM0UlMEElMjAlMjAlM0NkaXYlMjBjbGFzcyUzRCUyMmZsZXgtaXRlbSUyMiUzRSUzQ2gxJTNFJTVCc2NfcG9zdF90aXRsZSU1RCUzQyUyRmgxJTNFJTNDcCUyMGNsYXNzJTNEJTIyc3ViaGVhZGluZyUyMiUzRVZvdXMlMjBwb3V2ZXolMjBkJUMzJUE5c29ybWFpcyUyMHZvdXMlMjBwciVDMyVBOXZhbG9pciUyMGRlJTIwdHJvaXMlMjBtJUMzJUE5dGhvZGVzJTIwZGUlMjBwYWllbWVudCUyMHBvdXIlMjBhY3F1aXR0ZXIlMjBsZXMlMjBwcmltZXMlMjBkZSUyMHZvdHJlJTIwcG9saWNlJTIwZW4lMjB2aWd1ZXVyJTIwc3VyJTIwdW5lJTIwYmFzZSUyMHIlQzMlQTlndWxpJUMzJUE4cmUuJTNDJTJGcCUzRSUzQyUyRmRpdiUzRSUwQSUzQyUyRmRpdiUzRQ== D\u00e9bits pr\u00e9autoris\u00e9s (DPA) Dites au revoir aux paiements en retard gr\u00e2ce aux DPA! Les primes sont pr\u00e9lev\u00e9es sur votre compte le jour o\u00f9 elles deviennent exigibles sans que vous n\u2019ayez \u00e0 vous en...\" \/>\n<meta property=\"og:url\" content=\"https:\/\/ivari.ca\/fr\/ressources\/faq\/options-de-paiement\/\" \/>\n<meta property=\"og:site_name\" content=\"ivari\" \/>\n<meta property=\"article:modified_time\" content=\"2024-02-29T14:29:28+00:00\" \/>\n<meta name=\"twitter:card\" content=\"summary_large_image\" \/>\n<meta name=\"twitter:label1\" content=\"Dur\u00e9e de lecture estim\u00e9e\" \/>\n\t<meta name=\"twitter:data1\" content=\"2 minutes\" \/>\n<script type=\"application\/ld+json\" class=\"yoast-schema-graph\">{\"@context\":\"https:\\\/\\\/schema.org\",\"@graph\":[{\"@type\":\"WebPage\",\"@id\":\"https:\\\/\\\/ivari.ca\\\/fr\\\/ressources\\\/faq\\\/options-de-paiement\\\/\",\"url\":\"https:\\\/\\\/ivari.ca\\\/fr\\\/ressources\\\/faq\\\/options-de-paiement\\\/\",\"name\":\"Options de paiement - ivari\",\"isPartOf\":{\"@id\":\"https:\\\/\\\/ivari.ca\\\/#website\"},\"datePublished\":\"2020-09-09T04:46:54+00:00\",\"dateModified\":\"2024-02-29T14:29:28+00:00\",\"breadcrumb\":{\"@id\":\"https:\\\/\\\/ivari.ca\\\/fr\\\/ressources\\\/faq\\\/options-de-paiement\\\/#breadcrumb\"},\"inLanguage\":\"fr-FR\",\"potentialAction\":[{\"@type\":\"ReadAction\",\"target\":[\"https:\\\/\\\/ivari.ca\\\/fr\\\/ressources\\\/faq\\\/options-de-paiement\\\/\"]}]},{\"@type\":\"BreadcrumbList\",\"@id\":\"https:\\\/\\\/ivari.ca\\\/fr\\\/ressources\\\/faq\\\/options-de-paiement\\\/#breadcrumb\",\"itemListElement\":[{\"@type\":\"ListItem\",\"position\":1,\"name\":\"Home\",\"item\":\"https:\\\/\\\/ivari.ca\\\/fr\\\/\"},{\"@type\":\"ListItem\",\"position\":2,\"name\":\"Ressources\",\"item\":\"https:\\\/\\\/ivari.ca\\\/fr\\\/ressources\\\/\"},{\"@type\":\"ListItem\",\"position\":3,\"name\":\"FAQ\",\"item\":\"https:\\\/\\\/ivari.ca\\\/fr\\\/ressources\\\/faq\\\/\"},{\"@type\":\"ListItem\",\"position\":4,\"name\":\"Options de paiement\"}]},{\"@type\":\"WebSite\",\"@id\":\"https:\\\/\\\/ivari.ca\\\/#website\",\"url\":\"https:\\\/\\\/ivari.ca\\\/\",\"name\":\"ivari\",\"description\":\"\",\"potentialAction\":[{\"@type\":\"SearchAction\",\"target\":{\"@type\":\"EntryPoint\",\"urlTemplate\":\"https:\\\/\\\/ivari.ca\\\/?s={search_term_string}\"},\"query-input\":{\"@type\":\"PropertyValueSpecification\",\"valueRequired\":true,\"valueName\":\"search_term_string\"}}],\"inLanguage\":\"fr-FR\"}]}<\/script>\n<!-- \/ Yoast SEO plugin. -->","yoast_head_json":{"title":"Options de paiement - ivari","robots":{"index":"index","follow":"follow","max-snippet":"max-snippet:-1","max-image-preview":"max-image-preview:large","max-video-preview":"max-video-preview:-1"},"canonical":"https:\/\/ivari.ca\/fr\/ressources\/faq\/options-de-paiement\/","og_locale":"fr_FR","og_type":"article","og_title":"Options de paiement - ivari","og_description":"JTNDZGl2JTIwY2xhc3MlM0QlMjJmbGV4LWNvbnRhaW5lciUyMiUzRSUwQSUyMCUyMCUzQ2RpdiUyMGNsYXNzJTNEJTIyZmxleC1pdGVtJTIyJTNFJTNDaW1nJTIwc3JjJTNEJTIyJTJGZmlsZXMlMkYyMDIxJTJGMTElMkZQYXltZW50LW9wdGlvbnMtaWNvbi5zdmclMjIlMjBhbHQlM0QlMjJNb25leSUyMGljb24lMjIlMjB0aXRsZSUzRCUyMiU1QnNjX3Bvc3RfdGl0bGUlNUQlMjIlMjBjbGFzcyUzRCUyMnBhZ2UtYmFubmVyLWljb24lMjIlM0UlM0MlMkZkaXYlM0UlMEElMjAlMjAlM0NkaXYlMjBjbGFzcyUzRCUyMmZsZXgtaXRlbSUyMiUzRSUzQ2gxJTNFJTVCc2NfcG9zdF90aXRsZSU1RCUzQyUyRmgxJTNFJTNDcCUyMGNsYXNzJTNEJTIyc3ViaGVhZGluZyUyMiUzRVZvdXMlMjBwb3V2ZXolMjBkJUMzJUE5c29ybWFpcyUyMHZvdXMlMjBwciVDMyVBOXZhbG9pciUyMGRlJTIwdHJvaXMlMjBtJUMzJUE5dGhvZGVzJTIwZGUlMjBwYWllbWVudCUyMHBvdXIlMjBhY3F1aXR0ZXIlMjBsZXMlMjBwcmltZXMlMjBkZSUyMHZvdHJlJTIwcG9saWNlJTIwZW4lMjB2aWd1ZXVyJTIwc3VyJTIwdW5lJTIwYmFzZSUyMHIlQzMlQTlndWxpJUMzJUE4cmUuJTNDJTJGcCUzRSUzQyUyRmRpdiUzRSUwQSUzQyUyRmRpdiUzRQ== D\u00e9bits pr\u00e9autoris\u00e9s (DPA) Dites au revoir aux paiements en retard gr\u00e2ce aux DPA! Les primes sont pr\u00e9lev\u00e9es sur votre compte le jour o\u00f9 elles deviennent exigibles sans que vous n\u2019ayez \u00e0 vous en...","og_url":"https:\/\/ivari.ca\/fr\/ressources\/faq\/options-de-paiement\/","og_site_name":"ivari","article_modified_time":"2024-02-29T14:29:28+00:00","twitter_card":"summary_large_image","twitter_misc":{"Dur\u00e9e de lecture estim\u00e9e":"2 minutes"},"schema":{"@context":"https:\/\/schema.org","@graph":[{"@type":"WebPage","@id":"https:\/\/ivari.ca\/fr\/ressources\/faq\/options-de-paiement\/","url":"https:\/\/ivari.ca\/fr\/ressources\/faq\/options-de-paiement\/","name":"Options de paiement - ivari","isPartOf":{"@id":"https:\/\/ivari.ca\/#website"},"datePublished":"2020-09-09T04:46:54+00:00","dateModified":"2024-02-29T14:29:28+00:00","breadcrumb":{"@id":"https:\/\/ivari.ca\/fr\/ressources\/faq\/options-de-paiement\/#breadcrumb"},"inLanguage":"fr-FR","potentialAction":[{"@type":"ReadAction","target":["https:\/\/ivari.ca\/fr\/ressources\/faq\/options-de-paiement\/"]}]},{"@type":"BreadcrumbList","@id":"https:\/\/ivari.ca\/fr\/ressources\/faq\/options-de-paiement\/#breadcrumb","itemListElement":[{"@type":"ListItem","position":1,"name":"Home","item":"https:\/\/ivari.ca\/fr\/"},{"@type":"ListItem","position":2,"name":"Ressources","item":"https:\/\/ivari.ca\/fr\/ressources\/"},{"@type":"ListItem","position":3,"name":"FAQ","item":"https:\/\/ivari.ca\/fr\/ressources\/faq\/"},{"@type":"ListItem","position":4,"name":"Options de paiement"}]},{"@type":"WebSite","@id":"https:\/\/ivari.ca\/#website","url":"https:\/\/ivari.ca\/","name":"ivari","description":"","potentialAction":[{"@type":"SearchAction","target":{"@type":"EntryPoint","urlTemplate":"https:\/\/ivari.ca\/?s={search_term_string}"},"query-input":{"@type":"PropertyValueSpecification","valueRequired":true,"valueName":"search_term_string"}}],"inLanguage":"fr-FR"}]}},"_links":{"self":[{"href":"https:\/\/ivari.ca\/fr\/wp-json\/wp\/v2\/pages\/38536","targetHints":{"allow":["GET"]}}],"collection":[{"href":"https:\/\/ivari.ca\/fr\/wp-json\/wp\/v2\/pages"}],"about":[{"href":"https:\/\/ivari.ca\/fr\/wp-json\/wp\/v2\/types\/page"}],"author":[{"embeddable":true,"href":"https:\/\/ivari.ca\/fr\/wp-json\/wp\/v2\/users\/2"}],"replies":[{"embeddable":true,"href":"https:\/\/ivari.ca\/fr\/wp-json\/wp\/v2\/comments?post=38536"}],"version-history":[{"count":0,"href":"https:\/\/ivari.ca\/fr\/wp-json\/wp\/v2\/pages\/38536\/revisions"}],"up":[{"embeddable":true,"href":"https:\/\/ivari.ca\/fr\/wp-json\/wp\/v2\/pages\/38403"}],"wp:attachment":[{"href":"https:\/\/ivari.ca\/fr\/wp-json\/wp\/v2\/media?parent=38536"}],"wp:term":[{"taxonomy":"query_groups","embeddable":true,"href":"https:\/\/ivari.ca\/fr\/wp-json\/wp\/v2\/query_groups?post=38536"}],"curies":[{"name":"wp","href":"https:\/\/api.w.org\/{rel}","templated":true}]}}