



{"id":38535,"date":"2020-09-09T00:46:37","date_gmt":"2020-09-09T04:46:37","guid":{"rendered":"https:\/\/ivari.ca\/?page_id=38535"},"modified":"2024-12-13T09:59:20","modified_gmt":"2024-12-13T14:59:20","slug":"demandes-de-reglement","status":"publish","type":"page","link":"https:\/\/ivari.ca\/fr\/ressources\/faq\/demandes-de-reglement\/","title":{"rendered":"Demandes de r\u00e8glement"},"content":{"rendered":"<div class=\"wpb-content-wrapper\"><p>[vc_row el_class=\u00a0\u00bbwhats-happening-banner\u00a0\u00bb el_id=\u00a0\u00bbgrey-page-banner\u00a0\u00bb][vc_column][vc_row_inner content_placement=\u00a0\u00bbmiddle\u00a0\u00bb css=\u00a0\u00bb.vc_custom_1635351403459{background-image: url(https:\/\/ivari.ca\/files\/2021\/10\/grey-watercolour-bg-scaled.jpg?id=34985) !important;background-position: center !important;background-repeat: no-repeat !important;background-size: cover !important;}\u00a0\u00bb][vc_column_inner][vc_raw_html]JTNDZGl2JTIwY2xhc3MlM0QlMjJmbGV4LWNvbnRhaW5lciUyMiUzRSUwQSUyMCUyMCUzQ2RpdiUyMGNsYXNzJTNEJTIyZmxleC1pdGVtJTIyJTNFJTNDaW1nJTIwc3JjJTNEJTIyJTJGZmlsZXMlMkYyMDIxJTJGMTElMkZNYWtpbmctYS1jbGFpbS1pY29uLnN2ZyUyMiUyMGFsdCUzRCUyMlBlb3BsZSUyMGljb24lMjIlMjB0aXRsZSUzRCUyMiU1QnNjX3Bvc3RfdGl0bGUlNUQlMjIlMjBjbGFzcyUzRCUyMnBhZ2UtYmFubmVyLWljb24lMjIlM0UlM0MlMkZkaXYlM0UlMEElMjAlMjAlM0NkaXYlMjBjbGFzcyUzRCUyMmZsZXgtaXRlbSUyMiUzRSUzQ2gxJTNFJTVCc2NfcG9zdF90aXRsZSU1RCUzQyUyRmgxJTNFJTNDcCUyMGNsYXNzJTNEJTIyc3ViaGVhZGluZyUyMiUzRU5vdHJlJTIwciVDMyVCNGxlJTIwY29uc2lzdGUlMjAlQzMlQTAlMjB2b3VzJTIwZmFjaWxpdGVyJTIwbGElMjB0JUMzJUEyY2hlJTIwcGVuZGFudCUyMGxlJTIwcHJvY2Vzc3VzJTIwZGUlMjBzb3VtaXNzaW9uJTIwZCVFMiU4MCU5OXVuZSUyMGRlbWFuZGUlMjBkZSUyMHIlQzMlQThnbGVtZW50LiUyMENlJTIwcHJvY2Vzc3VzJTIwdmFyaWUlMjBlbiUyMGZvbmN0aW9uJTIwZHUlMjBwcm9kdWl0JTIwZCVFMiU4MCU5OWFzc3VyYW5jZS4lM0MlMkZwJTNFJTNDJTJGZGl2JTNFJTBBJTNDJTJGZGl2JTNF[\/vc_raw_html][\/vc_column_inner][\/vc_row_inner][\/vc_column][\/vc_row][vc_row gap=\u00a0\u00bb35&Prime; el_class=\u00a0\u00bbivari-row\u00a0\u00bb][vc_column width=\u00a0\u00bb2\/3&Prime;][vc_tta_accordion shape=\u00a0\u00bbsquare\u00a0\u00bb active_section=\u00a0\u00bb\u00a0\u00bb collapsible_all=\u00a0\u00bbtrue\u00a0\u00bb][vc_tta_section title=\u00a0\u00bbAssurance vie\u00a0\u00bb tab_id=\u00a0\u00bbAssurance-vie\u00a0\u00bb][vc_column_text css=\u00a0\u00bb\u00a0\u00bb]Pour les demandes de r\u00e8glement visant l\u2019assurance vie universelle, l\u2019assurance vie temporaire et l\u2019assurance \u00e0 \u00e9tablissement simplifi\u00e9 ou garanti.<\/p>\n<p>Vous pouvez soumettre une demande de r\u00e8glement de l\u2019une des fa\u00e7ons suivantes\u00a0: <a href=\"https:\/\/webapp.ivari.ca\/eClaimForm\/Home\/index\/fr\" target=\"_blank\" rel=\"noopener noreferrer\">en ligne<\/a>, par t\u00e9l\u00e9phone au 1-800-846-5970 ou par courriel \u00e0 <a href=\"mailto:reclamations@ivari.ca\">reclamations@ivari.ca<\/a>. Pour entamer le processus, nous aurons besoin des renseignements suivants.<\/p>\n<p class=\"lead fuchsia\">Assurance vie :<\/p>\n<ul class=\"simple-list-1\">\n<li>Num\u00e9ro de police<\/li>\n<li>Pr\u00e9nom et nom de famille de l\u2019assur\u00e9<\/li>\n<li>Cause du d\u00e9c\u00e8s (accident ou maladie)<\/li>\n<li>Date de naissance<\/li>\n<li>Pays o\u00f9 est survenu le d\u00e9c\u00e8s (renseignement important)<\/li>\n<\/ul>\n<p class=\"lead fuchsia\">Prestation du vivant de l\u2019assur\u00e9 au titre d\u2019une police d\u2019assurance vie universelle :<\/p>\n<p><strong>Invalidit\u00e9 professionnelle :<\/strong><\/p>\n<ul class=\"simple-list-1\">\n<li>Num\u00e9ro de police<\/li>\n<li>Date \u00e0 laquelle l\u2019assur\u00e9 a cess\u00e9 de travailler<\/li>\n<li>Cause de l\u2019invalidit\u00e9 professionnelle<\/li>\n<\/ul>\n<p><strong>Assurance maladies graves :<\/strong><\/p>\n<ul class=\"simple-list-1\">\n<li>Num\u00e9ro de police<\/li>\n<li>Date \u00e0 laquelle l\u2019assur\u00e9 a cess\u00e9 de travailler<\/li>\n<li>Type de maladie grave<\/li>\n<\/ul>\n<p><strong>Exon\u00e9ration des primes :<\/strong><\/p>\n<ul class=\"simple-list-1\">\n<li>Num\u00e9ro de police<\/li>\n<li>Pr\u00e9nom et nom de famille de l\u2019assur\u00e9<\/li>\n<li>Date \u00e0 laquelle l\u2019assur\u00e9 a cess\u00e9 de travailler<\/li>\n<li>Cause de l\u2019invalidit\u00e9<\/li>\n<\/ul>\n<p>Apr\u00e8s avoir \u00e9t\u00e9 avis\u00e9s du d\u00e9c\u00e8s ou du diagnostic de la maladie grave, nous transmettrons les instructions et les exigences pour le traitement de la demande de r\u00e8glement.[\/vc_column_text][\/vc_tta_section][vc_tta_section title=\u00a0\u00bbAssurance maladies graves\u00a0\u00bb tab_id=\u00a0\u00bbAssurance-maladies-graves\u00a0\u00bb][vc_column_text css=\u00a0\u00bb\u00a0\u00bb]Vous pouvez soumettre une demande de r\u00e8glement de l\u2019une des fa\u00e7ons suivantes\u00a0: <a href=\"https:\/\/webapp.ivari.ca\/eClaimForm\/Home\/Index_CI\/fr\" target=\"_blank\" rel=\"noopener noreferrer\">en ligne<\/a>, par t\u00e9l\u00e9phone au 1-800-846-5970 ou par courriel \u00e0 <a href=\"mailto:reclamations@ivari.ca\">reclamations@ivari.ca<\/a>. Pour entamer le processus, nous aurons besoin des renseignements suivants.<\/p>\n<ul class=\"simple-list-1\">\n<li>Num\u00e9ro de police<\/li>\n<li>Pr\u00e9nom et nom de famille de l\u2019assur\u00e9<\/li>\n<li>Diagnostic<\/li>\n<li>Date du diagnostic<\/li>\n<\/ul>\n<p>Apr\u00e8s avoir \u00e9t\u00e9 avis\u00e9s du d\u00e9c\u00e8s ou du diagnostic de la maladie grave, nous transmettrons les instructions et les exigences pour le traitement de la demande de r\u00e8glement.[\/vc_column_text][\/vc_tta_section][\/vc_tta_accordion][vc_row_inner showfor=\u00a0\u00bbnot_logged_in\u00a0\u00bb][vc_column_inner][vc_column_text]<\/p>\n<h2>Soumettre une demande de r\u00e8glement<\/h2>\n<p>Si vous pr\u00e9sentez une demande de r\u00e8glement au titre d\u2019une police d\u2019assurance vie, c\u2019est tr\u00e8s probablement parce que vous avez v\u00e9cu une perte personnelle. Puisqu\u2019il s\u2019agit d\u2019une p\u00e9riode difficile, notre premier souci consiste \u00e0 favoriser le plus possible la rapidit\u00e9 et la convivialit\u00e9 du processus. Nous esp\u00e9rons que cette vid\u00e9o vous aidera \u00e0 prendre connaissance des \u00e9tapes \u00e0 suivre pour soumettre votre demande de r\u00e8glement.[\/vc_column_text][\/vc_column_inner][\/vc_row_inner][vc_row_inner showfor=\u00a0\u00bbselected_user_roles\u00a0\u00bb selected_user_roles=\u00a0\u00bbadministrator, staff, wfg, greatway, brokerage\u00a0\u00bb][vc_column_inner][vc_column_text]<\/p>\n<h2>Soumettre une demande de r\u00e8glement<\/h2>\n<p>La demande de r\u00e8glement est l\u2019un des sujets sur lesquels nous recevons le plus de questions.<\/p>\n<p>L\u2019un des principaux aspects de votre r\u00f4le de conseiller consiste \u00e0 apporter votre soutien \u00e0 la famille de votre client pendant cette p\u00e9riode difficile.<\/p>\n<p>Nous cherchons \u00e0 favoriser le plus possible la rapidit\u00e9 et la convivialit\u00e9 du processus. Nous esp\u00e9rons donc que cette vid\u00e9o vous aidera \u00e0 expliquer \u00e0 la famille les \u00e9tapes \u00e0 suivre pour soumettre la demande de r\u00e8glement.[\/vc_column_text][\/vc_column_inner][\/vc_row_inner][\/vc_column][vc_column width=\u00a0\u00bb1\/3&Prime;][vc_row_inner el_class=\u00a0\u00bbblue-alert-box\u00a0\u00bb][vc_column_inner][vc_column_text]<img decoding=\"async\" class=\"info-icon\" title=\"Information\" src=\"\/files\/2021\/11\/info-icon.svg\" alt=\"info icon\" \/><\/p>\n<p class=\"white\">R\u00e9f\u00e9rez-vous au type de produit d\u2019assurance que vous d\u00e9tenez pour vous assurer que toutes les \u00e9tapes indiqu\u00e9es pour un traitement rapide de la demande sont suivies.<\/p>\n<p class=\"white\">Pour toute assistance suppl\u00e9mentaire, vous pouvez nous appeler sans frais au 1-800-846-5970 ou nous \u00e9crire \u00e0 l\u2019adresse <a class=\"white\" href=\"mailto:reclamations@ivari.ca\">reclamations@ivari.ca<\/a>.<\/p>\n<p>[\/vc_column_text][vc_btn title=\u00a0\u00bbBrochure sur les demandes de r\u00e8glement\u00a0\u00bb color=\u00a0\u00bbwhite\u00a0\u00bb align=\u00a0\u00bbcenter\u00a0\u00bb css=\u00a0\u00bb.vc_custom_1646246581111{margin-top: 30px !important;}\u00a0\u00bb link=\u00a0\u00bburl:%2Ffiles%2FLP1545FR.pdf|target:_blank\u00a0\u00bb][\/vc_column_inner][\/vc_row_inner][\/vc_column][\/vc_row][vc_row][vc_column][vc_video link=\u00a0\u00bbhttps:\/\/vimeo.com\/840951873\/9f1ab68f7c\u00a0\u00bb][\/vc_column][\/vc_row]<\/p>\n<\/div>","protected":false},"excerpt":{"rendered":"<p>JTNDZGl2JTIwY2xhc3MlM0QlMjJmbGV4LWNvbnRhaW5lciUyMiUzRSUwQSUyMCUyMCUzQ2RpdiUyMGNsYXNzJTNEJTIyZmxleC1pdGVtJTIyJTNFJTNDaW1nJTIwc3JjJTNEJTIyJTJGZmlsZXMlMkYyMDIxJTJGMTElMkZNYWtpbmctYS1jbGFpbS1pY29uLnN2ZyUyMiUyMGFsdCUzRCUyMlBlb3BsZSUyMGljb24lMjIlMjB0aXRsZSUzRCUyMiU1QnNjX3Bvc3RfdGl0bGUlNUQlMjIlMjBjbGFzcyUzRCUyMnBhZ2UtYmFubmVyLWljb24lMjIlM0UlM0MlMkZkaXYlM0UlMEElMjAlMjAlM0NkaXYlMjBjbGFzcyUzRCUyMmZsZXgtaXRlbSUyMiUzRSUzQ2gxJTNFJTVCc2NfcG9zdF90aXRsZSU1RCUzQyUyRmgxJTNFJTNDcCUyMGNsYXNzJTNEJTIyc3ViaGVhZGluZyUyMiUzRU5vdHJlJTIwciVDMyVCNGxlJTIwY29uc2lzdGUlMjAlQzMlQTAlMjB2b3VzJTIwZmFjaWxpdGVyJTIwbGElMjB0JUMzJUEyY2hlJTIwcGVuZGFudCUyMGxlJTIwcHJvY2Vzc3VzJTIwZGUlMjBzb3VtaXNzaW9uJTIwZCVFMiU4MCU5OXVuZSUyMGRlbWFuZGUlMjBkZSUyMHIlQzMlQThnbGVtZW50LiUyMENlJTIwcHJvY2Vzc3VzJTIwdmFyaWUlMjBlbiUyMGZvbmN0aW9uJTIwZHUlMjBwcm9kdWl0JTIwZCVFMiU4MCU5OWFzc3VyYW5jZS4lM0MlMkZwJTNFJTNDJTJGZGl2JTNFJTBBJTNDJTJGZGl2JTNFPour les demandes de r\u00e8glement visant l\u2019assurance vie universelle, l\u2019assurance vie temporaire et l\u2019assurance \u00e0 \u00e9tablissement simplifi\u00e9 ou garanti. Vous pouvez soumettre une demande de r\u00e8glement de l\u2019une&#8230;<\/p>\n","protected":false},"author":2,"featured_media":0,"parent":38403,"menu_order":0,"comment_status":"closed","ping_status":"closed","template":"","meta":{"_acf_changed":false,"_searchwp_excluded":"","footnotes":""},"query_groups":[],"class_list":["post-38535","page","type-page","status-publish","hentry"],"acf":[],"yoast_head":"<!-- This site is optimized with the Yoast SEO plugin v27.3 - https:\/\/yoast.com\/product\/yoast-seo-wordpress\/ -->\n<title>Demandes de r\u00e8glement - ivari<\/title>\n<meta name=\"robots\" content=\"index, follow, max-snippet:-1, max-image-preview:large, max-video-preview:-1\" \/>\n<link rel=\"canonical\" href=\"https:\/\/ivari.ca\/fr\/ressources\/faq\/demandes-de-reglement\/\" \/>\n<meta property=\"og:locale\" content=\"fr_FR\" \/>\n<meta property=\"og:type\" content=\"article\" \/>\n<meta property=\"og:title\" content=\"Demandes de r\u00e8glement - ivari\" \/>\n<meta property=\"og:description\" content=\"JTNDZGl2JTIwY2xhc3MlM0QlMjJmbGV4LWNvbnRhaW5lciUyMiUzRSUwQSUyMCUyMCUzQ2RpdiUyMGNsYXNzJTNEJTIyZmxleC1pdGVtJTIyJTNFJTNDaW1nJTIwc3JjJTNEJTIyJTJGZmlsZXMlMkYyMDIxJTJGMTElMkZNYWtpbmctYS1jbGFpbS1pY29uLnN2ZyUyMiUyMGFsdCUzRCUyMlBlb3BsZSUyMGljb24lMjIlMjB0aXRsZSUzRCUyMiU1QnNjX3Bvc3RfdGl0bGUlNUQlMjIlMjBjbGFzcyUzRCUyMnBhZ2UtYmFubmVyLWljb24lMjIlM0UlM0MlMkZkaXYlM0UlMEElMjAlMjAlM0NkaXYlMjBjbGFzcyUzRCUyMmZsZXgtaXRlbSUyMiUzRSUzQ2gxJTNFJTVCc2NfcG9zdF90aXRsZSU1RCUzQyUyRmgxJTNFJTNDcCUyMGNsYXNzJTNEJTIyc3ViaGVhZGluZyUyMiUzRU5vdHJlJTIwciVDMyVCNGxlJTIwY29uc2lzdGUlMjAlQzMlQTAlMjB2b3VzJTIwZmFjaWxpdGVyJTIwbGElMjB0JUMzJUEyY2hlJTIwcGVuZGFudCUyMGxlJTIwcHJvY2Vzc3VzJTIwZGUlMjBzb3VtaXNzaW9uJTIwZCVFMiU4MCU5OXVuZSUyMGRlbWFuZGUlMjBkZSUyMHIlQzMlQThnbGVtZW50LiUyMENlJTIwcHJvY2Vzc3VzJTIwdmFyaWUlMjBlbiUyMGZvbmN0aW9uJTIwZHUlMjBwcm9kdWl0JTIwZCVFMiU4MCU5OWFzc3VyYW5jZS4lM0MlMkZwJTNFJTNDJTJGZGl2JTNFJTBBJTNDJTJGZGl2JTNFPour les demandes de r\u00e8glement visant l\u2019assurance vie universelle, l\u2019assurance vie temporaire et l\u2019assurance \u00e0 \u00e9tablissement simplifi\u00e9 ou garanti. Vous pouvez soumettre une demande de r\u00e8glement de l\u2019une...\" \/>\n<meta property=\"og:url\" content=\"https:\/\/ivari.ca\/fr\/ressources\/faq\/demandes-de-reglement\/\" \/>\n<meta property=\"og:site_name\" content=\"ivari\" \/>\n<meta property=\"article:modified_time\" content=\"2024-12-13T14:59:20+00:00\" \/>\n<meta name=\"twitter:card\" content=\"summary_large_image\" \/>\n<meta name=\"twitter:label1\" content=\"Dur\u00e9e de lecture estim\u00e9e\" \/>\n\t<meta name=\"twitter:data1\" content=\"3 minutes\" \/>\n<script type=\"application\/ld+json\" class=\"yoast-schema-graph\">{\"@context\":\"https:\\\/\\\/schema.org\",\"@graph\":[{\"@type\":\"WebPage\",\"@id\":\"https:\\\/\\\/ivari.ca\\\/fr\\\/ressources\\\/faq\\\/demandes-de-reglement\\\/\",\"url\":\"https:\\\/\\\/ivari.ca\\\/fr\\\/ressources\\\/faq\\\/demandes-de-reglement\\\/\",\"name\":\"Demandes de r\u00e8glement - ivari\",\"isPartOf\":{\"@id\":\"https:\\\/\\\/ivari.ca\\\/#website\"},\"datePublished\":\"2020-09-09T04:46:37+00:00\",\"dateModified\":\"2024-12-13T14:59:20+00:00\",\"breadcrumb\":{\"@id\":\"https:\\\/\\\/ivari.ca\\\/fr\\\/ressources\\\/faq\\\/demandes-de-reglement\\\/#breadcrumb\"},\"inLanguage\":\"fr-FR\",\"potentialAction\":[{\"@type\":\"ReadAction\",\"target\":[\"https:\\\/\\\/ivari.ca\\\/fr\\\/ressources\\\/faq\\\/demandes-de-reglement\\\/\"]}]},{\"@type\":\"BreadcrumbList\",\"@id\":\"https:\\\/\\\/ivari.ca\\\/fr\\\/ressources\\\/faq\\\/demandes-de-reglement\\\/#breadcrumb\",\"itemListElement\":[{\"@type\":\"ListItem\",\"position\":1,\"name\":\"Home\",\"item\":\"https:\\\/\\\/ivari.ca\\\/fr\\\/\"},{\"@type\":\"ListItem\",\"position\":2,\"name\":\"Ressources\",\"item\":\"https:\\\/\\\/ivari.ca\\\/fr\\\/ressources\\\/\"},{\"@type\":\"ListItem\",\"position\":3,\"name\":\"FAQ\",\"item\":\"https:\\\/\\\/ivari.ca\\\/fr\\\/ressources\\\/faq\\\/\"},{\"@type\":\"ListItem\",\"position\":4,\"name\":\"Demandes de r\u00e8glement\"}]},{\"@type\":\"WebSite\",\"@id\":\"https:\\\/\\\/ivari.ca\\\/#website\",\"url\":\"https:\\\/\\\/ivari.ca\\\/\",\"name\":\"ivari\",\"description\":\"\",\"potentialAction\":[{\"@type\":\"SearchAction\",\"target\":{\"@type\":\"EntryPoint\",\"urlTemplate\":\"https:\\\/\\\/ivari.ca\\\/?s={search_term_string}\"},\"query-input\":{\"@type\":\"PropertyValueSpecification\",\"valueRequired\":true,\"valueName\":\"search_term_string\"}}],\"inLanguage\":\"fr-FR\"}]}<\/script>\n<!-- \/ Yoast SEO plugin. -->","yoast_head_json":{"title":"Demandes de r\u00e8glement - ivari","robots":{"index":"index","follow":"follow","max-snippet":"max-snippet:-1","max-image-preview":"max-image-preview:large","max-video-preview":"max-video-preview:-1"},"canonical":"https:\/\/ivari.ca\/fr\/ressources\/faq\/demandes-de-reglement\/","og_locale":"fr_FR","og_type":"article","og_title":"Demandes de r\u00e8glement - ivari","og_description":"JTNDZGl2JTIwY2xhc3MlM0QlMjJmbGV4LWNvbnRhaW5lciUyMiUzRSUwQSUyMCUyMCUzQ2RpdiUyMGNsYXNzJTNEJTIyZmxleC1pdGVtJTIyJTNFJTNDaW1nJTIwc3JjJTNEJTIyJTJGZmlsZXMlMkYyMDIxJTJGMTElMkZNYWtpbmctYS1jbGFpbS1pY29uLnN2ZyUyMiUyMGFsdCUzRCUyMlBlb3BsZSUyMGljb24lMjIlMjB0aXRsZSUzRCUyMiU1QnNjX3Bvc3RfdGl0bGUlNUQlMjIlMjBjbGFzcyUzRCUyMnBhZ2UtYmFubmVyLWljb24lMjIlM0UlM0MlMkZkaXYlM0UlMEElMjAlMjAlM0NkaXYlMjBjbGFzcyUzRCUyMmZsZXgtaXRlbSUyMiUzRSUzQ2gxJTNFJTVCc2NfcG9zdF90aXRsZSU1RCUzQyUyRmgxJTNFJTNDcCUyMGNsYXNzJTNEJTIyc3ViaGVhZGluZyUyMiUzRU5vdHJlJTIwciVDMyVCNGxlJTIwY29uc2lzdGUlMjAlQzMlQTAlMjB2b3VzJTIwZmFjaWxpdGVyJTIwbGElMjB0JUMzJUEyY2hlJTIwcGVuZGFudCUyMGxlJTIwcHJvY2Vzc3VzJTIwZGUlMjBzb3VtaXNzaW9uJTIwZCVFMiU4MCU5OXVuZSUyMGRlbWFuZGUlMjBkZSUyMHIlQzMlQThnbGVtZW50LiUyMENlJTIwcHJvY2Vzc3VzJTIwdmFyaWUlMjBlbiUyMGZvbmN0aW9uJTIwZHUlMjBwcm9kdWl0JTIwZCVFMiU4MCU5OWFzc3VyYW5jZS4lM0MlMkZwJTNFJTNDJTJGZGl2JTNFJTBBJTNDJTJGZGl2JTNFPour les demandes de r\u00e8glement visant l\u2019assurance vie universelle, l\u2019assurance vie temporaire et l\u2019assurance \u00e0 \u00e9tablissement simplifi\u00e9 ou garanti. Vous pouvez soumettre une demande de r\u00e8glement de l\u2019une...","og_url":"https:\/\/ivari.ca\/fr\/ressources\/faq\/demandes-de-reglement\/","og_site_name":"ivari","article_modified_time":"2024-12-13T14:59:20+00:00","twitter_card":"summary_large_image","twitter_misc":{"Dur\u00e9e de lecture estim\u00e9e":"3 minutes"},"schema":{"@context":"https:\/\/schema.org","@graph":[{"@type":"WebPage","@id":"https:\/\/ivari.ca\/fr\/ressources\/faq\/demandes-de-reglement\/","url":"https:\/\/ivari.ca\/fr\/ressources\/faq\/demandes-de-reglement\/","name":"Demandes de r\u00e8glement - ivari","isPartOf":{"@id":"https:\/\/ivari.ca\/#website"},"datePublished":"2020-09-09T04:46:37+00:00","dateModified":"2024-12-13T14:59:20+00:00","breadcrumb":{"@id":"https:\/\/ivari.ca\/fr\/ressources\/faq\/demandes-de-reglement\/#breadcrumb"},"inLanguage":"fr-FR","potentialAction":[{"@type":"ReadAction","target":["https:\/\/ivari.ca\/fr\/ressources\/faq\/demandes-de-reglement\/"]}]},{"@type":"BreadcrumbList","@id":"https:\/\/ivari.ca\/fr\/ressources\/faq\/demandes-de-reglement\/#breadcrumb","itemListElement":[{"@type":"ListItem","position":1,"name":"Home","item":"https:\/\/ivari.ca\/fr\/"},{"@type":"ListItem","position":2,"name":"Ressources","item":"https:\/\/ivari.ca\/fr\/ressources\/"},{"@type":"ListItem","position":3,"name":"FAQ","item":"https:\/\/ivari.ca\/fr\/ressources\/faq\/"},{"@type":"ListItem","position":4,"name":"Demandes de r\u00e8glement"}]},{"@type":"WebSite","@id":"https:\/\/ivari.ca\/#website","url":"https:\/\/ivari.ca\/","name":"ivari","description":"","potentialAction":[{"@type":"SearchAction","target":{"@type":"EntryPoint","urlTemplate":"https:\/\/ivari.ca\/?s={search_term_string}"},"query-input":{"@type":"PropertyValueSpecification","valueRequired":true,"valueName":"search_term_string"}}],"inLanguage":"fr-FR"}]}},"_links":{"self":[{"href":"https:\/\/ivari.ca\/fr\/wp-json\/wp\/v2\/pages\/38535","targetHints":{"allow":["GET"]}}],"collection":[{"href":"https:\/\/ivari.ca\/fr\/wp-json\/wp\/v2\/pages"}],"about":[{"href":"https:\/\/ivari.ca\/fr\/wp-json\/wp\/v2\/types\/page"}],"author":[{"embeddable":true,"href":"https:\/\/ivari.ca\/fr\/wp-json\/wp\/v2\/users\/2"}],"replies":[{"embeddable":true,"href":"https:\/\/ivari.ca\/fr\/wp-json\/wp\/v2\/comments?post=38535"}],"version-history":[{"count":0,"href":"https:\/\/ivari.ca\/fr\/wp-json\/wp\/v2\/pages\/38535\/revisions"}],"up":[{"embeddable":true,"href":"https:\/\/ivari.ca\/fr\/wp-json\/wp\/v2\/pages\/38403"}],"wp:attachment":[{"href":"https:\/\/ivari.ca\/fr\/wp-json\/wp\/v2\/media?parent=38535"}],"wp:term":[{"taxonomy":"query_groups","embeddable":true,"href":"https:\/\/ivari.ca\/fr\/wp-json\/wp\/v2\/query_groups?post=38535"}],"curies":[{"name":"wp","href":"https:\/\/api.w.org\/{rel}","templated":true}]}}