



{"id":38529,"date":"2020-09-09T00:38:04","date_gmt":"2020-09-09T04:38:04","guid":{"rendered":"https:\/\/ivari.ca\/?page_id=38529"},"modified":"2023-11-06T01:55:32","modified_gmt":"2023-11-06T06:55:32","slug":"planification-de-lassurance","status":"publish","type":"page","link":"https:\/\/ivari.ca\/fr\/produits\/assurance\/planification-de-lassurance\/","title":{"rendered":"Planification de l\u2019assurance"},"content":{"rendered":"<div class=\"wpb-content-wrapper\"><p>[vc_row el_class=\u00a0\u00bbwhats-happening-banner\u00a0\u00bb el_id=\u00a0\u00bbgrey-page-banner\u00a0\u00bb][vc_column][vc_row_inner content_placement=\u00a0\u00bbmiddle\u00a0\u00bb css=\u00a0\u00bb.vc_custom_1635351403459{background-image: url(https:\/\/ivari.ca\/files\/2021\/10\/grey-watercolour-bg-scaled.jpg?id=34985) !important;background-position: center !important;background-repeat: no-repeat !important;background-size: cover !important;}\u00a0\u00bb][vc_column_inner][vc_raw_html]JTNDZGl2JTIwY2xhc3MlM0QlMjJmbGV4LWNvbnRhaW5lciUyMiUzRSUwQSUyMCUyMCUzQ2RpdiUyMGNsYXNzJTNEJTIyZmxleC1pdGVtJTIyJTNFJTNDaW1nJTIwc3JjJTNEJTIyJTJGd3AtY29udGVudCUyRnVwbG9hZHMlMkYyMDIxJTJGMTElMkZJbnN1cmFuY2UtcGxhbm5pbmctaWNvbi5zdmclMjIlMjBhbHQlM0QlMjJNYXAlMjBsb2dvJTIyJTIwdGl0bGUlM0QlMjIlNUJzY19wb3N0X3RpdGxlJTVEJTIyJTIwY2xhc3MlM0QlMjJwYWdlLWJhbm5lci1pY29uJTIyJTNFJTNDJTJGZGl2JTNFJTBBJTIwJTIwJTNDZGl2JTIwY2xhc3MlM0QlMjJmbGV4LWl0ZW0lMjIlM0UlM0NoMSUzRSU1QnNjX3Bvc3RfdGl0bGUlNUQlM0MlMkZoMSUzRSUzQyUyRmRpdiUzRSUwQSUzQyUyRmRpdiUzRQ==[\/vc_raw_html][\/vc_column_inner][\/vc_row_inner][\/vc_column][\/vc_row][vc_row el_id=\u00a0\u00bbpage-subheader\u00a0\u00bb][vc_column][vc_column_text]<\/p>\n<p class=\"white\">La prise de conscience de la valeur de l\u2019assurance est essentielle \u00e0 la prise de d\u00e9cision en mati\u00e8re de protection. Il ne s\u2019agit pas uniquement de choisir des produits. Une bonne gestion de votre argent prend de la bonne planification.<\/p>\n<p class=\"white\">Cette rubrique vous en apprendra plus sur la planification de l\u2019assurance et sur les options qu\u2019 ivari vous propose pour vous aider \u00e0 prot\u00e9ger votre famille\u2026 aujourd\u2019hui et demain.<\/p>\n<p>[\/vc_column_text][\/vc_column][\/vc_row][vc_row gap=\u00a0\u00bb35&Prime; equal_height=\u00a0\u00bbyes\u00a0\u00bb el_class=\u00a0\u00bbivari-row\u00a0\u00bb][vc_column width=\u00a0\u00bb1\/3&Prime; el_class=\u00a0\u00bbcontent-box\u00a0\u00bb][vc_single_image image=\u00a0\u00bb35137&Prime;][vc_column_text]<\/p>\n<h3>Constituez un patrimoine pour vos enfants<\/h3>\n<p>All\u00e9ger le fardeau fiscal de vos h\u00e9ritiers est un \u00e9l\u00e9ment cl\u00e9 de tout plan financier qui se respecte. L\u2019assurance vie universelle peut vous aider \u00e0 transf\u00e9rer votre patrimoine tout en r\u00e9duisant au minimum les droits successoraux.[\/vc_column_text][vc_btn title=\u00a0\u00bbEn savoir plus\u00a0\u00bb color=\u00a0\u00bbblue\u00a0\u00bb link=\u00a0\u00bburl:https%3A%2F%2Fivari.ca%2Ffr%2Fressources%2Ffaq%2Fbonnes-lectures%2Fconstituez-un-patrimoine-pour-vos-enfants%2F|title:Pr%C3%A9valez-vous%20de%20l%E2%80%99assurance%20vie%20pour%20vous%20constituer%20un%20patrimoine\u00a0\u00bb][\/vc_column][vc_column width=\u00a0\u00bb1\/3&Prime; el_class=\u00a0\u00bbcontent-box\u00a0\u00bb][vc_single_image image=\u00a0\u00bb34932&Prime;][vc_column_text]<\/p>\n<h3>Osez r\u00eaver!<\/h3>\n<p>Que vous r\u00eaviez, pour vos beaux jours, de faire le tour des Cara\u00efbes en bateau, de vous pr\u00e9lasser au chalet ou de passer du bon temps entour\u00e9 de vos petits-enfants, l\u2019assurance vie peut vous aider \u00e0 faire de vos r\u00eaves de retraite une r\u00e9alit\u00e9.[\/vc_column_text][vc_btn title=\u00a0\u00bbEn savoir plus\u00a0\u00bb color=\u00a0\u00bbblue\u00a0\u00bb link=\u00a0\u00bburl:https%3A%2F%2Fivari.ca%2Ffr%2Fressources%2Ffaq%2Fbonnes-lectures%2Fpour-faire-de-vos-reves-de-retraite-une-realite%2F|title:Augmentez%20votre%20revenu%20de%20retraite%20gr%C3%A2ce%20%C3%A0%20l%E2%80%99assurance%20vie\u00a0\u00bb][\/vc_column][vc_column width=\u00a0\u00bb1\/3&Prime; el_class=\u00a0\u00bbcontent-box\u00a0\u00bb][vc_single_image image=\u00a0\u00bb35141&Prime;][vc_column_text]<\/p>\n<h3>Assurez votre hypoth\u00e8que<\/h3>\n<p>L\u2019assurance hypoth\u00e9caire propos\u00e9e par les banques est-elle la meilleure fa\u00e7on de prot\u00e9ger votre hypoth\u00e8que? D\u00e9couvrez comment l\u2019assurance temporaire peut, pour moins cher, prot\u00e9ger \u00e0 la fois votre hypoth\u00e8que et votre famille.[\/vc_column_text][vc_btn title=\u00a0\u00bbEn savoir plus\u00a0\u00bb color=\u00a0\u00bbblue\u00a0\u00bb link=\u00a0\u00bburl:https%3A%2F%2Fivari.ca%2Ffr%2Fressources%2Ffaq%2Fbonnes-lectures%2Fassurez-votre-hypotheque%2F|title:Prot%C3%A9gez%20votre%20hypoth%C3%A8que%20et%20votre%20famille%20gr%C3%A2ce%20%C3%A0%20l%E2%80%99assurance%20temporaire%20%E2%80%BA\u00a0\u00bb][\/vc_column][\/vc_row][vc_row][vc_column]<div class=\"templatera_shortcode\"><div id=\"how-much-insurance\" data-vc-full-width=\"true\" data-vc-full-width-init=\"false\" class=\"vc_row wpb_row vc_row-fluid cta vc_custom_1635271851287 vc_row-has-fill vc_row-stretch\"><div class=\"wpb_column vc_column_container vc_col-sm-12\"><div class=\"vc_column-inner \"><div class=\"wpb_wrapper\">\n\t<div class=\"wpb_text_column wpb_content_element \">\n\t\t<div class=\"wpb_wrapper\">\n\t\t\t<h2>De combien d\u2019assurance avez-vous vraiment besoin?<\/h2>\n<p>Vos besoins en assurance \u00e9voluent tout au long de la vie. De combien d\u2019assurance avez-vous besoin aujourd\u2019hui? Qu\u2019en est il de demain?<\/p>\n<p>D\u00e9couvrez le montant d\u2019assurance qui vous convient et le moment o\u00f9 vous en aurez besoin en utilisant la calculatrice Portrait-Assurance d\u2019ivari.<\/p>\n<p><a class=\"arrow-link white\" href=\"\/portraitassurance\/\" target=\"_blank\" rel=\"noopener\">Essayez Portrait-Assurance<\/a><\/p>\n\n\t\t<\/div>\n\t<\/div>\n<\/div><\/div><\/div><\/div><div class=\"vc_row-full-width vc_clearfix\"><\/div><\/div>[\/vc_column][\/vc_row]<\/p>\n<\/div>","protected":false},"excerpt":{"rendered":"Planification de l\u2019assurance La prise de conscience de la valeur de l\u2019assurance est essentielle \u00e0 la prise de d\u00e9cision en mati\u00e8re de protection. Il ne s\u2019agit pas uniquement de choisir des produits. Une bonne gestion de votre argent prend de la bonne planification. Cette rubrique vous en apprendra plus sur...","protected":false},"author":2,"featured_media":0,"parent":41259,"menu_order":0,"comment_status":"closed","ping_status":"closed","template":"","meta":{"_acf_changed":false,"_searchwp_excluded":"","footnotes":""},"query_groups":[],"class_list":["post-38529","page","type-page","status-publish","hentry"],"acf":[],"yoast_head":"<!-- This site is optimized with the Yoast SEO plugin v27.2 - https:\/\/yoast.com\/product\/yoast-seo-wordpress\/ -->\n<title>Planification de l\u2019assurance - ivari<\/title>\n<meta name=\"robots\" content=\"index, follow, max-snippet:-1, max-image-preview:large, max-video-preview:-1\" \/>\n<link rel=\"canonical\" href=\"https:\/\/ivari.ca\/fr\/produits\/assurance\/planification-de-lassurance\/\" \/>\n<meta property=\"og:locale\" content=\"fr_FR\" \/>\n<meta property=\"og:type\" content=\"article\" \/>\n<meta property=\"og:title\" content=\"Planification de l\u2019assurance - ivari\" \/>\n<meta property=\"og:url\" content=\"https:\/\/ivari.ca\/fr\/produits\/assurance\/planification-de-lassurance\/\" \/>\n<meta property=\"og:site_name\" content=\"ivari\" \/>\n<meta property=\"article:modified_time\" content=\"2023-11-06T06:55:32+00:00\" \/>\n<meta name=\"twitter:card\" content=\"summary_large_image\" \/>\n<meta name=\"twitter:label1\" content=\"Dur\u00e9e de lecture estim\u00e9e\" \/>\n\t<meta name=\"twitter:data1\" content=\"2 minutes\" \/>\n<script type=\"application\/ld+json\" class=\"yoast-schema-graph\">{\"@context\":\"https:\/\/schema.org\",\"@graph\":[{\"@type\":\"WebPage\",\"@id\":\"https:\/\/ivari.ca\/fr\/produits\/assurance\/planification-de-lassurance\/\",\"url\":\"https:\/\/ivari.ca\/fr\/produits\/assurance\/planification-de-lassurance\/\",\"name\":\"Planification de l\u2019assurance - ivari\",\"isPartOf\":{\"@id\":\"https:\/\/ivari.ca\/#website\"},\"datePublished\":\"2020-09-09T04:38:04+00:00\",\"dateModified\":\"2023-11-06T06:55:32+00:00\",\"breadcrumb\":{\"@id\":\"https:\/\/ivari.ca\/fr\/produits\/assurance\/planification-de-lassurance\/#breadcrumb\"},\"inLanguage\":\"fr-FR\",\"potentialAction\":[{\"@type\":\"ReadAction\",\"target\":[\"https:\/\/ivari.ca\/fr\/produits\/assurance\/planification-de-lassurance\/\"]}]},{\"@type\":\"BreadcrumbList\",\"@id\":\"https:\/\/ivari.ca\/fr\/produits\/assurance\/planification-de-lassurance\/#breadcrumb\",\"itemListElement\":[{\"@type\":\"ListItem\",\"position\":1,\"name\":\"Home\",\"item\":\"https:\/\/ivari.ca\/fr\/\"},{\"@type\":\"ListItem\",\"position\":2,\"name\":\"Produits\",\"item\":\"https:\/\/ivari.ca\/fr\/produits\/\"},{\"@type\":\"ListItem\",\"position\":3,\"name\":\"Assurance\",\"item\":\"https:\/\/ivari.ca\/fr\/produits\/assurance\/\"},{\"@type\":\"ListItem\",\"position\":4,\"name\":\"Planification de l\u2019assurance\"}]},{\"@type\":\"WebSite\",\"@id\":\"https:\/\/ivari.ca\/#website\",\"url\":\"https:\/\/ivari.ca\/\",\"name\":\"ivari\",\"description\":\"\",\"potentialAction\":[{\"@type\":\"SearchAction\",\"target\":{\"@type\":\"EntryPoint\",\"urlTemplate\":\"https:\/\/ivari.ca\/?s={search_term_string}\"},\"query-input\":{\"@type\":\"PropertyValueSpecification\",\"valueRequired\":true,\"valueName\":\"search_term_string\"}}],\"inLanguage\":\"fr-FR\"}]}<\/script>\n<!-- \/ Yoast SEO plugin. -->","yoast_head_json":{"title":"Planification de l\u2019assurance - ivari","robots":{"index":"index","follow":"follow","max-snippet":"max-snippet:-1","max-image-preview":"max-image-preview:large","max-video-preview":"max-video-preview:-1"},"canonical":"https:\/\/ivari.ca\/fr\/produits\/assurance\/planification-de-lassurance\/","og_locale":"fr_FR","og_type":"article","og_title":"Planification de l\u2019assurance - ivari","og_url":"https:\/\/ivari.ca\/fr\/produits\/assurance\/planification-de-lassurance\/","og_site_name":"ivari","article_modified_time":"2023-11-06T06:55:32+00:00","twitter_card":"summary_large_image","twitter_misc":{"Dur\u00e9e de lecture estim\u00e9e":"2 minutes"},"schema":{"@context":"https:\/\/schema.org","@graph":[{"@type":"WebPage","@id":"https:\/\/ivari.ca\/fr\/produits\/assurance\/planification-de-lassurance\/","url":"https:\/\/ivari.ca\/fr\/produits\/assurance\/planification-de-lassurance\/","name":"Planification de l\u2019assurance - ivari","isPartOf":{"@id":"https:\/\/ivari.ca\/#website"},"datePublished":"2020-09-09T04:38:04+00:00","dateModified":"2023-11-06T06:55:32+00:00","breadcrumb":{"@id":"https:\/\/ivari.ca\/fr\/produits\/assurance\/planification-de-lassurance\/#breadcrumb"},"inLanguage":"fr-FR","potentialAction":[{"@type":"ReadAction","target":["https:\/\/ivari.ca\/fr\/produits\/assurance\/planification-de-lassurance\/"]}]},{"@type":"BreadcrumbList","@id":"https:\/\/ivari.ca\/fr\/produits\/assurance\/planification-de-lassurance\/#breadcrumb","itemListElement":[{"@type":"ListItem","position":1,"name":"Home","item":"https:\/\/ivari.ca\/fr\/"},{"@type":"ListItem","position":2,"name":"Produits","item":"https:\/\/ivari.ca\/fr\/produits\/"},{"@type":"ListItem","position":3,"name":"Assurance","item":"https:\/\/ivari.ca\/fr\/produits\/assurance\/"},{"@type":"ListItem","position":4,"name":"Planification de l\u2019assurance"}]},{"@type":"WebSite","@id":"https:\/\/ivari.ca\/#website","url":"https:\/\/ivari.ca\/","name":"ivari","description":"","potentialAction":[{"@type":"SearchAction","target":{"@type":"EntryPoint","urlTemplate":"https:\/\/ivari.ca\/?s={search_term_string}"},"query-input":{"@type":"PropertyValueSpecification","valueRequired":true,"valueName":"search_term_string"}}],"inLanguage":"fr-FR"}]}},"_links":{"self":[{"href":"https:\/\/ivari.ca\/fr\/wp-json\/wp\/v2\/pages\/38529","targetHints":{"allow":["GET"]}}],"collection":[{"href":"https:\/\/ivari.ca\/fr\/wp-json\/wp\/v2\/pages"}],"about":[{"href":"https:\/\/ivari.ca\/fr\/wp-json\/wp\/v2\/types\/page"}],"author":[{"embeddable":true,"href":"https:\/\/ivari.ca\/fr\/wp-json\/wp\/v2\/users\/2"}],"replies":[{"embeddable":true,"href":"https:\/\/ivari.ca\/fr\/wp-json\/wp\/v2\/comments?post=38529"}],"version-history":[{"count":0,"href":"https:\/\/ivari.ca\/fr\/wp-json\/wp\/v2\/pages\/38529\/revisions"}],"up":[{"embeddable":true,"href":"https:\/\/ivari.ca\/fr\/wp-json\/wp\/v2\/pages\/41259"}],"wp:attachment":[{"href":"https:\/\/ivari.ca\/fr\/wp-json\/wp\/v2\/media?parent=38529"}],"wp:term":[{"taxonomy":"query_groups","embeddable":true,"href":"https:\/\/ivari.ca\/fr\/wp-json\/wp\/v2\/query_groups?post=38529"}],"curies":[{"name":"wp","href":"https:\/\/api.w.org\/{rel}","templated":true}]}}