



{"id":38520,"date":"2020-09-09T00:37:07","date_gmt":"2020-09-09T04:37:07","guid":{"rendered":"https:\/\/ivari.ca\/?page_id=38520"},"modified":"2025-06-24T12:17:33","modified_gmt":"2025-06-24T16:17:33","slug":"apercu","status":"publish","type":"page","link":"https:\/\/ivari.ca\/fr\/produits\/assurance\/apercu\/","title":{"rendered":"Aper\u00e7u"},"content":{"rendered":"<div class=\"wpb-content-wrapper\"><p>[vc_row css=\u00a0\u00bb.vc_custom_1633110907975{background-position: center !important;background-repeat: no-repeat !important;background-size: cover !important;}\u00a0\u00bb el_id=\u00a0\u00bbpost-banner\u00a0\u00bb][vc_column][vc_row_inner content_placement=\u00a0\u00bbbottom\u00a0\u00bb css=\u00a0\u00bb.vc_custom_1636126171847{background-image: url(https:\/\/ivari2021mobi.wpengine.com\/files\/2021\/11\/shutterstock_122222899-overview-scaled.jpg?id=35122) !important;background-position: center !important;background-repeat: no-repeat !important;background-size: cover !important;}\u00a0\u00bb el_class=\u00a0\u00bbpost-banner\u00a0\u00bb][vc_column_inner el_class=\u00a0\u00bbimage-row-text-column\u00a0\u00bb width=\u00a0\u00bb2\/5&Prime;][vc_column_text]<\/p>\n<h1>\t\t\t<span id=\"typedjs60\" class=\"animated-typed-js-shortcode \"><\/span>\n\t\t\t<script>\n\t\t\tvar typedjs60 = new Typed('#typedjs60', {\n\t\t\t\tstrings: [\"Parlons\\u2026 assurance vie pour prot\\u00e9ger votre famille\"],\n\t\t\t\ttypeSpeed: 80,\n\t\t\t\tbackSpeed: 50,\n\t\t\t\tbackDelay: 500,\n\t\t\t\tstartDelay: 1000,\n\t\t\t\tloop: false,\n\t\t\t\tloopCount: 0,\n\t\t\t\tfadeOut: false,\n\t\t\t\tfadeOutDelay: 500,\n\t\t\t\tsmartBackspace: true,\n\t\t\t\tshuffle: false,\n\t\t\t\tshowCursor: true,\n\t\t\t\tcursorChar: \"|\"\n\t\t\t});\n\t\t\t<\/script>\n\n\t\t<\/h1>\n<p>[\/vc_column_text][\/vc_column_inner][vc_column_inner width=\u00a0\u00bb3\/5&Prime;][\/vc_column_inner][\/vc_row_inner][\/vc_column][\/vc_row][vc_row el_id=\u00a0\u00bbpage-subheader\u00a0\u00bb][vc_column][vc_column_text]<\/p>\n<h2>Tout commence par une conversation.<\/h2>\n<p>[\/vc_column_text][\/vc_column][\/vc_row][vc_row el_class=\u00a0\u00bbivari-row\u00a0\u00bb][vc_column][vc_column_text]<\/p>\n<h2>Apaisez les craintes associ\u00e9es \u00e0 la souscription d\u2019une assurance<\/h2>\n<p>Vous trouverez ici des informations faciles \u00e0 comprendre sur les choix de couverture, telle que\u00a0<a href=\"\/fr\/produits\/assurance\/assurance-vie-universelle\/\">l\u2019assurance vie universelle<\/a>,\u00a0<a href=\"\/fr\/produits\/assurance\/assurance-vie-temporaire\/\">l\u2019assurance temporaire<\/a>\u00a0et\u00a0<a href=\"\/fr\/produits\/assurance\/assurance-maladies-graves\/\">l\u2019assurance maladies graves<\/a>.<\/p>\n<p>Un conseiller en assurance autoris\u00e9 peut r\u00e9pondre \u00e0 vos questions et cr\u00e9er un plan de protection personnalis\u00e9 qui s\u2019aligne sur vos besoins et votre budget.[\/vc_column_text][\/vc_column][\/vc_row][vc_row el_class=\u00a0\u00bbivari-row\u00a0\u00bb][vc_column][vc_column_text]<\/p>\n<h2>Types d\u2019assurance<\/h2>\n<p>Nous offrons une gamme compl\u00e8te de r\u00e9gimes d\u2019assurance. Faites votre choix![\/vc_column_text][vc_row_inner equal_height=\u00a0\u00bbyes\u00a0\u00bb gap=\u00a0\u00bb35&Prime;][vc_column_inner el_class=\u00a0\u00bbcontent-box\u00a0\u00bb width=\u00a0\u00bb1\/3&Prime;][vc_single_image image=\u00a0\u00bb48611&Prime; alignment=\u00a0\u00bbcenter\u00a0\u00bb css=\u00a0\u00bb\u00a0\u00bb][vc_column_text css=\u00a0\u00bb\u00a0\u00bb]<\/p>\n<h3>Assurance Vie garantie et Vie simplifi\u00e9e<\/h3>\n<p>Si vous \u00eates \u00e0 la recherche d\u2019une police d\u2019assurance vie dont le processus de souscription est \u00e0 la fois simple et rapide, ivari vous propose des options align\u00e9es sur vos besoins.[\/vc_column_text][vc_btn title=\u00a0\u00bbEn savoir plus\u00a0\u00bb color=\u00a0\u00bbblue\u00a0\u00bb size=\u00a0\u00bbsm\u00a0\u00bb css=\u00a0\u00bb\u00a0\u00bb link=\u00a0\u00bburl:%2Ffr%2Fproduits%2Fassurance%2Fassurance-vie-garantie-et-vie-simplifiee%2F|title:Universal%20Life%20Insurance\u00a0\u00bb][\/vc_column_inner][vc_column_inner el_class=\u00a0\u00bbcontent-box\u00a0\u00bb width=\u00a0\u00bb1\/3&Prime;][vc_single_image image=\u00a0\u00bb35125&Prime; alignment=\u00a0\u00bbcenter\u00a0\u00bb][vc_column_text]<\/p>\n<h3>Assurance vie universelle<\/h3>\n<p>L\u2019assurance vie universelle (VU) procure une protection \u00e0 vie assortie d\u2019un volet<br \/>\n\u00ab \u00e9pargne \u00bb pour l\u2019avenir.[\/vc_column_text][vc_btn title=\u00a0\u00bbEn savoir plus\u00a0\u00bb color=\u00a0\u00bbblue\u00a0\u00bb size=\u00a0\u00bbsm\u00a0\u00bb link=\u00a0\u00bburl:%2Ffr%2Fproduits%2Fassurance%2Fassurance-vie-universelle%2F|title:Universal%20Life%20Insurance\u00a0\u00bb][\/vc_column_inner][vc_column_inner el_class=\u00a0\u00bbcontent-box\u00a0\u00bb width=\u00a0\u00bb1\/3&Prime;][vc_single_image image=\u00a0\u00bb35127&Prime; alignment=\u00a0\u00bbcenter\u00a0\u00bb][vc_column_text]<\/p>\n<h3>Assurance vie temporaire<\/h3>\n<p>L\u2019assurance temporaire fournit une protection d\u2019assurance pour des besoins limit\u00e9s dans le temps et est souvent souscrite pour couvrir des d\u00e9penses importantes comme une hypoth\u00e8que ou des \u00e9tudes post-secondaires.[\/vc_column_text][vc_btn title=\u00a0\u00bbEn savoir plus\u00a0\u00bb color=\u00a0\u00bbblue\u00a0\u00bb size=\u00a0\u00bbsm\u00a0\u00bb link=\u00a0\u00bburl:%2Ffr%2Fproduits%2Fassurance%2Fassurance-vie-temporaire%2F|title:Universal%20Life%20Insurance\u00a0\u00bb][\/vc_column_inner][\/vc_row_inner][vc_row_inner equal_height=\u00a0\u00bbyes\u00a0\u00bb gap=\u00a0\u00bb35&Prime;][vc_column_inner el_class=\u00a0\u00bbcontent-box\u00a0\u00bb width=\u00a0\u00bb1\/3&Prime;][vc_single_image image=\u00a0\u00bb35129&Prime; alignment=\u00a0\u00bbcenter\u00a0\u00bb][vc_column_text]<\/p>\n<h3>Assurance maladies graves<\/h3>\n<p>Qu\u2019elle soit souscrite comme avenant ou comme police autonome, l\u2019assurance maladies graves (AMG) d\u2019ivari aide \u00e0 all\u00e9ger le fardeau financier qui accompagne le processus de r\u00e9tablissement suite \u00e0 une maladie grave.[\/vc_column_text][vc_btn title=\u00a0\u00bbPolice autonome\u00a0\u00bb color=\u00a0\u00bbblue\u00a0\u00bb size=\u00a0\u00bbsm\u00a0\u00bb link=\u00a0\u00bburl:%2Ffr%2Fproduits%2Fassurance%2Fassurance-maladies-graves%2F%23autonome|title:Universal%20Life%20Insurance\u00a0\u00bb][vc_btn title=\u00a0\u00bbAvenant\u00a0\u00bb color=\u00a0\u00bbblue\u00a0\u00bb size=\u00a0\u00bbsm\u00a0\u00bb link=\u00a0\u00bburl:%2Ffr%2Fproduits%2Fassurance%2Fassurance-maladies-graves%2F%23avenant|title:Universal%20Life%20Insurance\u00a0\u00bb][\/vc_column_inner][vc_column_inner el_class=\u00a0\u00bbcontent-box\u00a0\u00bb width=\u00a0\u00bb1\/3&Prime;][vc_single_image image=\u00a0\u00bb35131&Prime; alignment=\u00a0\u00bbcenter\u00a0\u00bb][vc_column_text]<\/p>\n<h3>Planification de l\u2019assurance<\/h3>\n<p>Voici de courts articles qui peuvent vous aider \u00e0 faire le bon choix quand il s\u2019agit d\u2019assurance vie.[\/vc_column_text][vc_btn title=\u00a0\u00bbLire Articles\u00a0\u00bb color=\u00a0\u00bbblue\u00a0\u00bb size=\u00a0\u00bbsm\u00a0\u00bb link=\u00a0\u00bburl:%2Ffr%2Fproduits%2Fassurance%2Fplanification-de-lassurance|title:Universal%20Life%20Insurance\u00a0\u00bb][\/vc_column_inner][vc_column_inner width=\u00a0\u00bb1\/3&Prime;][\/vc_column_inner][\/vc_row_inner][\/vc_column][\/vc_row][vc_row el_class=\u00a0\u00bbivari-row\u00a0\u00bb][vc_column][vc_column_text]<\/p>\n<h2>Avez-vous toujours besoin des services d\u2019un conseiller?<\/h2>\n<p>Absolument! \u00c0 l\u2019instar des m\u00e9decins, avocats et autres professionnels, un conseiller est un expert comp\u00e9tent et d\u00fbment agr\u00e9\u00e9 qui fera de vos int\u00e9r\u00eats financiers sa priorit\u00e9 num\u00e9ro un. Pour vous pr\u00e9parer en vue de la premi\u00e8re rencontre, consultez notre outil en ligne <a href=\"https:\/\/ivari2021mobi.wpengine.com\/portraitassurance\/\">Portrait-Assurance<\/a> pour mieux comprendre vos besoins en mati\u00e8re de protection.[\/vc_column_text][\/vc_column][\/vc_row]<\/p>\n<\/div>","protected":false},"excerpt":{"rendered":"<p>  Tout commence par une conversation.  Apaisez les craintes associ\u00e9es \u00e0 la souscription d\u2019une assurance Vous trouverez ici des informations faciles \u00e0 comprendre sur&#8230;<\/p>\n","protected":false},"author":2,"featured_media":0,"parent":41259,"menu_order":0,"comment_status":"closed","ping_status":"closed","template":"","meta":{"_acf_changed":false,"_searchwp_excluded":"","footnotes":""},"query_groups":[],"class_list":["post-38520","page","type-page","status-publish","hentry"],"acf":[],"yoast_head":"<!-- This site is optimized with the Yoast SEO plugin v27.3 - https:\/\/yoast.com\/product\/yoast-seo-wordpress\/ -->\n<title>Aper\u00e7u - ivari<\/title>\n<meta name=\"robots\" content=\"index, follow, max-snippet:-1, max-image-preview:large, max-video-preview:-1\" \/>\n<link rel=\"canonical\" href=\"https:\/\/ivari.ca\/fr\/produits\/assurance\/apercu\/\" \/>\n<meta property=\"og:locale\" content=\"fr_FR\" \/>\n<meta property=\"og:type\" content=\"article\" \/>\n<meta property=\"og:title\" content=\"Aper\u00e7u - ivari\" \/>\n<meta property=\"og:description\" content=\"Tout commence par une conversation. Apaisez les craintes associ\u00e9es \u00e0 la souscription d\u2019une assurance Vous trouverez ici des informations faciles \u00e0 comprendre sur...\" \/>\n<meta property=\"og:url\" content=\"https:\/\/ivari.ca\/fr\/produits\/assurance\/apercu\/\" \/>\n<meta property=\"og:site_name\" content=\"ivari\" \/>\n<meta property=\"article:modified_time\" content=\"2025-06-24T16:17:33+00:00\" \/>\n<meta name=\"twitter:card\" content=\"summary_large_image\" \/>\n<meta name=\"twitter:label1\" content=\"Dur\u00e9e de lecture estim\u00e9e\" \/>\n\t<meta name=\"twitter:data1\" content=\"3 minutes\" \/>\n<script type=\"application\/ld+json\" class=\"yoast-schema-graph\">{\"@context\":\"https:\\\/\\\/schema.org\",\"@graph\":[{\"@type\":\"WebPage\",\"@id\":\"https:\\\/\\\/ivari.ca\\\/fr\\\/produits\\\/assurance\\\/apercu\\\/\",\"url\":\"https:\\\/\\\/ivari.ca\\\/fr\\\/produits\\\/assurance\\\/apercu\\\/\",\"name\":\"Aper\u00e7u - ivari\",\"isPartOf\":{\"@id\":\"https:\\\/\\\/ivari.ca\\\/#website\"},\"datePublished\":\"2020-09-09T04:37:07+00:00\",\"dateModified\":\"2025-06-24T16:17:33+00:00\",\"breadcrumb\":{\"@id\":\"https:\\\/\\\/ivari.ca\\\/fr\\\/produits\\\/assurance\\\/apercu\\\/#breadcrumb\"},\"inLanguage\":\"fr-FR\",\"potentialAction\":[{\"@type\":\"ReadAction\",\"target\":[\"https:\\\/\\\/ivari.ca\\\/fr\\\/produits\\\/assurance\\\/apercu\\\/\"]}]},{\"@type\":\"BreadcrumbList\",\"@id\":\"https:\\\/\\\/ivari.ca\\\/fr\\\/produits\\\/assurance\\\/apercu\\\/#breadcrumb\",\"itemListElement\":[{\"@type\":\"ListItem\",\"position\":1,\"name\":\"Home\",\"item\":\"https:\\\/\\\/ivari.ca\\\/fr\\\/\"},{\"@type\":\"ListItem\",\"position\":2,\"name\":\"Produits\",\"item\":\"https:\\\/\\\/ivari.ca\\\/fr\\\/produits\\\/\"},{\"@type\":\"ListItem\",\"position\":3,\"name\":\"Assurance\",\"item\":\"https:\\\/\\\/ivari.ca\\\/fr\\\/produits\\\/assurance\\\/\"},{\"@type\":\"ListItem\",\"position\":4,\"name\":\"Aper\u00e7u\"}]},{\"@type\":\"WebSite\",\"@id\":\"https:\\\/\\\/ivari.ca\\\/#website\",\"url\":\"https:\\\/\\\/ivari.ca\\\/\",\"name\":\"ivari\",\"description\":\"\",\"potentialAction\":[{\"@type\":\"SearchAction\",\"target\":{\"@type\":\"EntryPoint\",\"urlTemplate\":\"https:\\\/\\\/ivari.ca\\\/?s={search_term_string}\"},\"query-input\":{\"@type\":\"PropertyValueSpecification\",\"valueRequired\":true,\"valueName\":\"search_term_string\"}}],\"inLanguage\":\"fr-FR\"}]}<\/script>\n<!-- \/ Yoast SEO plugin. -->","yoast_head_json":{"title":"Aper\u00e7u - ivari","robots":{"index":"index","follow":"follow","max-snippet":"max-snippet:-1","max-image-preview":"max-image-preview:large","max-video-preview":"max-video-preview:-1"},"canonical":"https:\/\/ivari.ca\/fr\/produits\/assurance\/apercu\/","og_locale":"fr_FR","og_type":"article","og_title":"Aper\u00e7u - ivari","og_description":"Tout commence par une conversation. Apaisez les craintes associ\u00e9es \u00e0 la souscription d\u2019une assurance Vous trouverez ici des informations faciles \u00e0 comprendre sur...","og_url":"https:\/\/ivari.ca\/fr\/produits\/assurance\/apercu\/","og_site_name":"ivari","article_modified_time":"2025-06-24T16:17:33+00:00","twitter_card":"summary_large_image","twitter_misc":{"Dur\u00e9e de lecture estim\u00e9e":"3 minutes"},"schema":{"@context":"https:\/\/schema.org","@graph":[{"@type":"WebPage","@id":"https:\/\/ivari.ca\/fr\/produits\/assurance\/apercu\/","url":"https:\/\/ivari.ca\/fr\/produits\/assurance\/apercu\/","name":"Aper\u00e7u - ivari","isPartOf":{"@id":"https:\/\/ivari.ca\/#website"},"datePublished":"2020-09-09T04:37:07+00:00","dateModified":"2025-06-24T16:17:33+00:00","breadcrumb":{"@id":"https:\/\/ivari.ca\/fr\/produits\/assurance\/apercu\/#breadcrumb"},"inLanguage":"fr-FR","potentialAction":[{"@type":"ReadAction","target":["https:\/\/ivari.ca\/fr\/produits\/assurance\/apercu\/"]}]},{"@type":"BreadcrumbList","@id":"https:\/\/ivari.ca\/fr\/produits\/assurance\/apercu\/#breadcrumb","itemListElement":[{"@type":"ListItem","position":1,"name":"Home","item":"https:\/\/ivari.ca\/fr\/"},{"@type":"ListItem","position":2,"name":"Produits","item":"https:\/\/ivari.ca\/fr\/produits\/"},{"@type":"ListItem","position":3,"name":"Assurance","item":"https:\/\/ivari.ca\/fr\/produits\/assurance\/"},{"@type":"ListItem","position":4,"name":"Aper\u00e7u"}]},{"@type":"WebSite","@id":"https:\/\/ivari.ca\/#website","url":"https:\/\/ivari.ca\/","name":"ivari","description":"","potentialAction":[{"@type":"SearchAction","target":{"@type":"EntryPoint","urlTemplate":"https:\/\/ivari.ca\/?s={search_term_string}"},"query-input":{"@type":"PropertyValueSpecification","valueRequired":true,"valueName":"search_term_string"}}],"inLanguage":"fr-FR"}]}},"_links":{"self":[{"href":"https:\/\/ivari.ca\/fr\/wp-json\/wp\/v2\/pages\/38520","targetHints":{"allow":["GET"]}}],"collection":[{"href":"https:\/\/ivari.ca\/fr\/wp-json\/wp\/v2\/pages"}],"about":[{"href":"https:\/\/ivari.ca\/fr\/wp-json\/wp\/v2\/types\/page"}],"author":[{"embeddable":true,"href":"https:\/\/ivari.ca\/fr\/wp-json\/wp\/v2\/users\/2"}],"replies":[{"embeddable":true,"href":"https:\/\/ivari.ca\/fr\/wp-json\/wp\/v2\/comments?post=38520"}],"version-history":[{"count":0,"href":"https:\/\/ivari.ca\/fr\/wp-json\/wp\/v2\/pages\/38520\/revisions"}],"up":[{"embeddable":true,"href":"https:\/\/ivari.ca\/fr\/wp-json\/wp\/v2\/pages\/41259"}],"wp:attachment":[{"href":"https:\/\/ivari.ca\/fr\/wp-json\/wp\/v2\/media?parent=38520"}],"wp:term":[{"taxonomy":"query_groups","embeddable":true,"href":"https:\/\/ivari.ca\/fr\/wp-json\/wp\/v2\/query_groups?post=38520"}],"curies":[{"name":"wp","href":"https:\/\/api.w.org\/{rel}","templated":true}]}}